{"id":21657,"date":"2024-07-06T16:02:07","date_gmt":"2024-07-06T14:02:07","guid":{"rendered":"https:\/\/www.wedoback.com\/produit\/controlo-de-seguranca\/"},"modified":"2024-07-06T16:02:07","modified_gmt":"2024-07-06T14:02:07","slug":"controlo-de-seguranca","status":"publish","type":"product","link":"https:\/\/wedoback.com\/pt-pt\/produit\/controlo-de-seguranca\/","title":{"rendered":"Controlo de seguran\u00e7a"},"content":{"rendered":"<p>Gra\u00e7as \u00e0 <strong>parceria desenvolvida entre a WeDoBack e os servi\u00e7os de ciberseguran\u00e7a da<a href=\"https:\/\/www.it-cyberwall.com\">IT CyberWall<\/a><\/strong>, temos o prazer de poder oferecer aos clientes que subscrevem a nossa oferta INTEGRAL, PCA ou PRA ferramentas de seguran\u00e7a que lhes permitem proteger os seus dados!<\/p>\n<p>Beneficiar\u00e1s de :<\/p>\n<ul>\n<li><strong><u>Controlo de pontos terminais<\/u><\/strong> Esta funcionalidade proporciona um controlo preciso dos dados e das opera\u00e7\u00f5es em cada computador protegido. Detecta e impede qualquer <strong>consulta n\u00e3o autorizada ou transmiss\u00e3o de<\/strong> dados atrav\u00e9s de v\u00e1rios canais, tais como suportes amov\u00edveis, impressoras e perif\u00e9ricos virtuais. <\/li>\n<li><strong><u>Avalia\u00e7\u00e3o de vulnerabilidades<\/u><\/strong> Esta fun\u00e7\u00e3o identifica, quantifica e d\u00e1 prioridade a <strong>potenciais vulnerabilidades e falhas<\/strong> detectadas numa m\u00e1quina.<\/li>\n<\/ul>\n<p>No entanto, este servi\u00e7o gratuito limita-se \u00e0 an\u00e1lise: o tratamento automatizado destas actualiza\u00e7\u00f5es \u00e9 uma op\u00e7\u00e3o paga fornecida pelo <strong><a href=\"https:\/\/www.it-cyberwall.com\">IT CyberWall<\/a><\/strong>.<\/p>\n<ul>\n<li><strong><u>Prote\u00e7\u00e3o contra v\u00edrus e malware<\/u><\/strong> Esta funcionalidade <strong>monitoriza todas as altera\u00e7\u00f5es feitas<\/strong> aos ficheiros de dados do sistema. O objetivo \u00e9 identificar ataques de ransomware e as suas variantes ainda desconhecidas. \u00c9 \u00fatil em sistemas n\u00e3o equipados com uma solu\u00e7\u00e3o antiv\u00edrus qualificada, como a solu\u00e7\u00e3o S\u00e9curiPro da IT CyberWall.  <\/li>\n<\/ul>\n","protected":false},"excerpt":{"rendered":"<p>Gra\u00e7as \u00e0 <strong>parceria desenvolvida entre a WeDoBack e os servi\u00e7os de ciberseguran\u00e7a da<\/strong><a href=\"https:\/\/www.it-cyberwall.com\"><strong>IT CyberWall<\/strong><\/a>temos o prazer de poder oferecer aos clientes que subscrevem os nossos pacotes INTEGRAL ou PRA as ferramentas de seguran\u00e7a necess\u00e1rias para proteger os seus dados!<\/p>\n<p>Beneficiar\u00e1s de :<\/p>\n<ul>\n<li><strong><u>Controlo de pontos finais<\/u><\/strong> Esta funcionalidade proporciona um controlo preciso dos dados e das opera\u00e7\u00f5es em cada computador protegido. Detecta e impede qualquer consulta n\u00e3o autorizada ou transmiss\u00e3o de dados atrav\u00e9s de v\u00e1rios canais, tais como suportes amov\u00edveis, impressoras e perif\u00e9ricos virtuais. <\/li>\n<\/ul>\n<p>&nbsp;<\/p>\n<ul>\n<li><strong><u>Avalia\u00e7\u00e3o de vulnerabilidades:<\/u><\/strong> Esta funcionalidade identifica, quantifica e d\u00e1 prioridade a potenciais vulnerabilidades e falhas detectadas numa m\u00e1quina. No entanto, este servi\u00e7o gratuito limita-se \u00e0 an\u00e1lise: o processamento autom\u00e1tico destas actualiza\u00e7\u00f5es \u00e9 uma op\u00e7\u00e3o paga fornecida pelo IT CyberWall. <\/li>\n<\/ul>\n<p>&nbsp;<\/p>\n<ul>\n<li><strong><u>Prote\u00e7\u00e3o contra v\u00edrus e malware:<\/u><\/strong> Esta funcionalidade monitoriza todas as altera\u00e7\u00f5es feitas aos ficheiros de dados do sistema. O objetivo \u00e9 identificar ataques de ransomware e as suas variantes ainda desconhecidas. \u00c9 \u00fatil em sistemas n\u00e3o equipados com uma solu\u00e7\u00e3o antiv\u00edrus qualificada, como a solu\u00e7\u00e3o S\u00e9curiPro da IT CyberWall.  <\/li>\n<\/ul>\n<p>&nbsp;<\/p>\n","protected":false},"featured_media":21403,"template":"","meta":{"om_disable_all_campaigns":false,"_monsterinsights_skip_tracking":false,"_monsterinsights_sitenote_active":false,"_monsterinsights_sitenote_note":"","_monsterinsights_sitenote_category":0},"product_brand":[],"product_cat":[1277],"product_tag":[],"class_list":{"0":"post-21657","1":"product","2":"type-product","3":"status-publish","4":"has-post-thumbnail","6":"product_cat-opcoes-pt-pt","8":"first","9":"instock","10":"virtual","11":"taxable","12":"purchasable","13":"product-type-subscription"},"aioseo_notices":[],"subscription_discounts_type":"fixed","fixed_subscription_discounts":[],"subscription_discounts_product_settings":{"layout":"default","default_variation":null},"subscription_discounts_roles_data":[],"percentage_subscription_discounts":[],"_links":{"self":[{"href":"https:\/\/wedoback.com\/pt-pt\/wp-json\/wp\/v2\/product\/21657","targetHints":{"allow":["GET"]}}],"collection":[{"href":"https:\/\/wedoback.com\/pt-pt\/wp-json\/wp\/v2\/product"}],"about":[{"href":"https:\/\/wedoback.com\/pt-pt\/wp-json\/wp\/v2\/types\/product"}],"wp:featuredmedia":[{"embeddable":true,"href":"https:\/\/wedoback.com\/pt-pt\/wp-json\/wp\/v2\/media\/21403"}],"wp:attachment":[{"href":"https:\/\/wedoback.com\/pt-pt\/wp-json\/wp\/v2\/media?parent=21657"}],"wp:term":[{"taxonomy":"product_brand","embeddable":true,"href":"https:\/\/wedoback.com\/pt-pt\/wp-json\/wp\/v2\/product_brand?post=21657"},{"taxonomy":"product_cat","embeddable":true,"href":"https:\/\/wedoback.com\/pt-pt\/wp-json\/wp\/v2\/product_cat?post=21657"},{"taxonomy":"product_tag","embeddable":true,"href":"https:\/\/wedoback.com\/pt-pt\/wp-json\/wp\/v2\/product_tag?post=21657"}],"curies":[{"name":"wp","href":"https:\/\/api.w.org\/{rel}","templated":true}]}}