{"id":21653,"date":"2024-07-11T13:14:09","date_gmt":"2024-07-11T11:14:09","guid":{"rendered":"https:\/\/www.wedoback.com\/produit\/implementacao-por-nos\/"},"modified":"2024-07-11T13:14:09","modified_gmt":"2024-07-11T11:14:09","slug":"implementacao-por-nos","status":"publish","type":"product","link":"https:\/\/wedoback.com\/pt-pt\/produit\/implementacao-por-nos\/","title":{"rendered":"Implementa\u00e7\u00e3o por n\u00f3s"},"content":{"rendered":"<p>Pode beneficiar da assist\u00eancia de um dos nossos t\u00e9cnicos para a instala\u00e7\u00e3o ou implementa\u00e7\u00e3o dos seus agentes.<\/p>\n<p>Assist\u00eancia total ou parcial em fun\u00e7\u00e3o das suas necessidades.<\/p>\n<p>&nbsp;<\/p>\n","protected":false},"excerpt":{"rendered":"<p>Um dos nossos t\u00e9cnicos pode ajudar-te a instalar ou a implementar os teus agentes.<\/p>\n<p>Podemos ajudar-te com :<\/p>\n<ul>\n<li>uma auditoria de todos os riscos potenciais para a tua empresa,<\/li>\n<li>identificar as tuas necessidades (aplica\u00e7\u00f5es, dados, infra-estruturas)<\/li>\n<li>implementar o teu plano de prote\u00e7\u00e3o<\/li>\n<\/ul>\n<p>&nbsp;<\/p>\n<p>A nossa ajuda pode ser total ou parcial, em fun\u00e7\u00e3o dos teus desejos e dos recursos de que disp\u00f5es.<\/p>\n<p><strong>Esta assist\u00eancia \u00e9 facturada \u00e0 hora, a 45 euros por hora sem IVA. Qualquer hora iniciada deve ser paga na totalidade. <\/strong><\/p>\n<p>&nbsp;<\/p>\n","protected":false},"featured_media":21405,"template":"","meta":{"om_disable_all_campaigns":false,"_monsterinsights_skip_tracking":false,"_monsterinsights_sitenote_active":false,"_monsterinsights_sitenote_note":"","_monsterinsights_sitenote_category":0},"product_brand":[],"product_cat":[1277],"product_tag":[],"class_list":{"0":"post-21653","1":"product","2":"type-product","3":"status-publish","4":"has-post-thumbnail","6":"product_cat-opcoes-pt-pt","8":"first","9":"instock","10":"virtual","11":"taxable","12":"purchasable","13":"product-type-simple"},"aioseo_notices":[],"subscription_discounts_type":"fixed","fixed_subscription_discounts":[],"subscription_discounts_product_settings":{"layout":"default","default_variation":null},"subscription_discounts_roles_data":[],"percentage_subscription_discounts":[],"_links":{"self":[{"href":"https:\/\/wedoback.com\/pt-pt\/wp-json\/wp\/v2\/product\/21653","targetHints":{"allow":["GET"]}}],"collection":[{"href":"https:\/\/wedoback.com\/pt-pt\/wp-json\/wp\/v2\/product"}],"about":[{"href":"https:\/\/wedoback.com\/pt-pt\/wp-json\/wp\/v2\/types\/product"}],"wp:featuredmedia":[{"embeddable":true,"href":"https:\/\/wedoback.com\/pt-pt\/wp-json\/wp\/v2\/media\/21405"}],"wp:attachment":[{"href":"https:\/\/wedoback.com\/pt-pt\/wp-json\/wp\/v2\/media?parent=21653"}],"wp:term":[{"taxonomy":"product_brand","embeddable":true,"href":"https:\/\/wedoback.com\/pt-pt\/wp-json\/wp\/v2\/product_brand?post=21653"},{"taxonomy":"product_cat","embeddable":true,"href":"https:\/\/wedoback.com\/pt-pt\/wp-json\/wp\/v2\/product_cat?post=21653"},{"taxonomy":"product_tag","embeddable":true,"href":"https:\/\/wedoback.com\/pt-pt\/wp-json\/wp\/v2\/product_tag?post=21653"}],"curies":[{"name":"wp","href":"https:\/\/api.w.org\/{rel}","templated":true}]}}