{"id":21651,"date":"2024-06-28T08:25:01","date_gmt":"2024-06-28T06:25:01","guid":{"rendered":"https:\/\/www.wedoback.com\/produit\/enderecos-ip-publicos\/"},"modified":"2024-06-28T08:25:01","modified_gmt":"2024-06-28T06:25:01","slug":"enderecos-ip-publicos","status":"publish","type":"product","link":"https:\/\/wedoback.com\/pt-pt\/produit\/enderecos-ip-publicos\/","title":{"rendered":"Endere\u00e7os IP p\u00fablicos"},"content":{"rendered":"","protected":false},"excerpt":{"rendered":"<p>Para manter os seus servi\u00e7os em linha (loja, s\u00edtio Web, etc.), \u00e9 necess\u00e1rio reservar endere\u00e7os IP p\u00fablicos para que os seus clientes possam continuar a aceder-lhes.<\/p>\n<p>Recomendamos que reserve, no seu DRP, tantos endere\u00e7os IP p\u00fablicos para os seus servi\u00e7os em linha quantos os que utiliza no seu funcionamento normal.<\/p>\n<p>Estes endere\u00e7os IP s\u00e3o-lhe comunicados assim que o DRP \u00e9 entregue, para facilitar a configura\u00e7\u00e3o do processo de failover em caso de cat\u00e1strofe.<\/p>\n","protected":false},"featured_media":21402,"template":"","meta":{"om_disable_all_campaigns":false,"_monsterinsights_skip_tracking":false,"_monsterinsights_sitenote_active":false,"_monsterinsights_sitenote_note":"","_monsterinsights_sitenote_category":0},"product_brand":[],"product_cat":[1523,1259,1258],"product_tag":[],"class_list":{"0":"post-21651","1":"product","2":"type-product","3":"status-publish","4":"has-post-thumbnail","6":"product_cat-endereco-ip-pt-pt","7":"product_cat-pca-pt-pt","8":"product_cat-pra-pt-pt","10":"first","11":"instock","12":"virtual","13":"taxable","14":"purchasable","15":"product-type-subscription"},"aioseo_notices":[],"subscription_discounts_type":"fixed","fixed_subscription_discounts":[],"subscription_discounts_product_settings":{"layout":"default","default_variation":null},"subscription_discounts_roles_data":[],"percentage_subscription_discounts":[],"_links":{"self":[{"href":"https:\/\/wedoback.com\/pt-pt\/wp-json\/wp\/v2\/product\/21651","targetHints":{"allow":["GET"]}}],"collection":[{"href":"https:\/\/wedoback.com\/pt-pt\/wp-json\/wp\/v2\/product"}],"about":[{"href":"https:\/\/wedoback.com\/pt-pt\/wp-json\/wp\/v2\/types\/product"}],"wp:featuredmedia":[{"embeddable":true,"href":"https:\/\/wedoback.com\/pt-pt\/wp-json\/wp\/v2\/media\/21402"}],"wp:attachment":[{"href":"https:\/\/wedoback.com\/pt-pt\/wp-json\/wp\/v2\/media?parent=21651"}],"wp:term":[{"taxonomy":"product_brand","embeddable":true,"href":"https:\/\/wedoback.com\/pt-pt\/wp-json\/wp\/v2\/product_brand?post=21651"},{"taxonomy":"product_cat","embeddable":true,"href":"https:\/\/wedoback.com\/pt-pt\/wp-json\/wp\/v2\/product_cat?post=21651"},{"taxonomy":"product_tag","embeddable":true,"href":"https:\/\/wedoback.com\/pt-pt\/wp-json\/wp\/v2\/product_tag?post=21651"}],"curies":[{"name":"wp","href":"https:\/\/api.w.org\/{rel}","templated":true}]}}