{"id":21174,"date":"2024-06-24T12:11:46","date_gmt":"2024-06-24T10:11:46","guid":{"rendered":"https:\/\/www.wedoback.com\/produit\/armazenamento-integral\/"},"modified":"2024-06-24T12:11:46","modified_gmt":"2024-06-24T10:11:46","slug":"armazenamento-integral","status":"publish","type":"product","link":"https:\/\/wedoback.com\/pt-pt\/produit\/armazenamento-integral\/","title":{"rendered":"Armazenamento INTEGRAL"},"content":{"rendered":"<p><strong><u>Armazenamento facturado por To (terabyte), com taxas de escala m\u00f3vel de acordo com o volume.<\/u><\/strong><\/p>\n<p>Com a WeDoBack INTEGRAL, beneficia de uma solu\u00e7\u00e3o de backup premium, concebida para proteger os seus dados, ao mesmo tempo que lhe oferece um suporte t\u00e9cnico de elevada qualidade. Quer seja uma empresa ou um utilizador exigente, o INTEGRAL \u00e9 a solu\u00e7\u00e3o ideal para garantir a seguran\u00e7a dos seus ficheiros, servidores, e-mail e outros conte\u00fados cr\u00edticos, com um suporte dedicado para o ajudar em cada passo do caminho. <\/p>\n<p><strong>Backup sem compromissos<\/strong><br \/>\nO WeDoBack INTEGRAL cuida de todas as suas necessidades de backup: ficheiros, pastas, servidores completos, esta\u00e7\u00f5es de trabalho, NAS e at\u00e9 mesmo as suas contas de e-mail empresarial, como o Microsoft 365 ou o Google Workspace. Esta oferta permite-lhe efetuar c\u00f3pias de seguran\u00e7a de tudo o que \u00e9 importante, dentro dos limites do volume de armazenamento e dos agentes encomendados. <\/p>\n<p><strong>Suporte t\u00e9cnico inclu\u00eddo todos os meses<\/strong><br \/>\nCom a WeDoBack INTEGRAL, nunca mais ter\u00e1 de enfrentar os seus desafios t\u00e9cnicos sozinho. Beneficia de **2 horas de assist\u00eancia inclu\u00edda todos os meses**, dando-lhe uma assist\u00eancia r\u00e1pida e eficiente para configurar, gerir ou restaurar as suas c\u00f3pias de seguran\u00e7a com total tranquilidade. <\/p>\n<p><strong>Prote\u00e7\u00e3o de dados melhorada<\/strong><br \/>\nOs teus dados s\u00e3o encriptados na origem para garantir total confidencialidade. Gra\u00e7as a esta encripta\u00e7\u00e3o avan\u00e7ada, combinada com servidores seguros localizados exclusivamente na Europa, as tuas informa\u00e7\u00f5es est\u00e3o protegidas contra qualquer amea\u00e7a ou acesso n\u00e3o autorizado. <\/p>\n<p><strong>Gest\u00e3o simplificada e flexibilidade ideal<\/strong><br \/>\nO WeDoBack INTEGRAL permite-lhe personalizar e gerir facilmente as suas c\u00f3pias de seguran\u00e7a. Programar, selecionar os dados a salvaguardar ou restaurar: tudo \u00e9 acess\u00edvel atrav\u00e9s de uma interface de f\u00e1cil utiliza\u00e7\u00e3o, concebida para simplificar o seu trabalho di\u00e1rio. O tempo de reten\u00e7\u00e3o ajust\u00e1vel permite-lhe otimizar a utiliza\u00e7\u00e3o do seu armazenamento de acordo com as suas necessidades.  <\/p>\n<p><strong>Infraestrutura segura e de elevado desempenho<\/strong><br \/>\nOs teus dados s\u00e3o armazenados em servidores dedicados situados em centros de alojamento europeus separados da tua infraestrutura de produ\u00e7\u00e3o. Estes servidores s\u00e3o renovados regularmente para garantir a m\u00e1xima disponibilidade e seguran\u00e7a. <\/p>\n<p><strong>Uma solu\u00e7\u00e3o que vai mais longe<\/strong><br \/>\nPara al\u00e9m das fun\u00e7\u00f5es de backup standard, a WeDoBack INTEGRAL permite-lhe subscrever op\u00e7\u00f5es avan\u00e7adas, como a &#8220;Disaster Recovery&#8221;, para um restauro r\u00e1pido e completo dos seus sistemas em caso de incidente.<\/p>\n<p>Escolhe <strong>a paz de esp\u00edrito com a WeDoBack INTEGRAL<\/strong><br \/>\nN\u00e3o deixe nada ao acaso: opte por uma solu\u00e7\u00e3o completa, segura e suportada com a WeDoBack INTEGRAL. Protege os seus dados e beneficia de suporte t\u00e9cnico dedicado para uma experi\u00eancia de c\u00f3pia de seguran\u00e7a sem falhas. <\/p>\n","protected":false},"excerpt":{"rendered":"<p>Com a WeDoBack INTEGRAL, beneficia de uma solu\u00e7\u00e3o de backup premium, concebida para proteger os seus dados, ao mesmo tempo que lhe oferece um suporte t\u00e9cnico de elevada qualidade. Quer seja uma empresa ou um utilizador exigente, o INTEGRAL \u00e9 a solu\u00e7\u00e3o ideal para garantir a seguran\u00e7a dos seus ficheiros, servidores, e-mail e outros conte\u00fados cr\u00edticos, com um suporte dedicado para o ajudar em cada passo do caminho. <\/p>\n","protected":false},"featured_media":21175,"template":"","meta":{"om_disable_all_campaigns":false,"_monsterinsights_skip_tracking":false,"_monsterinsights_sitenote_active":false,"_monsterinsights_sitenote_note":"","_monsterinsights_sitenote_category":0},"product_brand":[],"product_cat":[1285,1253],"product_tag":[],"class_list":{"0":"post-21174","1":"product","2":"type-product","3":"status-publish","4":"has-post-thumbnail","6":"product_cat-armazenamento","7":"product_cat-copia-de-seguranca","9":"first","10":"instock","11":"taxable","12":"shipping-taxable","13":"purchasable","14":"product-type-variable-subscription"},"aioseo_notices":[],"subscription_discounts_type":"fixed","fixed_subscription_discounts":[],"subscription_discounts_product_settings":{"layout":"default","default_variation":null},"subscription_discounts_roles_data":[],"percentage_subscription_discounts":[],"_links":{"self":[{"href":"https:\/\/wedoback.com\/pt-pt\/wp-json\/wp\/v2\/product\/21174","targetHints":{"allow":["GET"]}}],"collection":[{"href":"https:\/\/wedoback.com\/pt-pt\/wp-json\/wp\/v2\/product"}],"about":[{"href":"https:\/\/wedoback.com\/pt-pt\/wp-json\/wp\/v2\/types\/product"}],"wp:featuredmedia":[{"embeddable":true,"href":"https:\/\/wedoback.com\/pt-pt\/wp-json\/wp\/v2\/media\/21175"}],"wp:attachment":[{"href":"https:\/\/wedoback.com\/pt-pt\/wp-json\/wp\/v2\/media?parent=21174"}],"wp:term":[{"taxonomy":"product_brand","embeddable":true,"href":"https:\/\/wedoback.com\/pt-pt\/wp-json\/wp\/v2\/product_brand?post=21174"},{"taxonomy":"product_cat","embeddable":true,"href":"https:\/\/wedoback.com\/pt-pt\/wp-json\/wp\/v2\/product_cat?post=21174"},{"taxonomy":"product_tag","embeddable":true,"href":"https:\/\/wedoback.com\/pt-pt\/wp-json\/wp\/v2\/product_tag?post=21174"}],"curies":[{"name":"wp","href":"https:\/\/api.w.org\/{rel}","templated":true}]}}