{"id":21115,"date":"2024-07-17T18:40:11","date_gmt":"2024-07-17T16:40:11","guid":{"rendered":"https:\/\/www.wedoback.com\/produit\/organismos-da-apc\/"},"modified":"2024-07-17T18:40:11","modified_gmt":"2024-07-17T16:40:11","slug":"organismos-da-apc","status":"publish","type":"product","link":"https:\/\/wedoback.com\/pt-pt\/produit\/organismos-da-apc\/","title":{"rendered":"Organismos da APC"},"content":{"rendered":"<p>As inst\u00e2ncias PCA s\u00e3o servidores Cloud permanentemente dispon\u00edveis que fornecem backup imediato em caso de falha de um dos seus servidores.<\/p>\n<p>Ordene aqui <strong>os diferentes tipos de inst\u00e2ncias (e o seu n\u00famero)<\/strong> de que necessita para manter a sua atividade em caso de desastre.<\/p>\n<p>&nbsp;<\/p>\n","protected":false},"excerpt":{"rendered":"<p>Ordena aqui os <strong>diferentes tipos de inst\u00e2ncia (e o seu n\u00famero)<\/strong> de que necessitas para manter a tua atividade em caso de cat\u00e1strofe.<\/p>\n<p>&nbsp;<\/p>\n","protected":false},"featured_media":21135,"template":"","meta":{"om_disable_all_campaigns":false,"_monsterinsights_skip_tracking":false,"_monsterinsights_sitenote_active":false,"_monsterinsights_sitenote_note":"","_monsterinsights_sitenote_category":0},"product_brand":[],"product_cat":[1396,1259],"product_tag":[],"class_list":{"0":"post-21115","1":"product","2":"type-product","3":"status-publish","4":"has-post-thumbnail","6":"product_cat-corpos-pt-pt","7":"product_cat-pca-pt-pt","9":"first","10":"instock","11":"taxable","12":"shipping-taxable","13":"purchasable","14":"product-type-variable-subscription"},"aioseo_notices":[],"subscription_discounts_type":"fixed","fixed_subscription_discounts":[],"subscription_discounts_product_settings":{"layout":"default","default_variation":null},"subscription_discounts_roles_data":[],"percentage_subscription_discounts":[],"_links":{"self":[{"href":"https:\/\/wedoback.com\/pt-pt\/wp-json\/wp\/v2\/product\/21115","targetHints":{"allow":["GET"]}}],"collection":[{"href":"https:\/\/wedoback.com\/pt-pt\/wp-json\/wp\/v2\/product"}],"about":[{"href":"https:\/\/wedoback.com\/pt-pt\/wp-json\/wp\/v2\/types\/product"}],"wp:featuredmedia":[{"embeddable":true,"href":"https:\/\/wedoback.com\/pt-pt\/wp-json\/wp\/v2\/media\/21135"}],"wp:attachment":[{"href":"https:\/\/wedoback.com\/pt-pt\/wp-json\/wp\/v2\/media?parent=21115"}],"wp:term":[{"taxonomy":"product_brand","embeddable":true,"href":"https:\/\/wedoback.com\/pt-pt\/wp-json\/wp\/v2\/product_brand?post=21115"},{"taxonomy":"product_cat","embeddable":true,"href":"https:\/\/wedoback.com\/pt-pt\/wp-json\/wp\/v2\/product_cat?post=21115"},{"taxonomy":"product_tag","embeddable":true,"href":"https:\/\/wedoback.com\/pt-pt\/wp-json\/wp\/v2\/product_tag?post=21115"}],"curies":[{"name":"wp","href":"https:\/\/api.w.org\/{rel}","templated":true}]}}