{"id":21044,"date":"2024-06-24T16:23:23","date_gmt":"2024-06-24T14:23:23","guid":{"rendered":"https:\/\/www.wedoback.com\/produit\/oferta-smart\/"},"modified":"2024-06-24T16:23:23","modified_gmt":"2024-06-24T14:23:23","slug":"oferta-smart","status":"publish","type":"product","link":"https:\/\/wedoback.com\/pt-pt\/produit\/oferta-smart\/","title":{"rendered":"Oferta SMART"},"content":{"rendered":"<p>O WeDoBack SMART \u00e9 muito mais do que uma simples solu\u00e7\u00e3o de backup: \u00e9 uma garantia de prote\u00e7\u00e3o dos teus dados, adaptada \u00e0s tuas necessidades e em conformidade com os requisitos do RGPD. Concebida para ser fi\u00e1vel, de alto desempenho e econ\u00f3mica, esta solu\u00e7\u00e3o oferece-te um backup eficaz, respeitando a confidencialidade das tuas informa\u00e7\u00f5es. <\/p>\n<p><strong>C\u00f3pia de seguran\u00e7a direcionada e de elevado desempenho<\/strong><br \/>\nCom o WeDoBack SMART, os seus ficheiros, pastas, servidores, esta\u00e7\u00f5es de trabalho ou NAS s\u00e3o tratados de forma a garantir uma prote\u00e7\u00e3o \u00f3ptima dos seus dados mais importantes. Beneficia de uma solu\u00e7\u00e3o flex\u00edvel e f\u00e1cil de configurar, adaptada \u00e0s suas necessidades espec\u00edficas. <\/p>\n<p><strong>Confidencialidade e seguran\u00e7a dos dados<\/strong><br \/>\nA confidencialidade dos teus dados est\u00e1 no centro do WeDoBack SMART. Gra\u00e7as \u00e0 encripta\u00e7\u00e3o efectuada diretamente na fonte, as suas informa\u00e7\u00f5es est\u00e3o protegidas mesmo antes de serem transferidas para os nossos servidores seguros. A chave de encripta\u00e7\u00e3o, detida apenas por ti, garante uma prote\u00e7\u00e3o absoluta contra o acesso n\u00e3o autorizado.  <\/p>\n<p><strong>Gest\u00e3o suave e aut\u00f3noma<\/strong><br \/>\nCom o agente WeDoBack SMART implementado nos seus servidores, mant\u00e9m o controlo total sobre os seus backups. Quer se trate de selecionar ficheiros, agendar tarefas ou restaurar dados, todas as fun\u00e7\u00f5es s\u00e3o acess\u00edveis atrav\u00e9s de uma interface intuitiva, tornando a gest\u00e3o simples e eficiente. <\/p>\n<p><strong>Flexibilidade na reten\u00e7\u00e3o de dados<\/strong><br \/>\nO WeDoBack SMART permite-lhe ajustar o tempo de reten\u00e7\u00e3o dos seus dados de acordo com as suas necessidades. Isto ajuda-o a otimizar a utiliza\u00e7\u00e3o do seu espa\u00e7o de armazenamento, garantindo uma prote\u00e7\u00e3o cont\u00ednua. <\/p>\n<p><strong>Uma infraestrutura europeia robusta<\/strong><br \/>\nOs teus dados s\u00e3o armazenados em servidores f\u00edsicos dedicados ao backup, localizados exclusivamente na Europa em centros de alojamento separados das tuas instala\u00e7\u00f5es de produ\u00e7\u00e3o. Os nossos servidores s\u00e3o renovados regularmente para garantir uma seguran\u00e7a e um desempenho duradouros. <\/p>\n<p><strong>Completa a sua prote\u00e7\u00e3o com o WeDoBack INTEGRAL<\/strong><br \/>\nPara uma seguran\u00e7a ainda maior, o WeDoBack INTEGRAL inclui suporte t\u00e9cnico dedicado para uma maior tranquilidade.<\/p>\n<p><strong>Confia no WeDoBack SMART<\/strong><br \/>\nN\u00e3o deixes os teus dados vulner\u00e1veis: escolhe uma solu\u00e7\u00e3o de c\u00f3pia de seguran\u00e7a fi\u00e1vel e segura adaptada \u00e0s tuas necessidades com o WeDoBack SMART.<\/p>\n","protected":false},"excerpt":{"rendered":"<p>O WeDoBack SMART \u00e9 muito mais do que uma simples solu\u00e7\u00e3o de backup: \u00e9 uma garantia de prote\u00e7\u00e3o dos teus dados, adaptada \u00e0s tuas necessidades e em conformidade com os requisitos do RGPD. Concebida para ser fi\u00e1vel, de alto desempenho e econ\u00f3mica, esta solu\u00e7\u00e3o oferece-te um backup eficaz, respeitando a confidencialidade das tuas informa\u00e7\u00f5es. <\/p>\n<p>Vendido em incrementos de 1 TB.<\/p>\n","protected":false},"featured_media":20696,"template":"","meta":{"om_disable_all_campaigns":false,"_monsterinsights_skip_tracking":false,"_monsterinsights_sitenote_active":false,"_monsterinsights_sitenote_note":"","_monsterinsights_sitenote_category":0},"product_brand":[],"product_cat":[1285,1253],"product_tag":[],"class_list":{"0":"post-21044","1":"product","2":"type-product","3":"status-publish","4":"has-post-thumbnail","6":"product_cat-armazenamento","7":"product_cat-copia-de-seguranca","9":"first","10":"instock","11":"virtual","12":"taxable","13":"purchasable","14":"product-type-subscription"},"aioseo_notices":[],"subscription_discounts_type":"fixed","fixed_subscription_discounts":[],"subscription_discounts_product_settings":{"layout":"default","default_variation":null},"subscription_discounts_roles_data":[],"percentage_subscription_discounts":[],"_links":{"self":[{"href":"https:\/\/wedoback.com\/pt-pt\/wp-json\/wp\/v2\/product\/21044","targetHints":{"allow":["GET"]}}],"collection":[{"href":"https:\/\/wedoback.com\/pt-pt\/wp-json\/wp\/v2\/product"}],"about":[{"href":"https:\/\/wedoback.com\/pt-pt\/wp-json\/wp\/v2\/types\/product"}],"wp:featuredmedia":[{"embeddable":true,"href":"https:\/\/wedoback.com\/pt-pt\/wp-json\/wp\/v2\/media\/20696"}],"wp:attachment":[{"href":"https:\/\/wedoback.com\/pt-pt\/wp-json\/wp\/v2\/media?parent=21044"}],"wp:term":[{"taxonomy":"product_brand","embeddable":true,"href":"https:\/\/wedoback.com\/pt-pt\/wp-json\/wp\/v2\/product_brand?post=21044"},{"taxonomy":"product_cat","embeddable":true,"href":"https:\/\/wedoback.com\/pt-pt\/wp-json\/wp\/v2\/product_cat?post=21044"},{"taxonomy":"product_tag","embeddable":true,"href":"https:\/\/wedoback.com\/pt-pt\/wp-json\/wp\/v2\/product_tag?post=21044"}],"curies":[{"name":"wp","href":"https:\/\/api.w.org\/{rel}","templated":true}]}}