{"id":21030,"date":"2024-06-28T07:44:24","date_gmt":"2024-06-28T05:44:24","guid":{"rendered":"https:\/\/www.wedoback.com\/produit\/tipos-de-instancias-de-arp\/"},"modified":"2024-06-28T07:44:24","modified_gmt":"2024-06-28T05:44:24","slug":"tipos-de-instancias-de-arp","status":"publish","type":"product","link":"https:\/\/wedoback.com\/pt-pt\/produit\/tipos-de-instancias-de-arp\/","title":{"rendered":"Tipos de inst\u00e2ncias de ARP"},"content":{"rendered":"","protected":false},"excerpt":{"rendered":"<p>Ordena aqui <strong>os diferentes tipos de inst\u00e2ncia (e o seu n\u00famero)<\/strong> de que necessita para executar os seus servi\u00e7os na PRA.<\/p>\n<p>Todos os meses ser\u00e3o efectuados testes de funcionamento autom\u00e1ticos para confirmar que as tuas inst\u00e2ncias est\u00e3o sempre prontas a ser activadas para o modo de emerg\u00eancia.<\/p>\n<p>Se quiseres organizar testes de ativa\u00e7\u00e3o reais para o teu Plano de Recupera\u00e7\u00e3o de Desastres, pede um or\u00e7amento personalizado. Os testes reais podem ser programados para um per\u00edodo m\u00e1ximo de 10 horas. <\/p>\n<p><u>Lembramos que a ativa\u00e7\u00e3o das suas inst\u00e2ncias em modo de backup (lan\u00e7amento do DRP fora dos testes de conformidade) ser-lhe-\u00e1 facturada de acordo com a lista de pre\u00e7os aqui indicada.<\/u><\/p>\n","protected":false},"featured_media":21046,"template":"","meta":{"om_disable_all_campaigns":false,"_monsterinsights_skip_tracking":false,"_monsterinsights_sitenote_active":false,"_monsterinsights_sitenote_note":"","_monsterinsights_sitenote_category":0},"product_brand":[],"product_cat":[1396,1258],"product_tag":[],"class_list":{"0":"post-21030","1":"product","2":"type-product","3":"status-publish","4":"has-post-thumbnail","6":"product_cat-corpos-pt-pt","7":"product_cat-pra-pt-pt","9":"first","10":"instock","11":"taxable","12":"shipping-taxable","13":"purchasable","14":"product-type-variable-subscription"},"aioseo_notices":[],"subscription_discounts_type":"fixed","fixed_subscription_discounts":[],"subscription_discounts_product_settings":{"layout":"default","default_variation":null},"subscription_discounts_roles_data":[],"percentage_subscription_discounts":[],"_links":{"self":[{"href":"https:\/\/wedoback.com\/pt-pt\/wp-json\/wp\/v2\/product\/21030","targetHints":{"allow":["GET"]}}],"collection":[{"href":"https:\/\/wedoback.com\/pt-pt\/wp-json\/wp\/v2\/product"}],"about":[{"href":"https:\/\/wedoback.com\/pt-pt\/wp-json\/wp\/v2\/types\/product"}],"wp:featuredmedia":[{"embeddable":true,"href":"https:\/\/wedoback.com\/pt-pt\/wp-json\/wp\/v2\/media\/21046"}],"wp:attachment":[{"href":"https:\/\/wedoback.com\/pt-pt\/wp-json\/wp\/v2\/media?parent=21030"}],"wp:term":[{"taxonomy":"product_brand","embeddable":true,"href":"https:\/\/wedoback.com\/pt-pt\/wp-json\/wp\/v2\/product_brand?post=21030"},{"taxonomy":"product_cat","embeddable":true,"href":"https:\/\/wedoback.com\/pt-pt\/wp-json\/wp\/v2\/product_cat?post=21030"},{"taxonomy":"product_tag","embeddable":true,"href":"https:\/\/wedoback.com\/pt-pt\/wp-json\/wp\/v2\/product_tag?post=21030"}],"curies":[{"name":"wp","href":"https:\/\/api.w.org\/{rel}","templated":true}]}}