{"id":21000,"date":"2024-06-28T06:56:16","date_gmt":"2024-06-28T04:56:16","guid":{"rendered":"https:\/\/www.wedoback.com\/produit\/armazenamento-pra\/"},"modified":"2024-06-28T06:56:16","modified_gmt":"2024-06-28T04:56:16","slug":"armazenamento-pra","status":"publish","type":"product","link":"https:\/\/wedoback.com\/pt-pt\/produit\/armazenamento-pra\/","title":{"rendered":"Armazenamento PRA"},"content":{"rendered":"","protected":false},"excerpt":{"rendered":"<p>Armazenamento facturado <strong>por TB (terabyte)<\/strong>.<\/p>\n<p><strong>Taxas de redu\u00e7\u00e3o de acordo com o volume<\/strong>.<\/p>\n<p>Tenha em aten\u00e7\u00e3o que o volume n\u00e3o inclui apenas o tamanho atual dos seus servidores, mas <strong>tamb\u00e9m o hist\u00f3rico de<\/strong> actualiza\u00e7\u00f5es que ir\u00e1 planear.<\/p>\n<p>Poder\u00e1 eliminar pontos de backup, mas deve certificar-se de que mant\u00e9m o que precisa.<\/p>\n<p>Quando ativar o seu DRP, ter\u00e1 a liberdade de escolher qual a vers\u00e3o do arquivo que ser\u00e1 utilizada para iniciar o seu DRP.<\/p>\n","protected":false},"featured_media":21031,"template":"","meta":{"om_disable_all_campaigns":false,"_monsterinsights_skip_tracking":false,"_monsterinsights_sitenote_active":false,"_monsterinsights_sitenote_note":"","_monsterinsights_sitenote_category":0},"product_brand":[],"product_cat":[1285,1258],"product_tag":[],"class_list":{"0":"post-21000","1":"product","2":"type-product","3":"status-publish","4":"has-post-thumbnail","6":"product_cat-armazenamento","7":"product_cat-pra-pt-pt","9":"first","10":"instock","11":"taxable","12":"shipping-taxable","13":"purchasable","14":"product-type-variable-subscription"},"aioseo_notices":[],"subscription_discounts_type":"fixed","fixed_subscription_discounts":[],"subscription_discounts_product_settings":{"layout":"default","default_variation":null},"subscription_discounts_roles_data":[],"percentage_subscription_discounts":[],"_links":{"self":[{"href":"https:\/\/wedoback.com\/pt-pt\/wp-json\/wp\/v2\/product\/21000","targetHints":{"allow":["GET"]}}],"collection":[{"href":"https:\/\/wedoback.com\/pt-pt\/wp-json\/wp\/v2\/product"}],"about":[{"href":"https:\/\/wedoback.com\/pt-pt\/wp-json\/wp\/v2\/types\/product"}],"wp:featuredmedia":[{"embeddable":true,"href":"https:\/\/wedoback.com\/pt-pt\/wp-json\/wp\/v2\/media\/21031"}],"wp:attachment":[{"href":"https:\/\/wedoback.com\/pt-pt\/wp-json\/wp\/v2\/media?parent=21000"}],"wp:term":[{"taxonomy":"product_brand","embeddable":true,"href":"https:\/\/wedoback.com\/pt-pt\/wp-json\/wp\/v2\/product_brand?post=21000"},{"taxonomy":"product_cat","embeddable":true,"href":"https:\/\/wedoback.com\/pt-pt\/wp-json\/wp\/v2\/product_cat?post=21000"},{"taxonomy":"product_tag","embeddable":true,"href":"https:\/\/wedoback.com\/pt-pt\/wp-json\/wp\/v2\/product_tag?post=21000"}],"curies":[{"name":"wp","href":"https:\/\/api.w.org\/{rel}","templated":true}]}}