{"id":20996,"date":"2024-07-06T15:46:12","date_gmt":"2024-07-06T13:46:12","guid":{"rendered":"https:\/\/www.wedoback.com\/produit\/restauro-rapido-em-caso-de-catastrofe\/"},"modified":"2024-07-06T15:46:12","modified_gmt":"2024-07-06T13:46:12","slug":"restauro-rapido-em-caso-de-catastrofe","status":"publish","type":"product","link":"https:\/\/wedoback.com\/pt-pt\/produit\/restauro-rapido-em-caso-de-catastrofe\/","title":{"rendered":"Restauro r\u00e1pido em caso de cat\u00e1strofe"},"content":{"rendered":"<p>Beneficia de uma c\u00f3pia de seguran\u00e7a arquivada dos seus sistemas para poder restaur\u00e1-los rapidamente em caso de desastre.<\/p>\n<p>A imagem pode ser produzida mensalmente ou semestralmente, em fun\u00e7\u00e3o das suas necessidades.<\/p>\n<p>O servi\u00e7o \u00e9 facturado por servidor e por 1 TB de armazenamento.<\/p>\n","protected":false},"excerpt":{"rendered":"<p>Beneficia de uma c\u00f3pia de seguran\u00e7a arquivada dos seus sistemas para os poder restaurar rapidamente em caso de cat\u00e1strofe.<\/p>\n<p>Este servi\u00e7o \u00e9 facturado mensalmente por servidor e por 1TB de armazenamento.<\/p>\n<p>Ajustar a quantidade em fun\u00e7\u00e3o do n\u00famero de servidores a proteger e do volume necess\u00e1rio (por lote de 1TB).<\/p>\n<p><strong>Aten\u00e7\u00e3o:<\/strong> utilizada em complemento da oferta SMART, esta op\u00e7\u00e3o requer a subscri\u00e7\u00e3o de um agente dedicado em cada servidor (ou computador) em causa.<\/p>\n","protected":false},"featured_media":21011,"template":"","meta":{"om_disable_all_campaigns":false,"_monsterinsights_skip_tracking":false,"_monsterinsights_sitenote_active":false,"_monsterinsights_sitenote_note":"","_monsterinsights_sitenote_category":0},"product_brand":[],"product_cat":[1277],"product_tag":[],"class_list":{"0":"post-20996","1":"product","2":"type-product","3":"status-publish","4":"has-post-thumbnail","6":"product_cat-opcoes-pt-pt","8":"first","9":"instock","10":"taxable","11":"shipping-taxable","12":"purchasable","13":"product-type-variable-subscription"},"aioseo_notices":[],"subscription_discounts_type":"fixed","fixed_subscription_discounts":[],"subscription_discounts_product_settings":{"layout":"default","default_variation":null},"subscription_discounts_roles_data":[],"percentage_subscription_discounts":[],"_links":{"self":[{"href":"https:\/\/wedoback.com\/pt-pt\/wp-json\/wp\/v2\/product\/20996","targetHints":{"allow":["GET"]}}],"collection":[{"href":"https:\/\/wedoback.com\/pt-pt\/wp-json\/wp\/v2\/product"}],"about":[{"href":"https:\/\/wedoback.com\/pt-pt\/wp-json\/wp\/v2\/types\/product"}],"wp:featuredmedia":[{"embeddable":true,"href":"https:\/\/wedoback.com\/pt-pt\/wp-json\/wp\/v2\/media\/21011"}],"wp:attachment":[{"href":"https:\/\/wedoback.com\/pt-pt\/wp-json\/wp\/v2\/media?parent=20996"}],"wp:term":[{"taxonomy":"product_brand","embeddable":true,"href":"https:\/\/wedoback.com\/pt-pt\/wp-json\/wp\/v2\/product_brand?post=20996"},{"taxonomy":"product_cat","embeddable":true,"href":"https:\/\/wedoback.com\/pt-pt\/wp-json\/wp\/v2\/product_cat?post=20996"},{"taxonomy":"product_tag","embeddable":true,"href":"https:\/\/wedoback.com\/pt-pt\/wp-json\/wp\/v2\/product_tag?post=20996"}],"curies":[{"name":"wp","href":"https:\/\/api.w.org\/{rel}","templated":true}]}}