{"id":20995,"date":"2024-06-24T16:31:27","date_gmt":"2024-06-24T14:31:27","guid":{"rendered":"https:\/\/www.wedoback.com\/produit\/armazenamento-imutavel\/"},"modified":"2024-06-24T16:31:27","modified_gmt":"2024-06-24T14:31:27","slug":"armazenamento-imutavel","status":"publish","type":"product","link":"https:\/\/wedoback.com\/pt-pt\/produit\/armazenamento-imutavel\/","title":{"rendered":"Armazenamento imut\u00e1vel"},"content":{"rendered":"","protected":false},"excerpt":{"rendered":"<p>Escolhe o WeDoBack Immutable e garante que os seus dados mais cr\u00edticos permanecem intactos e seguros. Esta solu\u00e7\u00e3o avan\u00e7ada de armazenamento imut\u00e1vel foi concebida para satisfazer as necessidades das empresas preocupadas com a seguran\u00e7a e a conformidade regulamentar. <\/p>\n<p>O WeDoBack Immutable garante a integridade dos seus dados, protegendo-os contra adultera\u00e7\u00e3o, elimina\u00e7\u00e3o maliciosa e ataques de ransomware. Gra\u00e7as \u00e0 tecnologia WORM (Write Once, Read Many), as suas informa\u00e7\u00f5es permanecem inviol\u00e1veis, em conformidade com as normas mais rigorosas e seguras contra o acesso n\u00e3o autorizado. <\/p>\n<p>Esta solu\u00e7\u00e3o tamb\u00e9m aumenta a seguran\u00e7a dos teus dados, protegendo contra amea\u00e7as internas e externas, garantindo que apenas pessoas autorizadas t\u00eam acesso. Podes definir per\u00edodos de reten\u00e7\u00e3o espec\u00edficos para os teus backups, adaptados \u00e0s tuas necessidades espec\u00edficas, garantindo uma gest\u00e3o flex\u00edvel e eficiente da tua informa\u00e7\u00e3o cr\u00edtica. <\/p>\n<p>Escolhe o WeDoBack Immutable para uma paz de esp\u00edrito total, sabendo que os seus dados sens\u00edveis est\u00e3o rigorosa e permanentemente protegidos contra qualquer tentativa de adultera\u00e7\u00e3o ou elimina\u00e7\u00e3o n\u00e3o autorizada.<\/p>\n","protected":false},"featured_media":21014,"template":"","meta":{"om_disable_all_campaigns":false,"_monsterinsights_skip_tracking":false,"_monsterinsights_sitenote_active":false,"_monsterinsights_sitenote_note":"","_monsterinsights_sitenote_category":0},"product_brand":[],"product_cat":[1285,1257],"product_tag":[],"class_list":{"0":"post-20995","1":"product","2":"type-product","3":"status-publish","4":"has-post-thumbnail","6":"product_cat-armazenamento","7":"product_cat-imutavel-pt-pt","9":"first","10":"instock","11":"taxable","12":"shipping-taxable","13":"purchasable","14":"product-type-variable-subscription"},"aioseo_notices":[],"subscription_discounts_type":"fixed","fixed_subscription_discounts":[],"subscription_discounts_product_settings":{"layout":"default","default_variation":null},"subscription_discounts_roles_data":[],"percentage_subscription_discounts":[],"_links":{"self":[{"href":"https:\/\/wedoback.com\/pt-pt\/wp-json\/wp\/v2\/product\/20995","targetHints":{"allow":["GET"]}}],"collection":[{"href":"https:\/\/wedoback.com\/pt-pt\/wp-json\/wp\/v2\/product"}],"about":[{"href":"https:\/\/wedoback.com\/pt-pt\/wp-json\/wp\/v2\/types\/product"}],"wp:featuredmedia":[{"embeddable":true,"href":"https:\/\/wedoback.com\/pt-pt\/wp-json\/wp\/v2\/media\/21014"}],"wp:attachment":[{"href":"https:\/\/wedoback.com\/pt-pt\/wp-json\/wp\/v2\/media?parent=20995"}],"wp:term":[{"taxonomy":"product_brand","embeddable":true,"href":"https:\/\/wedoback.com\/pt-pt\/wp-json\/wp\/v2\/product_brand?post=20995"},{"taxonomy":"product_cat","embeddable":true,"href":"https:\/\/wedoback.com\/pt-pt\/wp-json\/wp\/v2\/product_cat?post=20995"},{"taxonomy":"product_tag","embeddable":true,"href":"https:\/\/wedoback.com\/pt-pt\/wp-json\/wp\/v2\/product_tag?post=20995"}],"curies":[{"name":"wp","href":"https:\/\/api.w.org\/{rel}","templated":true}]}}