{"id":20968,"date":"2023-10-26T10:18:12","date_gmt":"2023-10-26T08:18:12","guid":{"rendered":"https:\/\/www.wedoback.com\/produit\/agente-wedoback\/"},"modified":"2023-10-26T10:18:12","modified_gmt":"2023-10-26T08:18:12","slug":"agente-wedoback","status":"publish","type":"product","link":"https:\/\/wedoback.com\/pt-pt\/produit\/agente-wedoback\/","title":{"rendered":"Agente WeDoBack"},"content":{"rendered":"","protected":false},"excerpt":{"rendered":"<p>O agente \u00e9 um elemento chave do WeDoBack. Assegura a comunica\u00e7\u00e3o entre os nossos servidores e o seu equipamento. <\/p>\n<p>\u00c9 necess\u00e1rio em qualquer dispositivo (servidor, computador) para o qual tenha sido configurado um plano de c\u00f3pia de seguran\u00e7a ou de recupera\u00e7\u00e3o de desastres.<\/p>\n<p>Encripta os teus dados antes da transmiss\u00e3o e executa as opera\u00e7\u00f5es que configuraste na tua consola de gest\u00e3o.<\/p>\n<p>Para al\u00e9m da oferta SMART, apenas \u00e9 necess\u00e1rio um agente por servidor ou computador, independentemente do n\u00famero de servi\u00e7os subscritos para o equipamento em causa.<\/p>\n<p>No \u00e2mbito da oferta SMART, o agente implementado est\u00e1 reservado para esta oferta. Se acrescentares um servi\u00e7o ou uma op\u00e7\u00e3o adicional, ter\u00e1s de encomendar e implementar um novo agente. <\/p>\n<p>&nbsp;<\/p>\n","protected":false},"featured_media":20977,"template":"","meta":{"om_disable_all_campaigns":false,"_monsterinsights_skip_tracking":false,"_monsterinsights_sitenote_active":false,"_monsterinsights_sitenote_note":"","_monsterinsights_sitenote_category":0},"product_brand":[],"product_cat":[1260,1253,1257,1259,1258],"product_tag":[],"class_list":{"0":"post-20968","1":"product","2":"type-product","3":"status-publish","4":"has-post-thumbnail","6":"product_cat-agente-pt-pt","7":"product_cat-copia-de-seguranca","8":"product_cat-imutavel-pt-pt","9":"product_cat-pca-pt-pt","10":"product_cat-pra-pt-pt","12":"first","13":"instock","14":"taxable","15":"shipping-taxable","16":"purchasable","17":"product-type-variable-subscription"},"aioseo_notices":[],"subscription_discounts_type":"fixed","fixed_subscription_discounts":[],"subscription_discounts_product_settings":{"layout":"default","default_variation":null},"subscription_discounts_roles_data":[],"percentage_subscription_discounts":[],"_links":{"self":[{"href":"https:\/\/wedoback.com\/pt-pt\/wp-json\/wp\/v2\/product\/20968","targetHints":{"allow":["GET"]}}],"collection":[{"href":"https:\/\/wedoback.com\/pt-pt\/wp-json\/wp\/v2\/product"}],"about":[{"href":"https:\/\/wedoback.com\/pt-pt\/wp-json\/wp\/v2\/types\/product"}],"wp:featuredmedia":[{"embeddable":true,"href":"https:\/\/wedoback.com\/pt-pt\/wp-json\/wp\/v2\/media\/20977"}],"wp:attachment":[{"href":"https:\/\/wedoback.com\/pt-pt\/wp-json\/wp\/v2\/media?parent=20968"}],"wp:term":[{"taxonomy":"product_brand","embeddable":true,"href":"https:\/\/wedoback.com\/pt-pt\/wp-json\/wp\/v2\/product_brand?post=20968"},{"taxonomy":"product_cat","embeddable":true,"href":"https:\/\/wedoback.com\/pt-pt\/wp-json\/wp\/v2\/product_cat?post=20968"},{"taxonomy":"product_tag","embeddable":true,"href":"https:\/\/wedoback.com\/pt-pt\/wp-json\/wp\/v2\/product_tag?post=20968"}],"curies":[{"name":"wp","href":"https:\/\/api.w.org\/{rel}","templated":true}]}}