{"id":21610,"date":"2025-04-27T13:41:10","date_gmt":"2025-04-27T11:41:10","guid":{"rendered":"https:\/\/www.wedoback.com\/termos-e-condicoes\/"},"modified":"2025-05-04T12:05:14","modified_gmt":"2025-05-04T10:05:14","slug":"termos-e-condicoes","status":"publish","type":"page","link":"https:\/\/wedoback.com\/pt-pt\/termos-e-condicoes\/","title":{"rendered":"Termos e condi\u00e7\u00f5es"},"content":{"rendered":"\t\t<div data-elementor-type=\"wp-page\" data-elementor-id=\"21610\" class=\"elementor elementor-21610\" data-elementor-settings=\"{&quot;ha_cmc_init_switcher&quot;:&quot;no&quot;}\" data-elementor-post-type=\"page\">\n\t\t\t\t<div class=\"elementor-element elementor-element-a017efc e-flex e-con-boxed e-con e-parent\" data-id=\"a017efc\" data-element_type=\"container\" data-e-type=\"container\" data-settings=\"{&quot;_ha_eqh_enable&quot;:false}\">\n\t\t\t\t\t<div class=\"e-con-inner\">\n\t\t\t\t<div class=\"elementor-element elementor-element-6bb7951 elementor-widget elementor-widget-text-editor\" data-id=\"6bb7951\" data-element_type=\"widget\" data-e-type=\"widget\" data-widget_type=\"text-editor.default\">\n\t\t\t\t<div class=\"elementor-widget-container\">\n\t\t\t\t\t\t\t\t\t<h1>1.Introdu\u00e7\u00e3o<\/h1><p>Os presentes Termos e Condi\u00e7\u00f5es aplicam-se a este s\u00edtio Web e \u00e0s transac\u00e7\u00f5es relacionadas com os nossos produtos e servi\u00e7os. Poder\u00e1s estar vinculado por acordos adicionais relacionados com a tua rela\u00e7\u00e3o connosco ou com quaisquer produtos ou servi\u00e7os que recebas de n\u00f3s. Em caso de conflito entre as disposi\u00e7\u00f5es de tais acordos adicionais e os presentes Termos e Condi\u00e7\u00f5es, prevalecer\u00e3o os presentes Termos e Condi\u00e7\u00f5es.  <\/p><p>Este site \u00e9 publicado pela D\u00e9dicace Software SAS, uma filial do grupo Pioneer Humani respons\u00e1vel pela representa\u00e7\u00e3o, promo\u00e7\u00e3o, venda e fornecimento dos servi\u00e7os WeDoBack na Europa. Fora da Europa, estas actividades s\u00e3o realizadas diretamente pela Pioneer Humani ou pelos seus p\u00f3los regionais e respectivas filiais, consoante a zona geogr\u00e1fica em quest\u00e3o. A fatura\u00e7\u00e3o \u00e9 igualmente assegurada pela entidade do grupo respons\u00e1vel pela sua localiza\u00e7\u00e3o.  <\/p><h1>2.compromisso<\/h1><p>Ao registares-te, acederes ou utilizares este s\u00edtio Web, concordas em ficar vinculado aos Termos e Condi\u00e7\u00f5es abaixo indicados. A simples utiliza\u00e7\u00e3o deste s\u00edtio Web implica o conhecimento e a aceita\u00e7\u00e3o dos presentes Termos e Condi\u00e7\u00f5es. Em certos casos espec\u00edficos, podemos tamb\u00e9m pedir-te que os aceites explicitamente.  <\/p><p>A utiliza\u00e7\u00e3o dos nossos servi\u00e7os est\u00e1 estritamente reservada \u00e0s empresas que respeitam o nosso c\u00f3digo de conduta. O n\u00e3o cumprimento desta carta pode resultar na suspens\u00e3o imediata ou na cessa\u00e7\u00e3o dos servi\u00e7os sem aviso pr\u00e9vio e sem indemniza\u00e7\u00e3o. A carta pode ser consultada no seguinte endere\u00e7o: https: <a href=\"https:\/\/www.wedoback.com\/charte-deontologique\/\">\/\/www.wedoback.com\/charte-deontologique\/.<\/a>  <\/p><h1>3. Comunica\u00e7\u00e3o eletr\u00f3nica<\/h1><p>Ao utilizar este s\u00edtio Web ou ao comunicar connosco eletronicamente, o utilizador concorda e reconhece que podemos comunicar consigo eletronicamente atrav\u00e9s do nosso s\u00edtio Web ou por correio eletr\u00f3nico, e concorda que todos os acordos, avisos, divulga\u00e7\u00f5es e outras comunica\u00e7\u00f5es que lhe fornecemos eletronicamente satisfazem qualquer requisito legal, incluindo, sem limita\u00e7\u00e3o, qualquer requisito de que essas comunica\u00e7\u00f5es sejam feitas por escrito.<\/p><h1>4. Direitos de propriedade intelectual<\/h1><p>N\u00f3s ou os nossos licenciantes detemos e controlamos todos os direitos de autor e outros direitos de propriedade intelectual do s\u00edtio Web e dos dados, informa\u00e7\u00f5es e outros recursos apresentados ou acess\u00edveis atrav\u00e9s do mesmo.<\/p><h2>4.1 Todos os direitos reservados.<\/h2><p>Salvo indica\u00e7\u00e3o em contr\u00e1rio em conte\u00fados espec\u00edficos, n\u00e3o te \u00e9 concedida qualquer licen\u00e7a ou outro direito ao abrigo de direitos de autor, marcas comerciais, patentes ou outros direitos de propriedade intelectual. Isto significa que est\u00e1s proibido de utilizar, copiar, reproduzir, executar, exibir, distribuir, incorporar num meio eletr\u00f3nico, modificar, fazer engenharia inversa, descompilar, transferir, descarregar, transmitir, rentabilizar, vender, comercializar ou negociar os recursos deste s\u00edtio Web, sob qualquer forma, sem a nossa autoriza\u00e7\u00e3o pr\u00e9via por escrito, salvo disposi\u00e7\u00e3o em contr\u00e1rio de leis obrigat\u00f3rias (como o direito de cita\u00e7\u00e3o). <\/p><h1>5. Boletim informativo<\/h1><p>N\u00e3o obstante o acima exposto, podes reenviar a nossa newsletter em formato eletr\u00f3nico a outras pessoas que pretendam visitar o nosso s\u00edtio Web.<\/p><h1>6. Bens de terceiros<\/h1><p>O nosso s\u00edtio Web pode incluir hiperliga\u00e7\u00f5es ou outras refer\u00eancias a s\u00edtios Web de terceiros. N\u00e3o monitorizamos nem revemos o conte\u00fado desses s\u00edtios Web. Quaisquer produtos ou servi\u00e7os oferecidos por outros s\u00edtios Web est\u00e3o sujeitos aos termos e condi\u00e7\u00f5es aplic\u00e1veis desses terceiros. As opini\u00f5es expressas ou o material que aparece nesses s\u00edtios n\u00e3o s\u00e3o necessariamente partilhados ou aprovados por n\u00f3s.   <\/p><p>N\u00e3o somos respons\u00e1veis pelas pr\u00e1ticas de privacidade ou pelo conte\u00fado desses s\u00edtios. Assume todos os riscos associados \u00e0 utiliza\u00e7\u00e3o desses s\u00edtios Web e de quaisquer servi\u00e7os de terceiros associados. N\u00e3o aceitamos qualquer responsabilidade por qualquer perda ou dano, independentemente da causa, resultante da divulga\u00e7\u00e3o das tuas informa\u00e7\u00f5es pessoais a terceiros.  <\/p><h1>7. Utiliza\u00e7\u00e3o respons\u00e1vel<\/h1><p>Ao visitares o nosso s\u00edtio Web, concordas em utiliz\u00e1-lo apenas para os fins previstos e em conformidade com os presentes Termos, quaisquer acordos adicionais celebrados connosco, leis e regulamentos aplic\u00e1veis, pr\u00e1ticas online geralmente aceites e diretrizes da ind\u00fastria. N\u00e3o podes utilizar o nosso s\u00edtio Web ou os nossos servi\u00e7os para utilizar, publicar ou distribuir qualquer conte\u00fado que consista em (ou esteja ligado a) software malicioso; utilizar dados recolhidos no nosso s\u00edtio Web para fins de marketing direto; ou efetuar qualquer recolha sistem\u00e1tica ou automatizada de dados no nosso s\u00edtio Web ou em liga\u00e7\u00e3o com o mesmo. <\/p><p>Qualquer atividade que cause ou seja suscet\u00edvel de causar danos ao s\u00edtio Web ou que interfira com o seu desempenho, disponibilidade ou acessibilidade \u00e9 estritamente proibida.<\/p><h1>8. Registo<\/h1><p>Podes criar uma conta no nosso s\u00edtio Web. Durante este processo, poder\u00e1 ser-te pedido que escolhas uma palavra-passe. \u00c9s respons\u00e1vel por manter a confidencialidade das tuas palavras-passe e informa\u00e7\u00f5es da conta e concordas em n\u00e3o as divulgar a terceiros nem partilhar as tuas palavras-passe, informa\u00e7\u00f5es da conta ou acesso seguro ao nosso Web site ou servi\u00e7os com terceiros. N\u00e3o deves permitir que outra pessoa utilize a tua conta para aceder ao Website, uma vez que \u00e9s respons\u00e1vel por todas as actividades que ocorram com a tua palavra-passe ou conta. Tens de nos notificar imediatamente de qualquer divulga\u00e7\u00e3o da tua palavra-passe.    <\/p><p>Uma vez cancelada a tua conta, n\u00e3o tentar\u00e1s criar uma nova conta sem a nossa autoriza\u00e7\u00e3o.<\/p><h1>9. Pol\u00edtica de reembolso e devolu\u00e7\u00e3o<\/h1><h2>9.1 Direito de retrata\u00e7\u00e3o<\/h2><p>Salvo disposi\u00e7\u00e3o expressa em contr\u00e1rio, os direitos de retrata\u00e7\u00e3o previstos no C\u00f3digo do Consumidor <em>n\u00e3o se aplicam aos contratos celebrados entre profissionais<\/em>.<\/p><p>Para exercer o teu direito de retrata\u00e7\u00e3o, deves notificar-nos da tua decis\u00e3o de retrata\u00e7\u00e3o do presente contrato atrav\u00e9s de uma declara\u00e7\u00e3o inequ\u00edvoca (por exemplo, carta enviada por correio, fax ou correio eletr\u00f3nico). Encontra abaixo os nossos dados de contacto. Podes utilizar o modelo de formul\u00e1rio de rescis\u00e3o em anexo, mas n\u00e3o \u00e9 obrigat\u00f3rio.  <\/p><p>Tamb\u00e9m podes preencher e enviar eletronicamente o modelo de formul\u00e1rio de rescis\u00e3o ou qualquer outra declara\u00e7\u00e3o inequ\u00edvoca no nosso s\u00edtio Web.<\/p><p>Se utilizares esta op\u00e7\u00e3o, enviar-te-emos imediatamente um aviso de rece\u00e7\u00e3o da tua retirada num suporte duradouro (por exemplo, por correio eletr\u00f3nico).<\/p><p>Para que o prazo de retrata\u00e7\u00e3o seja respeitado, basta que envies a tua comunica\u00e7\u00e3o relativa ao exerc\u00edcio do direito de retrata\u00e7\u00e3o antes do termo desse prazo.<\/p><h2>9.2 Efeitos da retirada<\/h2><p>No caso de uma rescis\u00e3o aceite por n\u00f3s, reembolsaremos todos os pagamentos recebidos do cliente, excluindo os custos de entrega (com exce\u00e7\u00e3o dos custos adicionais decorrentes do facto de o cliente ter escolhido, se for caso disso, um m\u00e9todo de entrega diferente do m\u00e9todo de entrega normal mais barato oferecido por n\u00f3s), sem demora injustificada e, em qualquer caso, o mais tardar 30 dias a contar do dia em que formos informados da decis\u00e3o do cliente de rescindir o contrato. Este reembolso ser\u00e1 efectuado utilizando o mesmo meio de pagamento que utilizaste para a transa\u00e7\u00e3o inicial, salvo acordo expresso em contr\u00e1rio. Em qualquer caso, este reembolso n\u00e3o implicar\u00e1 quaisquer custos para ti.  <\/p><p>Se nos tiveres solicitado que iniciemos a presta\u00e7\u00e3o dos servi\u00e7os durante o per\u00edodo de rescis\u00e3o, ter\u00e1s de nos pagar um montante proporcional ao que foi prestado at\u00e9 ao momento em que nos notificaste da tua rescis\u00e3o do presente contrato, em rela\u00e7\u00e3o \u00e0 cobertura total do contrato.<\/p><p>Tem em aten\u00e7\u00e3o que existem excep\u00e7\u00f5es legais ao direito de rescis\u00e3o e que certos artigos n\u00e3o podem ser devolvidos ou trocados. Informar-te-emos se tal se aplicar ao teu caso espec\u00edfico. <\/p><h1>10. Apresenta\u00e7\u00e3o de ideias<\/h1><p>N\u00e3o envies quaisquer ideias, inven\u00e7\u00f5es, obras de arte ou outras informa\u00e7\u00f5es que possam ser consideradas propriedade intelectual tua sem primeiro assinares um acordo de propriedade intelectual ou um acordo de confidencialidade connosco. Se as divulgares sem um acordo escrito, concedes-nos uma licen\u00e7a mundial, irrevog\u00e1vel, n\u00e3o exclusiva e isenta de royalties para utilizar, reproduzir, armazenar, adaptar, publicar, traduzir e distribuir o teu conte\u00fado em qualquer suporte existente ou futuro. <\/p><h1>11. Cessa\u00e7\u00e3o da utiliza\u00e7\u00e3o<\/h1><p>Podemos, a nosso exclusivo crit\u00e9rio, modificar ou descontinuar, tempor\u00e1ria ou permanentemente, o acesso ao Site ou a qualquer um dos Servi\u00e7os em qualquer altura. Concordas que n\u00e3o seremos respons\u00e1veis perante ti ou terceiros por qualquer modifica\u00e7\u00e3o, suspens\u00e3o ou descontinua\u00e7\u00e3o do teu acesso ou utiliza\u00e7\u00e3o do Website ou de qualquer conte\u00fado que possas ter partilhado no Website. N\u00e3o ter\u00e1s direito a qualquer compensa\u00e7\u00e3o ou outro pagamento, mesmo que determinadas funcionalidades, defini\u00e7\u00f5es e\/ou qualquer Conte\u00fado com que tenhas contribu\u00eddo ou em que tenhas confiado sejam permanentemente perdidos. N\u00e3o deves contornar ou tentar contornar quaisquer restri\u00e7\u00f5es de acesso no nosso site.   <\/p><h1>12. Garantias e responsabilidade<\/h1><p>Nada nesta sec\u00e7\u00e3o limita ou exclui qualquer garantia impl\u00edcita por lei que seria ilegal limitar ou excluir. Este s\u00edtio Web e todos os seus conte\u00fados s\u00e3o fornecidos &#8220;tal como est\u00e3o&#8221; e &#8220;conforme dispon\u00edveis&#8221; e podem conter imprecis\u00f5es ou erros tipogr\u00e1ficos. Renunciamos expressamente a qualquer garantia, expressa ou impl\u00edcita, quanto \u00e0 disponibilidade, exatid\u00e3o ou integridade do Conte\u00fado.  <\/p><p>N\u00e3o garantimos que :<\/p><p>\u2666 este s\u00edtio Web ou os nossos produtos ou servi\u00e7os satisfar\u00e3o os teus requisitos;<br>\u2666 este s\u00edtio Web estar\u00e1 dispon\u00edvel de forma ininterrupta, atempada, segura e sem erros;<br>\u2666 a qualidade de quaisquer produtos ou servi\u00e7os comprados ou obtidos por ti atrav\u00e9s deste s\u00edtio Web corresponder\u00e1 \u00e0s tuas expectativas.<\/p><p>Nada neste s\u00edtio Web constitui ou se destina a constituir aconselhamento jur\u00eddico, financeiro ou m\u00e9dico de qualquer tipo. Se necessitares de aconselhamento, consulta um profissional competente. <\/p><p>As disposi\u00e7\u00f5es seguintes desta sec\u00e7\u00e3o aplicam-se na medida m\u00e1xima permitida pela legisla\u00e7\u00e3o aplic\u00e1vel e n\u00e3o limitam nem excluem a nossa responsabilidade por qualquer quest\u00e3o relativamente \u00e0 qual seria ilegal limitar ou excluir a nossa responsabilidade. Em caso algum seremos respons\u00e1veis por quaisquer danos diretos ou indirectos (incluindo danos por perda de lucros ou receitas, perda ou corrup\u00e7\u00e3o de dados, software ou bases de dados, ou perda ou dano de propriedade ou dados) sofridos por ti ou por terceiros resultantes do teu acesso ou utiliza\u00e7\u00e3o do nosso s\u00edtio Web. <\/p><p>Salvo disposi\u00e7\u00e3o expressa em contr\u00e1rio num acordo suplementar, a nossa responsabilidade m\u00e1xima perante ti por todos os danos resultantes do S\u00edtio Web ou de quaisquer produtos ou servi\u00e7os comercializados ou vendidos atrav\u00e9s do mesmo, independentemente da forma de a\u00e7\u00e3o que envolva responsabilidade (seja em contrato, equidade, neglig\u00eancia, conduta dolosa, delito ou outro), ser\u00e1 limitada a 1.000.000 euros. Este limite aplicar-se-\u00e1 globalmente a todas as tuas reclama\u00e7\u00f5es, ac\u00e7\u00f5es e causas de a\u00e7\u00e3o, de qualquer natureza. <\/p><h1>13. Confidencialidade<\/h1><p>Para aceder ao nosso s\u00edtio Web e\/ou aos nossos servi\u00e7os, pode ser-te pedido que forne\u00e7as um certificado.<\/p><p>Para acederes ao nosso s\u00edtio Web e\/ou aos nossos servi\u00e7os, poder\u00e1s ter de fornecer determinadas informa\u00e7\u00f5es sobre ti quando te registares. Concordas que todas as informa\u00e7\u00f5es que forneceres ser\u00e3o sempre precisas, corretas e actualizadas. <\/p><p>Levamos os teus dados pessoais a s\u00e9rio e estamos empenhados em proteger a tua privacidade. N\u00e3o utilizaremos o teu endere\u00e7o de correio eletr\u00f3nico para correio n\u00e3o solicitado. Quaisquer mensagens de correio eletr\u00f3nico que te enviemos ser\u00e3o apenas relacionadas com o fornecimento dos produtos ou servi\u00e7os acordados.  <\/p><p>Desenvolvemos uma pol\u00edtica para responder \u00e0s tuas preocupa\u00e7\u00f5es em mat\u00e9ria de privacidade. Para mais informa\u00e7\u00f5es, consulta a nossa Declara\u00e7\u00e3o de privacidade e a nossa Pol\u00edtica de cookies. <\/p><h1>14. Acessibilidade<\/h1><p>Estamos empenhados em tornar o nosso conte\u00fado acess\u00edvel a pessoas com defici\u00eancia. Se tiveres uma defici\u00eancia e n\u00e3o conseguires aceder a qualquer parte do nosso s\u00edtio Web devido \u00e0 tua defici\u00eancia, pedimos-te que nos informes do problema e o descrevas em pormenor. Se o problema for facilmente identific\u00e1vel e puder ser resolvido utilizando ferramentas e t\u00e9cnicas de TI padr\u00e3o da ind\u00fastria, resolv\u00ea-lo-emos prontamente.  <\/p><h1>15. Restri\u00e7\u00f5es \u00e0 exporta\u00e7\u00e3o \/ Conformidade legal<\/h1><p>\u00c9 proibido o acesso ao s\u00edtio Web a partir de territ\u00f3rios ou pa\u00edses onde o conte\u00fado ou a compra de produtos ou servi\u00e7os vendidos no s\u00edtio Web seja ilegal. N\u00e3o podes utilizar este site em viola\u00e7\u00e3o das leis e regulamentos de exporta\u00e7\u00e3o franceses. <\/p><h1>16. Transfer\u00eancia<\/h1><p>N\u00e3o podes ceder, transferir ou subcontratar quaisquer dos teus direitos e\/ou obriga\u00e7\u00f5es ao abrigo dos presentes Termos e Condi\u00e7\u00f5es, no todo ou em parte, a terceiros sem o nosso consentimento pr\u00e9vio por escrito. Qualquer pretensa cess\u00e3o em viola\u00e7\u00e3o desta cl\u00e1usula ser\u00e1 nula e sem efeito. <\/p><h1>17. Viola\u00e7\u00e3o dos presentes Termos e Condi\u00e7\u00f5es Gerais<\/h1><p>Sem preju\u00edzo dos nossos outros direitos ao abrigo destes Termos e Condi\u00e7\u00f5es, se violares estes Termos e Condi\u00e7\u00f5es de alguma forma, podemos tomar as medidas que considerarmos adequadas para remediar a viola\u00e7\u00e3o, incluindo a suspens\u00e3o tempor\u00e1ria ou permanente do teu acesso ao Website, contactando o teu Fornecedor de Servi\u00e7os de Internet para pedir que bloqueie o teu acesso ao Website e\/ou tomando medidas legais contra ti.<\/p><h1>18. For\u00e7a maior<\/h1><p>Com exce\u00e7\u00e3o das obriga\u00e7\u00f5es de pagamento aqui estabelecidas, nenhum atraso, falha ou omiss\u00e3o de qualquer das partes no cumprimento ou observ\u00e2ncia de qualquer das suas obriga\u00e7\u00f5es ser\u00e1 considerado uma viola\u00e7\u00e3o dos presentes Termos e Condi\u00e7\u00f5es se, e enquanto, tal atraso, falha ou omiss\u00e3o resultar de qualquer causa fora do seu controlo razo\u00e1vel.<\/p><h1>19. Compensa\u00e7\u00e3o<\/h1><p>Concordas em indemnizar, defender e isentar-nos de todas e quaisquer reclama\u00e7\u00f5es, responsabilidades, danos, perdas e despesas relacionadas com a tua viola\u00e7\u00e3o destes Termos e Condi\u00e7\u00f5es e da legisla\u00e7\u00e3o aplic\u00e1vel, incluindo direitos de propriedade intelectual e direitos de privacidade. Reembolsar-nos-\u00e1s prontamente por quaisquer danos, perdas, custos e despesas relacionados com tais reclama\u00e7\u00f5es. <\/p><h1>20. Ren\u00fancia<\/h1><p>O incumprimento de qualquer uma das disposi\u00e7\u00f5es das presentes Condi\u00e7\u00f5es Gerais e de qualquer Contrato, ou o exerc\u00edcio de qualquer op\u00e7\u00e3o de rescis\u00e3o, n\u00e3o ser\u00e1 interpretado como uma ren\u00fancia a essas disposi\u00e7\u00f5es e n\u00e3o afectar\u00e1 a validade das presentes Condi\u00e7\u00f5es Gerais, de qualquer Contrato ou de qualquer parte do mesmo, nem o direito de aplicar qualquer uma das disposi\u00e7\u00f5es das mesmas numa data posterior.<\/p><h1>21. L\u00edngua<\/h1><p>As presentes Condi\u00e7\u00f5es Gerais de Venda ser\u00e3o interpretadas exclusivamente em franc\u00eas. Todos os avisos e correspond\u00eancia ser\u00e3o redigidos exclusivamente nesta l\u00edngua. A tradu\u00e7\u00e3o fornecida por este s\u00edtio destina-se apenas a ajudar-te a compreender a vers\u00e3o francesa. Em caso de contradi\u00e7\u00e3o entre a vers\u00e3o francesa e a tradu\u00e7\u00e3o que est\u00e1s a utilizar, prevalece a vers\u00e3o francesa.   <\/p><h1>22. Acordo integral<\/h1><p>Estes Termos e Condi\u00e7\u00f5es, juntamente com a nossa Declara\u00e7\u00e3o de Privacidade e Pol\u00edtica de Cookies, constituem o acordo integral entre ti e a D\u00e9dicace Software SAS relativamente \u00e0 tua utiliza\u00e7\u00e3o deste website.<\/p><h1>23. Atualiza\u00e7\u00e3o das presentes Condi\u00e7\u00f5es Gerais<\/h1><p>Poderemos atualizar periodicamente os presentes Termos e Condi\u00e7\u00f5es. \u00c9 da tua responsabilidade verificar regularmente estes Termos e Condi\u00e7\u00f5es para verificar se existem altera\u00e7\u00f5es ou actualiza\u00e7\u00f5es. A data indicada no in\u00edcio dos presentes Termos e Condi\u00e7\u00f5es \u00e9 a data da \u00faltima revis\u00e3o. As altera\u00e7\u00f5es aos presentes Termos e Condi\u00e7\u00f5es entrar\u00e3o em vigor imediatamente ap\u00f3s a sua publica\u00e7\u00e3o neste s\u00edtio Web. A tua utiliza\u00e7\u00e3o continuada deste s\u00edtio Web ap\u00f3s a publica\u00e7\u00e3o de altera\u00e7\u00f5es ou actualiza\u00e7\u00f5es ser\u00e1 considerada como constituindo a tua aceita\u00e7\u00e3o dos presentes Termos e Condi\u00e7\u00f5es.    <\/p><h1>24. Escolha da lei e da jurisdi\u00e7\u00e3o<\/h1><p>As presentes Condi\u00e7\u00f5es Gerais de Venda s\u00e3o regidas pela lei francesa. Qualquer lit\u00edgio relacionado com as presentes condi\u00e7\u00f5es gerais est\u00e1 sujeito \u00e0 jurisdi\u00e7\u00e3o dos tribunais franceses. Se qualquer parte ou disposi\u00e7\u00e3o das presentes Condi\u00e7\u00f5es Gerais for considerada por um tribunal ou outra autoridade como inv\u00e1lida e\/ou inaplic\u00e1vel ao abrigo da legisla\u00e7\u00e3o aplic\u00e1vel, essa parte ou disposi\u00e7\u00e3o ser\u00e1 modificada, suprimida e\/ou aplicada na medida m\u00e1xima permitida, de modo a dar efeito \u00e0 inten\u00e7\u00e3o das presentes Condi\u00e7\u00f5es Gerais. As restantes disposi\u00e7\u00f5es n\u00e3o ser\u00e3o afectadas.   <\/p><p>Na Europa, os servi\u00e7os do grupo Pioneer Humani s\u00e3o propostos pela D\u00e9dicace Software SAS, a filial respons\u00e1vel pela venda e promo\u00e7\u00e3o dos referidos servi\u00e7os neste territ\u00f3rio. Fora da Europa, os servi\u00e7os s\u00e3o propostos diretamente pela Pioneer Humani ou por uma das suas filiais ou centros regionais (filiais que supervisionam outras filiais). <\/p><p>Nos pa\u00edses onde opera uma filial local, as condi\u00e7\u00f5es locais podem complementar ou adaptar as presentes Condi\u00e7\u00f5es Gerais. Quando os servi\u00e7os s\u00e3o oferecidos localmente por uma entidade do Grupo, a legisla\u00e7\u00e3o local aplic\u00e1vel pode prevalecer sobre determinadas disposi\u00e7\u00f5es contratuais ou fiscais. <\/p><h1>25. Contactos<\/h1><p>Este s\u00edtio Web \u00e9 propriedade e \u00e9 gerido pela D\u00e9dicace Software SAS.<\/p><p>Podes contactar-nos sobre os presentes Termos e Condi\u00e7\u00f5es atrav\u00e9s do n\u00famero de telefone indicado no nosso s\u00edtio Web.<\/p>\t\t\t\t\t\t\t\t<\/div>\n\t\t\t\t<\/div>\n\t\t\t\t\t<\/div>\n\t\t\t\t<\/div>\n\t\t\t\t<\/div>\n\t\t","protected":false},"excerpt":{"rendered":"<p>1.Introdu\u00e7\u00e3o Os presentes Termos e Condi\u00e7\u00f5es aplicam-se a este s\u00edtio Web e \u00e0s transac\u00e7\u00f5es relacionadas com os nossos produtos e servi\u00e7os. Poder\u00e1s estar vinculado por acordos adicionais relacionados com a tua rela\u00e7\u00e3o connosco ou com quaisquer produtos ou servi\u00e7os que recebas de n\u00f3s. Em caso de conflito entre as disposi\u00e7\u00f5es de tais acordos adicionais e [&hellip;]<\/p>\n","protected":false},"author":1,"featured_media":0,"parent":0,"menu_order":0,"comment_status":"closed","ping_status":"closed","template":"","meta":{"om_disable_all_campaigns":false,"_monsterinsights_skip_tracking":false,"_monsterinsights_sitenote_active":false,"_monsterinsights_sitenote_note":"","_monsterinsights_sitenote_category":0,"footnotes":""},"class_list":["post-21610","page","type-page","status-publish","hentry"],"aioseo_notices":[],"_links":{"self":[{"href":"https:\/\/wedoback.com\/pt-pt\/wp-json\/wp\/v2\/pages\/21610","targetHints":{"allow":["GET"]}}],"collection":[{"href":"https:\/\/wedoback.com\/pt-pt\/wp-json\/wp\/v2\/pages"}],"about":[{"href":"https:\/\/wedoback.com\/pt-pt\/wp-json\/wp\/v2\/types\/page"}],"author":[{"embeddable":true,"href":"https:\/\/wedoback.com\/pt-pt\/wp-json\/wp\/v2\/users\/1"}],"replies":[{"embeddable":true,"href":"https:\/\/wedoback.com\/pt-pt\/wp-json\/wp\/v2\/comments?post=21610"}],"version-history":[{"count":0,"href":"https:\/\/wedoback.com\/pt-pt\/wp-json\/wp\/v2\/pages\/21610\/revisions"}],"wp:attachment":[{"href":"https:\/\/wedoback.com\/pt-pt\/wp-json\/wp\/v2\/media?parent=21610"}],"curies":[{"name":"wp","href":"https:\/\/api.w.org\/{rel}","templated":true}]}}