{"id":20292,"date":"2024-03-22T19:10:54","date_gmt":"2024-03-22T18:10:54","guid":{"rendered":"https:\/\/www.wedoback.net\/rgpd\/"},"modified":"2025-03-20T13:09:37","modified_gmt":"2025-03-20T12:09:37","slug":"rgpd","status":"publish","type":"page","link":"https:\/\/wedoback.com\/pt-pt\/rgpd\/","title":{"rendered":"RGPD"},"content":{"rendered":"\t\t<div data-elementor-type=\"wp-page\" data-elementor-id=\"20292\" class=\"elementor elementor-20292\" data-elementor-settings=\"{&quot;ha_cmc_init_switcher&quot;:&quot;no&quot;}\" data-elementor-post-type=\"page\">\n\t\t\t\t\t\t<section class=\"elementor-section elementor-top-section elementor-element elementor-element-21bcdcd1 elementor-section-boxed elementor-section-height-default elementor-section-height-default\" data-id=\"21bcdcd1\" data-element_type=\"section\" data-e-type=\"section\" data-settings=\"{&quot;background_background&quot;:&quot;classic&quot;,&quot;_ha_eqh_enable&quot;:false}\">\n\t\t\t\t\t\t\t<div class=\"elementor-background-overlay\"><\/div>\n\t\t\t\t\t\t\t<div class=\"elementor-container elementor-column-gap-no\">\n\t\t\t\t\t<div class=\"elementor-column elementor-col-100 elementor-top-column elementor-element elementor-element-6aef72eb\" data-id=\"6aef72eb\" data-element_type=\"column\" data-e-type=\"column\">\n\t\t\t<div class=\"elementor-widget-wrap elementor-element-populated\">\n\t\t\t\t\t\t<div class=\"elementor-element elementor-element-3166e086 elementor-invisible elementor-widget elementor-widget-heading\" data-id=\"3166e086\" data-element_type=\"widget\" data-e-type=\"widget\" data-settings=\"{&quot;_animation&quot;:&quot;fadeInUp&quot;}\" data-widget_type=\"heading.default\">\n\t\t\t\t<div class=\"elementor-widget-container\">\n\t\t\t\t\t<h6 class=\"elementor-heading-title elementor-size-default\">Regulamento Geral sobre a Prote\u00e7\u00e3o de Dados<\/h6>\t\t\t\t<\/div>\n\t\t\t\t<\/div>\n\t\t\t\t<div class=\"elementor-element elementor-element-6272e958 elementor-invisible elementor-widget elementor-widget-heading\" data-id=\"6272e958\" data-element_type=\"widget\" data-e-type=\"widget\" data-settings=\"{&quot;_animation&quot;:&quot;fadeInUp&quot;,&quot;_animation_delay&quot;:200}\" data-widget_type=\"heading.default\">\n\t\t\t\t<div class=\"elementor-widget-container\">\n\t\t\t\t\t<h1 class=\"elementor-heading-title elementor-size-default\">RGPD<\/h1>\t\t\t\t<\/div>\n\t\t\t\t<\/div>\n\t\t\t\t<div class=\"elementor-element elementor-element-7a96eec0 elementor-widget elementor-widget-text-editor\" data-id=\"7a96eec0\" data-element_type=\"widget\" data-e-type=\"widget\" data-widget_type=\"text-editor.default\">\n\t\t\t\t<div class=\"elementor-widget-container\">\n\t\t\t\t\t\t\t\t\t<p>Comprometemo-nos a proteger os dados pessoais dos nossos clientes e parceiros em conformidade com o Regulamento Europeu n.\u00ba 2016\/679.<\/p>\n\t\t\t\t\t\t\t\t<\/div>\n\t\t\t\t<\/div>\n\t\t\t\t\t<\/div>\n\t\t<\/div>\n\t\t\t\t\t<\/div>\n\t\t<\/section>\n\t\t\t\t<section class=\"elementor-section elementor-top-section elementor-element elementor-element-465c34a8 elementor-section-boxed elementor-section-height-default elementor-section-height-default\" data-id=\"465c34a8\" data-element_type=\"section\" data-e-type=\"section\" data-settings=\"{&quot;_ha_eqh_enable&quot;:false}\">\n\t\t\t\t\t\t<div class=\"elementor-container elementor-column-gap-default\">\n\t\t\t\t\t<div class=\"elementor-column elementor-col-50 elementor-top-column elementor-element elementor-element-32ef9d43 elementor-invisible\" data-id=\"32ef9d43\" data-element_type=\"column\" data-e-type=\"column\" data-settings=\"{&quot;background_background&quot;:&quot;gradient&quot;,&quot;animation&quot;:&quot;fadeInUp&quot;,&quot;animation_delay&quot;:200}\">\n\t\t\t<div class=\"elementor-widget-wrap elementor-element-populated\">\n\t\t\t\t\t\t<div class=\"elementor-element elementor-element-89c67f0 elementor-view-default elementor-widget elementor-widget-icon\" data-id=\"89c67f0\" data-element_type=\"widget\" data-e-type=\"widget\" data-widget_type=\"icon.default\">\n\t\t\t\t<div class=\"elementor-widget-container\">\n\t\t\t\t\t\t\t<div class=\"elementor-icon-wrapper\">\n\t\t\t<div class=\"elementor-icon\">\n\t\t\t<i aria-hidden=\"true\" class=\"fas fa-database\"><\/i>\t\t\t<\/div>\n\t\t<\/div>\n\t\t\t\t\t\t<\/div>\n\t\t\t\t<\/div>\n\t\t\t\t<div class=\"elementor-element elementor-element-4320ee7f elementor-widget elementor-widget-text-editor\" data-id=\"4320ee7f\" data-element_type=\"widget\" data-e-type=\"widget\" data-widget_type=\"text-editor.default\">\n\t\t\t\t<div class=\"elementor-widget-container\">\n\t\t\t\t\t\t\t\t\t<p>Implementamos um elevado n\u00edvel de prote\u00e7\u00e3o interna dos dados que nos s\u00e3o confiados, bem como o controlo de todas as ac\u00e7\u00f5es realizadas sobre os dados.<\/p>\n\t\t\t\t\t\t\t\t<\/div>\n\t\t\t\t<\/div>\n\t\t\t\t\t<\/div>\n\t\t<\/div>\n\t\t\t\t<div class=\"elementor-column elementor-col-50 elementor-top-column elementor-element elementor-element-7b46b34 elementor-invisible\" data-id=\"7b46b34\" data-element_type=\"column\" data-e-type=\"column\" data-settings=\"{&quot;background_background&quot;:&quot;gradient&quot;,&quot;animation&quot;:&quot;fadeInUp&quot;,&quot;animation_delay&quot;:200}\">\n\t\t\t<div class=\"elementor-widget-wrap elementor-element-populated\">\n\t\t\t\t\t\t<div class=\"elementor-element elementor-element-7440566 elementor-view-default elementor-widget elementor-widget-icon\" data-id=\"7440566\" data-element_type=\"widget\" data-e-type=\"widget\" data-widget_type=\"icon.default\">\n\t\t\t\t<div class=\"elementor-widget-container\">\n\t\t\t\t\t\t\t<div class=\"elementor-icon-wrapper\">\n\t\t\t<div class=\"elementor-icon\">\n\t\t\t<i aria-hidden=\"true\" class=\"fas fa-lock\"><\/i>\t\t\t<\/div>\n\t\t<\/div>\n\t\t\t\t\t\t<\/div>\n\t\t\t\t<\/div>\n\t\t\t\t<div class=\"elementor-element elementor-element-a563775 elementor-widget elementor-widget-text-editor\" data-id=\"a563775\" data-element_type=\"widget\" data-e-type=\"widget\" data-widget_type=\"text-editor.default\">\n\t\t\t\t<div class=\"elementor-widget-container\">\n\t\t\t\t\t\t\t\t\t<p>Ajudamos a tua empresa a aplicar o RGPD, fornecendo-te todos os recursos necess\u00e1rios para proteger e assegurar o teu sistema de informa\u00e7\u00e3o.<\/p>\n\t\t\t\t\t\t\t\t<\/div>\n\t\t\t\t<\/div>\n\t\t\t\t\t<\/div>\n\t\t<\/div>\n\t\t\t\t\t<\/div>\n\t\t<\/section>\n\t\t\t\t<section class=\"elementor-section elementor-top-section elementor-element elementor-element-2e32cd3 elementor-section-boxed elementor-section-height-default elementor-section-height-default\" data-id=\"2e32cd3\" data-element_type=\"section\" data-e-type=\"section\" data-settings=\"{&quot;_ha_eqh_enable&quot;:false}\">\n\t\t\t\t\t\t<div class=\"elementor-container elementor-column-gap-default\">\n\t\t\t\t\t<div class=\"elementor-column elementor-col-50 elementor-top-column elementor-element elementor-element-06414c3 elementor-invisible\" data-id=\"06414c3\" data-element_type=\"column\" data-e-type=\"column\" data-settings=\"{&quot;background_background&quot;:&quot;gradient&quot;,&quot;animation&quot;:&quot;fadeInUp&quot;,&quot;animation_delay&quot;:200}\">\n\t\t\t<div class=\"elementor-widget-wrap elementor-element-populated\">\n\t\t\t\t\t\t<div class=\"elementor-element elementor-element-5c9a020 elementor-view-default elementor-widget elementor-widget-icon\" data-id=\"5c9a020\" data-element_type=\"widget\" data-e-type=\"widget\" data-widget_type=\"icon.default\">\n\t\t\t\t<div class=\"elementor-widget-container\">\n\t\t\t\t\t\t\t<div class=\"elementor-icon-wrapper\">\n\t\t\t<div class=\"elementor-icon\">\n\t\t\t<i aria-hidden=\"true\" class=\"far fa-star\"><\/i>\t\t\t<\/div>\n\t\t<\/div>\n\t\t\t\t\t\t<\/div>\n\t\t\t\t<\/div>\n\t\t\t\t<div class=\"elementor-element elementor-element-a3d9c7f elementor-widget elementor-widget-text-editor\" data-id=\"a3d9c7f\" data-element_type=\"widget\" data-e-type=\"widget\" data-widget_type=\"text-editor.default\">\n\t\t\t\t<div class=\"elementor-widget-container\">\n\t\t\t\t\t\t\t\t\t<div class=\"service-item mt--30 col-lg-6 col-md-6 col-sm-6 col-12 elementor-repeater-item-8255a03\">\n<div class=\"single-service\">\n<div class=\"service service__style--2 text-center\">\n<div class=\"content\"> <\/div>\n<\/div>\n<\/div>\n<\/div>\n<div class=\"service-item mt--30 col-lg-6 col-md-6 col-sm-6 col-12 elementor-repeater-item-a1b216e\">\n<div class=\"single-service\">\n<div class=\"service service__style--2 text-center\">\n<div class=\"content\">\n<p>Ajudamos a promover a tua imagem de empresa s\u00e9ria e respons\u00e1vel.<\/p>\n<\/div>\n<\/div>\n<\/div>\n<\/div>\n\t\t\t\t\t\t\t\t<\/div>\n\t\t\t\t<\/div>\n\t\t\t\t\t<\/div>\n\t\t<\/div>\n\t\t\t\t<div class=\"elementor-column elementor-col-50 elementor-top-column elementor-element elementor-element-2d2d221 elementor-invisible\" data-id=\"2d2d221\" data-element_type=\"column\" data-e-type=\"column\" data-settings=\"{&quot;background_background&quot;:&quot;gradient&quot;,&quot;animation&quot;:&quot;fadeInUp&quot;,&quot;animation_delay&quot;:200}\">\n\t\t\t<div class=\"elementor-widget-wrap elementor-element-populated\">\n\t\t\t\t\t\t<div class=\"elementor-element elementor-element-08f8f00 elementor-view-default elementor-widget elementor-widget-icon\" data-id=\"08f8f00\" data-element_type=\"widget\" data-e-type=\"widget\" data-widget_type=\"icon.default\">\n\t\t\t\t<div class=\"elementor-widget-container\">\n\t\t\t\t\t\t\t<div class=\"elementor-icon-wrapper\">\n\t\t\t<div class=\"elementor-icon\">\n\t\t\t<i aria-hidden=\"true\" class=\"fas fa-key\"><\/i>\t\t\t<\/div>\n\t\t<\/div>\n\t\t\t\t\t\t<\/div>\n\t\t\t\t<\/div>\n\t\t\t\t<div class=\"elementor-element elementor-element-c9d99bd elementor-widget elementor-widget-text-editor\" data-id=\"c9d99bd\" data-element_type=\"widget\" data-e-type=\"widget\" data-widget_type=\"text-editor.default\">\n\t\t\t\t<div class=\"elementor-widget-container\">\n\t\t\t\t\t\t\t\t\t<p>Uma gest\u00e3o rigorosa dos teus dados tornar-te-\u00e1 mais eficiente e produtivo.<\/p>\n\t\t\t\t\t\t\t\t<\/div>\n\t\t\t\t<\/div>\n\t\t\t\t\t<\/div>\n\t\t<\/div>\n\t\t\t\t\t<\/div>\n\t\t<\/section>\n\t\t\t\t<section class=\"elementor-section elementor-top-section elementor-element elementor-element-21456ed2 elementor-section-boxed elementor-section-height-default elementor-section-height-default\" data-id=\"21456ed2\" data-element_type=\"section\" data-e-type=\"section\" data-settings=\"{&quot;background_background&quot;:&quot;classic&quot;,&quot;_ha_eqh_enable&quot;:false}\">\n\t\t\t\t\t\t<div class=\"elementor-container elementor-column-gap-no\">\n\t\t\t\t\t<div class=\"elementor-column elementor-col-100 elementor-top-column elementor-element elementor-element-3dde4c32\" data-id=\"3dde4c32\" data-element_type=\"column\" data-e-type=\"column\">\n\t\t\t<div class=\"elementor-widget-wrap elementor-element-populated\">\n\t\t\t\t\t\t<div class=\"elementor-element elementor-element-187170c8 elementor-view-default elementor-widget elementor-widget-icon\" data-id=\"187170c8\" data-element_type=\"widget\" data-e-type=\"widget\" data-settings=\"{&quot;motion_fx_motion_fx_mouse&quot;:&quot;yes&quot;,&quot;motion_fx_mouseTrack_effect&quot;:&quot;yes&quot;,&quot;motion_fx_mouseTrack_speed&quot;:{&quot;unit&quot;:&quot;px&quot;,&quot;size&quot;:1,&quot;sizes&quot;:[]}}\" data-widget_type=\"icon.default\">\n\t\t\t\t<div class=\"elementor-widget-container\">\n\t\t\t\t\t\t\t<div class=\"elementor-icon-wrapper\">\n\t\t\t<div class=\"elementor-icon\">\n\t\t\t<i aria-hidden=\"true\" class=\"far fa-circle\"><\/i>\t\t\t<\/div>\n\t\t<\/div>\n\t\t\t\t\t\t<\/div>\n\t\t\t\t<\/div>\n\t\t\t\t<div class=\"elementor-element elementor-element-35201454 ha-has-bg-overlay elementor-widget elementor-widget-text-editor\" data-id=\"35201454\" data-element_type=\"widget\" data-e-type=\"widget\" data-widget_type=\"text-editor.default\">\n\t\t\t\t<div class=\"elementor-widget-container\">\n\t\t\t\t\t\t\t\t\t<p>A &#8220;WEDOBACK&#8221; compromete-se com os seus clientes e parceiros a favor da prote\u00e7\u00e3o de dados pessoais, de acordo com o Regulamento Europeu n.\u00ba 2016\/679, conhecido como Regulamento Geral de Prote\u00e7\u00e3o de Dados (RGPD).<\/p>\n<p>Nenhum dado \u00e9 transmitido a empresas terceiras sem o acordo pr\u00e9vio do cliente e da(s) pessoa(s) respons\u00e1vel(eis) pelos dados. Estes dados podem incluir apelido, nome pr\u00f3prio, endere\u00e7o eletr\u00f3nico, nome da empresa, endere\u00e7o postal (lista n\u00e3o exaustiva). Estas transmiss\u00f5es s\u00e3o necess\u00e1rias, por exemplo, para permitir a cria\u00e7\u00e3o de um acesso em nome do cliente final.  <\/p>\n<p>Para qualquer projeto que requeira o acesso ou a gest\u00e3o de dados pessoais, por exemplo, no tratamento de bases de dados, \u00e9 contratada uma ordem de miss\u00e3o entre a &#8220;WEDOBACK&#8221; e o cliente. Esta especifica as ac\u00e7\u00f5es a realizar, os dados em causa e os respons\u00e1veis pelo tratamento, bem como a dura\u00e7\u00e3o da interven\u00e7\u00e3o. <\/p>\n<p>A &#8220;WEDOBACK&#8221; implementou um elevado n\u00edvel de prote\u00e7\u00e3o interna dos dados que lhe s\u00e3o confiados, bem como o controlo de todas as ac\u00e7\u00f5es efectuadas sobre estes dados. Cada cliente pode, a pedido, ter acesso a todas as informa\u00e7\u00f5es (ac\u00e7\u00f5es e dados) que lhe dizem respeito. <\/p>\n<p>Para qualquer interven\u00e7\u00e3o relativa a dados ou pedido de direitos de acesso a determinados dados, a &#8220;WEDOBACK&#8221; solicita o acordo do respons\u00e1vel pelos dados em causa atrav\u00e9s de um formul\u00e1rio espec\u00edfico. Nenhum pedido que n\u00e3o tenha sido validado pelo respons\u00e1vel pelos dados ser\u00e1 processado ou aceite pela &#8220;WEDOBACK&#8221;. <\/p>\n<p>Em conformidade com a lei francesa de prote\u00e7\u00e3o de dados de 6 de janeiro de 1978 e com a entrada em vigor do Regulamento Geral de Prote\u00e7\u00e3o de Dados (RGPD) a partir de 25 de maio de 2018:<\/p>\n<p>&#8211; Os dados pessoais que forneceres s\u00f3 ser\u00e3o utilizados no contexto da rela\u00e7\u00e3o contratual entre ti e&nbsp;<span style=\"letter-spacing: -0.255px;\">&#8220;WEDOBACK&#8221;.<\/span> Os dados n\u00e3o ser\u00e3o utilizados para fins alheios ao \u00e2mbito do servi\u00e7o solicitado. <\/p>\n<p>&#8211; Os dados que n\u00e3o tenham sido utilizados durante tr\u00eas anos s\u00e3o eliminados das nossas bases de dados regularmente (pelo menos uma vez por ano) ou de acordo com os procedimentos explicitamente descritos para o servi\u00e7o em causa.<\/p>\n<p>&#8211; Todos os nossos clientes t\u00eam o direito de aceder aos seus dados pessoais. Podem igualmente solicitar a retifica\u00e7\u00e3o, o apagamento, a limita\u00e7\u00e3o do tratamento, a oposi\u00e7\u00e3o ou a portabilidade, contactando o nosso respons\u00e1vel pela prote\u00e7\u00e3o de dados: dpo@wedoback.com. Os clientes podem igualmente apresentar uma reclama\u00e7\u00e3o junto da CNIL.  <\/p>\t\t\t\t\t\t\t\t<\/div>\n\t\t\t\t<\/div>\n\t\t\t\t<div class=\"elementor-element elementor-element-65f3f452 elementor-view-default elementor-widget elementor-widget-icon\" data-id=\"65f3f452\" data-element_type=\"widget\" data-e-type=\"widget\" data-settings=\"{&quot;motion_fx_motion_fx_mouse&quot;:&quot;yes&quot;,&quot;motion_fx_mouseTrack_effect&quot;:&quot;yes&quot;,&quot;motion_fx_mouseTrack_speed&quot;:{&quot;unit&quot;:&quot;px&quot;,&quot;size&quot;:1,&quot;sizes&quot;:[]}}\" data-widget_type=\"icon.default\">\n\t\t\t\t<div class=\"elementor-widget-container\">\n\t\t\t\t\t\t\t<div class=\"elementor-icon-wrapper\">\n\t\t\t<div class=\"elementor-icon\">\n\t\t\t<i aria-hidden=\"true\" class=\"far fa-circle\"><\/i>\t\t\t<\/div>\n\t\t<\/div>\n\t\t\t\t\t\t<\/div>\n\t\t\t\t<\/div>\n\t\t\t\t\t<\/div>\n\t\t<\/div>\n\t\t\t\t\t<\/div>\n\t\t<\/section>\n\t\t\t\t<\/div>\n\t\t","protected":false},"excerpt":{"rendered":"<p>Regulamento Geral sobre a Prote\u00e7\u00e3o de Dados RGPD Comprometemo-nos a proteger os dados pessoais dos nossos clientes e parceiros em conformidade com o Regulamento Europeu n.\u00ba 2016\/679. Implementamos um elevado n\u00edvel de prote\u00e7\u00e3o interna dos dados que nos s\u00e3o confiados, bem como o controlo de todas as ac\u00e7\u00f5es realizadas sobre os dados. Ajudamos a tua [&hellip;]<\/p>\n","protected":false},"author":1,"featured_media":0,"parent":0,"menu_order":0,"comment_status":"closed","ping_status":"closed","template":"elementor_header_footer","meta":{"om_disable_all_campaigns":false,"_monsterinsights_skip_tracking":false,"_monsterinsights_sitenote_active":false,"_monsterinsights_sitenote_note":"","_monsterinsights_sitenote_category":0,"footnotes":""},"class_list":["post-20292","page","type-page","status-publish","hentry"],"aioseo_notices":[],"_links":{"self":[{"href":"https:\/\/wedoback.com\/pt-pt\/wp-json\/wp\/v2\/pages\/20292","targetHints":{"allow":["GET"]}}],"collection":[{"href":"https:\/\/wedoback.com\/pt-pt\/wp-json\/wp\/v2\/pages"}],"about":[{"href":"https:\/\/wedoback.com\/pt-pt\/wp-json\/wp\/v2\/types\/page"}],"author":[{"embeddable":true,"href":"https:\/\/wedoback.com\/pt-pt\/wp-json\/wp\/v2\/users\/1"}],"replies":[{"embeddable":true,"href":"https:\/\/wedoback.com\/pt-pt\/wp-json\/wp\/v2\/comments?post=20292"}],"version-history":[{"count":0,"href":"https:\/\/wedoback.com\/pt-pt\/wp-json\/wp\/v2\/pages\/20292\/revisions"}],"wp:attachment":[{"href":"https:\/\/wedoback.com\/pt-pt\/wp-json\/wp\/v2\/media?parent=20292"}],"curies":[{"name":"wp","href":"https:\/\/api.w.org\/{rel}","templated":true}]}}