{"id":20141,"date":"2021-04-01T13:59:59","date_gmt":"2021-04-01T11:59:59","guid":{"rendered":"https:\/\/www.wedoback.net\/politica-da-empresa\/"},"modified":"2025-05-04T13:07:07","modified_gmt":"2025-05-04T11:07:07","slug":"politica-da-empresa","status":"publish","type":"page","link":"https:\/\/wedoback.com\/pt-pt\/politica-da-empresa\/","title":{"rendered":"C\u00f3digo de \u00e9tica"},"content":{"rendered":"\t\t<div data-elementor-type=\"wp-page\" data-elementor-id=\"20141\" class=\"elementor elementor-20141\" data-elementor-settings=\"{&quot;ha_cmc_init_switcher&quot;:&quot;no&quot;}\" data-elementor-post-type=\"page\">\n\t\t\t\t<div class=\"elementor-element elementor-element-642346a9 e-flex e-con-boxed e-con e-parent\" data-id=\"642346a9\" data-element_type=\"container\" data-e-type=\"container\" data-settings=\"{&quot;_ha_eqh_enable&quot;:false}\">\n\t\t\t\t\t<div class=\"e-con-inner\">\n\t\t\t\t<div class=\"elementor-element elementor-element-36d7647d elementor-widget elementor-widget-text-editor\" data-id=\"36d7647d\" data-element_type=\"widget\" data-e-type=\"widget\" data-widget_type=\"text-editor.default\">\n\t\t\t\t<div class=\"elementor-widget-container\">\n\t\t\t\t\t\t\t\t\t<p>A &#8220;WEDOBACK&#8221; optou por uma pol\u00edtica \u00e9tica que respeita os valores morais e a dignidade humana. Para o efeito, a &#8220;WEDOBACK&#8221; s\u00f3 aceitar\u00e1 o alojamento de dados que respeitem as seguintes limita\u00e7\u00f5es: <\/p><p><br>S\u00e3o proibidos todos os conte\u00fados considerados ofensivos (conte\u00fados discriminat\u00f3rios, racistas ou xen\u00f3fobos, revisionistas ou negacionistas, difamat\u00f3rios, violentos ou que incitem \u00e0 viol\u00eancia, suscept\u00edveis de chocar a sensibilidade dos jovens, abusivos ou geralmente considerados vulgares, ofensivos, contr\u00e1rios \u00e0 dec\u00eancia p\u00fablica ou \u00e0 ordem p\u00fablica, ofensivos em rela\u00e7\u00e3o a pr\u00e1ticas ou cren\u00e7as religiosas, obscenos, pornogr\u00e1ficos ou ped\u00f3filos).<\/p><ul><li>De um modo mais geral, qualquer conte\u00fado que viole os direitos de propriedade intelectual e os direitos de autor (textos, imagens, v\u00eddeos, segredos comerciais, informa\u00e7\u00f5es internas ou confidenciais, etc.), ou as leis e regulamentos em vigor, \u00e9 igualmente proibido nos nossos servidores.<\/li><li>Cada cliente, cujo site (ou qualquer outra aplica\u00e7\u00e3o) seja gerido pela &#8220;WEDOBACK&#8221;, deve garantir que nenhum visitante possa incluir coment\u00e1rios, blogues ou opini\u00f5es que sejam contr\u00e1rios aos seguintes limites:<\/li><\/ul><ul><li>aus\u00eancia de coment\u00e1rios racistas ;<\/li><li>aus\u00eancia de linguagem abusiva ou de linguagem comummente considerada vulgar ;<\/li><li>n\u00e3o utilizes linguagem ofensiva para pr\u00e1ticas ou cren\u00e7as religiosas ;<\/li><li>aus\u00eancia de conte\u00fado revisionista ;<\/li><li>N\u00e3o tens conte\u00fados pornogr\u00e1ficos ou ped\u00f3filos;<\/li><\/ul><div> <\/div><p>Al\u00e9m disso, por raz\u00f5es de estrita neutralidade, nenhum conte\u00fado de car\u00e1cter pol\u00edtico, filos\u00f3fico ou religioso ser\u00e1 gerido pela &#8220;WEDOBACK&#8221;. Se n\u00e3o respeitares este c\u00f3digo de conduta, ser\u00e1s punido com : <\/p><ul><li>  Cessa\u00e7\u00e3o imediata dos servi\u00e7os prestados ao cliente em causa no servidor em quest\u00e3o, desde que o conte\u00fado n\u00e3o esteja em conformidade com a nossa carta;<\/li><li>Em todos os outros casos, n\u00e3o ser\u00e1 poss\u00edvel qualquer interven\u00e7\u00e3o da &#8220;WEDOBACK&#8221; enquanto o conte\u00fado n\u00e3o estiver em conformidade com a nossa carta.<\/li><\/ul><p><strong>Detalhes sobre a aplica\u00e7\u00e3o do C\u00f3digo de \u00c9tica :<\/strong><\/p><p>Em conformidade com os valores descritos no artigo 3.\u00ba supra, a aplica\u00e7\u00e3o da carta \u00e9tica implica a recusa sistem\u00e1tica e categ\u00f3rica de qualquer liga\u00e7\u00e3o aos seguintes conte\u00fados:<\/p><ul><li>Discurso de \u00f3dio, ass\u00e9dio, insultos, amea\u00e7as, conte\u00fados difamat\u00f3rios contra indiv\u00edduos, grupos ou Estados.<\/li><li>Conte\u00fado sugestivo, provocador ou expl\u00edcito reservado a adultos.<\/li><li>Informa\u00e7\u00f5es infundadas ou n\u00e3o verific\u00e1veis, enganosas ou amb\u00edguas.<\/li><li>Actividades ou conte\u00fados desonestos ou abusivos.<\/li><li>Conte\u00fado religioso, adivinha\u00e7\u00e3o, astrologia, ocultismo, etc.<\/li><li>Jogos de azar e jogos de azar, bem como qualquer jogo que cause depend\u00eancia ou v\u00edcio.<\/li><li>Armas em geral, guerra, revolta, manifesta\u00e7\u00e3o.<\/li><li>Drogas, tabaco e todos os produtos que representem uma amea\u00e7a para a sa\u00fade.<\/li><li>Sites de encontros, libertarianismo, swinging ou outros.<\/li><\/ul>\t\t\t\t\t\t\t\t<\/div>\n\t\t\t\t<\/div>\n\t\t\t\t\t<\/div>\n\t\t\t\t<\/div>\n\t\t\t\t<\/div>\n\t\t","protected":false},"excerpt":{"rendered":"<p>A &#8220;WEDOBACK&#8221; optou por uma pol\u00edtica \u00e9tica que respeita os valores morais e a dignidade humana. Para o efeito, a &#8220;WEDOBACK&#8221; s\u00f3 aceitar\u00e1 o alojamento de dados que respeitem as seguintes limita\u00e7\u00f5es: S\u00e3o proibidos todos os conte\u00fados considerados ofensivos (conte\u00fados discriminat\u00f3rios, racistas ou xen\u00f3fobos, revisionistas ou negacionistas, difamat\u00f3rios, violentos ou que incitem \u00e0 viol\u00eancia, suscept\u00edveis [&hellip;]<\/p>\n","protected":false},"author":1,"featured_media":0,"parent":0,"menu_order":0,"comment_status":"closed","ping_status":"closed","template":"","meta":{"om_disable_all_campaigns":false,"_monsterinsights_skip_tracking":false,"_monsterinsights_sitenote_active":false,"_monsterinsights_sitenote_note":"","_monsterinsights_sitenote_category":0,"footnotes":""},"class_list":["post-20141","page","type-page","status-publish","hentry"],"aioseo_notices":[],"_links":{"self":[{"href":"https:\/\/wedoback.com\/pt-pt\/wp-json\/wp\/v2\/pages\/20141","targetHints":{"allow":["GET"]}}],"collection":[{"href":"https:\/\/wedoback.com\/pt-pt\/wp-json\/wp\/v2\/pages"}],"about":[{"href":"https:\/\/wedoback.com\/pt-pt\/wp-json\/wp\/v2\/types\/page"}],"author":[{"embeddable":true,"href":"https:\/\/wedoback.com\/pt-pt\/wp-json\/wp\/v2\/users\/1"}],"replies":[{"embeddable":true,"href":"https:\/\/wedoback.com\/pt-pt\/wp-json\/wp\/v2\/comments?post=20141"}],"version-history":[{"count":0,"href":"https:\/\/wedoback.com\/pt-pt\/wp-json\/wp\/v2\/pages\/20141\/revisions"}],"wp:attachment":[{"href":"https:\/\/wedoback.com\/pt-pt\/wp-json\/wp\/v2\/media?parent=20141"}],"curies":[{"name":"wp","href":"https:\/\/api.w.org\/{rel}","templated":true}]}}