{"id":20045,"date":"2024-06-28T09:03:03","date_gmt":"2024-06-28T07:03:03","guid":{"rendered":"https:\/\/www.wedoback.net\/oferta-de-plano-de-recuperacao-de-desastres-drp\/"},"modified":"2025-03-20T10:03:49","modified_gmt":"2025-03-20T09:03:49","slug":"oferta-de-plano-de-recuperacao-de-desastres-drp","status":"publish","type":"page","link":"https:\/\/wedoback.com\/pt-pt\/oferta-de-plano-de-recuperacao-de-desastres-drp\/","title":{"rendered":"Oferta de plano de recupera\u00e7\u00e3o de desastres (DRP)"},"content":{"rendered":"\t\t<div data-elementor-type=\"wp-page\" data-elementor-id=\"20045\" class=\"elementor elementor-20045\" data-elementor-settings=\"{&quot;ha_cmc_init_switcher&quot;:&quot;no&quot;}\" data-elementor-post-type=\"page\">\n\t\t\t\t<div class=\"elementor-element elementor-element-8336f96 e-flex e-con-boxed e-con e-parent\" data-id=\"8336f96\" data-element_type=\"container\" data-e-type=\"container\" data-settings=\"{&quot;_ha_eqh_enable&quot;:false}\">\n\t\t\t\t\t<div class=\"e-con-inner\">\n\t\t\t\t<div class=\"elementor-element elementor-element-ac5ece0 elementor-widget elementor-widget-heading\" data-id=\"ac5ece0\" data-element_type=\"widget\" data-e-type=\"widget\" data-widget_type=\"heading.default\">\n\t\t\t\t<div class=\"elementor-widget-container\">\n\t\t\t\t\t<h2 class=\"elementor-heading-title elementor-size-default\">Oferta de plano de recupera\u00e7\u00e3o de desastres (DRP)<\/h2>\t\t\t\t<\/div>\n\t\t\t\t<\/div>\n\t\t\t\t<div class=\"elementor-element elementor-element-37c1927 elementor-widget elementor-widget-text-editor\" data-id=\"37c1927\" data-element_type=\"widget\" data-e-type=\"widget\" data-widget_type=\"text-editor.default\">\n\t\t\t\t<div class=\"elementor-widget-container\">\n\t\t\t\t\t\t\t\t\t<p>Em caso de interrup\u00e7\u00e3o de um servi\u00e7o (s\u00edtio Web, servidor de correio eletr\u00f3nico, plataforma colaborativa, telefonia, etc.), o Plano de Recupera\u00e7\u00e3o de Desastres permite-lhe mudar para um ambiente de reserva adaptado \u00e0s suas necessidades imperativas.<\/p>\n<p>Os nossos planos de recupera\u00e7\u00e3o de desastres <strong>s\u00e3o adaptados ao teu neg\u00f3cio<\/strong> para te dar total tranquilidade.<\/p>\n<p>\u00c9 uma parte essencial da gest\u00e3o de riscos. Trabalhando com especialistas em seguran\u00e7a, podemos ajudar-te a desenvolver e implementar um DRP adaptado \u00e0s tuas necessidades espec\u00edficas. <\/p>\n\n<p>Para subscrever este servi\u00e7o, tens de :<\/p><ol>\n \t<li class=\"popStockPRA\" style=\"cursor: pointer;\"><b><u>Armazenamento PRA<\/u><\/b><\/li>\n \t<li class=\"popAgent\" style=\"cursor: pointer;\"><b><u>1 agente de backup<\/u><\/b> para cada servidor ou computador em causa.<\/li>\n \t<li class=\"popIP\" style=\"cursor: pointer;\"><b><u>a reserva de endere\u00e7os IP p\u00fablicos<\/u><\/b> para servi\u00e7os acess\u00edveis ao p\u00fablico<\/li>\n \t<li class=\"popInstance\" style=\"cursor: pointer;\"><b><u>tipos de inst\u00e2ncia<\/u><\/b> correspondentes aos servidores a serem protegidos.<\/li>\n<\/ol>\nSubscrevo-te aqui:\t\t\t\t\t\t\t\t<\/div>\n\t\t\t\t<\/div>\n\t\t\t\t\t<\/div>\n\t\t\t\t<\/div>\n\t\t<div class=\"elementor-element elementor-element-29d3a47 e-con-full e-flex e-con e-parent\" data-id=\"29d3a47\" data-element_type=\"container\" data-e-type=\"container\" data-settings=\"{&quot;_ha_eqh_enable&quot;:false}\">\n\t\t<div class=\"elementor-element elementor-element-4fa1dc7 e-con-full e-flex e-con e-child\" data-id=\"4fa1dc7\" data-element_type=\"container\" data-e-type=\"container\" data-settings=\"{&quot;_ha_eqh_enable&quot;:false}\">\n\t\t\t\t<div class=\"elementor-element elementor-element-863df34 elementor-widget elementor-widget-image\" data-id=\"863df34\" data-element_type=\"widget\" data-e-type=\"widget\" data-widget_type=\"image.default\">\n\t\t\t\t<div class=\"elementor-widget-container\">\n\t\t\t\t\t\t\t\t\t\t\t\t\t\t\t<img decoding=\"async\" src=\"https:\/\/www.wedoback.com\/wp-content\/uploads\/2024\/07\/PCA-3.0.png\" title=\"\" alt=\"\" loading=\"lazy\" \/>\t\t\t\t\t\t\t\t\t\t\t\t\t\t\t<\/div>\n\t\t\t\t<\/div>\n\t\t\t\t<div class=\"elementor-element elementor-element-82406ec elementor-widget elementor-widget-text-editor\" data-id=\"82406ec\" data-element_type=\"widget\" data-e-type=\"widget\" data-widget_type=\"text-editor.default\">\n\t\t\t\t<div class=\"elementor-widget-container\">\n\t\t\t\t\t\t\t\t\t<p>A ativa\u00e7\u00e3o do DRP \u00e9 facturada ao dia, consoante o tipo de inst\u00e2ncia selecionado.<\/p>\n<p>Descobre mais sobre os nossos pre\u00e7os aqui.<\/p>\n\t\t\t\t\t\t\t\t<\/div>\n\t\t\t\t<\/div>\n\t\t\t\t<div class=\"elementor-element elementor-element-f17fcb1 elementor-align-center ha-has-bg-overlay elementor-widget elementor-widget-button\" data-id=\"f17fcb1\" data-element_type=\"widget\" data-e-type=\"widget\" data-widget_type=\"button.default\">\n\t\t\t\t<div class=\"elementor-widget-container\">\n\t\t\t\t\t\t\t\t\t<div class=\"elementor-button-wrapper\">\n\t\t\t\t\t<a class=\"elementor-button elementor-button-link elementor-size-sm\" href=\"#\" id=\"tarifspra\">\n\t\t\t\t\t\t<span class=\"elementor-button-content-wrapper\">\n\t\t\t\t\t\t\t\t\t<span class=\"elementor-button-text\">Clica aqui<\/span>\n\t\t\t\t\t<\/span>\n\t\t\t\t\t<\/a>\n\t\t\t\t<\/div>\n\t\t\t\t\t\t\t\t<\/div>\n\t\t\t\t<\/div>\n\t\t\t\t<\/div>\n\t\t\t\t<div class=\"elementor-element elementor-element-8ae3fa6 elementor-widget elementor-widget-ts-products\" data-id=\"8ae3fa6\" data-element_type=\"widget\" data-e-type=\"widget\" data-widget_type=\"ts-products.default\">\n\t\t\t\t<div class=\"elementor-widget-container\">\n\t\t\t\t\t\t\t<div class=\"ts-product-wrapper ts-shortcode ts-product woocommerce columns-4 recent grid border-default\" style=\"--ts-columns: 4\" >\n\t\t\n\t\t\t\t\t\t\t\n\t\t\t<div class=\"content-wrapper \">\n\t\t\t\n\t\t\t\t<div class=\"products\">\r\n\r\n<section class=\"product type-product post-21651 status-publish first instock product_cat-endereco-ip-pt-pt product_cat-pca-pt-pt product_cat-pra-pt-pt has-post-thumbnail virtual taxable purchasable product-type-subscription\" data-product_id=\"21651\">\r\n\t<div class=\"product-wrapper\">\r\n\t\t\t\r\n\t\t<div class=\"thumbnail-wrapper\">\r\n\t\t\t<a href=\"https:\/\/wedoback.com\/pt-pt\/produit\/enderecos-ip-publicos\/\">\r\n\t\t\t\t<figure class=\"no-back-image\"><img decoding=\"async\" src=\"https:\/\/www.wedoback.com\/wp-content\/themes\/ecomall\/images\/prod_loading.gif\" data-src=\"https:\/\/wedoback.com\/wp-content\/uploads\/2024\/08\/adresse-ip-300x300.png\" class=\"attachment-shop_catalog wp-post-image ts-lazy-load\" alt=\"\" width=\"300\" height=\"300\" \/><\/figure>\t\t\t<\/a>\r\n\t\t\t\t\t<div class=\"product-label on-thumbnail\">\n\t\t<\/div>\n\t<div class=\"product-group-button\">\t\t<div class=\"button-in wishlist\">\n\t\t\t<a href=\"#\" class=\"ts-add-to-wishlist remove-after-added\" data-id=\"21651\">\n\t\t\t\t<span class=\"ts-tooltip button-tooltip\" data-title=\"Add to wishlist\">Wishlist<\/span>\n\t\t\t<\/a>\n\t\t<\/div>\n\t\t<div class=\"button-in quickshop\"><a class=\"quickshop\" href=\"#\" data-product_id=\"21651\"><span class=\"ts-tooltip button-tooltip\">Quick View<\/span><\/a><\/div>\t\t<div class=\"button-in compare\">\n\t\t\t<a href=\"#\" class=\"ts-add-to-compare\" data-id=\"21651\">\n\t\t\t\t<span class=\"ts-tooltip button-tooltip\" data-title=\"Add to compare\">Compare<\/span>\n\t\t\t<\/a>\n\t\t<\/div>\n\t\t<\/div>\t\t<\/div>\r\n\t\t<div class=\"meta-wrapper\">\r\n\t\t\t<div class=\"product-categories\"><span>Categories: <\/span><a href=\"https:\/\/wedoback.com\/pt-pt\/product-category\/endereco-ip-pt-pt\/\" rel=\"tag\">Endere\u00e7o IP<\/a>, <a href=\"https:\/\/wedoback.com\/pt-pt\/product-category\/pca-pt-pt\/\" rel=\"tag\">PCA<\/a>, <a href=\"https:\/\/wedoback.com\/pt-pt\/product-category\/pra-pt-pt\/\" rel=\"tag\">PRA<\/a><\/div><h3 class=\"heading-title product-name\"><a href=\"https:\/\/wedoback.com\/pt-pt\/produit\/enderecos-ip-publicos\/\">Endere\u00e7os IP p\u00fablicos<\/a><\/h3>\n\t<span class=\"price\"><span class=\"woocommerce-Price-amount amount\"><bdi>0,54&nbsp;<span class=\"woocommerce-Price-currencySymbol\">&euro;<\/span><\/bdi><\/span> <span class=\"subscription-details\"> \/ month<\/span><\/span>\n<div class=\"product-group-button-meta\"><div class=\"loop-add-to-cart\"><a href=\"\/pt-pt\/wp-json\/wp\/v2\/pages\/20045?add-to-cart=21651\" data-quantity=\"1\" class=\"button product_type_subscription add_to_cart_button ajax_add_to_cart\" data-product_id=\"21651\" data-product_sku=\"\" aria-label=\"Ajouter au panier: &ldquo;Endere\u00e7os IP p\u00fablicos&rdquo;\" rel=\"nofollow\" data-success_message=\"&ldquo;Endere\u00e7os IP p\u00fablicos&rdquo; foi adicionado ao seu carrinho\" role=\"button\"><span class=\"ts-tooltip button-tooltip\">Ajouter au panier<\/span><\/a><\/div>\t<div class=\"short-description grid\">\n\t\tPara manter os seus servi\u00e7os em linha (loja, s\u00edtio Web, etc.), \u00e9 necess\u00e1rio reservar endere\u00e7os\t<\/div>\n\t<\/div>\t\t<\/div>\r\n\t<\/div>\r\n<\/section>\r\n<section class=\"product type-product post-21030 status-publish instock product_cat-corpos-pt-pt product_cat-pra-pt-pt has-post-thumbnail taxable shipping-taxable purchasable product-type-variable-subscription\" data-product_id=\"21030\">\r\n\t<div class=\"product-wrapper\">\r\n\t\t\t\r\n\t\t<div class=\"thumbnail-wrapper\">\r\n\t\t\t<a href=\"https:\/\/wedoback.com\/pt-pt\/produit\/tipos-de-instancias-de-arp\/\">\r\n\t\t\t\t<figure class=\"no-back-image\"><img decoding=\"async\" src=\"https:\/\/www.wedoback.com\/wp-content\/themes\/ecomall\/images\/prod_loading.gif\" data-src=\"https:\/\/wedoback.com\/wp-content\/uploads\/2024\/08\/controle-securite-300x300.png\" class=\"attachment-shop_catalog wp-post-image ts-lazy-load\" alt=\"\" width=\"300\" height=\"300\" \/><\/figure>\t\t\t<\/a>\r\n\t\t\t\t\t<div class=\"product-label on-thumbnail\">\n\t\t<\/div>\n\t<div class=\"product-group-button\">\t\t<div class=\"button-in wishlist\">\n\t\t\t<a href=\"#\" class=\"ts-add-to-wishlist remove-after-added\" data-id=\"21030\">\n\t\t\t\t<span class=\"ts-tooltip button-tooltip\" data-title=\"Add to wishlist\">Wishlist<\/span>\n\t\t\t<\/a>\n\t\t<\/div>\n\t\t<div class=\"button-in quickshop\"><a class=\"quickshop\" href=\"#\" data-product_id=\"21030\"><span class=\"ts-tooltip button-tooltip\">Quick View<\/span><\/a><\/div>\t\t<div class=\"button-in compare\">\n\t\t\t<a href=\"#\" class=\"ts-add-to-compare\" data-id=\"21030\">\n\t\t\t\t<span class=\"ts-tooltip button-tooltip\" data-title=\"Add to compare\">Compare<\/span>\n\t\t\t<\/a>\n\t\t<\/div>\n\t\t<\/div>\t\t<\/div>\r\n\t\t<div class=\"meta-wrapper\">\r\n\t\t\t<div class=\"product-categories\"><span>Categories: <\/span><a href=\"https:\/\/wedoback.com\/pt-pt\/product-category\/corpos-pt-pt\/\" rel=\"tag\">Corpos<\/a>, <a href=\"https:\/\/wedoback.com\/pt-pt\/product-category\/pra-pt-pt\/\" rel=\"tag\">PRA<\/a><\/div><h3 class=\"heading-title product-name\"><a href=\"https:\/\/wedoback.com\/pt-pt\/produit\/tipos-de-instancias-de-arp\/\">Tipos de inst\u00e2ncias de ARP<\/a><\/h3>\n\t<span class=\"price\"><span class=\"from\">Desde: <\/span><span class=\"woocommerce-Price-amount amount\"><bdi>0,07&nbsp;<span class=\"woocommerce-Price-currencySymbol\">&euro;<\/span><\/bdi><\/span> <span class=\"subscription-details\"> \/ month<\/span><\/span>\n<div class=\"product-group-button-meta\"><div class=\"loop-add-to-cart\"><a href=\"https:\/\/wedoback.com\/pt-pt\/produit\/tipos-de-instancias-de-arp\/\" data-quantity=\"1\" class=\"button product_type_variable-subscription add_to_cart_button\" data-product_id=\"21030\" data-product_sku=\"\" aria-label=\"Seleccione as op\u00e7\u00f5es para &ldquo;Tipos de inst\u00e2ncias de ARP&rdquo;\" rel=\"nofollow\"><span class=\"ts-tooltip button-tooltip\">Ver op\u00e7\u00f5es<\/span><\/a><\/div>\t<div class=\"short-description grid\">\n\t\tOrdena aqui <strong>os diferentes tipos de inst\u00e2ncia (e o seu n\u00famero)<\/strong> de que necessita para\t<\/div>\n\t<\/div>\t\t<\/div>\r\n\t<\/div>\r\n<\/section>\r\n<section class=\"product type-product post-21000 status-publish instock product_cat-armazenamento product_cat-pra-pt-pt has-post-thumbnail taxable shipping-taxable purchasable product-type-variable-subscription\" data-product_id=\"21000\">\r\n\t<div class=\"product-wrapper\">\r\n\t\t\t\r\n\t\t<div class=\"thumbnail-wrapper\">\r\n\t\t\t<a href=\"https:\/\/wedoback.com\/pt-pt\/produit\/armazenamento-pra\/\">\r\n\t\t\t\t<figure class=\"no-back-image\"><img decoding=\"async\" src=\"https:\/\/www.wedoback.com\/wp-content\/themes\/ecomall\/images\/prod_loading.gif\" data-src=\"https:\/\/wedoback.com\/wp-content\/uploads\/2024\/08\/stock-pra-300x300.png\" class=\"attachment-shop_catalog wp-post-image ts-lazy-load\" alt=\"\" width=\"300\" height=\"300\" \/><\/figure>\t\t\t<\/a>\r\n\t\t\t\t\t<div class=\"product-label on-thumbnail\">\n\t\t<\/div>\n\t<div class=\"product-group-button\">\t\t<div class=\"button-in wishlist\">\n\t\t\t<a href=\"#\" class=\"ts-add-to-wishlist remove-after-added\" data-id=\"21000\">\n\t\t\t\t<span class=\"ts-tooltip button-tooltip\" data-title=\"Add to wishlist\">Wishlist<\/span>\n\t\t\t<\/a>\n\t\t<\/div>\n\t\t<div class=\"button-in quickshop\"><a class=\"quickshop\" href=\"#\" data-product_id=\"21000\"><span class=\"ts-tooltip button-tooltip\">Quick View<\/span><\/a><\/div>\t\t<div class=\"button-in compare\">\n\t\t\t<a href=\"#\" class=\"ts-add-to-compare\" data-id=\"21000\">\n\t\t\t\t<span class=\"ts-tooltip button-tooltip\" data-title=\"Add to compare\">Compare<\/span>\n\t\t\t<\/a>\n\t\t<\/div>\n\t\t<\/div>\t\t<\/div>\r\n\t\t<div class=\"meta-wrapper\">\r\n\t\t\t<div class=\"product-categories\"><span>Categories: <\/span><a href=\"https:\/\/wedoback.com\/pt-pt\/product-category\/armazenamento\/\" rel=\"tag\">Armazenamento<\/a>, <a href=\"https:\/\/wedoback.com\/pt-pt\/product-category\/pra-pt-pt\/\" rel=\"tag\">PRA<\/a><\/div><h3 class=\"heading-title product-name\"><a href=\"https:\/\/wedoback.com\/pt-pt\/produit\/armazenamento-pra\/\">Armazenamento PRA<\/a><\/h3>\n\t<span class=\"price\"><span class=\"from\">Desde: <\/span><span class=\"woocommerce-Price-amount amount\"><bdi>175,00&nbsp;<span class=\"woocommerce-Price-currencySymbol\">&euro;<\/span><\/bdi><\/span> <span class=\"subscription-details\"> \/ month<\/span><\/span>\n<div class=\"product-group-button-meta\"><div class=\"loop-add-to-cart\"><a href=\"https:\/\/wedoback.com\/pt-pt\/produit\/armazenamento-pra\/\" data-quantity=\"1\" class=\"button product_type_variable-subscription add_to_cart_button\" data-product_id=\"21000\" data-product_sku=\"\" aria-label=\"Seleccione as op\u00e7\u00f5es para &ldquo;Armazenamento PRA&rdquo;\" rel=\"nofollow\"><span class=\"ts-tooltip button-tooltip\">Ver op\u00e7\u00f5es<\/span><\/a><\/div>\t<div class=\"short-description grid\">\n\t\tArmazenamento facturado <strong>por TB (terabyte)<\/strong>.\n\n<strong>Taxas de redu\u00e7\u00e3o de acordo com o volume<\/strong>.\n\nTenha em aten\u00e7\u00e3o que\t<\/div>\n\t<\/div>\t\t<\/div>\r\n\t<\/div>\r\n<\/section>\r\n<section class=\"product type-product post-20968 status-publish last instock product_cat-agente-pt-pt product_cat-copia-de-seguranca product_cat-imutavel-pt-pt product_cat-pca-pt-pt product_cat-pra-pt-pt has-post-thumbnail taxable shipping-taxable purchasable product-type-variable-subscription\" data-product_id=\"20968\">\r\n\t<div class=\"product-wrapper\">\r\n\t\t\t\r\n\t\t<div class=\"thumbnail-wrapper\">\r\n\t\t\t<a href=\"https:\/\/wedoback.com\/pt-pt\/produit\/agente-wedoback\/\">\r\n\t\t\t\t<figure class=\"no-back-image\"><img decoding=\"async\" src=\"https:\/\/www.wedoback.com\/wp-content\/themes\/ecomall\/images\/prod_loading.gif\" data-src=\"https:\/\/wedoback.com\/wp-content\/uploads\/2024\/08\/agent-sauv-300x300.png\" class=\"attachment-shop_catalog wp-post-image ts-lazy-load\" alt=\"\" width=\"300\" height=\"300\" \/><\/figure>\t\t\t<\/a>\r\n\t\t\t\t\t<div class=\"product-label on-thumbnail\">\n\t\t<\/div>\n\t<div class=\"product-group-button\">\t\t<div class=\"button-in wishlist\">\n\t\t\t<a href=\"#\" class=\"ts-add-to-wishlist remove-after-added\" data-id=\"20968\">\n\t\t\t\t<span class=\"ts-tooltip button-tooltip\" data-title=\"Add to wishlist\">Wishlist<\/span>\n\t\t\t<\/a>\n\t\t<\/div>\n\t\t<div class=\"button-in quickshop\"><a class=\"quickshop\" href=\"#\" data-product_id=\"20968\"><span class=\"ts-tooltip button-tooltip\">Quick View<\/span><\/a><\/div>\t\t<div class=\"button-in compare\">\n\t\t\t<a href=\"#\" class=\"ts-add-to-compare\" data-id=\"20968\">\n\t\t\t\t<span class=\"ts-tooltip button-tooltip\" data-title=\"Add to compare\">Compare<\/span>\n\t\t\t<\/a>\n\t\t<\/div>\n\t\t<\/div>\t\t<\/div>\r\n\t\t<div class=\"meta-wrapper\">\r\n\t\t\t<div class=\"product-categories\"><span>Categories: <\/span><a href=\"https:\/\/wedoback.com\/pt-pt\/product-category\/agente-pt-pt\/\" rel=\"tag\">Agente<\/a>, <a href=\"https:\/\/wedoback.com\/pt-pt\/product-category\/copia-de-seguranca\/\" rel=\"tag\">C\u00f3pia de seguran\u00e7a<\/a>, <a href=\"https:\/\/wedoback.com\/pt-pt\/product-category\/imutavel-pt-pt\/\" rel=\"tag\">Imut\u00e1vel<\/a>, <a href=\"https:\/\/wedoback.com\/pt-pt\/product-category\/pca-pt-pt\/\" rel=\"tag\">PCA<\/a>, <a href=\"https:\/\/wedoback.com\/pt-pt\/product-category\/pra-pt-pt\/\" rel=\"tag\">PRA<\/a><\/div><h3 class=\"heading-title product-name\"><a href=\"https:\/\/wedoback.com\/pt-pt\/produit\/agente-wedoback\/\">Agente WeDoBack<\/a><\/h3>\n\t<span class=\"price\"><span class=\"from\">Desde: <\/span><span class=\"woocommerce-Price-amount amount\"><bdi>6,00&nbsp;<span class=\"woocommerce-Price-currencySymbol\">&euro;<\/span><\/bdi><\/span> <span class=\"subscription-details\"> \/ month<\/span><\/span>\n<div class=\"product-group-button-meta\"><div class=\"loop-add-to-cart\"><a href=\"https:\/\/wedoback.com\/pt-pt\/produit\/agente-wedoback\/\" data-quantity=\"1\" class=\"button product_type_variable-subscription add_to_cart_button\" data-product_id=\"20968\" data-product_sku=\"\" aria-label=\"Seleccione as op\u00e7\u00f5es para &ldquo;Agente WeDoBack&rdquo;\" rel=\"nofollow\"><span class=\"ts-tooltip button-tooltip\">Ver op\u00e7\u00f5es<\/span><\/a><\/div>\t<div class=\"short-description grid\">\n\t\tO agente \u00e9 um elemento chave do WeDoBack. Assegura a comunica\u00e7\u00e3o entre os nossos servidores\t<\/div>\n\t<\/div>\t\t<\/div>\r\n\t<\/div>\r\n<\/section><\/div>\t\t\t\t\n\t\t\t<\/div>\n\t\t\t\n\t\t\t\t\t\t\n\t\t<\/div>\n\t\t\t\t\t\t<\/div>\n\t\t\t\t<\/div>\n\t\t\t\t<\/div>\n\t\t\t\t<\/div>\n\t\t","protected":false},"excerpt":{"rendered":"<p>Oferta de plano de recupera\u00e7\u00e3o de desastres (DRP) Em caso de interrup\u00e7\u00e3o de um servi\u00e7o (s\u00edtio Web, servidor de correio eletr\u00f3nico, plataforma colaborativa, telefonia, etc.), o Plano de Recupera\u00e7\u00e3o de Desastres permite-lhe mudar para um ambiente de reserva adaptado \u00e0s suas necessidades imperativas. Os nossos planos de recupera\u00e7\u00e3o de desastres s\u00e3o adaptados ao teu neg\u00f3cio [&hellip;]<\/p>\n","protected":false},"author":16,"featured_media":0,"parent":0,"menu_order":0,"comment_status":"closed","ping_status":"closed","template":"elementor_header_footer","meta":{"om_disable_all_campaigns":false,"_monsterinsights_skip_tracking":false,"_monsterinsights_sitenote_active":false,"_monsterinsights_sitenote_note":"","_monsterinsights_sitenote_category":0,"footnotes":""},"class_list":["post-20045","page","type-page","status-publish","hentry"],"aioseo_notices":[],"_links":{"self":[{"href":"https:\/\/wedoback.com\/pt-pt\/wp-json\/wp\/v2\/pages\/20045","targetHints":{"allow":["GET"]}}],"collection":[{"href":"https:\/\/wedoback.com\/pt-pt\/wp-json\/wp\/v2\/pages"}],"about":[{"href":"https:\/\/wedoback.com\/pt-pt\/wp-json\/wp\/v2\/types\/page"}],"author":[{"embeddable":true,"href":"https:\/\/wedoback.com\/pt-pt\/wp-json\/wp\/v2\/users\/16"}],"replies":[{"embeddable":true,"href":"https:\/\/wedoback.com\/pt-pt\/wp-json\/wp\/v2\/comments?post=20045"}],"version-history":[{"count":0,"href":"https:\/\/wedoback.com\/pt-pt\/wp-json\/wp\/v2\/pages\/20045\/revisions"}],"wp:attachment":[{"href":"https:\/\/wedoback.com\/pt-pt\/wp-json\/wp\/v2\/media?parent=20045"}],"curies":[{"name":"wp","href":"https:\/\/api.w.org\/{rel}","templated":true}]}}