{"id":20035,"date":"2024-07-17T10:13:43","date_gmt":"2024-07-17T08:13:43","guid":{"rendered":"https:\/\/www.wedoback.net\/oferta-de-plano-de-continuidade-de-negocios-bcp\/"},"modified":"2025-03-20T09:58:36","modified_gmt":"2025-03-20T08:58:36","slug":"oferta-de-plano-de-continuidade-de-negocios-bcp","status":"publish","type":"page","link":"https:\/\/wedoback.com\/pt-pt\/oferta-de-plano-de-continuidade-de-negocios-bcp\/","title":{"rendered":"Oferta de Plano de Continuidade de Neg\u00f3cios (BCP)"},"content":{"rendered":"\t\t<div data-elementor-type=\"wp-page\" data-elementor-id=\"20035\" class=\"elementor elementor-20035\" data-elementor-settings=\"{&quot;ha_cmc_init_switcher&quot;:&quot;no&quot;}\" data-elementor-post-type=\"page\">\n\t\t\t\t<div class=\"elementor-element elementor-element-694abf4e e-flex e-con-boxed e-con e-parent\" data-id=\"694abf4e\" data-element_type=\"container\" data-e-type=\"container\" data-settings=\"{&quot;_ha_eqh_enable&quot;:false}\">\n\t\t\t\t\t<div class=\"e-con-inner\">\n\t\t\t\t<div class=\"elementor-element elementor-element-41d4e5f8 elementor-widget elementor-widget-heading\" data-id=\"41d4e5f8\" data-element_type=\"widget\" data-e-type=\"widget\" data-widget_type=\"heading.default\">\n\t\t\t\t<div class=\"elementor-widget-container\">\n\t\t\t\t\t<h2 class=\"elementor-heading-title elementor-size-default\">Oferta de Plano de Continuidade de Neg\u00f3cios (BCP)<\/h2>\t\t\t\t<\/div>\n\t\t\t\t<\/div>\n\t\t\t\t<div class=\"elementor-element elementor-element-6de0328b elementor-widget elementor-widget-text-editor\" data-id=\"6de0328b\" data-element_type=\"widget\" data-e-type=\"widget\" data-widget_type=\"text-editor.default\">\n\t\t\t\t<div class=\"elementor-widget-container\">\n\t\t\t\t\t\t\t\t\t<p>Conforme detalhado na nossa p\u00e1gina de informa\u00e7\u00f5es sobre o Plano de recupera\u00e7\u00e3o de desastres, eis os componentes necess\u00e1rios para ativar o teu servi\u00e7o de continuidade de neg\u00f3cios.<\/p>\n<p>N\u00e3o te esque\u00e7as de incluir os agentes de comunica\u00e7\u00e3o de que necessitas.<\/p>\n\t\t\t\t\t\t\t\t<\/div>\n\t\t\t\t<\/div>\n\t\t\t\t\t<\/div>\n\t\t\t\t<\/div>\n\t\t<div class=\"elementor-element elementor-element-79e0565e e-flex e-con-boxed e-con e-parent\" data-id=\"79e0565e\" data-element_type=\"container\" data-e-type=\"container\" data-settings=\"{&quot;_ha_eqh_enable&quot;:false}\">\n\t\t\t\t\t<div class=\"e-con-inner\">\n\t\t\t\t<div class=\"elementor-element elementor-element-5eef25dc elementor-widget elementor-widget-ts-products\" data-id=\"5eef25dc\" data-element_type=\"widget\" data-e-type=\"widget\" data-widget_type=\"ts-products.default\">\n\t\t\t\t<div class=\"elementor-widget-container\">\n\t\t\t\t\t\t\t<div class=\"ts-product-wrapper ts-shortcode ts-product woocommerce columns-4 recent grid border-default\" style=\"--ts-columns: 4\" >\n\t\t\n\t\t\t\t\t\t\t\n\t\t\t<div class=\"content-wrapper \">\n\t\t\t\n\t\t\t\t<div class=\"products\">\r\n\r\n<section class=\"product type-product post-21291 status-publish first instock product_cat-armazenamento product_cat-pca-pt-pt has-post-thumbnail taxable shipping-taxable purchasable product-type-variable-subscription\" data-product_id=\"21291\">\r\n\t<div class=\"product-wrapper\">\r\n\t\t\t\r\n\t\t<div class=\"thumbnail-wrapper\">\r\n\t\t\t<a href=\"https:\/\/wedoback.com\/pt-pt\/produit\/armazenamento-pca\/\">\r\n\t\t\t\t<figure class=\"no-back-image\"><img decoding=\"async\" src=\"https:\/\/www.wedoback.com\/wp-content\/themes\/ecomall\/images\/prod_loading.gif\" data-src=\"https:\/\/wedoback.com\/wp-content\/uploads\/2024\/08\/stock-pca-300x300.png\" class=\"attachment-shop_catalog wp-post-image ts-lazy-load\" alt=\"\" width=\"300\" height=\"300\" \/><\/figure>\t\t\t<\/a>\r\n\t\t\t\t\t<div class=\"product-label on-thumbnail\">\n\t\t<\/div>\n\t<div class=\"product-group-button\">\t\t<div class=\"button-in wishlist\">\n\t\t\t<a href=\"#\" class=\"ts-add-to-wishlist remove-after-added\" data-id=\"21291\">\n\t\t\t\t<span class=\"ts-tooltip button-tooltip\" data-title=\"Add to wishlist\">Wishlist<\/span>\n\t\t\t<\/a>\n\t\t<\/div>\n\t\t<div class=\"button-in quickshop\"><a class=\"quickshop\" href=\"#\" data-product_id=\"21291\"><span class=\"ts-tooltip button-tooltip\">Quick View<\/span><\/a><\/div>\t\t<div class=\"button-in compare\">\n\t\t\t<a href=\"#\" class=\"ts-add-to-compare\" data-id=\"21291\">\n\t\t\t\t<span class=\"ts-tooltip button-tooltip\" data-title=\"Add to compare\">Compare<\/span>\n\t\t\t<\/a>\n\t\t<\/div>\n\t\t<\/div>\t\t<\/div>\r\n\t\t<div class=\"meta-wrapper\">\r\n\t\t\t<div class=\"product-categories\"><span>Categories: <\/span><a href=\"https:\/\/wedoback.com\/pt-pt\/product-category\/armazenamento\/\" rel=\"tag\">Armazenamento<\/a>, <a href=\"https:\/\/wedoback.com\/pt-pt\/product-category\/pca-pt-pt\/\" rel=\"tag\">PCA<\/a><\/div><h3 class=\"heading-title product-name\"><a href=\"https:\/\/wedoback.com\/pt-pt\/produit\/armazenamento-pca\/\">Armazenamento PCA<\/a><\/h3>\n\t<span class=\"price\"><span class=\"from\">Desde: <\/span><span class=\"woocommerce-Price-amount amount\"><bdi>8,75&nbsp;<span class=\"woocommerce-Price-currencySymbol\">&euro;<\/span><\/bdi><\/span> <span class=\"subscription-details\"> \/ month<\/span><\/span>\n<div class=\"product-group-button-meta\"><div class=\"loop-add-to-cart\"><a href=\"https:\/\/wedoback.com\/pt-pt\/produit\/armazenamento-pca\/\" data-quantity=\"1\" class=\"button product_type_variable-subscription add_to_cart_button\" data-product_id=\"21291\" data-product_sku=\"\" aria-label=\"Seleccione as op\u00e7\u00f5es para &ldquo;Armazenamento PCA&rdquo;\" rel=\"nofollow\"><span class=\"ts-tooltip button-tooltip\">Ver op\u00e7\u00f5es<\/span><\/a><\/div>\t<div class=\"short-description grid\">\n\t\tEscolhe o <strong>volume necess\u00e1rio para armazenar os dados<\/strong> utilizados pelo teu PCA.\n\nTem em aten\u00e7\u00e3o que\t<\/div>\n\t<\/div>\t\t<\/div>\r\n\t<\/div>\r\n<\/section>\r\n<section class=\"product type-product post-21115 status-publish instock product_cat-corpos-pt-pt product_cat-pca-pt-pt has-post-thumbnail taxable shipping-taxable purchasable product-type-variable-subscription\" data-product_id=\"21115\">\r\n\t<div class=\"product-wrapper\">\r\n\t\t\t\r\n\t\t<div class=\"thumbnail-wrapper\">\r\n\t\t\t<a href=\"https:\/\/wedoback.com\/pt-pt\/produit\/organismos-da-apc\/\">\r\n\t\t\t\t<figure class=\"no-back-image\"><img decoding=\"async\" src=\"https:\/\/www.wedoback.com\/wp-content\/themes\/ecomall\/images\/prod_loading.gif\" data-src=\"https:\/\/wedoback.com\/wp-content\/uploads\/2024\/08\/offre-pca-300x300.png\" class=\"attachment-shop_catalog wp-post-image ts-lazy-load\" alt=\"\" width=\"300\" height=\"300\" \/><\/figure>\t\t\t<\/a>\r\n\t\t\t\t\t<div class=\"product-label on-thumbnail\">\n\t\t<\/div>\n\t<div class=\"product-group-button\">\t\t<div class=\"button-in wishlist\">\n\t\t\t<a href=\"#\" class=\"ts-add-to-wishlist remove-after-added\" data-id=\"21115\">\n\t\t\t\t<span class=\"ts-tooltip button-tooltip\" data-title=\"Add to wishlist\">Wishlist<\/span>\n\t\t\t<\/a>\n\t\t<\/div>\n\t\t<div class=\"button-in quickshop\"><a class=\"quickshop\" href=\"#\" data-product_id=\"21115\"><span class=\"ts-tooltip button-tooltip\">Quick View<\/span><\/a><\/div>\t\t<div class=\"button-in compare\">\n\t\t\t<a href=\"#\" class=\"ts-add-to-compare\" data-id=\"21115\">\n\t\t\t\t<span class=\"ts-tooltip button-tooltip\" data-title=\"Add to compare\">Compare<\/span>\n\t\t\t<\/a>\n\t\t<\/div>\n\t\t<\/div>\t\t<\/div>\r\n\t\t<div class=\"meta-wrapper\">\r\n\t\t\t<div class=\"product-categories\"><span>Categories: <\/span><a href=\"https:\/\/wedoback.com\/pt-pt\/product-category\/corpos-pt-pt\/\" rel=\"tag\">Corpos<\/a>, <a href=\"https:\/\/wedoback.com\/pt-pt\/product-category\/pca-pt-pt\/\" rel=\"tag\">PCA<\/a><\/div><h3 class=\"heading-title product-name\"><a href=\"https:\/\/wedoback.com\/pt-pt\/produit\/organismos-da-apc\/\">Organismos da APC<\/a><\/h3>\n\t<span class=\"price\"><span class=\"from\">Desde: <\/span><span class=\"woocommerce-Price-amount amount\"><bdi>50,22&nbsp;<span class=\"woocommerce-Price-currencySymbol\">&euro;<\/span><\/bdi><\/span> <span class=\"subscription-details\"> \/ month<\/span><\/span>\n<div class=\"product-group-button-meta\"><div class=\"loop-add-to-cart\"><a href=\"https:\/\/wedoback.com\/pt-pt\/produit\/organismos-da-apc\/\" data-quantity=\"1\" class=\"button product_type_variable-subscription add_to_cart_button\" data-product_id=\"21115\" data-product_sku=\"\" aria-label=\"Seleccione as op\u00e7\u00f5es para &ldquo;Organismos da APC&rdquo;\" rel=\"nofollow\"><span class=\"ts-tooltip button-tooltip\">Ver op\u00e7\u00f5es<\/span><\/a><\/div>\t<div class=\"short-description grid\">\n\t\tOrdena aqui os <strong>diferentes tipos de inst\u00e2ncia (e o seu n\u00famero)<\/strong> de que necessitas para\t<\/div>\n\t<\/div>\t\t<\/div>\r\n\t<\/div>\r\n<\/section>\r\n<section class=\"product type-product post-21651 status-publish instock product_cat-endereco-ip-pt-pt product_cat-pca-pt-pt product_cat-pra-pt-pt has-post-thumbnail virtual taxable purchasable product-type-subscription\" data-product_id=\"21651\">\r\n\t<div class=\"product-wrapper\">\r\n\t\t\t\r\n\t\t<div class=\"thumbnail-wrapper\">\r\n\t\t\t<a href=\"https:\/\/wedoback.com\/pt-pt\/produit\/enderecos-ip-publicos\/\">\r\n\t\t\t\t<figure class=\"no-back-image\"><img decoding=\"async\" src=\"https:\/\/www.wedoback.com\/wp-content\/themes\/ecomall\/images\/prod_loading.gif\" data-src=\"https:\/\/wedoback.com\/wp-content\/uploads\/2024\/08\/adresse-ip-300x300.png\" class=\"attachment-shop_catalog wp-post-image ts-lazy-load\" alt=\"\" width=\"300\" height=\"300\" \/><\/figure>\t\t\t<\/a>\r\n\t\t\t\t\t<div class=\"product-label on-thumbnail\">\n\t\t<\/div>\n\t<div class=\"product-group-button\">\t\t<div class=\"button-in wishlist\">\n\t\t\t<a href=\"#\" class=\"ts-add-to-wishlist remove-after-added\" data-id=\"21651\">\n\t\t\t\t<span class=\"ts-tooltip button-tooltip\" data-title=\"Add to wishlist\">Wishlist<\/span>\n\t\t\t<\/a>\n\t\t<\/div>\n\t\t<div class=\"button-in quickshop\"><a class=\"quickshop\" href=\"#\" data-product_id=\"21651\"><span class=\"ts-tooltip button-tooltip\">Quick View<\/span><\/a><\/div>\t\t<div class=\"button-in compare\">\n\t\t\t<a href=\"#\" class=\"ts-add-to-compare\" data-id=\"21651\">\n\t\t\t\t<span class=\"ts-tooltip button-tooltip\" data-title=\"Add to compare\">Compare<\/span>\n\t\t\t<\/a>\n\t\t<\/div>\n\t\t<\/div>\t\t<\/div>\r\n\t\t<div class=\"meta-wrapper\">\r\n\t\t\t<div class=\"product-categories\"><span>Categories: <\/span><a href=\"https:\/\/wedoback.com\/pt-pt\/product-category\/endereco-ip-pt-pt\/\" rel=\"tag\">Endere\u00e7o IP<\/a>, <a href=\"https:\/\/wedoback.com\/pt-pt\/product-category\/pca-pt-pt\/\" rel=\"tag\">PCA<\/a>, <a href=\"https:\/\/wedoback.com\/pt-pt\/product-category\/pra-pt-pt\/\" rel=\"tag\">PRA<\/a><\/div><h3 class=\"heading-title product-name\"><a href=\"https:\/\/wedoback.com\/pt-pt\/produit\/enderecos-ip-publicos\/\">Endere\u00e7os IP p\u00fablicos<\/a><\/h3>\n\t<span class=\"price\"><span class=\"woocommerce-Price-amount amount\"><bdi>0,54&nbsp;<span class=\"woocommerce-Price-currencySymbol\">&euro;<\/span><\/bdi><\/span> <span class=\"subscription-details\"> \/ month<\/span><\/span>\n<div class=\"product-group-button-meta\"><div class=\"loop-add-to-cart\"><a href=\"\/pt-pt\/wp-json\/wp\/v2\/pages\/20035?add-to-cart=21651\" data-quantity=\"1\" class=\"button product_type_subscription add_to_cart_button ajax_add_to_cart\" data-product_id=\"21651\" data-product_sku=\"\" aria-label=\"Ajouter au panier: &ldquo;Endere\u00e7os IP p\u00fablicos&rdquo;\" rel=\"nofollow\" data-success_message=\"&ldquo;Endere\u00e7os IP p\u00fablicos&rdquo; foi adicionado ao seu carrinho\" role=\"button\"><span class=\"ts-tooltip button-tooltip\">Ajouter au panier<\/span><\/a><\/div>\t<div class=\"short-description grid\">\n\t\tPara manter os seus servi\u00e7os em linha (loja, s\u00edtio Web, etc.), \u00e9 necess\u00e1rio reservar endere\u00e7os\t<\/div>\n\t<\/div>\t\t<\/div>\r\n\t<\/div>\r\n<\/section>\r\n<section class=\"product type-product post-20968 status-publish last instock product_cat-agente-pt-pt product_cat-copia-de-seguranca product_cat-imutavel-pt-pt product_cat-pca-pt-pt product_cat-pra-pt-pt has-post-thumbnail taxable shipping-taxable purchasable product-type-variable-subscription\" data-product_id=\"20968\">\r\n\t<div class=\"product-wrapper\">\r\n\t\t\t\r\n\t\t<div class=\"thumbnail-wrapper\">\r\n\t\t\t<a href=\"https:\/\/wedoback.com\/pt-pt\/produit\/agente-wedoback\/\">\r\n\t\t\t\t<figure class=\"no-back-image\"><img decoding=\"async\" src=\"https:\/\/www.wedoback.com\/wp-content\/themes\/ecomall\/images\/prod_loading.gif\" data-src=\"https:\/\/wedoback.com\/wp-content\/uploads\/2024\/08\/agent-sauv-300x300.png\" class=\"attachment-shop_catalog wp-post-image ts-lazy-load\" alt=\"\" width=\"300\" height=\"300\" \/><\/figure>\t\t\t<\/a>\r\n\t\t\t\t\t<div class=\"product-label on-thumbnail\">\n\t\t<\/div>\n\t<div class=\"product-group-button\">\t\t<div class=\"button-in wishlist\">\n\t\t\t<a href=\"#\" class=\"ts-add-to-wishlist remove-after-added\" data-id=\"20968\">\n\t\t\t\t<span class=\"ts-tooltip button-tooltip\" data-title=\"Add to wishlist\">Wishlist<\/span>\n\t\t\t<\/a>\n\t\t<\/div>\n\t\t<div class=\"button-in quickshop\"><a class=\"quickshop\" href=\"#\" data-product_id=\"20968\"><span class=\"ts-tooltip button-tooltip\">Quick View<\/span><\/a><\/div>\t\t<div class=\"button-in compare\">\n\t\t\t<a href=\"#\" class=\"ts-add-to-compare\" data-id=\"20968\">\n\t\t\t\t<span class=\"ts-tooltip button-tooltip\" data-title=\"Add to compare\">Compare<\/span>\n\t\t\t<\/a>\n\t\t<\/div>\n\t\t<\/div>\t\t<\/div>\r\n\t\t<div class=\"meta-wrapper\">\r\n\t\t\t<div class=\"product-categories\"><span>Categories: <\/span><a href=\"https:\/\/wedoback.com\/pt-pt\/product-category\/agente-pt-pt\/\" rel=\"tag\">Agente<\/a>, <a href=\"https:\/\/wedoback.com\/pt-pt\/product-category\/copia-de-seguranca\/\" rel=\"tag\">C\u00f3pia de seguran\u00e7a<\/a>, <a href=\"https:\/\/wedoback.com\/pt-pt\/product-category\/imutavel-pt-pt\/\" rel=\"tag\">Imut\u00e1vel<\/a>, <a href=\"https:\/\/wedoback.com\/pt-pt\/product-category\/pca-pt-pt\/\" rel=\"tag\">PCA<\/a>, <a href=\"https:\/\/wedoback.com\/pt-pt\/product-category\/pra-pt-pt\/\" rel=\"tag\">PRA<\/a><\/div><h3 class=\"heading-title product-name\"><a href=\"https:\/\/wedoback.com\/pt-pt\/produit\/agente-wedoback\/\">Agente WeDoBack<\/a><\/h3>\n\t<span class=\"price\"><span class=\"from\">Desde: <\/span><span class=\"woocommerce-Price-amount amount\"><bdi>6,00&nbsp;<span class=\"woocommerce-Price-currencySymbol\">&euro;<\/span><\/bdi><\/span> <span class=\"subscription-details\"> \/ month<\/span><\/span>\n<div class=\"product-group-button-meta\"><div class=\"loop-add-to-cart\"><a href=\"https:\/\/wedoback.com\/pt-pt\/produit\/agente-wedoback\/\" data-quantity=\"1\" class=\"button product_type_variable-subscription add_to_cart_button\" data-product_id=\"20968\" data-product_sku=\"\" aria-label=\"Seleccione as op\u00e7\u00f5es para &ldquo;Agente WeDoBack&rdquo;\" rel=\"nofollow\"><span class=\"ts-tooltip button-tooltip\">Ver op\u00e7\u00f5es<\/span><\/a><\/div>\t<div class=\"short-description grid\">\n\t\tO agente \u00e9 um elemento chave do WeDoBack. Assegura a comunica\u00e7\u00e3o entre os nossos servidores\t<\/div>\n\t<\/div>\t\t<\/div>\r\n\t<\/div>\r\n<\/section><\/div>\t\t\t\t\n\t\t\t<\/div>\n\t\t\t\n\t\t\t\t\t\t\n\t\t<\/div>\n\t\t\t\t\t\t<\/div>\n\t\t\t\t<\/div>\n\t\t\t\t\t<\/div>\n\t\t\t\t<\/div>\n\t\t\t\t<\/div>\n\t\t","protected":false},"excerpt":{"rendered":"<p>Oferta de Plano de Continuidade de Neg\u00f3cios (BCP) Conforme detalhado na nossa p\u00e1gina de informa\u00e7\u00f5es sobre o Plano de recupera\u00e7\u00e3o de desastres, eis os componentes necess\u00e1rios para ativar o teu servi\u00e7o de continuidade de neg\u00f3cios. N\u00e3o te esque\u00e7as de incluir os agentes de comunica\u00e7\u00e3o de que necessitas. Quick View Cat\u00e9gories :PCA, Stockage Stockage PCA \u00c0 [&hellip;]<\/p>\n","protected":false},"author":1,"featured_media":0,"parent":0,"menu_order":0,"comment_status":"closed","ping_status":"closed","template":"elementor_header_footer","meta":{"om_disable_all_campaigns":false,"_monsterinsights_skip_tracking":false,"_monsterinsights_sitenote_active":false,"_monsterinsights_sitenote_note":"","_monsterinsights_sitenote_category":0,"footnotes":""},"class_list":["post-20035","page","type-page","status-publish","hentry"],"aioseo_notices":[],"_links":{"self":[{"href":"https:\/\/wedoback.com\/pt-pt\/wp-json\/wp\/v2\/pages\/20035","targetHints":{"allow":["GET"]}}],"collection":[{"href":"https:\/\/wedoback.com\/pt-pt\/wp-json\/wp\/v2\/pages"}],"about":[{"href":"https:\/\/wedoback.com\/pt-pt\/wp-json\/wp\/v2\/types\/page"}],"author":[{"embeddable":true,"href":"https:\/\/wedoback.com\/pt-pt\/wp-json\/wp\/v2\/users\/1"}],"replies":[{"embeddable":true,"href":"https:\/\/wedoback.com\/pt-pt\/wp-json\/wp\/v2\/comments?post=20035"}],"version-history":[{"count":0,"href":"https:\/\/wedoback.com\/pt-pt\/wp-json\/wp\/v2\/pages\/20035\/revisions"}],"wp:attachment":[{"href":"https:\/\/wedoback.com\/pt-pt\/wp-json\/wp\/v2\/media?parent=20035"}],"curies":[{"name":"wp","href":"https:\/\/api.w.org\/{rel}","templated":true}]}}