{"id":19921,"date":"2024-07-08T16:16:54","date_gmt":"2024-07-08T14:16:54","guid":{"rendered":"https:\/\/www.wedoback.net\/oferta-imutavel\/"},"modified":"2025-03-19T17:14:23","modified_gmt":"2025-03-19T16:14:23","slug":"oferta-imutavel","status":"publish","type":"page","link":"https:\/\/wedoback.com\/pt-pt\/oferta-imutavel\/","title":{"rendered":"Oferta IMUT\u00c1VEL"},"content":{"rendered":"\t\t<div data-elementor-type=\"wp-page\" data-elementor-id=\"19921\" class=\"elementor elementor-19921\" data-elementor-settings=\"{&quot;ha_cmc_init_switcher&quot;:&quot;no&quot;}\" data-elementor-post-type=\"page\">\n\t\t\t\t<div class=\"elementor-element elementor-element-61d5ee2d e-flex e-con-boxed e-con e-parent\" data-id=\"61d5ee2d\" data-element_type=\"container\" data-e-type=\"container\" data-settings=\"{&quot;_ha_eqh_enable&quot;:false}\">\n\t\t\t\t\t<div class=\"e-con-inner\">\n\t\t\t\t<div class=\"elementor-element elementor-element-156869c9 elementor-widget elementor-widget-heading\" data-id=\"156869c9\" data-element_type=\"widget\" data-e-type=\"widget\" data-widget_type=\"heading.default\">\n\t\t\t\t<div class=\"elementor-widget-container\">\n\t\t\t\t\t<h2 class=\"elementor-heading-title elementor-size-default\">Oferta IMUT\u00c1VEL<\/h2>\t\t\t\t<\/div>\n\t\t\t\t<\/div>\n\t\t\t\t<div class=\"elementor-element elementor-element-38c22fe6 elementor-widget elementor-widget-text-editor\" data-id=\"38c22fe6\" data-element_type=\"widget\" data-e-type=\"widget\" data-widget_type=\"text-editor.default\">\n\t\t\t\t<div class=\"elementor-widget-container\">\n\t\t\t\t\t\t\t\t\t<p>Tens documentos confidenciais ou documentos que tens de guardar, aconte\u00e7a o que acontecer?<\/p>\n<p>O WeDoBack Immutable garante a integridade dos seus dados, protegendo-os contra adultera\u00e7\u00e3o, elimina\u00e7\u00e3o maliciosa e ataques de ransomware. Gra\u00e7as \u00e0 tecnologia WORM (Write Once, Read Many), as suas informa\u00e7\u00f5es permanecem inviol\u00e1veis, em conformidade com as normas mais rigorosas e seguras contra o acesso n\u00e3o autorizado. <\/p>\n<p>Para subscrever este servi\u00e7o, tens de :<\/p>\n<ol>\n<li class=\"popStockImmuable\" style=\"cursor: pointer;\">\n              <b>para um armazenamento imut\u00e1vel<\/b>\n            <\/li>\n<li class=\"popAgent\" style=\"cursor: pointer;\"><b>1 agente de backup<\/b> para cada servidor ou computador em causa.<\/li>\n<\/ol>\n<p>Subscrevo-te aqui:<\/p>\n\t\t\t\t\t\t\t\t<\/div>\n\t\t\t\t<\/div>\n\t\t\t\t\t<\/div>\n\t\t\t\t<\/div>\n\t\t<div class=\"elementor-element elementor-element-5ae6387c e-flex e-con-boxed e-con e-parent\" data-id=\"5ae6387c\" data-element_type=\"container\" data-e-type=\"container\" data-settings=\"{&quot;_ha_eqh_enable&quot;:false}\">\n\t\t\t\t\t<div class=\"e-con-inner\">\n\t\t\t\t<div class=\"elementor-element elementor-element-7ba46fdb elementor-widget elementor-widget-ts-products\" data-id=\"7ba46fdb\" data-element_type=\"widget\" data-e-type=\"widget\" data-widget_type=\"ts-products.default\">\n\t\t\t\t<div class=\"elementor-widget-container\">\n\t\t\t\t\t\t\t<div class=\"ts-product-wrapper ts-shortcode ts-product woocommerce columns-3 recent grid border-default\" style=\"--ts-columns: 3\" >\n\t\t\n\t\t\t\t\t\t\t\n\t\t\t<div class=\"content-wrapper \">\n\t\t\t\n\t\t\t\t<div class=\"products\">\r\n\r\n<section class=\"product type-product post-20968 status-publish first instock product_cat-agente-pt-pt product_cat-copia-de-seguranca product_cat-imutavel-pt-pt product_cat-pca-pt-pt product_cat-pra-pt-pt has-post-thumbnail taxable shipping-taxable purchasable product-type-variable-subscription\" data-product_id=\"20968\">\r\n\t<div class=\"product-wrapper\">\r\n\t\t\t\r\n\t\t<div class=\"thumbnail-wrapper\">\r\n\t\t\t<a href=\"https:\/\/wedoback.com\/pt-pt\/produit\/agente-wedoback\/\">\r\n\t\t\t\t<figure class=\"no-back-image\"><img decoding=\"async\" src=\"https:\/\/www.wedoback.com\/wp-content\/themes\/ecomall\/images\/prod_loading.gif\" data-src=\"https:\/\/wedoback.com\/wp-content\/uploads\/2024\/08\/agent-sauv-300x300.png\" class=\"attachment-shop_catalog wp-post-image ts-lazy-load\" alt=\"\" width=\"300\" height=\"300\" \/><\/figure>\t\t\t<\/a>\r\n\t\t\t\t\t<div class=\"product-label on-thumbnail\">\n\t\t<\/div>\n\t<div class=\"product-group-button\">\t\t<div class=\"button-in wishlist\">\n\t\t\t<a href=\"#\" class=\"ts-add-to-wishlist remove-after-added\" data-id=\"20968\">\n\t\t\t\t<span class=\"ts-tooltip button-tooltip\" data-title=\"Add to wishlist\">Wishlist<\/span>\n\t\t\t<\/a>\n\t\t<\/div>\n\t\t<div class=\"button-in quickshop\"><a class=\"quickshop\" href=\"#\" data-product_id=\"20968\"><span class=\"ts-tooltip button-tooltip\">Quick View<\/span><\/a><\/div>\t\t<div class=\"button-in compare\">\n\t\t\t<a href=\"#\" class=\"ts-add-to-compare\" data-id=\"20968\">\n\t\t\t\t<span class=\"ts-tooltip button-tooltip\" data-title=\"Add to compare\">Compare<\/span>\n\t\t\t<\/a>\n\t\t<\/div>\n\t\t<\/div>\t\t<\/div>\r\n\t\t<div class=\"meta-wrapper\">\r\n\t\t\t<div class=\"product-categories\"><span>Categories: <\/span><a href=\"https:\/\/wedoback.com\/pt-pt\/product-category\/agente-pt-pt\/\" rel=\"tag\">Agente<\/a>, <a href=\"https:\/\/wedoback.com\/pt-pt\/product-category\/copia-de-seguranca\/\" rel=\"tag\">C\u00f3pia de seguran\u00e7a<\/a>, <a href=\"https:\/\/wedoback.com\/pt-pt\/product-category\/imutavel-pt-pt\/\" rel=\"tag\">Imut\u00e1vel<\/a>, <a href=\"https:\/\/wedoback.com\/pt-pt\/product-category\/pca-pt-pt\/\" rel=\"tag\">PCA<\/a>, <a href=\"https:\/\/wedoback.com\/pt-pt\/product-category\/pra-pt-pt\/\" rel=\"tag\">PRA<\/a><\/div><h3 class=\"heading-title product-name\"><a href=\"https:\/\/wedoback.com\/pt-pt\/produit\/agente-wedoback\/\">Agente WeDoBack<\/a><\/h3>\n\t<span class=\"price\"><span class=\"from\">Desde: <\/span><span class=\"woocommerce-Price-amount amount\"><bdi>6,00&nbsp;<span class=\"woocommerce-Price-currencySymbol\">&euro;<\/span><\/bdi><\/span> <span class=\"subscription-details\"> \/ month<\/span><\/span>\n<div class=\"product-group-button-meta\"><div class=\"loop-add-to-cart\"><a href=\"https:\/\/wedoback.com\/pt-pt\/produit\/agente-wedoback\/\" data-quantity=\"1\" class=\"button product_type_variable-subscription add_to_cart_button\" data-product_id=\"20968\" data-product_sku=\"\" aria-label=\"Seleccione as op\u00e7\u00f5es para &ldquo;Agente WeDoBack&rdquo;\" rel=\"nofollow\"><span class=\"ts-tooltip button-tooltip\">Ver op\u00e7\u00f5es<\/span><\/a><\/div>\t<div class=\"short-description grid\">\n\t\tO agente \u00e9 um elemento chave do WeDoBack. Assegura a comunica\u00e7\u00e3o entre os nossos servidores\t<\/div>\n\t<\/div>\t\t<\/div>\r\n\t<\/div>\r\n<\/section>\r\n<section class=\"product type-product post-20995 status-publish instock product_cat-armazenamento product_cat-imutavel-pt-pt has-post-thumbnail taxable shipping-taxable purchasable product-type-variable-subscription\" data-product_id=\"20995\">\r\n\t<div class=\"product-wrapper\">\r\n\t\t\t\r\n\t\t<div class=\"thumbnail-wrapper\">\r\n\t\t\t<a href=\"https:\/\/wedoback.com\/pt-pt\/produit\/armazenamento-imutavel\/\">\r\n\t\t\t\t<figure class=\"no-back-image\"><img decoding=\"async\" src=\"https:\/\/www.wedoback.com\/wp-content\/themes\/ecomall\/images\/prod_loading.gif\" data-src=\"https:\/\/wedoback.com\/wp-content\/uploads\/2024\/08\/stockage-imm-300x300.png\" class=\"attachment-shop_catalog wp-post-image ts-lazy-load\" alt=\"\" width=\"300\" height=\"300\" \/><\/figure>\t\t\t<\/a>\r\n\t\t\t\t\t<div class=\"product-label on-thumbnail\">\n\t\t<\/div>\n\t<div class=\"product-group-button\">\t\t<div class=\"button-in wishlist\">\n\t\t\t<a href=\"#\" class=\"ts-add-to-wishlist remove-after-added\" data-id=\"20995\">\n\t\t\t\t<span class=\"ts-tooltip button-tooltip\" data-title=\"Add to wishlist\">Wishlist<\/span>\n\t\t\t<\/a>\n\t\t<\/div>\n\t\t<div class=\"button-in quickshop\"><a class=\"quickshop\" href=\"#\" data-product_id=\"20995\"><span class=\"ts-tooltip button-tooltip\">Quick View<\/span><\/a><\/div>\t\t<div class=\"button-in compare\">\n\t\t\t<a href=\"#\" class=\"ts-add-to-compare\" data-id=\"20995\">\n\t\t\t\t<span class=\"ts-tooltip button-tooltip\" data-title=\"Add to compare\">Compare<\/span>\n\t\t\t<\/a>\n\t\t<\/div>\n\t\t<\/div>\t\t<\/div>\r\n\t\t<div class=\"meta-wrapper\">\r\n\t\t\t<div class=\"product-categories\"><span>Categories: <\/span><a href=\"https:\/\/wedoback.com\/pt-pt\/product-category\/armazenamento\/\" rel=\"tag\">Armazenamento<\/a>, <a href=\"https:\/\/wedoback.com\/pt-pt\/product-category\/imutavel-pt-pt\/\" rel=\"tag\">Imut\u00e1vel<\/a><\/div><h3 class=\"heading-title product-name\"><a href=\"https:\/\/wedoback.com\/pt-pt\/produit\/armazenamento-imutavel\/\">Armazenamento imut\u00e1vel<\/a><\/h3>\n\t<span class=\"price\"><span class=\"from\">Desde: <\/span><span class=\"woocommerce-Price-amount amount\"><bdi>20,00&nbsp;<span class=\"woocommerce-Price-currencySymbol\">&euro;<\/span><\/bdi><\/span> <span class=\"subscription-details\"> \/ month<\/span><\/span>\n<div class=\"product-group-button-meta\"><div class=\"loop-add-to-cart\"><a href=\"https:\/\/wedoback.com\/pt-pt\/produit\/armazenamento-imutavel\/\" data-quantity=\"1\" class=\"button product_type_variable-subscription add_to_cart_button\" data-product_id=\"20995\" data-product_sku=\"\" aria-label=\"Seleccione as op\u00e7\u00f5es para &ldquo;Armazenamento imut\u00e1vel&rdquo;\" rel=\"nofollow\"><span class=\"ts-tooltip button-tooltip\">Ver op\u00e7\u00f5es<\/span><\/a><\/div>\t<div class=\"short-description grid\">\n\t\tEscolhe o WeDoBack Immutable e garante que os seus dados mais cr\u00edticos permanecem intactos e\t<\/div>\n\t<\/div>\t\t<\/div>\r\n\t<\/div>\r\n<\/section>\r\n<section class=\"product type-product post-20996 status-publish last instock product_cat-opcoes-pt-pt has-post-thumbnail taxable shipping-taxable purchasable product-type-variable-subscription\" data-product_id=\"20996\">\r\n\t<div class=\"product-wrapper\">\r\n\t\t\t\r\n\t\t<div class=\"thumbnail-wrapper\">\r\n\t\t\t<a href=\"https:\/\/wedoback.com\/pt-pt\/produit\/restauro-rapido-em-caso-de-catastrofe\/\">\r\n\t\t\t\t<figure class=\"no-back-image\"><img decoding=\"async\" src=\"https:\/\/www.wedoback.com\/wp-content\/themes\/ecomall\/images\/prod_loading.gif\" data-src=\"https:\/\/wedoback.com\/wp-content\/uploads\/2024\/08\/Restauration-300x300.png\" class=\"attachment-shop_catalog wp-post-image ts-lazy-load\" alt=\"\" width=\"300\" height=\"300\" \/><\/figure>\t\t\t<\/a>\r\n\t\t\t\t\t<div class=\"product-label on-thumbnail\">\n\t\t<\/div>\n\t<div class=\"product-group-button\">\t\t<div class=\"button-in wishlist\">\n\t\t\t<a href=\"#\" class=\"ts-add-to-wishlist remove-after-added\" data-id=\"20996\">\n\t\t\t\t<span class=\"ts-tooltip button-tooltip\" data-title=\"Add to wishlist\">Wishlist<\/span>\n\t\t\t<\/a>\n\t\t<\/div>\n\t\t<div class=\"button-in quickshop\"><a class=\"quickshop\" href=\"#\" data-product_id=\"20996\"><span class=\"ts-tooltip button-tooltip\">Quick View<\/span><\/a><\/div>\t\t<div class=\"button-in compare\">\n\t\t\t<a href=\"#\" class=\"ts-add-to-compare\" data-id=\"20996\">\n\t\t\t\t<span class=\"ts-tooltip button-tooltip\" data-title=\"Add to compare\">Compare<\/span>\n\t\t\t<\/a>\n\t\t<\/div>\n\t\t<\/div>\t\t<\/div>\r\n\t\t<div class=\"meta-wrapper\">\r\n\t\t\t<div class=\"product-categories\"><span>Categories: <\/span><a href=\"https:\/\/wedoback.com\/pt-pt\/product-category\/opcoes-pt-pt\/\" rel=\"tag\">Op\u00e7\u00f5es<\/a><\/div><h3 class=\"heading-title product-name\"><a href=\"https:\/\/wedoback.com\/pt-pt\/produit\/restauro-rapido-em-caso-de-catastrofe\/\">Restauro r\u00e1pido em caso de cat\u00e1strofe<\/a><\/h3>\n\t<span class=\"price\"><span class=\"from\">Desde: <\/span><span class=\"woocommerce-Price-amount amount\"><bdi>15,00&nbsp;<span class=\"woocommerce-Price-currencySymbol\">&euro;<\/span><\/bdi><\/span> <span class=\"subscription-details\"> \/ month<\/span><\/span>\n<div class=\"product-group-button-meta\"><div class=\"loop-add-to-cart\"><a href=\"https:\/\/wedoback.com\/pt-pt\/produit\/restauro-rapido-em-caso-de-catastrofe\/\" data-quantity=\"1\" class=\"button product_type_variable-subscription add_to_cart_button\" data-product_id=\"20996\" data-product_sku=\"\" aria-label=\"Seleccione as op\u00e7\u00f5es para &ldquo;Restauro r\u00e1pido em caso de cat\u00e1strofe&rdquo;\" rel=\"nofollow\"><span class=\"ts-tooltip button-tooltip\">Ver op\u00e7\u00f5es<\/span><\/a><\/div>\t<div class=\"short-description grid\">\n\t\tBeneficia de uma c\u00f3pia de seguran\u00e7a arquivada dos seus sistemas para os poder restaurar rapidamente\t<\/div>\n\t<\/div>\t\t<\/div>\r\n\t<\/div>\r\n<\/section><\/div>\t\t\t\t\n\t\t\t<\/div>\n\t\t\t\n\t\t\t\t\t\t\n\t\t<\/div>\n\t\t\t\t\t\t<\/div>\n\t\t\t\t<\/div>\n\t\t\t\t\t<\/div>\n\t\t\t\t<\/div>\n\t\t\t\t<\/div>\n\t\t","protected":false},"excerpt":{"rendered":"<p>Oferta IMUT\u00c1VEL Tens documentos confidenciais ou documentos que tens de guardar, aconte\u00e7a o que acontecer? O WeDoBack Immutable garante a integridade dos seus dados, protegendo-os contra adultera\u00e7\u00e3o, elimina\u00e7\u00e3o maliciosa e ataques de ransomware. Gra\u00e7as \u00e0 tecnologia WORM (Write Once, Read Many), as suas informa\u00e7\u00f5es permanecem inviol\u00e1veis, em conformidade com as normas mais rigorosas e seguras [&hellip;]<\/p>\n","protected":false},"author":1,"featured_media":0,"parent":0,"menu_order":0,"comment_status":"closed","ping_status":"closed","template":"elementor_header_footer","meta":{"om_disable_all_campaigns":false,"_monsterinsights_skip_tracking":false,"_monsterinsights_sitenote_active":false,"_monsterinsights_sitenote_note":"","_monsterinsights_sitenote_category":0,"footnotes":""},"class_list":["post-19921","page","type-page","status-publish","hentry"],"aioseo_notices":[],"_links":{"self":[{"href":"https:\/\/wedoback.com\/pt-pt\/wp-json\/wp\/v2\/pages\/19921","targetHints":{"allow":["GET"]}}],"collection":[{"href":"https:\/\/wedoback.com\/pt-pt\/wp-json\/wp\/v2\/pages"}],"about":[{"href":"https:\/\/wedoback.com\/pt-pt\/wp-json\/wp\/v2\/types\/page"}],"author":[{"embeddable":true,"href":"https:\/\/wedoback.com\/pt-pt\/wp-json\/wp\/v2\/users\/1"}],"replies":[{"embeddable":true,"href":"https:\/\/wedoback.com\/pt-pt\/wp-json\/wp\/v2\/comments?post=19921"}],"version-history":[{"count":0,"href":"https:\/\/wedoback.com\/pt-pt\/wp-json\/wp\/v2\/pages\/19921\/revisions"}],"wp:attachment":[{"href":"https:\/\/wedoback.com\/pt-pt\/wp-json\/wp\/v2\/media?parent=19921"}],"curies":[{"name":"wp","href":"https:\/\/api.w.org\/{rel}","templated":true}]}}