{"id":19897,"date":"2024-07-26T17:51:42","date_gmt":"2024-07-26T15:51:42","guid":{"rendered":"https:\/\/www.wedoback.net\/processamento-de-dados-pessoais\/"},"modified":"2025-05-04T12:00:20","modified_gmt":"2025-05-04T10:00:20","slug":"processamento-de-dados-pessoais","status":"publish","type":"page","link":"https:\/\/wedoback.com\/pt-pt\/processamento-de-dados-pessoais\/","title":{"rendered":"Processamento de dados pessoais"},"content":{"rendered":"\t\t<div data-elementor-type=\"wp-page\" data-elementor-id=\"19897\" class=\"elementor elementor-19897\" data-elementor-settings=\"{&quot;ha_cmc_init_switcher&quot;:&quot;no&quot;}\" data-elementor-post-type=\"page\">\n\t\t\t\t<div class=\"elementor-element elementor-element-1c2763b e-flex e-con-boxed e-con e-parent\" data-id=\"1c2763b\" data-element_type=\"container\" data-e-type=\"container\" data-settings=\"{&quot;_ha_eqh_enable&quot;:false}\">\n\t\t\t\t\t<div class=\"e-con-inner\">\n\t\t\t\t<div class=\"elementor-element elementor-element-0e99a7d elementor-widget elementor-widget-text-editor\" data-id=\"0e99a7d\" data-element_type=\"widget\" data-e-type=\"widget\" data-widget_type=\"text-editor.default\">\n\t\t\t\t<div class=\"elementor-widget-container\">\n\t\t\t\t\t\t\t\t\t<p>No \u00e2mbito da gest\u00e3o de clientes da marca WeDoBack, a empresa D\u00e9dicace Software, respons\u00e1vel pela venda e promo\u00e7\u00e3o dos servi\u00e7os WeDoBack na Europa, recolhe os teus dados pessoais (por exemplo, apelido, nome pr\u00f3prio, morada, n\u00famero de telefone, etc.).<\/p>\n<p><span style=\"text-align: var(--text-align); background-color: var(--ts-main-bg); color: var(--ts-text-color); font-family: var(--ts-pr-font-family); font-size: var(--ts-body-font-size); font-style: var(--ts-pr-font-style); font-weight: var(--ts-pr-font-weight); letter-spacing: var(--ts-pr-letter-spacing);\">\u00c9 tratada pelo Sr. DESEE Simon, 4 route de la c\u00f4te \u00e0 Bournet 16440 MOUTHIERS SUR BOEME. Correio eletr\u00f3nico: direction@dedisoft.com <\/span><\/p>\n<p><span style=\"text-align: var(--text-align); background-color: var(--ts-main-bg); color: var(--ts-text-color); font-family: var(--ts-pr-font-family); font-size: var(--ts-body-font-size); font-style: var(--ts-pr-font-style); font-weight: var(--ts-pr-font-weight); letter-spacing: var(--ts-pr-letter-spacing);\">A pessoa respons\u00e1vel pela prote\u00e7\u00e3o de dados \u00e9: Mme DESEE Catherine, 4 route de la c\u00f4te \u00e0 Bournet 16440 MOUTHIERS SUR BOEME. Telefone: 09.72.50.88.28. Correio eletr\u00f3nico: dpo@wedoback.com.  <\/span><\/p>\n<p><span style=\"text-decoration: underline;\"><strong><span style=\"text-align: var(--text-align); background-color: var(--ts-main-bg); color: var(--ts-text-color); font-family: var(--ts-pr-font-family); font-size: var(--ts-body-font-size); font-style: var(--ts-pr-font-style); letter-spacing: var(--ts-pr-letter-spacing); text-decoration: underline;\">Artigo 1:<\/span><\/strong><\/span><\/p>\n<p>Os dados pessoais s\u00f3 ser\u00e3o processados ou utilizados na medida em que tal seja necess\u00e1rio para :<\/p>\n<p>1) A execu\u00e7\u00e3o do teu contrato comercial e o bom funcionamento do pr\u00f3prio servi\u00e7o, incluindo, por exemplo (lista n\u00e3o exaustiva):<\/p>\n<ul>\n<li>Encomendas, facturas, contabilidade e, em especial, gest\u00e3o de contas a receber,<\/li>\n<li>Acompanhar as rela\u00e7\u00f5es com os clientes, gerir as reclama\u00e7\u00f5es e o servi\u00e7o de apoio<\/li>\n<li>Utiliza\u00e7\u00e3o dos teus dados banc\u00e1rios para d\u00e9bitos diretos,<\/li>\n<li>Utiliza\u00e7\u00e3o do teu endere\u00e7o postal para te enviar correio,<\/li>\n<li>Utiliza\u00e7\u00e3o do n\u00famero de telefone e do endere\u00e7o de correio eletr\u00f3nico da tua empresa<\/li>\n<li>Dados de liga\u00e7\u00e3o e localiza\u00e7\u00e3o para o bom funcionamento e seguran\u00e7a do nosso portal do cliente<\/li>\n<\/ul>\n<p>2) Para cumprir uma obriga\u00e7\u00e3o legal e\/ou regulamentar<\/p>\n<p><span style=\"text-decoration: underline;\"><strong>Artigo 2:<\/strong><\/span><\/p>\n<p>As tuas informa\u00e7\u00f5es pessoais ser\u00e3o conservadas durante o tempo necess\u00e1rio para a execu\u00e7\u00e3o do teu contrato, para o cumprimento das obriga\u00e7\u00f5es legais e regulamentares da empresa e para o exerc\u00edcio das prerrogativas que lhe s\u00e3o conferidas por lei e pela jurisprud\u00eancia.<\/p>\n<p>Os dados ser\u00e3o conservados durante a vig\u00eancia da rela\u00e7\u00e3o comercial e, posteriormente, por um per\u00edodo m\u00e1ximo de 6 meses a contar do termo da rela\u00e7\u00e3o contratual. Salvo autoriza\u00e7\u00e3o do cliente ou exig\u00eancia legal ou regulamentar espec\u00edfica. (Por exemplo: 10 anos para os dados banc\u00e1rios).  <\/p>\n<p>Para a utiliza\u00e7\u00e3o do nosso servi\u00e7o de comunica\u00e7\u00e3o em linha: os teus dados s\u00e3o conservados at\u00e9 que o utilizador apague a sua conta ou durante um per\u00edodo m\u00e1ximo de 6 meses a contar do fim da rela\u00e7\u00e3o comercial. N\u00e3o ser\u00e3o recolhidos quaisquer dados atrav\u00e9s de cookies, exceto o consentimento do cliente para utilizar o s\u00edtio (escolha da l\u00edngua, etc.). <\/p>\n<p>Enquanto os teus dados pessoais estiverem na nossa posse, tomaremos todas as medidas necess\u00e1rias para garantir a sua confidencialidade e seguran\u00e7a, de modo a evitar que sejam danificados, apagados ou acedidos por terceiros n\u00e3o autorizados.<\/p>\n<p><span style=\"text-decoration: underline;\"><strong>Artigo 3:<\/strong><\/span><\/p>\n<p>O acesso aos dados pessoais \u00e9 estritamente limitado aos funcion\u00e1rios da empresa autorizados a trat\u00e1-los em virtude das suas fun\u00e7\u00f5es.<\/p>\n<p>As informa\u00e7\u00f5es recolhidas podem ser comunicadas a terceiros, como as autoridades p\u00fablicas, os nossos parceiros e os nossos prestadores de servi\u00e7os terceiros. \u00c9 de salientar que, no \u00e2mbito da execu\u00e7\u00e3o dos seus servi\u00e7os, os terceiros t\u00eam apenas um acesso limitado aos dados e s\u00e3o obrigados a utiliz\u00e1-los em conformidade com as disposi\u00e7\u00f5es da legisla\u00e7\u00e3o aplic\u00e1vel em mat\u00e9ria de prote\u00e7\u00e3o de dados pessoais. No que diz respeito aos nossos agentes de vendas, estes prestadores de servi\u00e7os n\u00e3o armazenam quaisquer dados fora dos nossos servidores protegidos.  <\/p>\n<p>No \u00e2mbito das suas opera\u00e7\u00f5es de tratamento, o respons\u00e1vel pelo tratamento de dados compromete-se a n\u00e3o transferir os teus dados pessoais para fora da Uni\u00e3o Europeia. Exceto nos seguintes casos, em que os dados podem ser transferidos para os Estados Unidos: &nbsp;<\/p>\n<ul>\n<li>Para clientes que utilizam o Office 365 fornecido pela D\u00e9dicace Software;<\/li>\n<li>A pedido de alguns editores que fornecem licen\u00e7as nominativas aos clientes;<\/li>\n<li>Para certos certificados SSL, para definir a pessoa de contacto do cliente para a autoridade de certifica\u00e7\u00e3o.<\/li>\n<\/ul>\n<p><span style=\"text-decoration: underline;\"><strong>Artigo 4:<\/strong><\/span><\/p>\n<p>Em conformidade com as disposi\u00e7\u00f5es legais e regulamentares aplic\u00e1veis, tens o direito de aceder, retificar, portar e apagar os teus dados ou de limitar o seu tratamento. Podes tamb\u00e9m, por raz\u00f5es leg\u00edtimas, opor-te ao tratamento dos dados que te dizem respeito. <\/p>\n<p>Sob reserva da apresenta\u00e7\u00e3o de um documento de identidade v\u00e1lido, podes exercer os teus direitos, dentro dos limites legais, contactando o nosso respons\u00e1vel pela prote\u00e7\u00e3o de dados: DESEE Catherine, cujos dados de contacto est\u00e3o indicados acima.<\/p>\n<p>Se tiveres problemas com a gest\u00e3o dos teus dados pessoais, podes contactar a Commission Nationale de l&#8217;Informatique et des libert\u00e9s (mais informa\u00e7\u00f5es em www.cnil.fr).<\/p>\t\t\t\t\t\t\t\t<\/div>\n\t\t\t\t<\/div>\n\t\t\t\t\t<\/div>\n\t\t\t\t<\/div>\n\t\t\t\t<\/div>\n\t\t","protected":false},"excerpt":{"rendered":"<p>No \u00e2mbito da gest\u00e3o de clientes da marca WeDoBack, a empresa D\u00e9dicace Software, respons\u00e1vel pela venda e promo\u00e7\u00e3o dos servi\u00e7os WeDoBack na Europa, recolhe os teus dados pessoais (por exemplo, apelido, nome pr\u00f3prio, morada, n\u00famero de telefone, etc.). \u00c9 tratada pelo Sr. DESEE Simon, 4 route de la c\u00f4te \u00e0 Bournet 16440 MOUTHIERS SUR BOEME. [&hellip;]<\/p>\n","protected":false},"author":9,"featured_media":0,"parent":0,"menu_order":0,"comment_status":"closed","ping_status":"closed","template":"","meta":{"om_disable_all_campaigns":false,"_monsterinsights_skip_tracking":false,"_monsterinsights_sitenote_active":false,"_monsterinsights_sitenote_note":"","_monsterinsights_sitenote_category":0,"footnotes":""},"class_list":["post-19897","page","type-page","status-publish","hentry"],"aioseo_notices":[],"_links":{"self":[{"href":"https:\/\/wedoback.com\/pt-pt\/wp-json\/wp\/v2\/pages\/19897","targetHints":{"allow":["GET"]}}],"collection":[{"href":"https:\/\/wedoback.com\/pt-pt\/wp-json\/wp\/v2\/pages"}],"about":[{"href":"https:\/\/wedoback.com\/pt-pt\/wp-json\/wp\/v2\/types\/page"}],"author":[{"embeddable":true,"href":"https:\/\/wedoback.com\/pt-pt\/wp-json\/wp\/v2\/users\/9"}],"replies":[{"embeddable":true,"href":"https:\/\/wedoback.com\/pt-pt\/wp-json\/wp\/v2\/comments?post=19897"}],"version-history":[{"count":0,"href":"https:\/\/wedoback.com\/pt-pt\/wp-json\/wp\/v2\/pages\/19897\/revisions"}],"wp:attachment":[{"href":"https:\/\/wedoback.com\/pt-pt\/wp-json\/wp\/v2\/media?parent=19897"}],"curies":[{"name":"wp","href":"https:\/\/api.w.org\/{rel}","templated":true}]}}