{"id":19765,"date":"2024-07-09T13:22:41","date_gmt":"2024-07-09T11:22:41","guid":{"rendered":"https:\/\/www.wedoback.net\/termos-e-condicoes-gerais-de-utilizacao\/"},"modified":"2025-05-04T12:00:09","modified_gmt":"2025-05-04T10:00:09","slug":"termos-e-condicoes-gerais-de-utilizacao","status":"publish","type":"page","link":"https:\/\/wedoback.com\/pt-pt\/termos-e-condicoes-gerais-de-utilizacao\/","title":{"rendered":"Informa\u00e7\u00e3o jur\u00eddica"},"content":{"rendered":"\t\t<div data-elementor-type=\"wp-page\" data-elementor-id=\"19765\" class=\"elementor elementor-19765\" data-elementor-settings=\"{&quot;ha_cmc_init_switcher&quot;:&quot;no&quot;}\" data-elementor-post-type=\"page\">\n\t\t\t\t<div class=\"elementor-element elementor-element-dc8d437 e-flex e-con-boxed e-con e-parent\" data-id=\"dc8d437\" data-element_type=\"container\" data-e-type=\"container\" data-settings=\"{&quot;_ha_eqh_enable&quot;:false}\">\n\t\t\t\t\t<div class=\"e-con-inner\">\n\t\t\t\t<div class=\"elementor-element elementor-element-66d6251 elementor-widget elementor-widget-text-editor\" data-id=\"66d6251\" data-element_type=\"widget\" data-e-type=\"widget\" data-widget_type=\"text-editor.default\">\n\t\t\t\t<div class=\"elementor-widget-container\">\n\t\t\t\t\t\t\t\t\t<h4>Os avisos legais que se aplicam a todos os utilizadores da Internet que visitam este s\u00edtio<\/h4><p>A simples consulta ou visita deste s\u00edtio implica a aceita\u00e7\u00e3o sem reservas das presentes condi\u00e7\u00f5es.<\/p><p>Tem em aten\u00e7\u00e3o que estes avisos legais podem ser alterados a qualquer momento sem aviso pr\u00e9vio.<\/p><p>Em conformidade com a lei francesa sobre a economia digital (LEN), lei n.\u00ba 2004-275 para a confian\u00e7a na economia digital, apresentamos aqui os dados de contacto do editor deste site:<\/p><h6>EDITOR DO SITE<\/h6><p>DEDICACE SOFTWARE<br>4, ROUTE DE LA COTE A BOURNET<br>16440 MOUTHIERS SUR BOEME<br>FRANCE<\/p><p>Representante legal: M. DESEE Simon,<\/p><p>Presidente da SAS D\u00e9dicace Software<\/p><p>Faz parte do grupo Pioneer Humani, respons\u00e1vel pela representa\u00e7\u00e3o, promo\u00e7\u00e3o, venda e fornecimento de servi\u00e7os de TI CyberWall na Europa.<\/p><p>Fora da Europa, estas actividades s\u00e3o realizadas diretamente pela Pioneer Humani ou pelos seus centros regionais e respectivas filiais, consoante a regi\u00e3o em causa.<\/p><p>A fatura\u00e7\u00e3o \u00e9 igualmente efectuada pela entidade do Grupo respons\u00e1vel pela localiza\u00e7\u00e3o do cliente.<\/p><p><span style=\"color: inherit; font-size: 18px; font-weight: bold; letter-spacing: 0.45px;\">DISPONIBILIDADE E CONTE\u00daDO DO S\u00cdTIO<\/span><\/p><p>A D\u00e9dicace Software n\u00e3o pode ser responsabilizada em caso de inacessibilidade ou de dificuldades que possam surgir durante a consulta deste s\u00edtio.<\/p><p>O visitante reconhece que as falhas inerentes \u00e0 rede Internet podem dificultar ou mesmo impedir o acesso a este s\u00edtio.<\/p><p>A D\u00e9dicace Software esfor\u00e7a-se por manter actualizados os dados e explica\u00e7\u00f5es apresentados no seu site.<\/p><p>No entanto, o visitante reconhece que pode demorar algum tempo at\u00e9 que as actualiza\u00e7\u00f5es sejam formatadas e tidas em conta neste s\u00edtio.<\/p><h6>ALOJAMENTO DO SITE<\/h6><p>SCALEWAY SAS<br>BP 438<br>75366 Paris CEDEX 08<br>FRAN\u00c7A<br>http:\/\/www.scaleway.net<\/p><h6>PROPRIEDADE INTELECTUAL<\/h6><p>O site www.wedoback.com \u00e9 propriedade e operado pelo grupo Pioneer Humani, atrav\u00e9s da sua subsidi\u00e1ria D\u00e9dicace Software SAS, doravante referida como &#8220;D\u00e9dicace Software&#8221;. Todos os elementos, incluindo (sem que esta lista seja exaustiva), ilustra\u00e7\u00f5es, textos, v\u00eddeos e outros sites indicados em todas as p\u00e1ginas est\u00e3o protegidos pelas leis em vigor sobre propriedade intelectual. S\u00e3o propriedade da D\u00e9dicace Software ou est\u00e3o sujeitos a uma autoriza\u00e7\u00e3o expressa de utiliza\u00e7\u00e3o.  <\/p><p>Nenhuma parte deste s\u00edtio Web pode ser duplicada, copiada, reproduzida, modificada, republicada, utilizada, transmitida, distribu\u00edda, etc., seja de que forma for, no todo ou em parte, em qualquer suporte, sem a autoriza\u00e7\u00e3o escrita da WeDoBack.<\/p><p>A WeDoBack reserva-se o direito de tomar todas as medidas legais necess\u00e1rias em caso de infra\u00e7\u00e3o ou desrespeito dos seus direitos de propriedade intelectual.<\/p><p>As marcas registadas neste s\u00edtio Web s\u00e3o registadas pelas empresas que as det\u00eam.<\/p><h6><span style=\"color: inherit; letter-spacing: 0.45px;\">INFORMA\u00c7\u00d5ES RELATIVAS AOS COOKIES<\/span><\/h6><p><strong>O que s\u00e3o cookies e para que s\u00e3o utilizados?<\/strong><\/p><p>Um cookie \u00e9 um ficheiro de texto que pode ser armazenado, sob reserva das tuas escolhas, num espa\u00e7o dedicado do disco r\u00edgido do teu terminal (computador, tablet, etc.) quando consultas um servi\u00e7o em linha utilizando o teu software de navega\u00e7\u00e3o.<\/p><p>\u00c9 transmitido pelo servidor de um s\u00edtio Web ao teu navegador. A cada cookie \u00e9 atribu\u00eddo um identificador an\u00f3nimo. <\/p><p>O ficheiro cookie permite ao seu emissor identificar o terminal em que est\u00e1 armazenado durante o per\u00edodo de validade ou de armazenamento do cookie em causa.<\/p><p>Um cookie n\u00e3o pode ser rastreado at\u00e9 um indiv\u00edduo.<\/p><p><strong>Que tipos de cookies s\u00e3o colocados no nosso s\u00edtio Web?<\/strong><\/p><p>Este s\u00edtio utiliza cookies apenas para o seu bom funcionamento.<\/p><p>S\u00e3o utilizados para recordar as tuas prefer\u00eancias de navega\u00e7\u00e3o e o idioma de apresenta\u00e7\u00e3o que escolheste.<\/p><p>N\u00e3o s\u00e3o utilizados cookies de terceiros e n\u00e3o s\u00e3o transmitidas informa\u00e7\u00f5es a terceiros.<\/p><p>Tamb\u00e9m utilizamos o nosso pr\u00f3prio servidor de estat\u00edsticas para avaliar a relev\u00e2ncia do conte\u00fado do nosso s\u00edtio.<\/p>\t\t\t\t\t\t\t\t<\/div>\n\t\t\t\t<\/div>\n\t\t\t\t\t<\/div>\n\t\t\t\t<\/div>\n\t\t\t\t<\/div>\n\t\t","protected":false},"excerpt":{"rendered":"<p>Os avisos legais que se aplicam a todos os utilizadores da Internet que visitam este s\u00edtio A simples consulta ou visita deste s\u00edtio implica a aceita\u00e7\u00e3o sem reservas das presentes condi\u00e7\u00f5es. Tem em aten\u00e7\u00e3o que estes avisos legais podem ser alterados a qualquer momento sem aviso pr\u00e9vio. Em conformidade com a lei francesa sobre a [&hellip;]<\/p>\n","protected":false},"author":1,"featured_media":0,"parent":0,"menu_order":0,"comment_status":"closed","ping_status":"closed","template":"","meta":{"om_disable_all_campaigns":false,"_monsterinsights_skip_tracking":false,"_monsterinsights_sitenote_active":false,"_monsterinsights_sitenote_note":"","_monsterinsights_sitenote_category":0,"footnotes":""},"class_list":["post-19765","page","type-page","status-publish","hentry"],"aioseo_notices":[],"_links":{"self":[{"href":"https:\/\/wedoback.com\/pt-pt\/wp-json\/wp\/v2\/pages\/19765","targetHints":{"allow":["GET"]}}],"collection":[{"href":"https:\/\/wedoback.com\/pt-pt\/wp-json\/wp\/v2\/pages"}],"about":[{"href":"https:\/\/wedoback.com\/pt-pt\/wp-json\/wp\/v2\/types\/page"}],"author":[{"embeddable":true,"href":"https:\/\/wedoback.com\/pt-pt\/wp-json\/wp\/v2\/users\/1"}],"replies":[{"embeddable":true,"href":"https:\/\/wedoback.com\/pt-pt\/wp-json\/wp\/v2\/comments?post=19765"}],"version-history":[{"count":0,"href":"https:\/\/wedoback.com\/pt-pt\/wp-json\/wp\/v2\/pages\/19765\/revisions"}],"wp:attachment":[{"href":"https:\/\/wedoback.com\/pt-pt\/wp-json\/wp\/v2\/media?parent=19765"}],"curies":[{"name":"wp","href":"https:\/\/api.w.org\/{rel}","templated":true}]}}