{"id":21654,"date":"2024-07-17T18:40:11","date_gmt":"2024-07-17T16:40:11","guid":{"rendered":"https:\/\/www.wedoback.com\/produit\/orgaos-da-pca\/"},"modified":"2024-07-17T18:40:11","modified_gmt":"2024-07-17T16:40:11","slug":"orgaos-da-pca","status":"publish","type":"product","link":"https:\/\/wedoback.com\/pt-br\/produit\/orgaos-da-pca\/","title":{"rendered":"\u00d3rg\u00e3os da PCA"},"content":{"rendered":"<p>As inst\u00e2ncias de PCA s\u00e3o servidores em nuvem permanentemente dispon\u00edveis que fornecem backup imediato em caso de falha de um dos seus servidores.<\/p>\n<p>Ordene aqui <strong>os diferentes tipos de inst\u00e2ncias (e o n\u00famero delas)<\/strong> que voc\u00ea precisa para manter sua atividade em caso de desastre.<\/p>\n<p>&nbsp;<\/p>\n","protected":false},"excerpt":{"rendered":"<p>Ordene aqui os <strong>diferentes tipos de inst\u00e2ncia (e o n\u00famero delas)<\/strong> de que voc\u00ea precisa para manter sua atividade no caso de um desastre.<\/p>\n<p>&nbsp;<\/p>\n","protected":false},"featured_media":21419,"template":"","meta":{"om_disable_all_campaigns":false,"_monsterinsights_skip_tracking":false,"_monsterinsights_sitenote_active":false,"_monsterinsights_sitenote_note":"","_monsterinsights_sitenote_category":0},"product_brand":[],"product_cat":[1269,1255],"product_tag":[],"class_list":{"0":"post-21654","1":"product","2":"type-product","3":"status-publish","4":"has-post-thumbnail","6":"product_cat-corpos","7":"product_cat-pca-pt-br","9":"first","10":"instock","11":"taxable","12":"shipping-taxable","13":"purchasable","14":"product-type-variable-subscription"},"aioseo_notices":[],"subscription_discounts_type":"fixed","fixed_subscription_discounts":[],"subscription_discounts_product_settings":{"layout":"default","default_variation":null},"subscription_discounts_roles_data":[],"percentage_subscription_discounts":[],"_links":{"self":[{"href":"https:\/\/wedoback.com\/pt-br\/wp-json\/wp\/v2\/product\/21654","targetHints":{"allow":["GET"]}}],"collection":[{"href":"https:\/\/wedoback.com\/pt-br\/wp-json\/wp\/v2\/product"}],"about":[{"href":"https:\/\/wedoback.com\/pt-br\/wp-json\/wp\/v2\/types\/product"}],"wp:featuredmedia":[{"embeddable":true,"href":"https:\/\/wedoback.com\/pt-br\/wp-json\/wp\/v2\/media\/21419"}],"wp:attachment":[{"href":"https:\/\/wedoback.com\/pt-br\/wp-json\/wp\/v2\/media?parent=21654"}],"wp:term":[{"taxonomy":"product_brand","embeddable":true,"href":"https:\/\/wedoback.com\/pt-br\/wp-json\/wp\/v2\/product_brand?post=21654"},{"taxonomy":"product_cat","embeddable":true,"href":"https:\/\/wedoback.com\/pt-br\/wp-json\/wp\/v2\/product_cat?post=21654"},{"taxonomy":"product_tag","embeddable":true,"href":"https:\/\/wedoback.com\/pt-br\/wp-json\/wp\/v2\/product_tag?post=21654"}],"curies":[{"name":"wp","href":"https:\/\/api.w.org\/{rel}","templated":true}]}}