{"id":21650,"date":"2024-06-28T08:25:01","date_gmt":"2024-06-28T06:25:01","guid":{"rendered":"https:\/\/www.wedoback.com\/produit\/enderecos-ip-publicos\/"},"modified":"2024-06-28T08:25:01","modified_gmt":"2024-06-28T06:25:01","slug":"enderecos-ip-publicos","status":"publish","type":"product","link":"https:\/\/wedoback.com\/pt-br\/produit\/enderecos-ip-publicos\/","title":{"rendered":"Endere\u00e7os IP p\u00fablicos"},"content":{"rendered":"","protected":false},"excerpt":{"rendered":"<p>Para manter seus servi\u00e7os on-line (loja, site, etc.), voc\u00ea precisa reservar endere\u00e7os IP p\u00fablicos para que seus clientes possam continuar a acess\u00e1-los.<\/p>\n<p>Recomendamos que voc\u00ea reserve tantos endere\u00e7os IP p\u00fablicos em seu DRP para seus servi\u00e7os on-line quanto os que voc\u00ea usa na opera\u00e7\u00e3o normal.<\/p>\n<p>Esses endere\u00e7os IP s\u00e3o comunicados a voc\u00ea assim que o DRP \u00e9 entregue para facilitar a configura\u00e7\u00e3o do processo de failover em caso de desastre.<\/p>\n","protected":false},"featured_media":21416,"template":"","meta":{"om_disable_all_campaigns":false,"_monsterinsights_skip_tracking":false,"_monsterinsights_sitenote_active":false,"_monsterinsights_sitenote_note":"","_monsterinsights_sitenote_category":0},"product_brand":[],"product_cat":[1522,1255,1254],"product_tag":[],"class_list":{"0":"post-21650","1":"product","2":"type-product","3":"status-publish","4":"has-post-thumbnail","6":"product_cat-endereco-ip","7":"product_cat-pca-pt-br","8":"product_cat-pra-pt-br","10":"first","11":"instock","12":"virtual","13":"taxable","14":"purchasable","15":"product-type-subscription"},"aioseo_notices":[],"subscription_discounts_type":"fixed","fixed_subscription_discounts":[],"subscription_discounts_product_settings":{"layout":"default","default_variation":null},"subscription_discounts_roles_data":[],"percentage_subscription_discounts":[],"_links":{"self":[{"href":"https:\/\/wedoback.com\/pt-br\/wp-json\/wp\/v2\/product\/21650","targetHints":{"allow":["GET"]}}],"collection":[{"href":"https:\/\/wedoback.com\/pt-br\/wp-json\/wp\/v2\/product"}],"about":[{"href":"https:\/\/wedoback.com\/pt-br\/wp-json\/wp\/v2\/types\/product"}],"wp:featuredmedia":[{"embeddable":true,"href":"https:\/\/wedoback.com\/pt-br\/wp-json\/wp\/v2\/media\/21416"}],"wp:attachment":[{"href":"https:\/\/wedoback.com\/pt-br\/wp-json\/wp\/v2\/media?parent=21650"}],"wp:term":[{"taxonomy":"product_brand","embeddable":true,"href":"https:\/\/wedoback.com\/pt-br\/wp-json\/wp\/v2\/product_brand?post=21650"},{"taxonomy":"product_cat","embeddable":true,"href":"https:\/\/wedoback.com\/pt-br\/wp-json\/wp\/v2\/product_cat?post=21650"},{"taxonomy":"product_tag","embeddable":true,"href":"https:\/\/wedoback.com\/pt-br\/wp-json\/wp\/v2\/product_tag?post=21650"}],"curies":[{"name":"wp","href":"https:\/\/api.w.org\/{rel}","templated":true}]}}