{"id":21648,"date":"2024-07-06T16:02:07","date_gmt":"2024-07-06T14:02:07","guid":{"rendered":"https:\/\/www.wedoback.com\/produit\/controle-de-seguranca\/"},"modified":"2024-07-06T16:02:07","modified_gmt":"2024-07-06T14:02:07","slug":"controle-de-seguranca","status":"publish","type":"product","link":"https:\/\/wedoback.com\/pt-br\/produit\/controle-de-seguranca\/","title":{"rendered":"Controle de seguran\u00e7a"},"content":{"rendered":"<p>Gra\u00e7as \u00e0 <strong>parceria desenvolvida entre a WeDoBack e os servi\u00e7os de seguran\u00e7a cibern\u00e9tica da<a href=\"https:\/\/www.it-cyberwall.com\">IT CyberWall<\/a><\/strong>, temos o prazer de poder oferecer aos clientes que assinam nossa oferta INTEGRAL, PCA ou PRA ferramentas de seguran\u00e7a que lhes permitem proteger seus dados!<\/p>\n<p>Voc\u00ea se beneficiar\u00e1 de :<\/p>\n<ul>\n<li><strong><u>Controle de endpoint<\/u><\/strong> Esse recurso oferece controle preciso sobre os dados e as opera\u00e7\u00f5es em cada computador protegido. Ele detecta e impede qualquer <strong>consulta ou transmiss\u00e3o n\u00e3o autorizada de<\/strong> dados por meio de v\u00e1rios canais, como m\u00eddia remov\u00edvel, impressoras e perif\u00e9ricos virtuais. <\/li>\n<li><strong><u>Avalia\u00e7\u00e3o de vulnerabilidade<\/u><\/strong> Essa fun\u00e7\u00e3o identifica, quantifica e prioriza as <strong>poss\u00edveis vulnerabilidades e falhas<\/strong> detectadas em uma m\u00e1quina.<\/li>\n<\/ul>\n<p>No entanto, esse servi\u00e7o gratuito \u00e9 limitado \u00e0 an\u00e1lise: o processamento automatizado dessas atualiza\u00e7\u00f5es \u00e9 uma op\u00e7\u00e3o paga fornecida pelo <strong><a href=\"https:\/\/www.it-cyberwall.com\">IT CyberWall<\/a><\/strong>.<\/p>\n<ul>\n<li><strong><u>Prote\u00e7\u00e3o contra v\u00edrus e malware<\/u><\/strong> Esse recurso <strong>monitora todas as altera\u00e7\u00f5es feitas<\/strong> nos arquivos de dados do sistema. O objetivo \u00e9 identificar ataques de ransomware e suas variantes ainda desconhecidas. Ele \u00e9 \u00fatil em sistemas n\u00e3o equipados com uma solu\u00e7\u00e3o antiv\u00edrus qualificada, como a solu\u00e7\u00e3o S\u00e9curiPro da IT CyberWall.  <\/li>\n<\/ul>\n","protected":false},"excerpt":{"rendered":"<p>Gra\u00e7as \u00e0 <strong>parceria desenvolvida entre a WeDoBack e os servi\u00e7os de seguran\u00e7a cibern\u00e9tica da<\/strong><a href=\"https:\/\/www.it-cyberwall.com\"><strong>IT CyberWall<\/strong><\/a>temos o prazer de poder oferecer aos clientes que assinam nossos pacotes INTEGRAL ou PRA as ferramentas de seguran\u00e7a de que precisam para proteger seus dados!<\/p>\n<p>Voc\u00ea se beneficiar\u00e1 de :<\/p>\n<ul>\n<li><strong><u>Controle de endpoint<\/u><\/strong> Esse recurso oferece controle preciso sobre os dados e as opera\u00e7\u00f5es em cada computador protegido. Ele detecta e impede qualquer consulta ou transmiss\u00e3o n\u00e3o autorizada de dados por meio de v\u00e1rios canais, como m\u00eddia remov\u00edvel, impressoras e perif\u00e9ricos virtuais. <\/li>\n<\/ul>\n<p>&nbsp;<\/p>\n<ul>\n<li><strong><u>Avalia\u00e7\u00e3o de vulnerabilidade:<\/u><\/strong> Esse recurso identifica, quantifica e prioriza as poss\u00edveis vulnerabilidades e falhas detectadas em uma m\u00e1quina. No entanto, esse servi\u00e7o gratuito limita-se \u00e0 an\u00e1lise: o processamento automatizado dessas atualiza\u00e7\u00f5es \u00e9 uma op\u00e7\u00e3o paga oferecida pelo IT CyberWall. <\/li>\n<\/ul>\n<p>&nbsp;<\/p>\n<ul>\n<li><strong><u>Prote\u00e7\u00e3o contra v\u00edrus e malware:<\/u><\/strong> Esse recurso monitora todas as altera\u00e7\u00f5es feitas nos arquivos de dados do sistema. O objetivo \u00e9 identificar ataques de ransomware e suas variantes ainda desconhecidas. \u00c9 \u00fatil em sistemas n\u00e3o equipados com uma solu\u00e7\u00e3o antiv\u00edrus qualificada, como a solu\u00e7\u00e3o S\u00e9curiPro da IT CyberWall.  <\/li>\n<\/ul>\n<p>&nbsp;<\/p>\n","protected":false},"featured_media":21417,"template":"","meta":{"om_disable_all_campaigns":false,"_monsterinsights_skip_tracking":false,"_monsterinsights_sitenote_active":false,"_monsterinsights_sitenote_note":"","_monsterinsights_sitenote_category":0},"product_brand":[],"product_cat":[1272],"product_tag":[],"class_list":{"0":"post-21648","1":"product","2":"type-product","3":"status-publish","4":"has-post-thumbnail","6":"product_cat-opcoes","8":"first","9":"instock","10":"virtual","11":"taxable","12":"purchasable","13":"product-type-subscription"},"aioseo_notices":[],"subscription_discounts_type":"fixed","fixed_subscription_discounts":[],"subscription_discounts_product_settings":{"layout":"default","default_variation":null},"subscription_discounts_roles_data":[],"percentage_subscription_discounts":[],"_links":{"self":[{"href":"https:\/\/wedoback.com\/pt-br\/wp-json\/wp\/v2\/product\/21648","targetHints":{"allow":["GET"]}}],"collection":[{"href":"https:\/\/wedoback.com\/pt-br\/wp-json\/wp\/v2\/product"}],"about":[{"href":"https:\/\/wedoback.com\/pt-br\/wp-json\/wp\/v2\/types\/product"}],"wp:featuredmedia":[{"embeddable":true,"href":"https:\/\/wedoback.com\/pt-br\/wp-json\/wp\/v2\/media\/21417"}],"wp:attachment":[{"href":"https:\/\/wedoback.com\/pt-br\/wp-json\/wp\/v2\/media?parent=21648"}],"wp:term":[{"taxonomy":"product_brand","embeddable":true,"href":"https:\/\/wedoback.com\/pt-br\/wp-json\/wp\/v2\/product_brand?post=21648"},{"taxonomy":"product_cat","embeddable":true,"href":"https:\/\/wedoback.com\/pt-br\/wp-json\/wp\/v2\/product_cat?post=21648"},{"taxonomy":"product_tag","embeddable":true,"href":"https:\/\/wedoback.com\/pt-br\/wp-json\/wp\/v2\/product_tag?post=21648"}],"curies":[{"name":"wp","href":"https:\/\/api.w.org\/{rel}","templated":true}]}}