{"id":21292,"date":"2024-08-06T12:15:39","date_gmt":"2024-08-06T10:15:39","guid":{"rendered":"https:\/\/www.wedoback.com\/produit\/armazenamento-de-pca\/"},"modified":"2024-08-06T12:15:39","modified_gmt":"2024-08-06T10:15:39","slug":"armazenamento-de-pca","status":"publish","type":"product","link":"https:\/\/wedoback.com\/pt-br\/produit\/armazenamento-de-pca\/","title":{"rendered":"Armazenamento de PCA"},"content":{"rendered":"","protected":false},"excerpt":{"rendered":"<p>Escolha o <strong>volume necess\u00e1rio para armazenar os dados<\/strong> usados pelo seu BCP.<\/p>\n<p>Lembre-se de que o volume n\u00e3o inclui apenas o tamanho atual dos seus servidores, mas <strong>tamb\u00e9m o hist\u00f3rico de<\/strong> atualiza\u00e7\u00f5es que voc\u00ea planejar\u00e1.<\/p>\n<p>Voc\u00ea pode excluir pontos de backup, mas deve garantir que manter\u00e1 o que precisa.<\/p>\n<p>&nbsp;<\/p>\n","protected":false},"featured_media":21309,"template":"","meta":{"om_disable_all_campaigns":false,"_monsterinsights_skip_tracking":false,"_monsterinsights_sitenote_active":false,"_monsterinsights_sitenote_note":"","_monsterinsights_sitenote_category":0},"product_brand":[],"product_cat":[1393,1255],"product_tag":[],"class_list":{"0":"post-21292","1":"product","2":"type-product","3":"status-publish","4":"has-post-thumbnail","6":"product_cat-armazenamento-pt-br-2","7":"product_cat-pca-pt-br","9":"first","10":"instock","11":"taxable","12":"shipping-taxable","13":"purchasable","14":"product-type-variable-subscription"},"aioseo_notices":[],"subscription_discounts_type":"fixed","fixed_subscription_discounts":[],"subscription_discounts_product_settings":{"layout":"default","default_variation":null},"subscription_discounts_roles_data":[],"percentage_subscription_discounts":[],"_links":{"self":[{"href":"https:\/\/wedoback.com\/pt-br\/wp-json\/wp\/v2\/product\/21292","targetHints":{"allow":["GET"]}}],"collection":[{"href":"https:\/\/wedoback.com\/pt-br\/wp-json\/wp\/v2\/product"}],"about":[{"href":"https:\/\/wedoback.com\/pt-br\/wp-json\/wp\/v2\/types\/product"}],"wp:featuredmedia":[{"embeddable":true,"href":"https:\/\/wedoback.com\/pt-br\/wp-json\/wp\/v2\/media\/21309"}],"wp:attachment":[{"href":"https:\/\/wedoback.com\/pt-br\/wp-json\/wp\/v2\/media?parent=21292"}],"wp:term":[{"taxonomy":"product_brand","embeddable":true,"href":"https:\/\/wedoback.com\/pt-br\/wp-json\/wp\/v2\/product_brand?post=21292"},{"taxonomy":"product_cat","embeddable":true,"href":"https:\/\/wedoback.com\/pt-br\/wp-json\/wp\/v2\/product_cat?post=21292"},{"taxonomy":"product_tag","embeddable":true,"href":"https:\/\/wedoback.com\/pt-br\/wp-json\/wp\/v2\/product_tag?post=21292"}],"curies":[{"name":"wp","href":"https:\/\/api.w.org\/{rel}","templated":true}]}}