{"id":21184,"date":"2024-06-24T12:11:46","date_gmt":"2024-06-24T10:11:46","guid":{"rendered":"https:\/\/www.wedoback.com\/produit\/armazenamento-integral\/"},"modified":"2024-06-24T12:11:46","modified_gmt":"2024-06-24T10:11:46","slug":"armazenamento-integral","status":"publish","type":"product","link":"https:\/\/wedoback.com\/pt-br\/produit\/armazenamento-integral\/","title":{"rendered":"Armazenamento INTEGRAL"},"content":{"rendered":"<p><strong><u>Armazenamento faturado por To (terabyte), com taxas de escala m\u00f3vel de acordo com o volume.<\/u><\/strong><\/p>\n<p>Com o WeDoBack INTEGRAL, voc\u00ea se beneficia de uma solu\u00e7\u00e3o de backup premium projetada para proteger seus dados, oferecendo suporte t\u00e9cnico de alta qualidade. Quer voc\u00ea seja uma empresa ou um usu\u00e1rio exigente, o INTEGRAL \u00e9 a solu\u00e7\u00e3o ideal para garantir a seguran\u00e7a de seus arquivos, servidores, e-mails e outros conte\u00fados cr\u00edticos, com suporte dedicado para ajud\u00e1-lo em cada etapa do processo. <\/p>\n<p><strong>Backup sem compromisso<\/strong><br \/>\nO WeDoBack INTEGRAL cuida de todas as suas necessidades de backup: arquivos, pastas, servidores completos, esta\u00e7\u00f5es de trabalho, NAS e at\u00e9 mesmo suas contas de e-mail comercial, como o Microsoft 365 ou o Google Workspace. Essa oferta permite que voc\u00ea fa\u00e7a backup de tudo o que importa, dentro dos limites do volume de armazenamento e dos agentes solicitados. <\/p>\n<p><strong>Suporte t\u00e9cnico inclu\u00eddo todos os meses<\/strong><br \/>\nCom a WeDoBack INTEGRAL, voc\u00ea nunca ter\u00e1 que enfrentar seus desafios t\u00e9cnicos sozinho. Voc\u00ea se beneficia de **2 horas de suporte inclu\u00eddas todos os meses**, oferecendo assist\u00eancia r\u00e1pida e eficiente para configurar, gerenciar ou restaurar seus backups com total tranquilidade. <\/p>\n<p><strong>Prote\u00e7\u00e3o de dados aprimorada<\/strong><br \/>\nSeus dados s\u00e3o criptografados na origem para garantir total confidencialidade. Gra\u00e7as a essa criptografia avan\u00e7ada, combinada com servidores seguros localizados exclusivamente na Europa, suas informa\u00e7\u00f5es s\u00e3o protegidas contra qualquer amea\u00e7a ou acesso n\u00e3o autorizado. <\/p>\n<p><strong>Gerenciamento simplificado e flexibilidade ideal<\/strong><br \/>\nO WeDoBack INTEGRAL permite que voc\u00ea personalize e gerencie seus backups facilmente. Agendamento, sele\u00e7\u00e3o de dados para backup ou restaura\u00e7\u00e3o: tudo \u00e9 acess\u00edvel por meio de uma interface amig\u00e1vel, projetada para simplificar o seu trabalho di\u00e1rio. O tempo de reten\u00e7\u00e3o ajust\u00e1vel permite que voc\u00ea otimize o uso do armazenamento de acordo com as suas necessidades.  <\/p>\n<p><strong>Infraestrutura segura e de alto desempenho<\/strong><br \/>\nSeus dados s\u00e3o armazenados em servidores dedicados localizados em centros de hospedagem europeus separados da sua infraestrutura de produ\u00e7\u00e3o. Esses servidores s\u00e3o renovados regularmente para garantir a m\u00e1xima disponibilidade e seguran\u00e7a. <\/p>\n<p><strong>Uma solu\u00e7\u00e3o que vai al\u00e9m<\/strong><br \/>\nAl\u00e9m das fun\u00e7\u00f5es de backup padr\u00e3o, o WeDoBack INTEGRAL permite que voc\u00ea assine op\u00e7\u00f5es avan\u00e7adas, como &#8220;Disaster Recovery&#8221;, para uma restaura\u00e7\u00e3o r\u00e1pida e completa dos seus sistemas em caso de incidente.<\/p>\n<p><strong>Escolha a paz de esp\u00edrito com o WeDoBack INTEGRAL<\/strong><br \/>\nN\u00e3o deixe nada ao acaso: opte por uma solu\u00e7\u00e3o completa, segura e com suporte com o WeDoBack INTEGRAL. Proteja seus dados e beneficie-se do suporte t\u00e9cnico dedicado para uma experi\u00eancia de backup sem falhas. <\/p>\n","protected":false},"excerpt":{"rendered":"<p>Com o WeDoBack INTEGRAL, voc\u00ea se beneficia de uma solu\u00e7\u00e3o de backup premium projetada para proteger seus dados, oferecendo suporte t\u00e9cnico de alta qualidade. Quer voc\u00ea seja uma empresa ou um usu\u00e1rio exigente, o INTEGRAL \u00e9 a solu\u00e7\u00e3o ideal para garantir a seguran\u00e7a de seus arquivos, servidores, e-mails e outros conte\u00fados cr\u00edticos, com suporte dedicado para ajud\u00e1-lo em cada etapa do processo. <\/p>\n","protected":false},"featured_media":21198,"template":"","meta":{"om_disable_all_campaigns":false,"_monsterinsights_skip_tracking":false,"_monsterinsights_sitenote_active":false,"_monsterinsights_sitenote_note":"","_monsterinsights_sitenote_category":0},"product_brand":[],"product_cat":[1393,1249],"product_tag":[],"class_list":{"0":"post-21184","1":"product","2":"type-product","3":"status-publish","4":"has-post-thumbnail","6":"product_cat-armazenamento-pt-br-2","7":"product_cat-backup-pt-br","9":"first","10":"instock","11":"taxable","12":"shipping-taxable","13":"purchasable","14":"product-type-variable-subscription"},"aioseo_notices":[],"subscription_discounts_type":"fixed","fixed_subscription_discounts":[],"subscription_discounts_product_settings":{"layout":"default","default_variation":null},"subscription_discounts_roles_data":[],"percentage_subscription_discounts":[],"_links":{"self":[{"href":"https:\/\/wedoback.com\/pt-br\/wp-json\/wp\/v2\/product\/21184","targetHints":{"allow":["GET"]}}],"collection":[{"href":"https:\/\/wedoback.com\/pt-br\/wp-json\/wp\/v2\/product"}],"about":[{"href":"https:\/\/wedoback.com\/pt-br\/wp-json\/wp\/v2\/types\/product"}],"wp:featuredmedia":[{"embeddable":true,"href":"https:\/\/wedoback.com\/pt-br\/wp-json\/wp\/v2\/media\/21198"}],"wp:attachment":[{"href":"https:\/\/wedoback.com\/pt-br\/wp-json\/wp\/v2\/media?parent=21184"}],"wp:term":[{"taxonomy":"product_brand","embeddable":true,"href":"https:\/\/wedoback.com\/pt-br\/wp-json\/wp\/v2\/product_brand?post=21184"},{"taxonomy":"product_cat","embeddable":true,"href":"https:\/\/wedoback.com\/pt-br\/wp-json\/wp\/v2\/product_cat?post=21184"},{"taxonomy":"product_tag","embeddable":true,"href":"https:\/\/wedoback.com\/pt-br\/wp-json\/wp\/v2\/product_tag?post=21184"}],"curies":[{"name":"wp","href":"https:\/\/api.w.org\/{rel}","templated":true}]}}