{"id":21107,"date":"2024-06-24T16:31:27","date_gmt":"2024-06-24T14:31:27","guid":{"rendered":"https:\/\/www.wedoback.com\/produit\/armazenamento-imutavel\/"},"modified":"2024-06-24T16:31:27","modified_gmt":"2024-06-24T14:31:27","slug":"armazenamento-imutavel","status":"publish","type":"product","link":"https:\/\/wedoback.com\/pt-br\/produit\/armazenamento-imutavel\/","title":{"rendered":"Armazenamento imut\u00e1vel"},"content":{"rendered":"","protected":false},"excerpt":{"rendered":"<p>Escolha o WeDoBack Immutable e garanta que seus dados mais importantes permane\u00e7am intactos e seguros. Essa solu\u00e7\u00e3o avan\u00e7ada de armazenamento imut\u00e1vel foi projetada para atender \u00e0s necessidades das empresas preocupadas com a seguran\u00e7a e a conformidade normativa. <\/p>\n<p>O WeDoBack Immutable garante a integridade dos seus dados, protegendo-os contra adultera\u00e7\u00e3o, exclus\u00e3o maliciosa e ataques de ransomware. Gra\u00e7as \u00e0 tecnologia WORM (Write Once, Read Many), suas informa\u00e7\u00f5es permanecem inviol\u00e1veis, em conformidade com os padr\u00f5es mais rigorosos e seguras contra acesso n\u00e3o autorizado. <\/p>\n<p>Essa solu\u00e7\u00e3o tamb\u00e9m aumenta a seguran\u00e7a dos seus dados, protegendo-os contra amea\u00e7as internas e externas e garantindo que somente pessoas autorizadas tenham acesso. Voc\u00ea pode definir per\u00edodos de reten\u00e7\u00e3o espec\u00edficos para os seus backups, adaptados \u00e0s suas necessidades espec\u00edficas, garantindo um gerenciamento flex\u00edvel e eficiente das suas informa\u00e7\u00f5es cr\u00edticas. <\/p>\n<p>Escolha o WeDoBack Immutable para ter total tranquilidade, sabendo que seus dados confidenciais est\u00e3o rigorosa e permanentemente protegidos contra qualquer tentativa de adultera\u00e7\u00e3o ou exclus\u00e3o n\u00e3o autorizada.<\/p>\n","protected":false},"featured_media":21144,"template":"","meta":{"om_disable_all_campaigns":false,"_monsterinsights_skip_tracking":false,"_monsterinsights_sitenote_active":false,"_monsterinsights_sitenote_note":"","_monsterinsights_sitenote_category":0},"product_brand":[],"product_cat":[1393,1252],"product_tag":[],"class_list":{"0":"post-21107","1":"product","2":"type-product","3":"status-publish","4":"has-post-thumbnail","6":"product_cat-armazenamento-pt-br-2","7":"product_cat-imutavel","9":"first","10":"instock","11":"taxable","12":"shipping-taxable","13":"purchasable","14":"product-type-variable-subscription"},"aioseo_notices":[],"subscription_discounts_type":"fixed","fixed_subscription_discounts":[],"subscription_discounts_product_settings":{"layout":"default","default_variation":null},"subscription_discounts_roles_data":[],"percentage_subscription_discounts":[],"_links":{"self":[{"href":"https:\/\/wedoback.com\/pt-br\/wp-json\/wp\/v2\/product\/21107","targetHints":{"allow":["GET"]}}],"collection":[{"href":"https:\/\/wedoback.com\/pt-br\/wp-json\/wp\/v2\/product"}],"about":[{"href":"https:\/\/wedoback.com\/pt-br\/wp-json\/wp\/v2\/types\/product"}],"wp:featuredmedia":[{"embeddable":true,"href":"https:\/\/wedoback.com\/pt-br\/wp-json\/wp\/v2\/media\/21144"}],"wp:attachment":[{"href":"https:\/\/wedoback.com\/pt-br\/wp-json\/wp\/v2\/media?parent=21107"}],"wp:term":[{"taxonomy":"product_brand","embeddable":true,"href":"https:\/\/wedoback.com\/pt-br\/wp-json\/wp\/v2\/product_brand?post=21107"},{"taxonomy":"product_cat","embeddable":true,"href":"https:\/\/wedoback.com\/pt-br\/wp-json\/wp\/v2\/product_cat?post=21107"},{"taxonomy":"product_tag","embeddable":true,"href":"https:\/\/wedoback.com\/pt-br\/wp-json\/wp\/v2\/product_tag?post=21107"}],"curies":[{"name":"wp","href":"https:\/\/api.w.org\/{rel}","templated":true}]}}