{"id":21016,"date":"2024-06-24T16:23:23","date_gmt":"2024-06-24T14:23:23","guid":{"rendered":"https:\/\/www.wedoback.com\/produit\/oferta-smart\/"},"modified":"2024-06-24T16:23:23","modified_gmt":"2024-06-24T14:23:23","slug":"oferta-smart","status":"publish","type":"product","link":"https:\/\/wedoback.com\/pt-br\/produit\/oferta-smart\/","title":{"rendered":"Oferta SMART"},"content":{"rendered":"<p>O WeDoBack SMART \u00e9 muito mais do que apenas uma solu\u00e7\u00e3o de backup: \u00e9 uma garantia de prote\u00e7\u00e3o para seus dados, adaptada \u00e0s suas necessidades e em conformidade com os requisitos do RGPD. Projetada para ser confi\u00e1vel, de alto desempenho e econ\u00f4mica, essa solu\u00e7\u00e3o oferece a voc\u00ea um backup eficaz, respeitando a confidencialidade das suas informa\u00e7\u00f5es. <\/p>\n<p><strong>Backup direcionado e de alto desempenho<\/strong><br \/>\nCom o WeDoBack SMART, voc\u00ea cuida dos seus arquivos, pastas, servidores, esta\u00e7\u00f5es de trabalho ou NAS para garantir a prote\u00e7\u00e3o ideal dos seus dados mais importantes. Voc\u00ea se beneficia de uma solu\u00e7\u00e3o flex\u00edvel e f\u00e1cil de configurar, adaptada \u00e0s suas necessidades espec\u00edficas. <\/p>\n<p><strong>Confidencialidade e seguran\u00e7a dos dados<\/strong><br \/>\nA confidencialidade dos seus dados est\u00e1 no centro do WeDoBack SMART. Gra\u00e7as \u00e0 criptografia realizada diretamente na fonte, suas informa\u00e7\u00f5es s\u00e3o protegidas mesmo antes de serem transferidas para nossos servidores seguros. A chave de criptografia, mantida apenas por voc\u00ea, garante prote\u00e7\u00e3o absoluta contra acesso n\u00e3o autorizado.  <\/p>\n<p><strong>Gerenciamento suave e aut\u00f4nomo<\/strong><br \/>\nCom o agente SMART da WeDoBack implantado em seus servidores, voc\u00ea mant\u00e9m controle total sobre os backups. Seja para selecionar arquivos, agendar tarefas ou restaurar dados, todas as fun\u00e7\u00f5es s\u00e3o acess\u00edveis por meio de uma interface intuitiva, tornando o gerenciamento simples e eficiente. <\/p>\n<p><strong>Flexibilidade na reten\u00e7\u00e3o de dados<\/strong><br \/>\nO WeDoBack SMART permite que voc\u00ea ajuste o per\u00edodo de reten\u00e7\u00e3o de dados de acordo com as suas necessidades. Isso ajuda voc\u00ea a otimizar o uso do seu espa\u00e7o de armazenamento e, ao mesmo tempo, garante prote\u00e7\u00e3o cont\u00ednua. <\/p>\n<p><strong>Uma infraestrutura europeia robusta<\/strong><br \/>\nSeus dados s\u00e3o armazenados em servidores f\u00edsicos dedicados ao backup, localizados exclusivamente na Europa em centros de hospedagem separados das suas instala\u00e7\u00f5es de produ\u00e7\u00e3o. Nossos servidores s\u00e3o renovados regularmente para garantir seguran\u00e7a e desempenho duradouros. <\/p>\n<p><strong>Complete sua prote\u00e7\u00e3o com o WeDoBack INTEGRAL<\/strong><br \/>\nPara uma seguran\u00e7a ainda maior, o WeDoBack INTEGRAL inclui suporte t\u00e9cnico dedicado para maior tranquilidade.<\/p>\n<p><strong>Confie na WeDoBack SMART<\/strong><br \/>\nN\u00e3o deixe seus dados vulner\u00e1veis: escolha uma solu\u00e7\u00e3o de backup confi\u00e1vel e segura, adaptada \u00e0s suas necessidades, com a WeDoBack SMART.<\/p>\n","protected":false},"excerpt":{"rendered":"<p>O WeDoBack SMART \u00e9 muito mais do que apenas uma solu\u00e7\u00e3o de backup: \u00e9 uma garantia de prote\u00e7\u00e3o para seus dados, adaptada \u00e0s suas necessidades e em conformidade com os requisitos do RGPD. Projetada para ser confi\u00e1vel, de alto desempenho e econ\u00f4mica, essa solu\u00e7\u00e3o oferece a voc\u00ea um backup eficaz, respeitando a confidencialidade das suas informa\u00e7\u00f5es. <\/p>\n<p>Vendido em incrementos de 1 TB.<\/p>\n","protected":false},"featured_media":20695,"template":"","meta":{"om_disable_all_campaigns":false,"_monsterinsights_skip_tracking":false,"_monsterinsights_sitenote_active":false,"_monsterinsights_sitenote_note":"","_monsterinsights_sitenote_category":0},"product_brand":[],"product_cat":[1324,1249],"product_tag":[],"class_list":{"0":"post-21016","1":"product","2":"type-product","3":"status-publish","4":"has-post-thumbnail","6":"product_cat-armazenamento-pt-br","7":"product_cat-backup-pt-br","9":"first","10":"instock","11":"virtual","12":"taxable","13":"purchasable","14":"product-type-subscription"},"aioseo_notices":[],"subscription_discounts_type":"fixed","fixed_subscription_discounts":[],"subscription_discounts_product_settings":{"layout":"default","default_variation":null},"subscription_discounts_roles_data":[],"percentage_subscription_discounts":[],"_links":{"self":[{"href":"https:\/\/wedoback.com\/pt-br\/wp-json\/wp\/v2\/product\/21016","targetHints":{"allow":["GET"]}}],"collection":[{"href":"https:\/\/wedoback.com\/pt-br\/wp-json\/wp\/v2\/product"}],"about":[{"href":"https:\/\/wedoback.com\/pt-br\/wp-json\/wp\/v2\/types\/product"}],"wp:featuredmedia":[{"embeddable":true,"href":"https:\/\/wedoback.com\/pt-br\/wp-json\/wp\/v2\/media\/20695"}],"wp:attachment":[{"href":"https:\/\/wedoback.com\/pt-br\/wp-json\/wp\/v2\/media?parent=21016"}],"wp:term":[{"taxonomy":"product_brand","embeddable":true,"href":"https:\/\/wedoback.com\/pt-br\/wp-json\/wp\/v2\/product_brand?post=21016"},{"taxonomy":"product_cat","embeddable":true,"href":"https:\/\/wedoback.com\/pt-br\/wp-json\/wp\/v2\/product_cat?post=21016"},{"taxonomy":"product_tag","embeddable":true,"href":"https:\/\/wedoback.com\/pt-br\/wp-json\/wp\/v2\/product_tag?post=21016"}],"curies":[{"name":"wp","href":"https:\/\/api.w.org\/{rel}","templated":true}]}}