{"id":20994,"date":"2024-07-06T15:46:12","date_gmt":"2024-07-06T13:46:12","guid":{"rendered":"https:\/\/www.wedoback.com\/produit\/restauracao-rapida-em-caso-de-desastre\/"},"modified":"2024-07-06T15:46:12","modified_gmt":"2024-07-06T13:46:12","slug":"restauracao-rapida-em-caso-de-desastre","status":"publish","type":"product","link":"https:\/\/wedoback.com\/pt-br\/produit\/restauracao-rapida-em-caso-de-desastre\/","title":{"rendered":"Restaura\u00e7\u00e3o r\u00e1pida em caso de desastre"},"content":{"rendered":"<p>Beneficie-se de um backup arquivado de seus sistemas para que voc\u00ea possa restaur\u00e1-los rapidamente em caso de desastre.<\/p>\n<p>A imagem pode ser produzida mensalmente ou semestralmente, dependendo de suas necessidades.<\/p>\n<p>O servi\u00e7o \u00e9 faturado por servidor e por 1 TB de armazenamento.<\/p>\n","protected":false},"excerpt":{"rendered":"<p>Beneficie-se de um backup arquivado de seus sistemas para que voc\u00ea possa restaur\u00e1-los rapidamente em caso de desastre.<\/p>\n<p>Esse servi\u00e7o \u00e9 faturado mensalmente por servidor e por 1 TB de armazenamento.<\/p>\n<p>Ajuste a quantidade de acordo com o n\u00famero de servidores a serem protegidos e o volume necess\u00e1rio (por lote de 1 TB).<\/p>\n<p><strong>Observa\u00e7\u00e3o:<\/strong> usada al\u00e9m da oferta SMART, essa op\u00e7\u00e3o requer a assinatura de um agente dedicado em cada servidor (ou computador) em quest\u00e3o.<\/p>\n","protected":false},"featured_media":21001,"template":"","meta":{"om_disable_all_campaigns":false,"_monsterinsights_skip_tracking":false,"_monsterinsights_sitenote_active":false,"_monsterinsights_sitenote_note":"","_monsterinsights_sitenote_category":0},"product_brand":[],"product_cat":[1272],"product_tag":[],"class_list":{"0":"post-20994","1":"product","2":"type-product","3":"status-publish","4":"has-post-thumbnail","6":"product_cat-opcoes","8":"first","9":"instock","10":"taxable","11":"shipping-taxable","12":"purchasable","13":"product-type-variable-subscription"},"aioseo_notices":[],"subscription_discounts_type":"fixed","fixed_subscription_discounts":[],"subscription_discounts_product_settings":{"layout":"default","default_variation":null},"subscription_discounts_roles_data":[],"percentage_subscription_discounts":[],"_links":{"self":[{"href":"https:\/\/wedoback.com\/pt-br\/wp-json\/wp\/v2\/product\/20994","targetHints":{"allow":["GET"]}}],"collection":[{"href":"https:\/\/wedoback.com\/pt-br\/wp-json\/wp\/v2\/product"}],"about":[{"href":"https:\/\/wedoback.com\/pt-br\/wp-json\/wp\/v2\/types\/product"}],"wp:featuredmedia":[{"embeddable":true,"href":"https:\/\/wedoback.com\/pt-br\/wp-json\/wp\/v2\/media\/21001"}],"wp:attachment":[{"href":"https:\/\/wedoback.com\/pt-br\/wp-json\/wp\/v2\/media?parent=20994"}],"wp:term":[{"taxonomy":"product_brand","embeddable":true,"href":"https:\/\/wedoback.com\/pt-br\/wp-json\/wp\/v2\/product_brand?post=20994"},{"taxonomy":"product_cat","embeddable":true,"href":"https:\/\/wedoback.com\/pt-br\/wp-json\/wp\/v2\/product_cat?post=20994"},{"taxonomy":"product_tag","embeddable":true,"href":"https:\/\/wedoback.com\/pt-br\/wp-json\/wp\/v2\/product_tag?post=20994"}],"curies":[{"name":"wp","href":"https:\/\/api.w.org\/{rel}","templated":true}]}}