{"id":20992,"date":"2024-06-28T07:44:24","date_gmt":"2024-06-28T05:44:24","guid":{"rendered":"https:\/\/www.wedoback.com\/produit\/tipos-de-instancias-de-pra\/"},"modified":"2024-06-28T07:44:24","modified_gmt":"2024-06-28T05:44:24","slug":"tipos-de-instancias-de-pra","status":"publish","type":"product","link":"https:\/\/wedoback.com\/pt-br\/produit\/tipos-de-instancias-de-pra\/","title":{"rendered":"Tipos de inst\u00e2ncias de PRA"},"content":{"rendered":"","protected":false},"excerpt":{"rendered":"<p>Ordene aqui <strong>os diferentes tipos de inst\u00e2ncia (e seu n\u00famero)<\/strong> que voc\u00ea precisa para executar seus servi\u00e7os na PRA.<\/p>\n<p>Testes funcionais autom\u00e1ticos ser\u00e3o realizados todos os meses para confirmar que suas inst\u00e2ncias est\u00e3o sempre prontas para serem ativadas para o modo de emerg\u00eancia.<\/p>\n<p>Se voc\u00ea quiser configurar testes de ativa\u00e7\u00e3o reais para o seu plano de recupera\u00e7\u00e3o de desastres, solicite um or\u00e7amento personalizado. Os testes reais podem ser programados para at\u00e9 10 horas. <\/p>\n<p><u>Como lembrete, a ativa\u00e7\u00e3o de suas inst\u00e2ncias no modo de backup (lan\u00e7amento do DRP fora dos testes de conformidade) ser\u00e1 cobrada de voc\u00ea de acordo com a lista de pre\u00e7os indicada aqui.<\/u><\/p>\n","protected":false},"featured_media":20997,"template":"","meta":{"om_disable_all_campaigns":false,"_monsterinsights_skip_tracking":false,"_monsterinsights_sitenote_active":false,"_monsterinsights_sitenote_note":"","_monsterinsights_sitenote_category":0},"product_brand":[],"product_cat":[1269,1254],"product_tag":[],"class_list":{"0":"post-20992","1":"product","2":"type-product","3":"status-publish","4":"has-post-thumbnail","6":"product_cat-corpos","7":"product_cat-pra-pt-br","9":"first","10":"instock","11":"taxable","12":"shipping-taxable","13":"purchasable","14":"product-type-variable-subscription"},"aioseo_notices":[],"subscription_discounts_type":"fixed","fixed_subscription_discounts":[],"subscription_discounts_product_settings":{"layout":"default","default_variation":null},"subscription_discounts_roles_data":[],"percentage_subscription_discounts":[],"_links":{"self":[{"href":"https:\/\/wedoback.com\/pt-br\/wp-json\/wp\/v2\/product\/20992","targetHints":{"allow":["GET"]}}],"collection":[{"href":"https:\/\/wedoback.com\/pt-br\/wp-json\/wp\/v2\/product"}],"about":[{"href":"https:\/\/wedoback.com\/pt-br\/wp-json\/wp\/v2\/types\/product"}],"wp:featuredmedia":[{"embeddable":true,"href":"https:\/\/wedoback.com\/pt-br\/wp-json\/wp\/v2\/media\/20997"}],"wp:attachment":[{"href":"https:\/\/wedoback.com\/pt-br\/wp-json\/wp\/v2\/media?parent=20992"}],"wp:term":[{"taxonomy":"product_brand","embeddable":true,"href":"https:\/\/wedoback.com\/pt-br\/wp-json\/wp\/v2\/product_brand?post=20992"},{"taxonomy":"product_cat","embeddable":true,"href":"https:\/\/wedoback.com\/pt-br\/wp-json\/wp\/v2\/product_cat?post=20992"},{"taxonomy":"product_tag","embeddable":true,"href":"https:\/\/wedoback.com\/pt-br\/wp-json\/wp\/v2\/product_tag?post=20992"}],"curies":[{"name":"wp","href":"https:\/\/api.w.org\/{rel}","templated":true}]}}