{"id":20967,"date":"2023-10-26T10:18:12","date_gmt":"2023-10-26T08:18:12","guid":{"rendered":"https:\/\/www.wedoback.com\/produit\/agente-da-wedoback\/"},"modified":"2023-10-26T10:18:12","modified_gmt":"2023-10-26T08:18:12","slug":"agente-da-wedoback","status":"publish","type":"product","link":"https:\/\/wedoback.com\/pt-br\/produit\/agente-da-wedoback\/","title":{"rendered":"Agente da WeDoBack"},"content":{"rendered":"","protected":false},"excerpt":{"rendered":"<p>O agente \u00e9 um elemento-chave do WeDoBack. Ele garante a comunica\u00e7\u00e3o entre nossos servidores e seu equipamento. <\/p>\n<p>Ele \u00e9 necess\u00e1rio em qualquer dispositivo (servidor, computador) para o qual tenha sido configurado um plano de backup ou recupera\u00e7\u00e3o de desastres.<\/p>\n<p>Ele criptografa os dados antes da transmiss\u00e3o e executa as opera\u00e7\u00f5es que voc\u00ea configurou no console de gerenciamento.<\/p>\n<p>Al\u00e9m da oferta SMART, \u00e9 necess\u00e1rio apenas um agente por servidor ou computador, independentemente do n\u00famero de servi\u00e7os assinados para o equipamento em quest\u00e3o.<\/p>\n<p>Na oferta SMART, o agente implementado \u00e9 reservado para essa oferta. Se voc\u00ea adicionar um servi\u00e7o ou op\u00e7\u00e3o adicional, ser\u00e1 necess\u00e1rio solicitar e implementar um novo agente. <\/p>\n<p>&nbsp;<\/p>\n","protected":false},"featured_media":20969,"template":"","meta":{"om_disable_all_campaigns":false,"_monsterinsights_skip_tracking":false,"_monsterinsights_sitenote_active":false,"_monsterinsights_sitenote_note":"","_monsterinsights_sitenote_category":0},"product_brand":[],"product_cat":[1256,1249,1252,1255,1254],"product_tag":[],"class_list":{"0":"post-20967","1":"product","2":"type-product","3":"status-publish","4":"has-post-thumbnail","6":"product_cat-agente","7":"product_cat-backup-pt-br","8":"product_cat-imutavel","9":"product_cat-pca-pt-br","10":"product_cat-pra-pt-br","12":"first","13":"instock","14":"taxable","15":"shipping-taxable","16":"purchasable","17":"product-type-variable-subscription"},"aioseo_notices":[],"subscription_discounts_type":"fixed","fixed_subscription_discounts":[],"subscription_discounts_product_settings":{"layout":"default","default_variation":null},"subscription_discounts_roles_data":[],"percentage_subscription_discounts":[],"_links":{"self":[{"href":"https:\/\/wedoback.com\/pt-br\/wp-json\/wp\/v2\/product\/20967","targetHints":{"allow":["GET"]}}],"collection":[{"href":"https:\/\/wedoback.com\/pt-br\/wp-json\/wp\/v2\/product"}],"about":[{"href":"https:\/\/wedoback.com\/pt-br\/wp-json\/wp\/v2\/types\/product"}],"wp:featuredmedia":[{"embeddable":true,"href":"https:\/\/wedoback.com\/pt-br\/wp-json\/wp\/v2\/media\/20969"}],"wp:attachment":[{"href":"https:\/\/wedoback.com\/pt-br\/wp-json\/wp\/v2\/media?parent=20967"}],"wp:term":[{"taxonomy":"product_brand","embeddable":true,"href":"https:\/\/wedoback.com\/pt-br\/wp-json\/wp\/v2\/product_brand?post=20967"},{"taxonomy":"product_cat","embeddable":true,"href":"https:\/\/wedoback.com\/pt-br\/wp-json\/wp\/v2\/product_cat?post=20967"},{"taxonomy":"product_tag","embeddable":true,"href":"https:\/\/wedoback.com\/pt-br\/wp-json\/wp\/v2\/product_tag?post=20967"}],"curies":[{"name":"wp","href":"https:\/\/api.w.org\/{rel}","templated":true}]}}