{"id":20987,"date":"2025-04-27T13:41:10","date_gmt":"2025-04-27T11:41:10","guid":{"rendered":"https:\/\/www.wedoback.com\/termos-e-condicoes\/"},"modified":"2025-05-04T12:01:37","modified_gmt":"2025-05-04T10:01:37","slug":"termos-e-condicoes","status":"publish","type":"page","link":"https:\/\/wedoback.com\/pt-br\/termos-e-condicoes\/","title":{"rendered":"Termos e condi\u00e7\u00f5es"},"content":{"rendered":"\t\t<div data-elementor-type=\"wp-page\" data-elementor-id=\"20987\" class=\"elementor elementor-20987\" data-elementor-settings=\"{&quot;ha_cmc_init_switcher&quot;:&quot;no&quot;}\" data-elementor-post-type=\"page\">\n\t\t\t\t<div class=\"elementor-element elementor-element-a017efc e-flex e-con-boxed e-con e-parent\" data-id=\"a017efc\" data-element_type=\"container\" data-e-type=\"container\" data-settings=\"{&quot;_ha_eqh_enable&quot;:false}\">\n\t\t\t\t\t<div class=\"e-con-inner\">\n\t\t\t\t<div class=\"elementor-element elementor-element-6bb7951 elementor-widget elementor-widget-text-editor\" data-id=\"6bb7951\" data-element_type=\"widget\" data-e-type=\"widget\" data-widget_type=\"text-editor.default\">\n\t\t\t\t<div class=\"elementor-widget-container\">\n\t\t\t\t\t\t\t\t\t<h1>1.Introdu\u00e7\u00e3o<\/h1><p>Estes Termos e Condi\u00e7\u00f5es se aplicam a este site e \u00e0s transa\u00e7\u00f5es relacionadas aos nossos produtos e servi\u00e7os. Voc\u00ea pode estar vinculado a contratos adicionais relacionados ao seu relacionamento conosco ou a quaisquer produtos ou servi\u00e7os que receba de n\u00f3s. Em caso de conflito entre as disposi\u00e7\u00f5es de tais contratos adicionais e estes Termos e Condi\u00e7\u00f5es, estes Termos e Condi\u00e7\u00f5es prevalecer\u00e3o.  <\/p><p>Este site \u00e9 publicado pela D\u00e9dicace Software SAS, uma subsidi\u00e1ria do grupo Pioneer Humani respons\u00e1vel pela representa\u00e7\u00e3o, promo\u00e7\u00e3o, venda e fornecimento dos servi\u00e7os WeDoBack na Europa. Fora da Europa, essas atividades s\u00e3o realizadas diretamente pela Pioneer Humani ou por seus centros regionais e suas subsidi\u00e1rias, dependendo da \u00e1rea geogr\u00e1fica em quest\u00e3o. O faturamento tamb\u00e9m \u00e9 tratado pela entidade do grupo respons\u00e1vel pela sua localiza\u00e7\u00e3o.  <\/p><h1>2.compromisso<\/h1><p>Ao se registrar, acessar ou usar este site, voc\u00ea concorda em obedecer aos Termos e Condi\u00e7\u00f5es estabelecidos abaixo. O simples uso deste site implica o conhecimento e a aceita\u00e7\u00e3o destes Termos e Condi\u00e7\u00f5es. Em alguns casos espec\u00edficos, tamb\u00e9m poderemos solicitar que voc\u00ea os aceite explicitamente.  <\/p><p>O uso de nossos servi\u00e7os \u00e9 estritamente reservado a empresas que estejam em conformidade com nosso c\u00f3digo de conduta. O n\u00e3o cumprimento deste regulamento pode resultar na suspens\u00e3o imediata ou no encerramento dos servi\u00e7os sem aviso pr\u00e9vio e sem indeniza\u00e7\u00e3o. Voc\u00ea pode consultar o estatuto no seguinte endere\u00e7o: https: <a href=\"https:\/\/www.wedoback.com\/charte-deontologique\/\">\/\/www.wedoback.com\/charte-deontologique\/.<\/a>  <\/p><h1>3. Comunica\u00e7\u00e3o eletr\u00f4nica<\/h1><p>Ao usar este site ou comunicar-se conosco eletronicamente, voc\u00ea concorda e reconhece que podemos nos comunicar com voc\u00ea eletronicamente por meio de nosso site ou por e-mail, e voc\u00ea concorda que todos os contratos, avisos, divulga\u00e7\u00f5es e outras comunica\u00e7\u00f5es que fornecemos a voc\u00ea eletronicamente satisfazem qualquer exig\u00eancia legal de que tais comunica\u00e7\u00f5es sejam feitas por escrito.<\/p><h1>4. Direitos de propriedade intelectual<\/h1><p>N\u00f3s ou nossos licenciadores detemos e controlamos todos os direitos autorais e outros direitos de propriedade intelectual do site e dos dados, informa\u00e7\u00f5es e outros recursos exibidos ou acess\u00edveis por meio dele.<\/p><h2>4.1 Todos os direitos reservados.<\/h2><p>Salvo indica\u00e7\u00e3o em contr\u00e1rio em conte\u00fado espec\u00edfico, nenhuma licen\u00e7a ou outro direito \u00e9 concedido a voc\u00ea sob direitos autorais, marcas comerciais, patentes ou outros direitos de propriedade intelectual. Isso significa que voc\u00ea est\u00e1 proibido de usar, copiar, reproduzir, executar, exibir, distribuir, incorporar em um meio eletr\u00f4nico, modificar, fazer engenharia reversa, descompilar, transferir, fazer download, transmitir, monetizar, vender, comercializar ou negociar os recursos deste site, de qualquer forma que seja, sem nossa autoriza\u00e7\u00e3o pr\u00e9via por escrito, a menos que seja previsto de outra forma por leis obrigat\u00f3rias (como o direito de cita\u00e7\u00e3o). <\/p><h1>5. Boletim informativo<\/h1><p>N\u00e3o obstante o acima exposto, voc\u00ea pode encaminhar nosso boletim informativo em formato eletr\u00f4nico a outras pessoas que queiram visitar nosso site.<\/p><h1>6. Propriedade de terceiros<\/h1><p>Nosso site pode incluir hyperlinks ou outras refer\u00eancias a sites de terceiros. N\u00e3o monitoramos nem analisamos o conte\u00fado desses sites. Quaisquer produtos ou servi\u00e7os oferecidos por outros sites est\u00e3o sujeitos aos termos e condi\u00e7\u00f5es aplic\u00e1veis desses terceiros. As opini\u00f5es expressas ou o material que aparece em tais sites n\u00e3o s\u00e3o necessariamente compartilhados ou endossados por n\u00f3s.   <\/p><p>N\u00e3o somos respons\u00e1veis pelas pr\u00e1ticas de privacidade ou pelo conte\u00fado desses sites. Voc\u00ea assume todos os riscos associados ao uso desses sites e de quaisquer servi\u00e7os de terceiros associados. N\u00e3o aceitamos nenhuma responsabilidade por qualquer perda ou dano, seja qual for a causa, decorrente da divulga\u00e7\u00e3o de suas informa\u00e7\u00f5es pessoais a terceiros.  <\/p><h1>7. Uso respons\u00e1vel<\/h1><p>Ao visitar nosso site, voc\u00ea concorda em us\u00e1-lo somente para os fins pretendidos e de acordo com estes Termos, quaisquer acordos adicionais firmados conosco, leis e regulamentos aplic\u00e1veis, pr\u00e1ticas on-line geralmente aceitas e diretrizes do setor. Voc\u00ea n\u00e3o deve usar nosso site ou servi\u00e7os para usar, publicar ou distribuir qualquer conte\u00fado que consista em (ou esteja vinculado a) software malicioso; usar dados coletados em nosso site para fins de marketing direto; ou conduzir qualquer coleta sistem\u00e1tica ou automatizada de dados em ou em conex\u00e3o com nosso site. <\/p><p>Qualquer atividade que cause ou possa causar danos ao site ou que interfira em seu desempenho, disponibilidade ou acessibilidade \u00e9 estritamente proibida.<\/p><h1>8. Registro<\/h1><p>Voc\u00ea pode criar uma conta em nosso site. Durante esse processo, voc\u00ea poder\u00e1 ser solicitado a escolher uma senha. Voc\u00ea \u00e9 respons\u00e1vel por manter a confidencialidade de suas senhas e informa\u00e7\u00f5es de conta, e concorda em n\u00e3o divulg\u00e1-las a terceiros nem compartilhar suas senhas, informa\u00e7\u00f5es de conta ou acesso seguro ao nosso site ou servi\u00e7os com terceiros. Voc\u00ea n\u00e3o deve permitir que outra pessoa use sua conta para acessar o Site, pois voc\u00ea \u00e9 respons\u00e1vel por todas as atividades que ocorram com sua senha ou conta. Voc\u00ea deve nos notificar imediatamente sobre qualquer divulga\u00e7\u00e3o de sua senha.    <\/p><p>Depois que sua conta for cancelada, voc\u00ea n\u00e3o tentar\u00e1 criar uma nova conta sem nossa autoriza\u00e7\u00e3o.<\/p><h1>9. Pol\u00edtica de reembolso e devolu\u00e7\u00f5es<\/h1><h2>9.1 Direito de retirada<\/h2><p>Salvo disposi\u00e7\u00e3o expressa em contr\u00e1rio, os direitos de rescis\u00e3o previstos no C\u00f3digo do Consumidor <em>n\u00e3o se aplicam aos contratos celebrados entre profissionais<\/em>.<\/p><p>Para exercer seu direito de rescis\u00e3o, voc\u00ea deve nos notificar de sua decis\u00e3o de rescindir este contrato por meio de uma declara\u00e7\u00e3o inequ\u00edvoca (por exemplo, carta enviada por correio, fax ou e-mail). Voc\u00ea encontrar\u00e1 nossos detalhes de contato abaixo. Voc\u00ea pode usar o modelo de formul\u00e1rio de rescis\u00e3o anexo, mas isso n\u00e3o \u00e9 obrigat\u00f3rio.  <\/p><p>Voc\u00ea tamb\u00e9m pode preencher e enviar eletronicamente o formul\u00e1rio de retirada de modelo ou qualquer outra declara\u00e7\u00e3o inequ\u00edvoca em nosso site.<\/p><p>Se voc\u00ea usar essa op\u00e7\u00e3o, enviaremos imediatamente uma confirma\u00e7\u00e3o de recebimento de sua retirada em um meio dur\u00e1vel (por exemplo, por e-mail).<\/p><p>Para que o per\u00edodo de retirada seja respeitado, tudo o que voc\u00ea precisa fazer \u00e9 enviar sua comunica\u00e7\u00e3o referente ao exerc\u00edcio do direito de retirada antes do vencimento desse per\u00edodo.<\/p><h2>9.2 Efeitos da abstin\u00eancia<\/h2><p>No caso de uma rescis\u00e3o aceita por n\u00f3s, reembolsaremos todos os pagamentos recebidos de voc\u00ea, excluindo os custos de entrega (com exce\u00e7\u00e3o dos custos adicionais decorrentes do fato de voc\u00ea ter escolhido, quando aplic\u00e1vel, um m\u00e9todo de entrega diferente do m\u00e9todo de entrega padr\u00e3o mais barato oferecido por n\u00f3s), sem atraso indevido e, em qualquer caso, no prazo m\u00e1ximo de 30 dias a partir do dia em que formos informados de sua decis\u00e3o de rescindir este contrato. Faremos esse reembolso usando os mesmos meios de pagamento que voc\u00ea usou na transa\u00e7\u00e3o inicial, a menos que voc\u00ea concorde expressamente com o contr\u00e1rio. Em qualquer caso, esse reembolso n\u00e3o acarretar\u00e1 nenhum custo para voc\u00ea.  <\/p><p>Se voc\u00ea tiver solicitado que iniciemos a execu\u00e7\u00e3o dos servi\u00e7os durante o per\u00edodo de rescis\u00e3o, ser\u00e1 necess\u00e1rio que voc\u00ea nos pague um valor proporcional ao que foi fornecido at\u00e9 o momento em que voc\u00ea nos notificou sobre sua rescis\u00e3o deste contrato, em rela\u00e7\u00e3o \u00e0 cobertura total do contrato.<\/p><p>Observe que h\u00e1 exce\u00e7\u00f5es legais ao direito de retirada e que determinados itens n\u00e3o podem ser devolvidos ou trocados. N\u00f3s o informaremos se isso se aplica ao seu caso espec\u00edfico. <\/p><h1>10. Envio de ideias<\/h1><p>N\u00e3o envie ideias, inven\u00e7\u00f5es, obras de arte ou outras informa\u00e7\u00f5es que possam ser consideradas sua propriedade intelectual sem antes assinar um contrato de propriedade intelectual ou um contrato de confidencialidade conosco. Se voc\u00ea as divulgar para n\u00f3s sem um contrato por escrito, voc\u00ea nos conceder\u00e1 uma licen\u00e7a mundial, irrevog\u00e1vel, n\u00e3o exclusiva e isenta de royalties para usar, reproduzir, armazenar, adaptar, publicar, traduzir e distribuir seu conte\u00fado em qualquer m\u00eddia existente ou futura. <\/p><h1>11. Encerramento do uso<\/h1><p>Podemos, a nosso crit\u00e9rio exclusivo, modificar ou descontinuar, tempor\u00e1ria ou permanentemente, o acesso ao Site ou a qualquer um dos Servi\u00e7os a qualquer momento. Voc\u00ea concorda que n\u00e3o seremos respons\u00e1veis perante voc\u00ea ou terceiros por qualquer modifica\u00e7\u00e3o, suspens\u00e3o ou descontinua\u00e7\u00e3o do seu acesso ou uso do Site ou de qualquer conte\u00fado que voc\u00ea possa ter compartilhado no Site. Voc\u00ea n\u00e3o ter\u00e1 direito a nenhuma compensa\u00e7\u00e3o ou outro pagamento, mesmo que determinados recursos, configura\u00e7\u00f5es e\/ou qualquer Conte\u00fado com o qual voc\u00ea tenha contribu\u00eddo ou no qual tenha confiado sejam permanentemente perdidos. Voc\u00ea n\u00e3o deve contornar ou tentar contornar quaisquer restri\u00e7\u00f5es de acesso em nosso site.   <\/p><h1>12. Garantias e responsabilidade<\/h1><p>Nada nesta se\u00e7\u00e3o limita ou exclui qualquer garantia impl\u00edcita por lei que seria ilegal limitar ou excluir. Este site e todo o seu conte\u00fado s\u00e3o fornecidos &#8220;como est\u00e3o&#8221; e &#8220;conforme dispon\u00edveis&#8221; e podem conter imprecis\u00f5es ou erros tipogr\u00e1ficos. N\u00f3s nos isentamos expressamente de qualquer garantia, expressa ou impl\u00edcita, quanto \u00e0 disponibilidade, precis\u00e3o ou integridade do Conte\u00fado.  <\/p><p>N\u00e3o garantimos que voc\u00ea tenha acesso a ele:<\/p><p>\u2666 este site ou nossos produtos ou servi\u00e7os atender\u00e3o \u00e0s suas necessidades;<br>\u2666 este site estar\u00e1 dispon\u00edvel de forma ininterrupta, oportuna, segura e livre de erros;<br>\u2666 a qualidade de quaisquer produtos ou servi\u00e7os comprados ou obtidos por voc\u00ea por meio deste site atender\u00e1 \u00e0s suas expectativas.<\/p><p>Nada neste site constitui ou tem a inten\u00e7\u00e3o de constituir aconselhamento jur\u00eddico, financeiro ou m\u00e9dico de qualquer tipo. Se voc\u00ea precisar de orienta\u00e7\u00e3o, consulte um profissional competente. <\/p><p>As disposi\u00e7\u00f5es a seguir desta se\u00e7\u00e3o aplicam-se na medida m\u00e1xima permitida pela lei aplic\u00e1vel e n\u00e3o limitam nem excluem nossa responsabilidade por qualquer quest\u00e3o para a qual seria ilegal limitar ou excluir nossa responsabilidade. Em nenhuma circunst\u00e2ncia seremos respons\u00e1veis por quaisquer danos diretos ou indiretos (inclusive danos por perda de lucros ou receita, perda ou corrup\u00e7\u00e3o de dados, software ou bancos de dados, ou perda ou dano \u00e0 propriedade ou a dados) sofridos por voc\u00ea ou por terceiros decorrentes do seu acesso ou uso do nosso site. <\/p><p>Salvo disposi\u00e7\u00e3o expressa em contr\u00e1rio em um contrato suplementar, nossa responsabilidade m\u00e1xima perante voc\u00ea por todos os danos decorrentes do Site ou de quaisquer produtos ou servi\u00e7os comercializados ou vendidos por meio dele, independentemente da forma de a\u00e7\u00e3o que envolva responsabilidade (seja em contrato, equidade, neglig\u00eancia, m\u00e1 conduta intencional, ato il\u00edcito ou de outra forma), ser\u00e1 limitada a \u20ac 1.000.000. Esse limite ser\u00e1 aplicado globalmente a todas as suas reivindica\u00e7\u00f5es, a\u00e7\u00f5es e causas de a\u00e7\u00e3o, de qualquer natureza. <\/p><h1>13. Confidencialidade<\/h1><p>Para acessar nosso site e\/ou nossos servi\u00e7os, voc\u00ea pode ser solicitado a fornecer um certificado.<\/p><p>Para acessar nosso site e\/ou nossos servi\u00e7os, pode ser necess\u00e1rio que voc\u00ea forne\u00e7a determinadas informa\u00e7\u00f5es sobre si mesmo ao se registrar. Voc\u00ea concorda que todas as informa\u00e7\u00f5es que fornecer ser\u00e3o sempre precisas, corretas e atualizadas. <\/p><p>Levamos seus dados pessoais a s\u00e9rio e temos o compromisso de proteger sua privacidade. N\u00e3o usaremos seu endere\u00e7o de e-mail para correspond\u00eancia n\u00e3o solicitada. Todos os e-mails que enviarmos a voc\u00ea ser\u00e3o relacionados apenas ao fornecimento dos produtos ou servi\u00e7os acordados.  <\/p><p>Desenvolvemos uma pol\u00edtica para atender \u00e0s suas preocupa\u00e7\u00f5es com a privacidade. Para obter mais informa\u00e7\u00f5es, consulte nossa Declara\u00e7\u00e3o de Privacidade e nossa Pol\u00edtica de Cookies. <\/p><h1>14. Acessibilidade<\/h1><p>Temos o compromisso de tornar nosso conte\u00fado acess\u00edvel a pessoas com defici\u00eancias. Se voc\u00ea for portador de defici\u00eancia e n\u00e3o conseguir acessar qualquer parte do nosso site devido a essa defici\u00eancia, pedimos que nos informe sobre o problema e o descreva em detalhes. Se o problema for facilmente identific\u00e1vel e puder ser resolvido com o uso de ferramentas e t\u00e9cnicas de TI padr\u00e3o do setor, n\u00f3s o resolveremos prontamente.  <\/p><h1>15. Restri\u00e7\u00f5es de exporta\u00e7\u00e3o\/conformidade legal<\/h1><p>\u00c9 proibido o acesso ao site a partir de territ\u00f3rios ou pa\u00edses onde o conte\u00fado ou a compra de produtos ou servi\u00e7os vendidos no site seja ilegal. Voc\u00ea n\u00e3o pode usar este site em viola\u00e7\u00e3o \u00e0s leis e aos regulamentos de exporta\u00e7\u00e3o franceses. <\/p><h1>16. Transfer\u00eancia<\/h1><p>Voc\u00ea n\u00e3o poder\u00e1 ceder, transferir ou subcontratar nenhum de seus direitos e\/ou obriga\u00e7\u00f5es sob estes Termos e Condi\u00e7\u00f5es, no todo ou em parte, a qualquer terceiro sem nosso consentimento pr\u00e9vio por escrito. Qualquer suposta cess\u00e3o que viole esta cl\u00e1usula ser\u00e1 nula e sem efeito. <\/p><h1>17. Viola\u00e7\u00e3o destes Termos e Condi\u00e7\u00f5es Gerais<\/h1><p>Sem preju\u00edzo de nossos outros direitos sob estes Termos e Condi\u00e7\u00f5es, se voc\u00ea violar estes Termos e Condi\u00e7\u00f5es de alguma forma, poderemos tomar as medidas que considerarmos apropriadas para remediar a viola\u00e7\u00e3o, inclusive suspender tempor\u00e1ria ou permanentemente seu acesso ao Site, entrar em contato com o seu provedor de servi\u00e7os de Internet para solicitar que ele bloqueie seu acesso ao Site e\/ou tomar medidas legais contra voc\u00ea.<\/p><h1>18. For\u00e7a maior<\/h1><p>Com exce\u00e7\u00e3o das obriga\u00e7\u00f5es de pagamento estabelecidas neste documento, nenhum atraso, falha ou omiss\u00e3o de qualquer uma das partes em cumprir ou observar qualquer uma de suas obriga\u00e7\u00f5es ser\u00e1 considerado uma viola\u00e7\u00e3o destes Termos e Condi\u00e7\u00f5es se, e enquanto, tal atraso, falha ou omiss\u00e3o resultar de qualquer causa al\u00e9m de seu controle razo\u00e1vel.<\/p><h1>19. Compensa\u00e7\u00e3o<\/h1><p>Voc\u00ea concorda em indenizar, defender e nos isentar de todas e quaisquer reivindica\u00e7\u00f5es, responsabilidades, danos, perdas e despesas relacionadas \u00e0 sua viola\u00e7\u00e3o destes Termos e Condi\u00e7\u00f5es e das leis aplic\u00e1veis, incluindo direitos de propriedade intelectual e direitos de privacidade. Voc\u00ea nos reembolsar\u00e1 prontamente por quaisquer danos, perdas, custos e despesas relacionados a tais reivindica\u00e7\u00f5es. <\/p><h1>20. Ren\u00fancia<\/h1><p>O n\u00e3o cumprimento de qualquer uma das disposi\u00e7\u00f5es destes Termos e Condi\u00e7\u00f5es e de qualquer Contrato, ou o n\u00e3o exerc\u00edcio de qualquer op\u00e7\u00e3o de rescis\u00e3o, n\u00e3o ser\u00e1 interpretado como uma ren\u00fancia a tais disposi\u00e7\u00f5es e n\u00e3o afetar\u00e1 a validade destes Termos e Condi\u00e7\u00f5es, de qualquer Contrato ou de qualquer parte dele, ou o direito de aplicar qualquer uma das disposi\u00e7\u00f5es aqui contidas em uma data posterior.<\/p><h1>21. Idioma<\/h1><p>Estes Termos e Condi\u00e7\u00f5es Gerais dever\u00e3o ser interpretados exclusivamente em franc\u00eas. Todos os avisos e correspond\u00eancias ser\u00e3o redigidos exclusivamente nesse idioma. A tradu\u00e7\u00e3o fornecida por este site destina-se apenas a ajudar voc\u00ea a entender a vers\u00e3o em franc\u00eas. No caso de qualquer contradi\u00e7\u00e3o entre a vers\u00e3o em franc\u00eas e a tradu\u00e7\u00e3o que voc\u00ea estiver usando, a vers\u00e3o em franc\u00eas prevalecer\u00e1.   <\/p><h1>22. Contrato integral<\/h1><p>Estes Termos e Condi\u00e7\u00f5es, juntamente com nossa Declara\u00e7\u00e3o de Privacidade e Pol\u00edtica de Cookies, constituem o acordo integral entre voc\u00ea e a D\u00e9dicace Software SAS em rela\u00e7\u00e3o ao uso deste site.<\/p><h1>23. Atualiza\u00e7\u00e3o destes Termos e Condi\u00e7\u00f5es Gerais<\/h1><p>Podemos atualizar estes Termos e Condi\u00e7\u00f5es periodicamente. \u00c9 sua responsabilidade verificar regularmente estes Termos e Condi\u00e7\u00f5es para verificar se h\u00e1 altera\u00e7\u00f5es ou atualiza\u00e7\u00f5es. A data mostrada no in\u00edcio destes Termos e Condi\u00e7\u00f5es \u00e9 a data da \u00faltima revis\u00e3o. As altera\u00e7\u00f5es a estes Termos e Condi\u00e7\u00f5es entrar\u00e3o em vigor imediatamente ap\u00f3s a publica\u00e7\u00e3o neste site. O uso continuado deste site ap\u00f3s a publica\u00e7\u00e3o de altera\u00e7\u00f5es ou atualiza\u00e7\u00f5es ser\u00e1 considerado como sua aceita\u00e7\u00e3o destes Termos e Condi\u00e7\u00f5es.    <\/p><h1>24. Escolha da lei e jurisdi\u00e7\u00e3o<\/h1><p>Estes Termos e Condi\u00e7\u00f5es Gerais s\u00e3o regidos pela legisla\u00e7\u00e3o francesa. Qualquer lit\u00edgio relacionado a estes Termos e Condi\u00e7\u00f5es estar\u00e1 sujeito \u00e0 jurisdi\u00e7\u00e3o dos tribunais franceses. Se qualquer parte ou disposi\u00e7\u00e3o destes Termos e Condi\u00e7\u00f5es for considerada inv\u00e1lida e\/ou inexequ\u00edvel por um tribunal ou outra autoridade de acordo com a legisla\u00e7\u00e3o aplic\u00e1vel, essa parte ou disposi\u00e7\u00e3o ser\u00e1 modificada, exclu\u00edda e\/ou executada na medida m\u00e1xima permitida para dar efeito \u00e0 inten\u00e7\u00e3o destes Termos e Condi\u00e7\u00f5es. As demais disposi\u00e7\u00f5es n\u00e3o ser\u00e3o afetadas.   <\/p><p>Na Europa, os servi\u00e7os do grupo Pioneer Humani s\u00e3o oferecidos pela D\u00e9dicace Software SAS, a subsidi\u00e1ria respons\u00e1vel pela venda e promo\u00e7\u00e3o dos referidos servi\u00e7os nesse territ\u00f3rio. Fora da Europa, os servi\u00e7os s\u00e3o oferecidos diretamente pela Pioneer Humani ou por uma de suas subsidi\u00e1rias ou hubs regionais (subsidi\u00e1rias que supervisionam outras subsidi\u00e1rias). <\/p><p>Nos pa\u00edses em que uma subsidi\u00e1ria local opera, as condi\u00e7\u00f5es locais podem complementar ou adaptar estes Termos e Condi\u00e7\u00f5es Gerais. Quando os servi\u00e7os forem oferecidos localmente por uma entidade do Grupo, a legisla\u00e7\u00e3o local aplic\u00e1vel poder\u00e1 ter preced\u00eancia sobre determinadas disposi\u00e7\u00f5es contratuais ou fiscais. <\/p><h1>25. Detalhes para contato<\/h1><p>Este site \u00e9 de propriedade e operado pela D\u00e9dicace Software SAS.<\/p><p>Voc\u00ea pode entrar em contato conosco sobre estes Termos e Condi\u00e7\u00f5es pelo n\u00famero de telefone indicado em nosso site.<\/p>\t\t\t\t\t\t\t\t<\/div>\n\t\t\t\t<\/div>\n\t\t\t\t\t<\/div>\n\t\t\t\t<\/div>\n\t\t\t\t<\/div>\n\t\t","protected":false},"excerpt":{"rendered":"<p>1.Introdu\u00e7\u00e3o Estes Termos e Condi\u00e7\u00f5es se aplicam a este site e \u00e0s transa\u00e7\u00f5es relacionadas aos nossos produtos e servi\u00e7os. Voc\u00ea pode estar vinculado a contratos adicionais relacionados ao seu relacionamento conosco ou a quaisquer produtos ou servi\u00e7os que receba de n\u00f3s. Em caso de conflito entre as disposi\u00e7\u00f5es de tais contratos adicionais e estes Termos [&hellip;]<\/p>\n","protected":false},"author":1,"featured_media":0,"parent":0,"menu_order":0,"comment_status":"closed","ping_status":"closed","template":"","meta":{"om_disable_all_campaigns":false,"_monsterinsights_skip_tracking":false,"_monsterinsights_sitenote_active":false,"_monsterinsights_sitenote_note":"","_monsterinsights_sitenote_category":0,"footnotes":""},"class_list":["post-20987","page","type-page","status-publish","hentry"],"aioseo_notices":[],"_links":{"self":[{"href":"https:\/\/wedoback.com\/pt-br\/wp-json\/wp\/v2\/pages\/20987","targetHints":{"allow":["GET"]}}],"collection":[{"href":"https:\/\/wedoback.com\/pt-br\/wp-json\/wp\/v2\/pages"}],"about":[{"href":"https:\/\/wedoback.com\/pt-br\/wp-json\/wp\/v2\/types\/page"}],"author":[{"embeddable":true,"href":"https:\/\/wedoback.com\/pt-br\/wp-json\/wp\/v2\/users\/1"}],"replies":[{"embeddable":true,"href":"https:\/\/wedoback.com\/pt-br\/wp-json\/wp\/v2\/comments?post=20987"}],"version-history":[{"count":0,"href":"https:\/\/wedoback.com\/pt-br\/wp-json\/wp\/v2\/pages\/20987\/revisions"}],"wp:attachment":[{"href":"https:\/\/wedoback.com\/pt-br\/wp-json\/wp\/v2\/media?parent=20987"}],"curies":[{"name":"wp","href":"https:\/\/api.w.org\/{rel}","templated":true}]}}