{"id":20135,"date":"2021-04-01T13:59:59","date_gmt":"2021-04-01T11:59:59","guid":{"rendered":"https:\/\/www.wedoback.net\/politica-da-empresa\/"},"modified":"2025-05-04T13:07:06","modified_gmt":"2025-05-04T11:07:06","slug":"politica-da-empresa","status":"publish","type":"page","link":"https:\/\/wedoback.com\/pt-br\/politica-da-empresa\/","title":{"rendered":"C\u00f3digo de \u00e9tica"},"content":{"rendered":"\t\t<div data-elementor-type=\"wp-page\" data-elementor-id=\"20135\" class=\"elementor elementor-20135\" data-elementor-settings=\"{&quot;ha_cmc_init_switcher&quot;:&quot;no&quot;}\" data-elementor-post-type=\"page\">\n\t\t\t\t<div class=\"elementor-element elementor-element-642346a9 e-flex e-con-boxed e-con e-parent\" data-id=\"642346a9\" data-element_type=\"container\" data-e-type=\"container\" data-settings=\"{&quot;_ha_eqh_enable&quot;:false}\">\n\t\t\t\t\t<div class=\"e-con-inner\">\n\t\t\t\t<div class=\"elementor-element elementor-element-36d7647d elementor-widget elementor-widget-text-editor\" data-id=\"36d7647d\" data-element_type=\"widget\" data-e-type=\"widget\" data-widget_type=\"text-editor.default\">\n\t\t\t\t<div class=\"elementor-widget-container\">\n\t\t\t\t\t\t\t\t\t<p>A &#8220;WEDOBACK&#8221; optou por uma pol\u00edtica \u00e9tica que respeita os valores morais e a dignidade humana. Ao fazer isso, a &#8220;WEDOBACK&#8221; s\u00f3 aceitar\u00e1 a hospedagem de dados que respeitem as seguintes limita\u00e7\u00f5es: <\/p><p><br>Qualquer conte\u00fado considerado ofensivo (conte\u00fado discriminat\u00f3rio, racista ou xen\u00f3fobo, revisionista ou negacionista, difamat\u00f3rio, violento ou que incite \u00e0 viol\u00eancia, que possa chocar a sensibilidade de jovens, abusivo ou comumente considerado vulgar, ofensivo, contr\u00e1rio \u00e0 dec\u00eancia p\u00fablica ou \u00e0 ordem p\u00fablica, ofensivo em rela\u00e7\u00e3o a pr\u00e1ticas ou cren\u00e7as religiosas, obsceno, pornogr\u00e1fico ou ped\u00f3filo) \u00e9 proibido.<\/p><ul><li>De modo mais geral, qualquer conte\u00fado que viole os direitos de propriedade intelectual e os direitos autorais (textos, imagens, v\u00eddeos, segredos comerciais, informa\u00e7\u00f5es internas ou confidenciais, etc.) ou as leis e regulamentos em vigor tamb\u00e9m \u00e9 proibido em nossos servidores.<\/li><li>Cada cliente, cujo site (ou qualquer outro aplicativo) \u00e9 gerenciado pela &#8220;WEDOBACK&#8221;, deve garantir que nenhum visitante possa incluir coment\u00e1rios, blogs ou opini\u00f5es que sejam contr\u00e1rios aos limites a seguir:<\/li><\/ul><ul><li>aus\u00eancia de coment\u00e1rios racistas;<\/li><li>aus\u00eancia de linguagem abusiva ou de linguagem comumente considerada vulgar;<\/li><li>nenhuma linguagem ofensiva a pr\u00e1ticas ou cren\u00e7as religiosas;<\/li><li>aus\u00eancia de conte\u00fado revisionista;<\/li><li>nenhum conte\u00fado pornogr\u00e1fico ou ped\u00f3filo;<\/li><\/ul><div> <\/div><p>Al\u00e9m disso, por raz\u00f5es de estrita neutralidade, nenhum conte\u00fado de natureza pol\u00edtica, filos\u00f3fica ou religiosa ser\u00e1 gerenciado pela &#8220;WEDOBACK&#8221;. O n\u00e3o cumprimento deste c\u00f3digo de conduta resultar\u00e1 em : <\/p><ul><li>  Interrup\u00e7\u00e3o imediata dos servi\u00e7os prestados ao cliente em quest\u00e3o no servidor em quest\u00e3o, desde que o conte\u00fado n\u00e3o esteja em conformidade com nosso estatuto;<\/li><li>Em todos os outros casos, nenhuma interven\u00e7\u00e3o da &#8220;WEDOBACK&#8221; ser\u00e1 poss\u00edvel enquanto o conte\u00fado n\u00e3o estiver em conformidade com nosso regulamento.<\/li><\/ul><p><strong>Detalhes sobre a aplica\u00e7\u00e3o do C\u00f3digo de \u00c9tica:<\/strong><\/p><p>De acordo com os valores descritos no artigo 3 acima, a aplica\u00e7\u00e3o do c\u00f3digo de \u00e9tica implica a recusa sistem\u00e1tica e categ\u00f3rica de qualquer v\u00ednculo com o conte\u00fado a seguir:<\/p><ul><li>Discurso de \u00f3dio, ass\u00e9dio, insultos, amea\u00e7as, conte\u00fado difamat\u00f3rio contra indiv\u00edduos, grupos ou estados.<\/li><li>Conte\u00fado sugestivo, provocativo ou expl\u00edcito reservado para adultos.<\/li><li>Informa\u00e7\u00f5es infundadas ou n\u00e3o verific\u00e1veis, enganosas ou amb\u00edguas.<\/li><li>Atividades ou conte\u00fado desonesto ou abusivo.<\/li><li>Conte\u00fado religioso, adivinha\u00e7\u00e3o, astrologia, ocultismo, etc.<\/li><li>Jogos de azar e apostas, bem como qualquer jogo que cause v\u00edcio ou depend\u00eancia.<\/li><li>Armas em geral, guerra, revolta, manifesta\u00e7\u00e3o.<\/li><li>Drogas, tabaco e todos os produtos que representem uma amea\u00e7a \u00e0 sa\u00fade.<\/li><li>Sites de namoro, libertarianismo, swing ou outros.<\/li><\/ul>\t\t\t\t\t\t\t\t<\/div>\n\t\t\t\t<\/div>\n\t\t\t\t\t<\/div>\n\t\t\t\t<\/div>\n\t\t\t\t<\/div>\n\t\t","protected":false},"excerpt":{"rendered":"<p>A &#8220;WEDOBACK&#8221; optou por uma pol\u00edtica \u00e9tica que respeita os valores morais e a dignidade humana. Ao fazer isso, a &#8220;WEDOBACK&#8221; s\u00f3 aceitar\u00e1 a hospedagem de dados que respeitem as seguintes limita\u00e7\u00f5es: Qualquer conte\u00fado considerado ofensivo (conte\u00fado discriminat\u00f3rio, racista ou xen\u00f3fobo, revisionista ou negacionista, difamat\u00f3rio, violento ou que incite \u00e0 viol\u00eancia, que possa chocar a [&hellip;]<\/p>\n","protected":false},"author":1,"featured_media":0,"parent":0,"menu_order":0,"comment_status":"closed","ping_status":"closed","template":"","meta":{"om_disable_all_campaigns":false,"_monsterinsights_skip_tracking":false,"_monsterinsights_sitenote_active":false,"_monsterinsights_sitenote_note":"","_monsterinsights_sitenote_category":0,"footnotes":""},"class_list":["post-20135","page","type-page","status-publish","hentry"],"aioseo_notices":[],"_links":{"self":[{"href":"https:\/\/wedoback.com\/pt-br\/wp-json\/wp\/v2\/pages\/20135","targetHints":{"allow":["GET"]}}],"collection":[{"href":"https:\/\/wedoback.com\/pt-br\/wp-json\/wp\/v2\/pages"}],"about":[{"href":"https:\/\/wedoback.com\/pt-br\/wp-json\/wp\/v2\/types\/page"}],"author":[{"embeddable":true,"href":"https:\/\/wedoback.com\/pt-br\/wp-json\/wp\/v2\/users\/1"}],"replies":[{"embeddable":true,"href":"https:\/\/wedoback.com\/pt-br\/wp-json\/wp\/v2\/comments?post=20135"}],"version-history":[{"count":0,"href":"https:\/\/wedoback.com\/pt-br\/wp-json\/wp\/v2\/pages\/20135\/revisions"}],"wp:attachment":[{"href":"https:\/\/wedoback.com\/pt-br\/wp-json\/wp\/v2\/media?parent=20135"}],"curies":[{"name":"wp","href":"https:\/\/api.w.org\/{rel}","templated":true}]}}