{"id":20055,"date":"2024-07-05T14:22:51","date_gmt":"2024-07-05T12:22:51","guid":{"rendered":"https:\/\/www.wedoback.net\/oferta-smart\/"},"modified":"2025-03-20T10:07:40","modified_gmt":"2025-03-20T09:07:40","slug":"oferta-smart","status":"publish","type":"page","link":"https:\/\/wedoback.com\/pt-br\/oferta-smart\/","title":{"rendered":"Oferta SMART"},"content":{"rendered":"\t\t<div data-elementor-type=\"wp-page\" data-elementor-id=\"20055\" class=\"elementor elementor-20055\" data-elementor-settings=\"{&quot;ha_cmc_init_switcher&quot;:&quot;no&quot;}\" data-elementor-post-type=\"page\">\n\t\t\t\t<div class=\"elementor-element elementor-element-456e370f e-flex e-con-boxed e-con e-parent\" data-id=\"456e370f\" data-element_type=\"container\" data-e-type=\"container\" data-settings=\"{&quot;_ha_eqh_enable&quot;:false}\">\n\t\t\t\t\t<div class=\"e-con-inner\">\n\t\t\t\t<div class=\"elementor-element elementor-element-1fe69b07 elementor-widget elementor-widget-heading\" data-id=\"1fe69b07\" data-element_type=\"widget\" data-e-type=\"widget\" data-widget_type=\"heading.default\">\n\t\t\t\t<div class=\"elementor-widget-container\">\n\t\t\t\t\t<h2 class=\"elementor-heading-title elementor-size-default\">Oferta SMART<\/h2>\t\t\t\t<\/div>\n\t\t\t\t<\/div>\n\t\t\t\t<div class=\"elementor-element elementor-element-5423f12a elementor-widget elementor-widget-text-editor\" data-id=\"5423f12a\" data-element_type=\"widget\" data-e-type=\"widget\" data-widget_type=\"text-editor.default\">\n\t\t\t\t<div class=\"elementor-widget-container\">\n\t\t\t\t\t\t\t\t\t<p>Escolha a liberdade com a nossa solu\u00e7\u00e3o de backup <strong>SMART<\/strong>. Ideal para usu\u00e1rios independentes, esse pacote permite que voc\u00ea proteja todos os seus arquivos, servidores, e-mails e outros dados importantes, pagando apenas pelo suporte t\u00e9cnico quando necess\u00e1rio. <\/p>\n<p>Com a <strong>SMART<\/strong>, voc\u00ea se beneficia de uma solu\u00e7\u00e3o flex\u00edvel e econ\u00f4mica que \u00e9 perfeitamente adequada \u00e0s necessidades essenciais de backup.<\/p>\n<p>Para assinar esse servi\u00e7o, voc\u00ea deve :<\/p>\n<ol>\n<li class=\"popStockWDB\" style=\"cursor: pointer;\">\n              <b><br \/>\n                <u>para o armazenamento SMART<\/u><br \/>\n              <\/b>\n            <\/li>\n<li class=\"popAgent\" style=\"cursor: pointer;\"><b><u>1 agente de backup<\/u><\/b> para cada servidor ou computador em quest\u00e3o.<\/li>\n<\/ol>\n<p>Eu me inscrevo aqui:<\/p>\n\t\t\t\t\t\t\t\t<\/div>\n\t\t\t\t<\/div>\n\t\t\t\t\t<\/div>\n\t\t\t\t<\/div>\n\t\t<div class=\"elementor-element elementor-element-339fa22b e-flex e-con-boxed e-con e-parent\" data-id=\"339fa22b\" data-element_type=\"container\" data-e-type=\"container\" data-settings=\"{&quot;_ha_eqh_enable&quot;:false}\">\n\t\t\t\t\t<div class=\"e-con-inner\">\n\t\t\t\t<div class=\"elementor-element elementor-element-31ae2bb elementor-widget elementor-widget-ts-products\" data-id=\"31ae2bb\" data-element_type=\"widget\" data-e-type=\"widget\" data-widget_type=\"ts-products.default\">\n\t\t\t\t<div class=\"elementor-widget-container\">\n\t\t\t\t\t\t\t<div class=\"ts-product-wrapper ts-shortcode ts-product woocommerce columns-3 recent grid border-default\" style=\"--ts-columns: 3\" >\n\t\t\n\t\t\t\t\t\t\t\n\t\t\t<div class=\"content-wrapper \">\n\t\t\t\n\t\t\t\t<div class=\"products\">\r\n\r\n<section class=\"product type-product post-20967 status-publish first instock product_cat-agente product_cat-backup-pt-br product_cat-imutavel product_cat-pca-pt-br product_cat-pra-pt-br has-post-thumbnail taxable shipping-taxable purchasable product-type-variable-subscription\" data-product_id=\"20967\">\r\n\t<div class=\"product-wrapper\">\r\n\t\t\t\r\n\t\t<div class=\"thumbnail-wrapper\">\r\n\t\t\t<a href=\"https:\/\/wedoback.com\/pt-br\/produit\/agente-da-wedoback\/\">\r\n\t\t\t\t<figure class=\"no-back-image\"><img decoding=\"async\" src=\"https:\/\/www.wedoback.com\/wp-content\/themes\/ecomall\/images\/prod_loading.gif\" data-src=\"https:\/\/wedoback.com\/wp-content\/uploads\/2024\/08\/agent-sauv-300x300.png\" class=\"attachment-shop_catalog wp-post-image ts-lazy-load\" alt=\"\" width=\"300\" height=\"300\" \/><\/figure>\t\t\t<\/a>\r\n\t\t\t\t\t<div class=\"product-label on-thumbnail\">\n\t\t<\/div>\n\t<div class=\"product-group-button\">\t\t<div class=\"button-in wishlist\">\n\t\t\t<a href=\"#\" class=\"ts-add-to-wishlist remove-after-added\" data-id=\"20967\">\n\t\t\t\t<span class=\"ts-tooltip button-tooltip\" data-title=\"Add to wishlist\">Wishlist<\/span>\n\t\t\t<\/a>\n\t\t<\/div>\n\t\t<div class=\"button-in quickshop\"><a class=\"quickshop\" href=\"#\" data-product_id=\"20967\"><span class=\"ts-tooltip button-tooltip\">Quick View<\/span><\/a><\/div>\t\t<div class=\"button-in compare\">\n\t\t\t<a href=\"#\" class=\"ts-add-to-compare\" data-id=\"20967\">\n\t\t\t\t<span class=\"ts-tooltip button-tooltip\" data-title=\"Add to compare\">Compare<\/span>\n\t\t\t<\/a>\n\t\t<\/div>\n\t\t<\/div>\t\t<\/div>\r\n\t\t<div class=\"meta-wrapper\">\r\n\t\t\t<div class=\"product-categories\"><span>Categories: <\/span><a href=\"https:\/\/wedoback.com\/pt-br\/product-category\/agente\/\" rel=\"tag\">Agente<\/a>, <a href=\"https:\/\/wedoback.com\/pt-br\/product-category\/backup-pt-br\/\" rel=\"tag\">Backup<\/a>, <a href=\"https:\/\/wedoback.com\/pt-br\/product-category\/imutavel\/\" rel=\"tag\">Imut\u00e1vel<\/a>, <a href=\"https:\/\/wedoback.com\/pt-br\/product-category\/pca-pt-br\/\" rel=\"tag\">PCA<\/a>, <a href=\"https:\/\/wedoback.com\/pt-br\/product-category\/pra-pt-br\/\" rel=\"tag\">PRA<\/a><\/div><h3 class=\"heading-title product-name\"><a href=\"https:\/\/wedoback.com\/pt-br\/produit\/agente-da-wedoback\/\">Agente da WeDoBack<\/a><\/h3>\n\t<span class=\"price\"><span class=\"from\">A partir de: <\/span><span class=\"woocommerce-Price-amount amount\"><bdi>6,00&nbsp;<span class=\"woocommerce-Price-currencySymbol\">&euro;<\/span><\/bdi><\/span> <span class=\"subscription-details\"> \/ m\u00eas<\/span><\/span>\n<div class=\"product-group-button-meta\"><div class=\"loop-add-to-cart\"><a href=\"https:\/\/wedoback.com\/pt-br\/produit\/agente-da-wedoback\/\" data-quantity=\"1\" class=\"button product_type_variable-subscription add_to_cart_button\" data-product_id=\"20967\" data-product_sku=\"\" aria-label=\"Selecione as op\u00e7\u00f5es para &ldquo;Agente da WeDoBack&rdquo;\" rel=\"nofollow\"><span class=\"ts-tooltip button-tooltip\">Ver op\u00e7\u00f5es<\/span><\/a><\/div>\t<div class=\"short-description grid\">\n\t\tO agente \u00e9 um elemento-chave do WeDoBack. Ele garante a comunica\u00e7\u00e3o entre nossos servidores e\t<\/div>\n\t<\/div>\t\t<\/div>\r\n\t<\/div>\r\n<\/section>\r\n<section class=\"product type-product post-21016 status-publish instock product_cat-armazenamento-pt-br product_cat-backup-pt-br has-post-thumbnail virtual taxable purchasable product-type-subscription\" data-product_id=\"21016\">\r\n\t<div class=\"product-wrapper\">\r\n\t\t\t\r\n\t\t<div class=\"thumbnail-wrapper\">\r\n\t\t\t<a href=\"https:\/\/wedoback.com\/pt-br\/produit\/oferta-smart\/\">\r\n\t\t\t\t<figure class=\"no-back-image\"><img decoding=\"async\" src=\"https:\/\/www.wedoback.com\/wp-content\/themes\/ecomall\/images\/prod_loading.gif\" data-src=\"https:\/\/wedoback.com\/wp-content\/uploads\/2024\/06\/Fichier-4-300x300.png\" class=\"attachment-shop_catalog wp-post-image ts-lazy-load\" alt=\"Offre SMART\" width=\"300\" height=\"300\" \/><\/figure>\t\t\t<\/a>\r\n\t\t\t\t\t<div class=\"product-label on-thumbnail\">\n\t\t<\/div>\n\t<div class=\"product-group-button\">\t\t<div class=\"button-in wishlist\">\n\t\t\t<a href=\"#\" class=\"ts-add-to-wishlist remove-after-added\" data-id=\"21016\">\n\t\t\t\t<span class=\"ts-tooltip button-tooltip\" data-title=\"Add to wishlist\">Wishlist<\/span>\n\t\t\t<\/a>\n\t\t<\/div>\n\t\t<div class=\"button-in quickshop\"><a class=\"quickshop\" href=\"#\" data-product_id=\"21016\"><span class=\"ts-tooltip button-tooltip\">Quick View<\/span><\/a><\/div>\t\t<div class=\"button-in compare\">\n\t\t\t<a href=\"#\" class=\"ts-add-to-compare\" data-id=\"21016\">\n\t\t\t\t<span class=\"ts-tooltip button-tooltip\" data-title=\"Add to compare\">Compare<\/span>\n\t\t\t<\/a>\n\t\t<\/div>\n\t\t<\/div>\t\t<\/div>\r\n\t\t<div class=\"meta-wrapper\">\r\n\t\t\t<div class=\"product-categories\"><span>Categories: <\/span><a href=\"https:\/\/wedoback.com\/pt-br\/product-category\/armazenamento-pt-br\/\" rel=\"tag\">Armazenamento<\/a>, <a href=\"https:\/\/wedoback.com\/pt-br\/product-category\/backup-pt-br\/\" rel=\"tag\">Backup<\/a><\/div><h3 class=\"heading-title product-name\"><a href=\"https:\/\/wedoback.com\/pt-br\/produit\/oferta-smart\/\">Oferta SMART<\/a><\/h3>\n\t<span class=\"price\"><span class=\"woocommerce-Price-amount amount\"><bdi>49,99&nbsp;<span class=\"woocommerce-Price-currencySymbol\">&euro;<\/span><\/bdi><\/span> <span class=\"subscription-details\"> \/ m\u00eas<\/span><\/span>\n<div class=\"product-group-button-meta\"><div class=\"loop-add-to-cart\"><a href=\"\/pt-br\/wp-json\/wp\/v2\/pages\/20055?add-to-cart=21016\" data-quantity=\"1\" class=\"button product_type_subscription add_to_cart_button ajax_add_to_cart\" data-product_id=\"21016\" data-product_sku=\"\" aria-label=\"Ajouter au panier: &ldquo;Oferta SMART&rdquo;\" rel=\"nofollow\" data-success_message=\"\u201cOferta SMART\u201d foi adicionado ao seu carrinho\" role=\"button\"><span class=\"ts-tooltip button-tooltip\">Ajouter au panier<\/span><\/a><\/div>\t<div class=\"short-description grid\">\n\t\tO WeDoBack SMART \u00e9 muito mais do que apenas uma solu\u00e7\u00e3o de backup: \u00e9 uma\t<\/div>\n\t<\/div>\t\t<\/div>\r\n\t<\/div>\r\n<\/section>\r\n<section class=\"product type-product post-20994 status-publish last instock product_cat-opcoes has-post-thumbnail taxable shipping-taxable purchasable product-type-variable-subscription\" data-product_id=\"20994\">\r\n\t<div class=\"product-wrapper\">\r\n\t\t\t\r\n\t\t<div class=\"thumbnail-wrapper\">\r\n\t\t\t<a href=\"https:\/\/wedoback.com\/pt-br\/produit\/restauracao-rapida-em-caso-de-desastre\/\">\r\n\t\t\t\t<figure class=\"no-back-image\"><img decoding=\"async\" src=\"https:\/\/www.wedoback.com\/wp-content\/themes\/ecomall\/images\/prod_loading.gif\" data-src=\"https:\/\/wedoback.com\/wp-content\/uploads\/2024\/08\/Restauration-300x300.png\" class=\"attachment-shop_catalog wp-post-image ts-lazy-load\" alt=\"\" width=\"300\" height=\"300\" \/><\/figure>\t\t\t<\/a>\r\n\t\t\t\t\t<div class=\"product-label on-thumbnail\">\n\t\t<\/div>\n\t<div class=\"product-group-button\">\t\t<div class=\"button-in wishlist\">\n\t\t\t<a href=\"#\" class=\"ts-add-to-wishlist remove-after-added\" data-id=\"20994\">\n\t\t\t\t<span class=\"ts-tooltip button-tooltip\" data-title=\"Add to wishlist\">Wishlist<\/span>\n\t\t\t<\/a>\n\t\t<\/div>\n\t\t<div class=\"button-in quickshop\"><a class=\"quickshop\" href=\"#\" data-product_id=\"20994\"><span class=\"ts-tooltip button-tooltip\">Quick View<\/span><\/a><\/div>\t\t<div class=\"button-in compare\">\n\t\t\t<a href=\"#\" class=\"ts-add-to-compare\" data-id=\"20994\">\n\t\t\t\t<span class=\"ts-tooltip button-tooltip\" data-title=\"Add to compare\">Compare<\/span>\n\t\t\t<\/a>\n\t\t<\/div>\n\t\t<\/div>\t\t<\/div>\r\n\t\t<div class=\"meta-wrapper\">\r\n\t\t\t<div class=\"product-categories\"><span>Categories: <\/span><a href=\"https:\/\/wedoback.com\/pt-br\/product-category\/opcoes\/\" rel=\"tag\">Op\u00e7\u00f5es<\/a><\/div><h3 class=\"heading-title product-name\"><a href=\"https:\/\/wedoback.com\/pt-br\/produit\/restauracao-rapida-em-caso-de-desastre\/\">Restaura\u00e7\u00e3o r\u00e1pida em caso de desastre<\/a><\/h3>\n\t<span class=\"price\"><span class=\"from\">A partir de: <\/span><span class=\"woocommerce-Price-amount amount\"><bdi>15,00&nbsp;<span class=\"woocommerce-Price-currencySymbol\">&euro;<\/span><\/bdi><\/span> <span class=\"subscription-details\"> \/ m\u00eas<\/span><\/span>\n<div class=\"product-group-button-meta\"><div class=\"loop-add-to-cart\"><a href=\"https:\/\/wedoback.com\/pt-br\/produit\/restauracao-rapida-em-caso-de-desastre\/\" data-quantity=\"1\" class=\"button product_type_variable-subscription add_to_cart_button\" data-product_id=\"20994\" data-product_sku=\"\" aria-label=\"Selecione as op\u00e7\u00f5es para &ldquo;Restaura\u00e7\u00e3o r\u00e1pida em caso de desastre&rdquo;\" rel=\"nofollow\"><span class=\"ts-tooltip button-tooltip\">Ver op\u00e7\u00f5es<\/span><\/a><\/div>\t<div class=\"short-description grid\">\n\t\tBeneficie-se de um backup arquivado de seus sistemas para que voc\u00ea possa restaur\u00e1-los rapidamente em\t<\/div>\n\t<\/div>\t\t<\/div>\r\n\t<\/div>\r\n<\/section><\/div>\t\t\t\t\n\t\t\t<\/div>\n\t\t\t\n\t\t\t\t\t\t\n\t\t<\/div>\n\t\t\t\t\t\t<\/div>\n\t\t\t\t<\/div>\n\t\t\t\t\t<\/div>\n\t\t\t\t<\/div>\n\t\t\t\t<\/div>\n\t\t","protected":false},"excerpt":{"rendered":"<p>Oferta SMART Escolha a liberdade com a nossa solu\u00e7\u00e3o de backup SMART. Ideal para usu\u00e1rios independentes, esse pacote permite que voc\u00ea proteja todos os seus arquivos, servidores, e-mails e outros dados importantes, pagando apenas pelo suporte t\u00e9cnico quando necess\u00e1rio. Com a SMART, voc\u00ea se beneficia de uma solu\u00e7\u00e3o flex\u00edvel e econ\u00f4mica que \u00e9 perfeitamente adequada [&hellip;]<\/p>\n","protected":false},"author":16,"featured_media":0,"parent":0,"menu_order":0,"comment_status":"closed","ping_status":"closed","template":"elementor_header_footer","meta":{"om_disable_all_campaigns":false,"_monsterinsights_skip_tracking":false,"_monsterinsights_sitenote_active":false,"_monsterinsights_sitenote_note":"","_monsterinsights_sitenote_category":0,"footnotes":""},"class_list":["post-20055","page","type-page","status-publish","hentry"],"aioseo_notices":[],"_links":{"self":[{"href":"https:\/\/wedoback.com\/pt-br\/wp-json\/wp\/v2\/pages\/20055","targetHints":{"allow":["GET"]}}],"collection":[{"href":"https:\/\/wedoback.com\/pt-br\/wp-json\/wp\/v2\/pages"}],"about":[{"href":"https:\/\/wedoback.com\/pt-br\/wp-json\/wp\/v2\/types\/page"}],"author":[{"embeddable":true,"href":"https:\/\/wedoback.com\/pt-br\/wp-json\/wp\/v2\/users\/16"}],"replies":[{"embeddable":true,"href":"https:\/\/wedoback.com\/pt-br\/wp-json\/wp\/v2\/comments?post=20055"}],"version-history":[{"count":0,"href":"https:\/\/wedoback.com\/pt-br\/wp-json\/wp\/v2\/pages\/20055\/revisions"}],"wp:attachment":[{"href":"https:\/\/wedoback.com\/pt-br\/wp-json\/wp\/v2\/media?parent=20055"}],"curies":[{"name":"wp","href":"https:\/\/api.w.org\/{rel}","templated":true}]}}