{"id":20027,"date":"2024-07-08T15:33:14","date_gmt":"2024-07-08T13:33:14","guid":{"rendered":"https:\/\/www.wedoback.net\/oferta-integral\/"},"modified":"2025-03-20T09:56:03","modified_gmt":"2025-03-20T08:56:03","slug":"oferta-integral","status":"publish","type":"page","link":"https:\/\/wedoback.com\/pt-br\/oferta-integral\/","title":{"rendered":"Oferta INTEGRAL"},"content":{"rendered":"\t\t<div data-elementor-type=\"wp-page\" data-elementor-id=\"20027\" class=\"elementor elementor-20027\" data-elementor-settings=\"{&quot;ha_cmc_init_switcher&quot;:&quot;no&quot;}\" data-elementor-post-type=\"page\">\n\t\t\t\t<div class=\"elementor-element elementor-element-42c113d7 e-flex e-con-boxed e-con e-parent\" data-id=\"42c113d7\" data-element_type=\"container\" data-e-type=\"container\" data-settings=\"{&quot;_ha_eqh_enable&quot;:false}\">\n\t\t\t\t\t<div class=\"e-con-inner\">\n\t\t\t\t<div class=\"elementor-element elementor-element-398b99e9 elementor-widget elementor-widget-heading\" data-id=\"398b99e9\" data-element_type=\"widget\" data-e-type=\"widget\" data-widget_type=\"heading.default\">\n\t\t\t\t<div class=\"elementor-widget-container\">\n\t\t\t\t\t<h2 class=\"elementor-heading-title elementor-size-default\">Oferta INTEGRAL<\/h2>\t\t\t\t<\/div>\n\t\t\t\t<\/div>\n\t\t\t\t<div class=\"elementor-element elementor-element-4d83f0f4 elementor-widget elementor-widget-text-editor\" data-id=\"4d83f0f4\" data-element_type=\"widget\" data-e-type=\"widget\" data-widget_type=\"text-editor.default\">\n\t\t\t\t<div class=\"elementor-widget-container\">\n\t\t\t\t\t\t\t\t\t<p>Voc\u00ea pode ficar tranquilo com a nossa solu\u00e7\u00e3o de backup <strong>INTEGRAL<\/strong>. Al\u00e9m de proteger todos os seus arquivos, servidores, e-mails e outros dados cr\u00edticos, voc\u00ea tamb\u00e9m se beneficiar\u00e1 de <strong>2 horas de suporte t\u00e9cnico<\/strong> todos os meses, para obter assist\u00eancia r\u00e1pida e eficiente quando precisar. Perfeito para empresas ou indiv\u00edduos que buscam uma solu\u00e7\u00e3o completa e um suporte dedicado, <strong>o INTEGRAL<\/strong> oferece a voc\u00ea uma tranquilidade inabal\u00e1vel.  <\/p>\n<p>Cada computador ou servidor requer a implementa\u00e7\u00e3o de um agente. Se o n\u00famero de agentes oferecidos com o seu pacote de armazenamento INTEGRAL n\u00e3o for suficiente, adicione quantos agentes extras voc\u00ea precisar. <\/p>\n<p>Por fim, com a oferta INTEGRAL, voc\u00ea aproveita uma atraente escala m\u00f3vel de tarifas!<\/p>\n<p>Para assinar esse servi\u00e7o, voc\u00ea deve :<\/p>\n<ol>\n<li class=\"popStockWDB\" style=\"cursor: pointer;\">\n              <b><br \/>\n                <u>para o armazenamento INTEGRAL<\/u><br \/>\n              <\/b>\n            <\/li>\n<li class=\"popAgent\" style=\"cursor: pointer;\"><b><u>1 agente de backup<\/u><\/b> para cada servidor ou computador em quest\u00e3o.<\/li>\n<\/ol>\n<p>Eu me inscrevo aqui:<\/p>\n\t\t\t\t\t\t\t\t<\/div>\n\t\t\t\t<\/div>\n\t\t\t\t\t<\/div>\n\t\t\t\t<\/div>\n\t\t<div class=\"elementor-element elementor-element-6e22171f e-flex e-con-boxed e-con e-parent\" data-id=\"6e22171f\" data-element_type=\"container\" data-e-type=\"container\" data-settings=\"{&quot;_ha_eqh_enable&quot;:false}\">\n\t\t\t\t\t<div class=\"e-con-inner\">\n\t\t\t\t<div class=\"elementor-element elementor-element-3469de73 elementor-widget elementor-widget-ts-products\" data-id=\"3469de73\" data-element_type=\"widget\" data-e-type=\"widget\" data-widget_type=\"ts-products.default\">\n\t\t\t\t<div class=\"elementor-widget-container\">\n\t\t\t\t\t\t\t<div class=\"ts-product-wrapper ts-shortcode ts-product woocommerce columns-5 recent grid border-default\" style=\"--ts-columns: 5\" >\n\t\t\n\t\t\t\t\t\t\t\n\t\t\t<div class=\"content-wrapper \">\n\t\t\t\n\t\t\t\t<div class=\"products\">\r\n\r\n<section class=\"product type-product post-20967 status-publish first instock product_cat-agente product_cat-backup-pt-br product_cat-imutavel product_cat-pca-pt-br product_cat-pra-pt-br has-post-thumbnail taxable shipping-taxable purchasable product-type-variable-subscription\" data-product_id=\"20967\">\r\n\t<div class=\"product-wrapper\">\r\n\t\t\t\r\n\t\t<div class=\"thumbnail-wrapper\">\r\n\t\t\t<a href=\"https:\/\/wedoback.com\/pt-br\/produit\/agente-da-wedoback\/\">\r\n\t\t\t\t<figure class=\"no-back-image\"><img decoding=\"async\" src=\"https:\/\/www.wedoback.com\/wp-content\/themes\/ecomall\/images\/prod_loading.gif\" data-src=\"https:\/\/wedoback.com\/wp-content\/uploads\/2024\/08\/agent-sauv-300x300.png\" class=\"attachment-shop_catalog wp-post-image ts-lazy-load\" alt=\"\" width=\"300\" height=\"300\" \/><\/figure>\t\t\t<\/a>\r\n\t\t\t\t\t<div class=\"product-label on-thumbnail\">\n\t\t<\/div>\n\t<div class=\"product-group-button\">\t\t<div class=\"button-in wishlist\">\n\t\t\t<a href=\"#\" class=\"ts-add-to-wishlist remove-after-added\" data-id=\"20967\">\n\t\t\t\t<span class=\"ts-tooltip button-tooltip\" data-title=\"Add to wishlist\">Wishlist<\/span>\n\t\t\t<\/a>\n\t\t<\/div>\n\t\t<div class=\"button-in quickshop\"><a class=\"quickshop\" href=\"#\" data-product_id=\"20967\"><span class=\"ts-tooltip button-tooltip\">Quick View<\/span><\/a><\/div>\t\t<div class=\"button-in compare\">\n\t\t\t<a href=\"#\" class=\"ts-add-to-compare\" data-id=\"20967\">\n\t\t\t\t<span class=\"ts-tooltip button-tooltip\" data-title=\"Add to compare\">Compare<\/span>\n\t\t\t<\/a>\n\t\t<\/div>\n\t\t<\/div>\t\t<\/div>\r\n\t\t<div class=\"meta-wrapper\">\r\n\t\t\t<div class=\"product-categories\"><span>Categories: <\/span><a href=\"https:\/\/wedoback.com\/pt-br\/product-category\/agente\/\" rel=\"tag\">Agente<\/a>, <a href=\"https:\/\/wedoback.com\/pt-br\/product-category\/backup-pt-br\/\" rel=\"tag\">Backup<\/a>, <a href=\"https:\/\/wedoback.com\/pt-br\/product-category\/imutavel\/\" rel=\"tag\">Imut\u00e1vel<\/a>, <a href=\"https:\/\/wedoback.com\/pt-br\/product-category\/pca-pt-br\/\" rel=\"tag\">PCA<\/a>, <a href=\"https:\/\/wedoback.com\/pt-br\/product-category\/pra-pt-br\/\" rel=\"tag\">PRA<\/a><\/div><h3 class=\"heading-title product-name\"><a href=\"https:\/\/wedoback.com\/pt-br\/produit\/agente-da-wedoback\/\">Agente da WeDoBack<\/a><\/h3>\n\t<span class=\"price\"><span class=\"from\">A partir de: <\/span><span class=\"woocommerce-Price-amount amount\"><bdi>6,00&nbsp;<span class=\"woocommerce-Price-currencySymbol\">&euro;<\/span><\/bdi><\/span> <span class=\"subscription-details\"> \/ m\u00eas<\/span><\/span>\n<div class=\"product-group-button-meta\"><div class=\"loop-add-to-cart\"><a href=\"https:\/\/wedoback.com\/pt-br\/produit\/agente-da-wedoback\/\" data-quantity=\"1\" class=\"button product_type_variable-subscription add_to_cart_button\" data-product_id=\"20967\" data-product_sku=\"\" aria-label=\"Selecione as op\u00e7\u00f5es para &ldquo;Agente da WeDoBack&rdquo;\" rel=\"nofollow\"><span class=\"ts-tooltip button-tooltip\">Ver op\u00e7\u00f5es<\/span><\/a><\/div>\t<div class=\"short-description grid\">\n\t\tO agente \u00e9 um elemento-chave do WeDoBack. Ele garante a comunica\u00e7\u00e3o entre nossos servidores e\t<\/div>\n\t<\/div>\t\t<\/div>\r\n\t<\/div>\r\n<\/section>\r\n<section class=\"product type-product post-21184 status-publish instock product_cat-armazenamento-pt-br-2 product_cat-backup-pt-br has-post-thumbnail taxable shipping-taxable purchasable product-type-variable-subscription\" data-product_id=\"21184\">\r\n\t<div class=\"product-wrapper\">\r\n\t\t\t\r\n\t\t<div class=\"thumbnail-wrapper\">\r\n\t\t\t<a href=\"https:\/\/wedoback.com\/pt-br\/produit\/armazenamento-integral\/\">\r\n\t\t\t\t<figure class=\"no-back-image\"><img decoding=\"async\" src=\"https:\/\/www.wedoback.com\/wp-content\/themes\/ecomall\/images\/prod_loading.gif\" data-src=\"https:\/\/wedoback.com\/wp-content\/uploads\/2024\/08\/offre-Integral-300x300.png\" class=\"attachment-shop_catalog wp-post-image ts-lazy-load\" alt=\"\" width=\"300\" height=\"300\" \/><\/figure>\t\t\t<\/a>\r\n\t\t\t\t\t<div class=\"product-label on-thumbnail\">\n\t\t<\/div>\n\t<div class=\"product-group-button\">\t\t<div class=\"button-in wishlist\">\n\t\t\t<a href=\"#\" class=\"ts-add-to-wishlist remove-after-added\" data-id=\"21184\">\n\t\t\t\t<span class=\"ts-tooltip button-tooltip\" data-title=\"Add to wishlist\">Wishlist<\/span>\n\t\t\t<\/a>\n\t\t<\/div>\n\t\t<div class=\"button-in quickshop\"><a class=\"quickshop\" href=\"#\" data-product_id=\"21184\"><span class=\"ts-tooltip button-tooltip\">Quick View<\/span><\/a><\/div>\t\t<div class=\"button-in compare\">\n\t\t\t<a href=\"#\" class=\"ts-add-to-compare\" data-id=\"21184\">\n\t\t\t\t<span class=\"ts-tooltip button-tooltip\" data-title=\"Add to compare\">Compare<\/span>\n\t\t\t<\/a>\n\t\t<\/div>\n\t\t<\/div>\t\t<\/div>\r\n\t\t<div class=\"meta-wrapper\">\r\n\t\t\t<div class=\"product-categories\"><span>Categories: <\/span><a href=\"https:\/\/wedoback.com\/pt-br\/product-category\/armazenamento-pt-br-2\/\" rel=\"tag\">Armazenamento<\/a>, <a href=\"https:\/\/wedoback.com\/pt-br\/product-category\/backup-pt-br\/\" rel=\"tag\">Backup<\/a><\/div><h3 class=\"heading-title product-name\"><a href=\"https:\/\/wedoback.com\/pt-br\/produit\/armazenamento-integral\/\">Armazenamento INTEGRAL<\/a><\/h3>\n\t<span class=\"price\"><span class=\"from\">A partir de: <\/span><span class=\"woocommerce-Price-amount amount\"><bdi>100,00&nbsp;<span class=\"woocommerce-Price-currencySymbol\">&euro;<\/span><\/bdi><\/span> <span class=\"subscription-details\"> \/ m\u00eas<\/span><\/span>\n<div class=\"product-group-button-meta\"><div class=\"loop-add-to-cart\"><a href=\"https:\/\/wedoback.com\/pt-br\/produit\/armazenamento-integral\/\" data-quantity=\"1\" class=\"button product_type_variable-subscription add_to_cart_button\" data-product_id=\"21184\" data-product_sku=\"\" aria-label=\"Selecione as op\u00e7\u00f5es para &ldquo;Armazenamento INTEGRAL&rdquo;\" rel=\"nofollow\"><span class=\"ts-tooltip button-tooltip\">Ver op\u00e7\u00f5es<\/span><\/a><\/div>\t<div class=\"short-description grid\">\n\t\tCom o WeDoBack INTEGRAL, voc\u00ea se beneficia de uma solu\u00e7\u00e3o de backup premium projetada para\t<\/div>\n\t<\/div>\t\t<\/div>\r\n\t<\/div>\r\n<\/section>\r\n<section class=\"product type-product post-21648 status-publish instock product_cat-opcoes has-post-thumbnail virtual taxable purchasable product-type-subscription\" data-product_id=\"21648\">\r\n\t<div class=\"product-wrapper\">\r\n\t\t\t\r\n\t\t<div class=\"thumbnail-wrapper\">\r\n\t\t\t<a href=\"https:\/\/wedoback.com\/pt-br\/produit\/controle-de-seguranca\/\">\r\n\t\t\t\t<figure class=\"no-back-image\"><img decoding=\"async\" src=\"https:\/\/www.wedoback.com\/wp-content\/themes\/ecomall\/images\/prod_loading.gif\" data-src=\"https:\/\/wedoback.com\/wp-content\/uploads\/2024\/08\/controle-de-sec-300x300.png\" class=\"attachment-shop_catalog wp-post-image ts-lazy-load\" alt=\"\" width=\"300\" height=\"300\" \/><\/figure>\t\t\t<\/a>\r\n\t\t\t\t\t<div class=\"product-label on-thumbnail\">\n\t\t<\/div>\n\t<div class=\"product-group-button\">\t\t<div class=\"button-in wishlist\">\n\t\t\t<a href=\"#\" class=\"ts-add-to-wishlist remove-after-added\" data-id=\"21648\">\n\t\t\t\t<span class=\"ts-tooltip button-tooltip\" data-title=\"Add to wishlist\">Wishlist<\/span>\n\t\t\t<\/a>\n\t\t<\/div>\n\t\t<div class=\"button-in quickshop\"><a class=\"quickshop\" href=\"#\" data-product_id=\"21648\"><span class=\"ts-tooltip button-tooltip\">Quick View<\/span><\/a><\/div>\t\t<div class=\"button-in compare\">\n\t\t\t<a href=\"#\" class=\"ts-add-to-compare\" data-id=\"21648\">\n\t\t\t\t<span class=\"ts-tooltip button-tooltip\" data-title=\"Add to compare\">Compare<\/span>\n\t\t\t<\/a>\n\t\t<\/div>\n\t\t<\/div>\t\t<\/div>\r\n\t\t<div class=\"meta-wrapper\">\r\n\t\t\t<div class=\"product-categories\"><span>Categories: <\/span><a href=\"https:\/\/wedoback.com\/pt-br\/product-category\/opcoes\/\" rel=\"tag\">Op\u00e7\u00f5es<\/a><\/div><h3 class=\"heading-title product-name\"><a href=\"https:\/\/wedoback.com\/pt-br\/produit\/controle-de-seguranca\/\">Controle de seguran\u00e7a<\/a><\/h3>\n\t<span class=\"price\"><span class=\"woocommerce-Price-amount amount\"><bdi>0,00&nbsp;<span class=\"woocommerce-Price-currencySymbol\">&euro;<\/span><\/bdi><\/span> <span class=\"subscription-details\"> \/ m\u00eas<\/span><\/span>\n<div class=\"product-group-button-meta\"><div class=\"loop-add-to-cart\"><a href=\"\/pt-br\/wp-json\/wp\/v2\/pages\/20027?add-to-cart=21648\" data-quantity=\"1\" class=\"button product_type_subscription add_to_cart_button ajax_add_to_cart\" data-product_id=\"21648\" data-product_sku=\"\" aria-label=\"Ajouter au panier: &ldquo;Controle de seguran\u00e7a&rdquo;\" rel=\"nofollow\" data-success_message=\"\u201cControle de seguran\u00e7a\u201d foi adicionado ao seu carrinho\" role=\"button\"><span class=\"ts-tooltip button-tooltip\">Ajouter au panier<\/span><\/a><\/div>\t<div class=\"short-description grid\">\n\t\tGra\u00e7as \u00e0 <strong>parceria desenvolvida entre a WeDoBack e os servi\u00e7os de seguran\u00e7a cibern\u00e9tica da<\/strong><a href=\"https:\/\/www.it-cyberwall.com\"><strong>IT\t<\/div>\n\t<\/div>\t\t<\/div>\r\n\t<\/div>\r\n<\/section>\r\n<section class=\"product type-product post-20994 status-publish instock product_cat-opcoes has-post-thumbnail taxable shipping-taxable purchasable product-type-variable-subscription\" data-product_id=\"20994\">\r\n\t<div class=\"product-wrapper\">\r\n\t\t\t\r\n\t\t<div class=\"thumbnail-wrapper\">\r\n\t\t\t<a href=\"https:\/\/wedoback.com\/pt-br\/produit\/restauracao-rapida-em-caso-de-desastre\/\">\r\n\t\t\t\t<figure class=\"no-back-image\"><img decoding=\"async\" src=\"https:\/\/www.wedoback.com\/wp-content\/themes\/ecomall\/images\/prod_loading.gif\" data-src=\"https:\/\/wedoback.com\/wp-content\/uploads\/2024\/08\/Restauration-300x300.png\" class=\"attachment-shop_catalog wp-post-image ts-lazy-load\" alt=\"\" width=\"300\" height=\"300\" \/><\/figure>\t\t\t<\/a>\r\n\t\t\t\t\t<div class=\"product-label on-thumbnail\">\n\t\t<\/div>\n\t<div class=\"product-group-button\">\t\t<div class=\"button-in wishlist\">\n\t\t\t<a href=\"#\" class=\"ts-add-to-wishlist remove-after-added\" data-id=\"20994\">\n\t\t\t\t<span class=\"ts-tooltip button-tooltip\" data-title=\"Add to wishlist\">Wishlist<\/span>\n\t\t\t<\/a>\n\t\t<\/div>\n\t\t<div class=\"button-in quickshop\"><a class=\"quickshop\" href=\"#\" data-product_id=\"20994\"><span class=\"ts-tooltip button-tooltip\">Quick View<\/span><\/a><\/div>\t\t<div class=\"button-in compare\">\n\t\t\t<a href=\"#\" class=\"ts-add-to-compare\" data-id=\"20994\">\n\t\t\t\t<span class=\"ts-tooltip button-tooltip\" data-title=\"Add to compare\">Compare<\/span>\n\t\t\t<\/a>\n\t\t<\/div>\n\t\t<\/div>\t\t<\/div>\r\n\t\t<div class=\"meta-wrapper\">\r\n\t\t\t<div class=\"product-categories\"><span>Categories: <\/span><a href=\"https:\/\/wedoback.com\/pt-br\/product-category\/opcoes\/\" rel=\"tag\">Op\u00e7\u00f5es<\/a><\/div><h3 class=\"heading-title product-name\"><a href=\"https:\/\/wedoback.com\/pt-br\/produit\/restauracao-rapida-em-caso-de-desastre\/\">Restaura\u00e7\u00e3o r\u00e1pida em caso de desastre<\/a><\/h3>\n\t<span class=\"price\"><span class=\"from\">A partir de: <\/span><span class=\"woocommerce-Price-amount amount\"><bdi>15,00&nbsp;<span class=\"woocommerce-Price-currencySymbol\">&euro;<\/span><\/bdi><\/span> <span class=\"subscription-details\"> \/ m\u00eas<\/span><\/span>\n<div class=\"product-group-button-meta\"><div class=\"loop-add-to-cart\"><a href=\"https:\/\/wedoback.com\/pt-br\/produit\/restauracao-rapida-em-caso-de-desastre\/\" data-quantity=\"1\" class=\"button product_type_variable-subscription add_to_cart_button\" data-product_id=\"20994\" data-product_sku=\"\" aria-label=\"Selecione as op\u00e7\u00f5es para &ldquo;Restaura\u00e7\u00e3o r\u00e1pida em caso de desastre&rdquo;\" rel=\"nofollow\"><span class=\"ts-tooltip button-tooltip\">Ver op\u00e7\u00f5es<\/span><\/a><\/div>\t<div class=\"short-description grid\">\n\t\tBeneficie-se de um backup arquivado de seus sistemas para que voc\u00ea possa restaur\u00e1-los rapidamente em\t<\/div>\n\t<\/div>\t\t<\/div>\r\n\t<\/div>\r\n<\/section>\r\n<section class=\"product type-product post-21652 status-publish last instock product_cat-opcoes has-post-thumbnail virtual taxable purchasable product-type-simple\" data-product_id=\"21652\">\r\n\t<div class=\"product-wrapper\">\r\n\t\t\t\r\n\t\t<div class=\"thumbnail-wrapper\">\r\n\t\t\t<a href=\"https:\/\/wedoback.com\/pt-br\/produit\/implementacao-por-nos\/\">\r\n\t\t\t\t<figure class=\"no-back-image\"><img decoding=\"async\" src=\"https:\/\/www.wedoback.com\/wp-content\/themes\/ecomall\/images\/prod_loading.gif\" data-src=\"https:\/\/wedoback.com\/wp-content\/uploads\/2024\/08\/deploiement-300x300.png\" class=\"attachment-shop_catalog wp-post-image ts-lazy-load\" alt=\"\" width=\"300\" height=\"300\" \/><\/figure>\t\t\t<\/a>\r\n\t\t\t\t\t<div class=\"product-label on-thumbnail\">\n\t\t<\/div>\n\t<div class=\"product-group-button\">\t\t<div class=\"button-in wishlist\">\n\t\t\t<a href=\"#\" class=\"ts-add-to-wishlist remove-after-added\" data-id=\"21652\">\n\t\t\t\t<span class=\"ts-tooltip button-tooltip\" data-title=\"Add to wishlist\">Wishlist<\/span>\n\t\t\t<\/a>\n\t\t<\/div>\n\t\t<div class=\"button-in quickshop\"><a class=\"quickshop\" href=\"#\" data-product_id=\"21652\"><span class=\"ts-tooltip button-tooltip\">Quick View<\/span><\/a><\/div>\t\t<div class=\"button-in compare\">\n\t\t\t<a href=\"#\" class=\"ts-add-to-compare\" data-id=\"21652\">\n\t\t\t\t<span class=\"ts-tooltip button-tooltip\" data-title=\"Add to compare\">Compare<\/span>\n\t\t\t<\/a>\n\t\t<\/div>\n\t\t<\/div>\t\t<\/div>\r\n\t\t<div class=\"meta-wrapper\">\r\n\t\t\t<div class=\"product-categories\"><span>Categories: <\/span><a href=\"https:\/\/wedoback.com\/pt-br\/product-category\/opcoes\/\" rel=\"tag\">Op\u00e7\u00f5es<\/a><\/div><h3 class=\"heading-title product-name\"><a href=\"https:\/\/wedoback.com\/pt-br\/produit\/implementacao-por-nos\/\">Implementa\u00e7\u00e3o por n\u00f3s<\/a><\/h3>\n\t<span class=\"price\"><span class=\"woocommerce-Price-amount amount\"><bdi>45,00&nbsp;<span class=\"woocommerce-Price-currencySymbol\">&euro;<\/span><\/bdi><\/span><\/span>\n<div class=\"product-group-button-meta\"><div class=\"loop-add-to-cart\"><a href=\"\/pt-br\/wp-json\/wp\/v2\/pages\/20027?add-to-cart=21652\" data-quantity=\"1\" class=\"button product_type_simple add_to_cart_button ajax_add_to_cart\" data-product_id=\"21652\" data-product_sku=\"\" aria-label=\"Adicione ao carrinho: &ldquo;Implementa\u00e7\u00e3o por n\u00f3s&rdquo;\" rel=\"nofollow\" data-success_message=\"\u201cImplementa\u00e7\u00e3o por n\u00f3s\u201d foi adicionado ao seu carrinho\" role=\"button\"><span class=\"ts-tooltip button-tooltip\">Adicionar ao carrinho<\/span><\/a><\/div>\t<div class=\"short-description grid\">\n\t\tUm de nossos t\u00e9cnicos pode ajudar voc\u00ea a instalar ou implantar seus agentes.\n\nPodemos ajudar voc\u00ea\t<\/div>\n\t<\/div>\t\t<\/div>\r\n\t<\/div>\r\n<\/section><\/div>\t\t\t\t\n\t\t\t<\/div>\n\t\t\t\n\t\t\t\t\t\t\n\t\t<\/div>\n\t\t\t\t\t\t<\/div>\n\t\t\t\t<\/div>\n\t\t\t\t\t<\/div>\n\t\t\t\t<\/div>\n\t\t\t\t<\/div>\n\t\t","protected":false},"excerpt":{"rendered":"<p>Oferta INTEGRAL Voc\u00ea pode ficar tranquilo com a nossa solu\u00e7\u00e3o de backup INTEGRAL. Al\u00e9m de proteger todos os seus arquivos, servidores, e-mails e outros dados cr\u00edticos, voc\u00ea tamb\u00e9m se beneficiar\u00e1 de 2 horas de suporte t\u00e9cnico todos os meses, para obter assist\u00eancia r\u00e1pida e eficiente quando precisar. Perfeito para empresas ou indiv\u00edduos que buscam uma [&hellip;]<\/p>\n","protected":false},"author":1,"featured_media":0,"parent":0,"menu_order":0,"comment_status":"closed","ping_status":"closed","template":"elementor_header_footer","meta":{"om_disable_all_campaigns":false,"_monsterinsights_skip_tracking":false,"_monsterinsights_sitenote_active":false,"_monsterinsights_sitenote_note":"","_monsterinsights_sitenote_category":0,"footnotes":""},"class_list":["post-20027","page","type-page","status-publish","hentry"],"aioseo_notices":[],"_links":{"self":[{"href":"https:\/\/wedoback.com\/pt-br\/wp-json\/wp\/v2\/pages\/20027","targetHints":{"allow":["GET"]}}],"collection":[{"href":"https:\/\/wedoback.com\/pt-br\/wp-json\/wp\/v2\/pages"}],"about":[{"href":"https:\/\/wedoback.com\/pt-br\/wp-json\/wp\/v2\/types\/page"}],"author":[{"embeddable":true,"href":"https:\/\/wedoback.com\/pt-br\/wp-json\/wp\/v2\/users\/1"}],"replies":[{"embeddable":true,"href":"https:\/\/wedoback.com\/pt-br\/wp-json\/wp\/v2\/comments?post=20027"}],"version-history":[{"count":0,"href":"https:\/\/wedoback.com\/pt-br\/wp-json\/wp\/v2\/pages\/20027\/revisions"}],"wp:attachment":[{"href":"https:\/\/wedoback.com\/pt-br\/wp-json\/wp\/v2\/media?parent=20027"}],"curies":[{"name":"wp","href":"https:\/\/api.w.org\/{rel}","templated":true}]}}