{"id":19895,"date":"2024-07-26T17:51:42","date_gmt":"2024-07-26T15:51:42","guid":{"rendered":"https:\/\/www.wedoback.net\/processamento-de-dados-pessoais\/"},"modified":"2025-05-04T12:00:43","modified_gmt":"2025-05-04T10:00:43","slug":"processamento-de-dados-pessoais","status":"publish","type":"page","link":"https:\/\/wedoback.com\/pt-br\/processamento-de-dados-pessoais\/","title":{"rendered":"Processamento de dados pessoais"},"content":{"rendered":"\t\t<div data-elementor-type=\"wp-page\" data-elementor-id=\"19895\" class=\"elementor elementor-19895\" data-elementor-settings=\"{&quot;ha_cmc_init_switcher&quot;:&quot;no&quot;}\" data-elementor-post-type=\"page\">\n\t\t\t\t<div class=\"elementor-element elementor-element-1c2763b e-flex e-con-boxed e-con e-parent\" data-id=\"1c2763b\" data-element_type=\"container\" data-e-type=\"container\" data-settings=\"{&quot;_ha_eqh_enable&quot;:false}\">\n\t\t\t\t\t<div class=\"e-con-inner\">\n\t\t\t\t<div class=\"elementor-element elementor-element-0e99a7d elementor-widget elementor-widget-text-editor\" data-id=\"0e99a7d\" data-element_type=\"widget\" data-e-type=\"widget\" data-widget_type=\"text-editor.default\">\n\t\t\t\t<div class=\"elementor-widget-container\">\n\t\t\t\t\t\t\t\t\t<p>Como parte do gerenciamento de clientes da marca WeDoBack, a empresa D\u00e9dicace Software, respons\u00e1vel pela venda e promo\u00e7\u00e3o dos servi\u00e7os WeDoBack na Europa, coleta seus dados pessoais (por exemplo, sobrenome, nome, endere\u00e7o, n\u00famero de telefone, etc.).<\/p>\n<p><span style=\"text-align: var(--text-align); background-color: var(--ts-main-bg); color: var(--ts-text-color); font-family: var(--ts-pr-font-family); font-size: var(--ts-body-font-size); font-style: var(--ts-pr-font-style); font-weight: var(--ts-pr-font-weight); letter-spacing: var(--ts-pr-letter-spacing);\">Ela \u00e9 processada pelo Sr. DESEE Simon, 4 route de la c\u00f4te \u00e0 Bournet 16440 MOUTHIERS SUR BOEME. Correio eletr\u00f4nico: direction@dedisoft.com <\/span><\/p>\n<p><span style=\"text-align: var(--text-align); background-color: var(--ts-main-bg); color: var(--ts-text-color); font-family: var(--ts-pr-font-family); font-size: var(--ts-body-font-size); font-style: var(--ts-pr-font-style); font-weight: var(--ts-pr-font-weight); letter-spacing: var(--ts-pr-letter-spacing);\">A pessoa respons\u00e1vel pela prote\u00e7\u00e3o de dados \u00e9: Mme DESEE Catherine, 4 route de la c\u00f4te \u00e0 Bournet 16440 MOUTHIERS SUR BOEME. Telefone: 09.72.50.88.28. Correio eletr\u00f4nico: dpo@wedoback.com.  <\/span><\/p>\n<p><span style=\"text-decoration: underline;\"><strong><span style=\"text-align: var(--text-align); background-color: var(--ts-main-bg); color: var(--ts-text-color); font-family: var(--ts-pr-font-family); font-size: var(--ts-body-font-size); font-style: var(--ts-pr-font-style); letter-spacing: var(--ts-pr-letter-spacing); text-decoration: underline;\">Artigo 1\u00ba:<\/span><\/strong><\/span><\/p>\n<p>Os dados pessoais somente ser\u00e3o processados ou usados na medida em que isso for necess\u00e1rio para :<\/p>\n<p>1) A execu\u00e7\u00e3o do seu contrato comercial e a opera\u00e7\u00e3o adequada do servi\u00e7o em si, incluindo, por exemplo (lista n\u00e3o exaustiva):<\/p>\n<ul>\n<li>Pedidos, faturas, contabilidade e, em particular, gerenciamento de contas a receber,<\/li>\n<li>Monitorar as rela\u00e7\u00f5es com os clientes, gerenciar reclama\u00e7\u00f5es e o servi\u00e7o de suporte<\/li>\n<li>Uso de seus dados banc\u00e1rios para d\u00e9bitos diretos,<\/li>\n<li>Uso do seu endere\u00e7o postal para enviar correspond\u00eancia a voc\u00ea,<\/li>\n<li>Uso de seu n\u00famero de telefone comercial e endere\u00e7o de e-mail<\/li>\n<li>Dados de conex\u00e3o e localiza\u00e7\u00e3o para o bom funcionamento e a seguran\u00e7a do nosso portal do cliente<\/li>\n<\/ul>\n<p>2) Para atender a uma obriga\u00e7\u00e3o legal e\/ou regulat\u00f3ria<\/p>\n<p><span style=\"text-decoration: underline;\"><strong>Artigo 2\u00ba:<\/strong><\/span><\/p>\n<p>Suas informa\u00e7\u00f5es pessoais ser\u00e3o mantidas pelo tempo necess\u00e1rio para a execu\u00e7\u00e3o do seu contrato, para o cumprimento das obriga\u00e7\u00f5es legais e regulamentares da empresa e para o exerc\u00edcio das prerrogativas conferidas a ela por lei e jurisprud\u00eancia.<\/p>\n<p>Os dados ser\u00e3o mantidos durante o per\u00edodo do relacionamento comercial e, em seguida, por um per\u00edodo m\u00e1ximo de 6 meses ap\u00f3s o t\u00e9rmino do relacionamento contratual. A menos que voc\u00ea seja autorizado pelo cliente ou especificamente exigido por lei ou regulamento. (Por exemplo: 10 anos para dados banc\u00e1rios).  <\/p>\n<p>Para o uso de nosso servi\u00e7o de comunica\u00e7\u00e3o on-line: seus dados s\u00e3o mantidos at\u00e9 que o usu\u00e1rio exclua sua conta ou por um per\u00edodo m\u00e1ximo de 6 meses ap\u00f3s o t\u00e9rmino do relacionamento comercial. Nenhum dado ser\u00e1 coletado por meio de cookies, exceto o consentimento do cliente para usar o site (escolha do idioma, etc.). <\/p>\n<p>Enquanto seus dados pessoais forem mantidos, tomaremos todas as medidas necess\u00e1rias para garantir sua confidencialidade e seguran\u00e7a, de modo a evitar que sejam danificados, exclu\u00eddos ou acessados por terceiros n\u00e3o autorizados.<\/p>\n<p><span style=\"text-decoration: underline;\"><strong>Artigo 3\u00ba:<\/strong><\/span><\/p>\n<p>O acesso aos dados pessoais \u00e9 estritamente limitado aos funcion\u00e1rios da empresa autorizados a process\u00e1-los em virtude de suas fun\u00e7\u00f5es.<\/p>\n<p>As informa\u00e7\u00f5es coletadas podem ser comunicadas a terceiros, como autoridades p\u00fablicas, nossos parceiros e nossos prestadores de servi\u00e7os terceirizados. Deve-se observar que, como parte do desempenho de seus servi\u00e7os, os terceiros t\u00eam acesso limitado aos dados e s\u00e3o obrigados a us\u00e1-los de acordo com as disposi\u00e7\u00f5es da legisla\u00e7\u00e3o aplic\u00e1vel sobre a prote\u00e7\u00e3o de dados pessoais. No que diz respeito aos nossos agentes de vendas, esses prestadores de servi\u00e7os n\u00e3o armazenam nenhum dado fora de nossos servidores protegidos.  <\/p>\n<p>Como parte de suas opera\u00e7\u00f5es de processamento, o controlador de dados se compromete a n\u00e3o transferir seus dados pessoais para fora da Uni\u00e3o Europeia. Exceto nos casos a seguir, em que os dados podem ser transferidos para os Estados Unidos: &nbsp;<\/p>\n<ul>\n<li>Para clientes que usam o Office 365 fornecido pela D\u00e9dicace Software;<\/li>\n<li>A pedido de alguns editores que fornecem aos clientes licen\u00e7as por nome;<\/li>\n<li>Para determinados certificados SSL, para definir a pessoa de contato do cliente para a autoridade de certifica\u00e7\u00e3o.<\/li>\n<\/ul>\n<p><span style=\"text-decoration: underline;\"><strong>Artigo 4:<\/strong><\/span><\/p>\n<p>De acordo com as disposi\u00e7\u00f5es legais e regulamentares aplic\u00e1veis, voc\u00ea tem o direito de acessar, retificar, portar e excluir seus dados ou de limitar seu processamento. Voc\u00ea tamb\u00e9m pode, por motivos leg\u00edtimos, se opor ao processamento dos dados que lhe dizem respeito. <\/p>\n<p>Sujeito \u00e0 apresenta\u00e7\u00e3o de um comprovante de identidade v\u00e1lido, voc\u00ea pode exercer seus direitos dentro dos limites legais entrando em contato com nosso Diretor de Prote\u00e7\u00e3o de Dados: Sra. DESEE Catherine, cujos detalhes de contato s\u00e3o fornecidos acima.<\/p>\n<p>Se tiver algum problema com o gerenciamento de seus dados pessoais, voc\u00ea pode entrar em contato com a Commission Nationale de l&#8217;Informatique et des libert\u00e9s (mais informa\u00e7\u00f5es em www.cnil.fr).<\/p>\t\t\t\t\t\t\t\t<\/div>\n\t\t\t\t<\/div>\n\t\t\t\t\t<\/div>\n\t\t\t\t<\/div>\n\t\t\t\t<\/div>\n\t\t","protected":false},"excerpt":{"rendered":"<p>Como parte do gerenciamento de clientes da marca WeDoBack, a empresa D\u00e9dicace Software, respons\u00e1vel pela venda e promo\u00e7\u00e3o dos servi\u00e7os WeDoBack na Europa, coleta seus dados pessoais (por exemplo, sobrenome, nome, endere\u00e7o, n\u00famero de telefone, etc.). Ela \u00e9 processada pelo Sr. DESEE Simon, 4 route de la c\u00f4te \u00e0 Bournet 16440 MOUTHIERS SUR BOEME. Correio [&hellip;]<\/p>\n","protected":false},"author":9,"featured_media":0,"parent":0,"menu_order":0,"comment_status":"closed","ping_status":"closed","template":"","meta":{"om_disable_all_campaigns":false,"_monsterinsights_skip_tracking":false,"_monsterinsights_sitenote_active":false,"_monsterinsights_sitenote_note":"","_monsterinsights_sitenote_category":0,"footnotes":""},"class_list":["post-19895","page","type-page","status-publish","hentry"],"aioseo_notices":[],"_links":{"self":[{"href":"https:\/\/wedoback.com\/pt-br\/wp-json\/wp\/v2\/pages\/19895","targetHints":{"allow":["GET"]}}],"collection":[{"href":"https:\/\/wedoback.com\/pt-br\/wp-json\/wp\/v2\/pages"}],"about":[{"href":"https:\/\/wedoback.com\/pt-br\/wp-json\/wp\/v2\/types\/page"}],"author":[{"embeddable":true,"href":"https:\/\/wedoback.com\/pt-br\/wp-json\/wp\/v2\/users\/9"}],"replies":[{"embeddable":true,"href":"https:\/\/wedoback.com\/pt-br\/wp-json\/wp\/v2\/comments?post=19895"}],"version-history":[{"count":0,"href":"https:\/\/wedoback.com\/pt-br\/wp-json\/wp\/v2\/pages\/19895\/revisions"}],"wp:attachment":[{"href":"https:\/\/wedoback.com\/pt-br\/wp-json\/wp\/v2\/media?parent=19895"}],"curies":[{"name":"wp","href":"https:\/\/api.w.org\/{rel}","templated":true}]}}