{"id":19763,"date":"2024-07-09T13:22:41","date_gmt":"2024-07-09T11:22:41","guid":{"rendered":"https:\/\/www.wedoback.net\/termos-e-condicoes-gerais-de-uso\/"},"modified":"2025-05-04T12:00:04","modified_gmt":"2025-05-04T10:00:04","slug":"termos-e-condicoes-gerais-de-uso","status":"publish","type":"page","link":"https:\/\/wedoback.com\/pt-br\/termos-e-condicoes-gerais-de-uso\/","title":{"rendered":"Informa\u00e7\u00f5es legais"},"content":{"rendered":"\t\t<div data-elementor-type=\"wp-page\" data-elementor-id=\"19763\" class=\"elementor elementor-19763\" data-elementor-settings=\"{&quot;ha_cmc_init_switcher&quot;:&quot;no&quot;}\" data-elementor-post-type=\"page\">\n\t\t\t\t<div class=\"elementor-element elementor-element-dc8d437 e-flex e-con-boxed e-con e-parent\" data-id=\"dc8d437\" data-element_type=\"container\" data-e-type=\"container\" data-settings=\"{&quot;_ha_eqh_enable&quot;:false}\">\n\t\t\t\t\t<div class=\"e-con-inner\">\n\t\t\t\t<div class=\"elementor-element elementor-element-66d6251 elementor-widget elementor-widget-text-editor\" data-id=\"66d6251\" data-element_type=\"widget\" data-e-type=\"widget\" data-widget_type=\"text-editor.default\">\n\t\t\t\t<div class=\"elementor-widget-container\">\n\t\t\t\t\t\t\t\t\t<h4>Os avisos legais que se aplicam a todos os usu\u00e1rios da Internet que visitam este site<\/h4><p>A simples consulta ou visita a este site implica a aceita\u00e7\u00e3o irrestrita desses termos.<\/p><p>Observe que esses avisos legais podem ser alterados a qualquer momento sem aviso pr\u00e9vio.<\/p><p>De acordo com a Lei Francesa sobre Economia Digital (LEN), lei n\u00ba 2004-275 para confian\u00e7a na economia digital, aqui est\u00e3o os detalhes de contato do editor deste site:<\/p><h6>EDITOR DO SITE<\/h6><p>DEDICACE SOFTWARE<br>4, ROUTE DE LA COTE A BOURNET<br>16440 MOUTHIERS SUR BOEME<br>FRANCE<\/p><p>Representante legal: M. DESEE Simon,<\/p><p>Presidente da SAS D\u00e9dicace Software<\/p><p>Parte do grupo Pioneer Humani, respons\u00e1vel pela representa\u00e7\u00e3o, promo\u00e7\u00e3o, venda e fornecimento de servi\u00e7os de TI da CyberWall na Europa.<\/p><p>Fora da Europa, essas atividades s\u00e3o realizadas diretamente pela Pioneer Humani ou por seus centros regionais e suas subsidi\u00e1rias, dependendo da regi\u00e3o em quest\u00e3o.<\/p><p>O faturamento tamb\u00e9m \u00e9 realizado pela entidade do Grupo respons\u00e1vel pela localiza\u00e7\u00e3o do cliente.<\/p><p><span style=\"color: inherit; font-size: 18px; font-weight: bold; letter-spacing: 0.45px;\">DISPONIBILIDADE E CONTE\u00daDO DO SITE<\/span><\/p><p>A D\u00e9dicace Software n\u00e3o pode ser responsabilizada em caso de inacessibilidade ou quaisquer dificuldades que possam surgir ao consultar este site.<\/p><p>O visitante reconhece que as falhas inerentes \u00e0 rede da Internet podem dificultar ou mesmo impedir o acesso a este site.<\/p><p>A D\u00e9dicace Software se esfor\u00e7a para manter atualizados os dados e explica\u00e7\u00f5es apresentados em seu site.<\/p><p>No entanto, o visitante reconhece que pode levar algum tempo para que as atualiza\u00e7\u00f5es sejam formatadas e levadas em considera\u00e7\u00e3o neste site.<\/p><h6>HOSPEDEIRO DO SITE<\/h6><p>SCALEWAY SAS<br>BP 438<br>75366 Paris CEDEX 08<br>FRAN\u00c7A<br>http:\/\/www.scaleway.net<\/p><h6>PROPRIEDADE INTELECTUAL<\/h6><p>O site www.wedoback.com \u00e9 de propriedade e operado pelo grupo Pioneer Humani, por meio de sua subsidi\u00e1ria D\u00e9dicace Software SAS, doravante denominada &#8220;D\u00e9dicace Software&#8221;. Todos os elementos, incluindo (sem que esta lista seja exaustiva), ilustra\u00e7\u00f5es, textos, v\u00eddeos e outros sites indicados em todas as p\u00e1ginas s\u00e3o protegidos pelas leis em vigor sobre propriedade intelectual. Eles s\u00e3o de propriedade da D\u00e9dicace Software ou est\u00e3o sujeitos \u00e0 autoriza\u00e7\u00e3o expressa de uso.  <\/p><p>Nenhuma parte deste site pode ser duplicada, copiada, reproduzida, modificada, republicada, usada, transmitida, distribu\u00edda, etc., de qualquer forma, no todo ou em parte, em qualquer meio, sem a permiss\u00e3o por escrito da WeDoBack.<\/p><p>A WeDoBack se reserva o direito de tomar todas as medidas legais necess\u00e1rias em caso de viola\u00e7\u00e3o ou desrespeito de seus direitos de propriedade intelectual.<\/p><p>As marcas comerciais deste site s\u00e3o registradas pelas empresas que as det\u00eam.<\/p><h6><span style=\"color: inherit; letter-spacing: 0.45px;\">INFORMA\u00c7\u00d5ES RELACIONADAS A COOKIES<\/span><\/h6><p><strong>O que s\u00e3o cookies e para que eles s\u00e3o usados?<\/strong><\/p><p>Um cookie \u00e9 um arquivo de texto que pode ser armazenado, sujeito \u00e0s suas escolhas, em um espa\u00e7o dedicado no disco r\u00edgido do seu terminal (computador, tablet, etc.) quando voc\u00ea consulta um servi\u00e7o on-line usando o software do navegador.<\/p><p>Ele \u00e9 transmitido pelo servidor de um site para o seu navegador. Cada cookie recebe um identificador an\u00f4nimo. <\/p><p>O arquivo de cookie permite que seu emissor identifique o terminal no qual ele est\u00e1 armazenado durante o per\u00edodo de validade ou armazenamento do cookie em quest\u00e3o.<\/p><p>Um cookie n\u00e3o pode ser rastreado at\u00e9 um indiv\u00edduo.<\/p><p><strong>Que tipos de cookies s\u00e3o colocados em nosso site?<\/strong><\/p><p>Este site usa cookies apenas para sua opera\u00e7\u00e3o adequada.<\/p><p>Eles s\u00e3o usados para lembrar suas prefer\u00eancias de navega\u00e7\u00e3o e o idioma de exibi\u00e7\u00e3o que voc\u00ea escolheu.<\/p><p>N\u00e3o s\u00e3o usados cookies de terceiros e nenhuma informa\u00e7\u00e3o \u00e9 transmitida a terceiros.<\/p><p>Tamb\u00e9m usamos nosso pr\u00f3prio servidor de estat\u00edsticas para avaliar a relev\u00e2ncia do conte\u00fado do nosso site.<\/p>\t\t\t\t\t\t\t\t<\/div>\n\t\t\t\t<\/div>\n\t\t\t\t\t<\/div>\n\t\t\t\t<\/div>\n\t\t\t\t<\/div>\n\t\t","protected":false},"excerpt":{"rendered":"<p>Os avisos legais que se aplicam a todos os usu\u00e1rios da Internet que visitam este site A simples consulta ou visita a este site implica a aceita\u00e7\u00e3o irrestrita desses termos. Observe que esses avisos legais podem ser alterados a qualquer momento sem aviso pr\u00e9vio. De acordo com a Lei Francesa sobre Economia Digital (LEN), lei [&hellip;]<\/p>\n","protected":false},"author":1,"featured_media":0,"parent":0,"menu_order":0,"comment_status":"closed","ping_status":"closed","template":"","meta":{"om_disable_all_campaigns":false,"_monsterinsights_skip_tracking":false,"_monsterinsights_sitenote_active":false,"_monsterinsights_sitenote_note":"","_monsterinsights_sitenote_category":0,"footnotes":""},"class_list":["post-19763","page","type-page","status-publish","hentry"],"aioseo_notices":[],"_links":{"self":[{"href":"https:\/\/wedoback.com\/pt-br\/wp-json\/wp\/v2\/pages\/19763","targetHints":{"allow":["GET"]}}],"collection":[{"href":"https:\/\/wedoback.com\/pt-br\/wp-json\/wp\/v2\/pages"}],"about":[{"href":"https:\/\/wedoback.com\/pt-br\/wp-json\/wp\/v2\/types\/page"}],"author":[{"embeddable":true,"href":"https:\/\/wedoback.com\/pt-br\/wp-json\/wp\/v2\/users\/1"}],"replies":[{"embeddable":true,"href":"https:\/\/wedoback.com\/pt-br\/wp-json\/wp\/v2\/comments?post=19763"}],"version-history":[{"count":0,"href":"https:\/\/wedoback.com\/pt-br\/wp-json\/wp\/v2\/pages\/19763\/revisions"}],"wp:attachment":[{"href":"https:\/\/wedoback.com\/pt-br\/wp-json\/wp\/v2\/media?parent=19763"}],"curies":[{"name":"wp","href":"https:\/\/api.w.org\/{rel}","templated":true}]}}