{"id":16956,"date":"2024-06-24T12:11:46","date_gmt":"2024-06-24T10:11:46","guid":{"rendered":"https:\/\/www.wedoback.net\/produit\/almacenamiento-integral\/"},"modified":"2025-05-04T12:01:32","modified_gmt":"2025-05-04T10:01:32","slug":"almacenamiento-integral","status":"publish","type":"product","link":"https:\/\/wedoback.com\/es\/produit\/almacenamiento-integral\/","title":{"rendered":"almacenamiento INTEGRAL"},"content":{"rendered":"<p><strong><u>Almacenamiento facturado por To (terabyte), con tarifas escalonadas seg\u00fan el volumen.<\/u><\/strong><\/p>\n<p>Con WeDoBack INTEGRAL, te beneficias de una soluci\u00f3n de copia de seguridad premium dise\u00f1ada para proteger tus datos, al tiempo que te ofrece un soporte t\u00e9cnico de alta calidad. Tanto si eres una empresa como un usuario exigente, INTEGRAL es la soluci\u00f3n ideal para garantizar la seguridad de tus archivos, servidores, correo electr\u00f3nico y otros contenidos cr\u00edticos, con un soporte dedicado para ayudarte en todo momento. <\/p>\n<p><strong>Copia de seguridad sin compromisos<\/strong><br \/>\nWeDoBack INTEGRAL se encarga de todas tus necesidades de copia de seguridad: archivos, carpetas, servidores completos, estaciones de trabajo, NAS, e incluso tus cuentas de correo empresarial como Microsoft 365 o Google Workspace. Esta oferta te permite hacer copias de seguridad de todo lo que importa, dentro de los l\u00edmites del volumen de almacenamiento y los agentes solicitados. <\/p>\n<p><strong>Soporte t\u00e9cnico incluido cada mes<\/strong><br \/>\nCon WeDoBack INTEGRAL, nunca tendr\u00e1s que enfrentarte solo a tus retos t\u00e9cnicos. Te beneficias de **2 horas de soporte t\u00e9cnico incluidas cada mes**, que te ofrecen una asistencia r\u00e1pida y eficaz para configurar, gestionar o restaurar tus copias de seguridad con total tranquilidad. <\/p>\n<p><strong>Protecci\u00f3n de datos mejorada<\/strong><br \/>\nTus datos se encriptan en origen para garantizar su total confidencialidad. Gracias a esta encriptaci\u00f3n avanzada, combinada con servidores seguros situados exclusivamente en Europa, tu informaci\u00f3n est\u00e1 protegida contra cualquier amenaza o acceso no autorizado. <\/p>\n<p><strong>Gesti\u00f3n simplificada y flexibilidad \u00f3ptima<\/strong><br \/>\nWeDoBack INTEGRAL te permite personalizar y gestionar f\u00e1cilmente tus copias de seguridad. Programar, seleccionar los datos a copiar o restaurar: todo es accesible a trav\u00e9s de una interfaz f\u00e1cil de usar, dise\u00f1ada para simplificar tu trabajo diario. El tiempo de retenci\u00f3n ajustable te permite optimizar el uso de tu almacenamiento en funci\u00f3n de tus necesidades.  <\/p>\n<p><strong>Infraestructura segura y de alto rendimiento<\/strong><br \/>\nTus datos se almacenan en servidores dedicados situados en centros de alojamiento europeos separados de tu infraestructura de producci\u00f3n. Estos servidores se renuevan peri\u00f3dicamente para garantizar la m\u00e1xima disponibilidad y seguridad. <\/p>\n<p><strong>Una soluci\u00f3n que va m\u00e1s all\u00e1<\/strong><br \/>\nAdem\u00e1s de las funciones est\u00e1ndar de copia de seguridad, WeDoBack INTEGRAL te permite suscribirte a opciones avanzadas, como la &#8220;Recuperaci\u00f3n de Desastres&#8221;, para una restauraci\u00f3n r\u00e1pida y completa de tus sistemas en caso de incidente.<\/p>\n<p><strong>Opta por la tranquilidad con WeDoBack IN<\/strong>TEGRAL<br \/>\nNo dejes nada al azar: opta por una soluci\u00f3n completa, segura y respaldada con WeDoBack INTEGRAL. Protege tus datos y benef\u00edciate de un soporte t\u00e9cnico dedicado para una experiencia de copia de seguridad impecable. <\/p>\n","protected":false},"excerpt":{"rendered":"<p>Con WeDoBack INTEGRAL, te beneficias de una soluci\u00f3n de copia de seguridad premium dise\u00f1ada para proteger tus datos, al tiempo que te ofrece un soporte t\u00e9cnico de alta calidad. Tanto si eres una empresa como un usuario exigente, INTEGRAL es la soluci\u00f3n ideal para garantizar la seguridad de tus archivos, servidores, correo electr\u00f3nico y otros contenidos cr\u00edticos, con un soporte dedicado para ayudarte en todo momento. <\/p>\n","protected":false},"featured_media":19665,"template":"","meta":{"om_disable_all_campaigns":false,"_monsterinsights_skip_tracking":false,"_monsterinsights_sitenote_active":false,"_monsterinsights_sitenote_note":"","_monsterinsights_sitenote_category":0},"product_brand":[],"product_cat":[860,773],"product_tag":[],"class_list":{"0":"post-16956","1":"product","2":"type-product","3":"status-publish","4":"has-post-thumbnail","6":"product_cat-almacenamiento","7":"product_cat-respaldo","9":"first","10":"instock","11":"taxable","12":"shipping-taxable","13":"purchasable","14":"product-type-variable-subscription"},"aioseo_notices":[],"subscription_discounts_type":"fixed","fixed_subscription_discounts":[],"subscription_discounts_product_settings":{"layout":"default","default_variation":null},"subscription_discounts_roles_data":[],"percentage_subscription_discounts":[],"_links":{"self":[{"href":"https:\/\/wedoback.com\/es\/wp-json\/wp\/v2\/product\/16956","targetHints":{"allow":["GET"]}}],"collection":[{"href":"https:\/\/wedoback.com\/es\/wp-json\/wp\/v2\/product"}],"about":[{"href":"https:\/\/wedoback.com\/es\/wp-json\/wp\/v2\/types\/product"}],"wp:featuredmedia":[{"embeddable":true,"href":"https:\/\/wedoback.com\/es\/wp-json\/wp\/v2\/media\/19665"}],"wp:attachment":[{"href":"https:\/\/wedoback.com\/es\/wp-json\/wp\/v2\/media?parent=16956"}],"wp:term":[{"taxonomy":"product_brand","embeddable":true,"href":"https:\/\/wedoback.com\/es\/wp-json\/wp\/v2\/product_brand?post=16956"},{"taxonomy":"product_cat","embeddable":true,"href":"https:\/\/wedoback.com\/es\/wp-json\/wp\/v2\/product_cat?post=16956"},{"taxonomy":"product_tag","embeddable":true,"href":"https:\/\/wedoback.com\/es\/wp-json\/wp\/v2\/product_tag?post=16956"}],"curies":[{"name":"wp","href":"https:\/\/api.w.org\/{rel}","templated":true}]}}