{"id":16953,"date":"2023-10-26T10:18:12","date_gmt":"2023-10-26T08:18:12","guid":{"rendered":"https:\/\/www.wedoback.net\/produit\/agente-wedoback\/"},"modified":"2023-10-26T10:18:12","modified_gmt":"2023-10-26T08:18:12","slug":"agente-wedoback","status":"publish","type":"product","link":"https:\/\/wedoback.com\/es\/produit\/agente-wedoback\/","title":{"rendered":"Agente WeDoBack"},"content":{"rendered":"","protected":false},"excerpt":{"rendered":"<p>El agente es un elemento clave de WeDoBack.<br \/>\nGarantiza la comunicaci\u00f3n entre nuestros servidores y tus equipos.<br \/>\nEs necesario en cualquier dispositivo (servidor, ordenador) para el que se haya configurado un plan de copia de seguridad o de recuperaci\u00f3n en caso de cat\u00e1strofe.<br \/>\nCifra tus datos antes de la transmisi\u00f3n y realiza las operaciones que hayas configurado en tu consola de gesti\u00f3n.<br \/>\nFuera de la oferta SMART, s\u00f3lo se necesita un agente por servidor u ordenador, independientemente del n\u00famero de servicios suscritos para el equipo en cuesti\u00f3n.<br \/>\nDentro de la oferta SMART, el agente desplegado est\u00e1 reservado para esta oferta.<br \/>\nA\u00f1adir un servicio u opci\u00f3n adicional requerir\u00e1 pedir y desplegar un nuevo agente.        &nbsp;<\/p>\n","protected":false},"featured_media":19645,"template":"","meta":{"om_disable_all_campaigns":false,"_monsterinsights_skip_tracking":false,"_monsterinsights_sitenote_active":false,"_monsterinsights_sitenote_note":"","_monsterinsights_sitenote_category":0},"product_brand":[],"product_cat":[862,770,768,784,773],"product_tag":[],"class_list":{"0":"post-16953","1":"product","2":"type-product","3":"status-publish","4":"has-post-thumbnail","6":"product_cat-agente-es","7":"product_cat-immutable-es","8":"product_cat-pca-es","9":"product_cat-pra-es","10":"product_cat-respaldo","12":"first","13":"instock","14":"taxable","15":"shipping-taxable","16":"purchasable","17":"product-type-variable-subscription"},"aioseo_notices":[],"subscription_discounts_type":"fixed","fixed_subscription_discounts":[],"subscription_discounts_product_settings":{"layout":"default","default_variation":null},"subscription_discounts_roles_data":[],"percentage_subscription_discounts":[],"_links":{"self":[{"href":"https:\/\/wedoback.com\/es\/wp-json\/wp\/v2\/product\/16953","targetHints":{"allow":["GET"]}}],"collection":[{"href":"https:\/\/wedoback.com\/es\/wp-json\/wp\/v2\/product"}],"about":[{"href":"https:\/\/wedoback.com\/es\/wp-json\/wp\/v2\/types\/product"}],"wp:featuredmedia":[{"embeddable":true,"href":"https:\/\/wedoback.com\/es\/wp-json\/wp\/v2\/media\/19645"}],"wp:attachment":[{"href":"https:\/\/wedoback.com\/es\/wp-json\/wp\/v2\/media?parent=16953"}],"wp:term":[{"taxonomy":"product_brand","embeddable":true,"href":"https:\/\/wedoback.com\/es\/wp-json\/wp\/v2\/product_brand?post=16953"},{"taxonomy":"product_cat","embeddable":true,"href":"https:\/\/wedoback.com\/es\/wp-json\/wp\/v2\/product_cat?post=16953"},{"taxonomy":"product_tag","embeddable":true,"href":"https:\/\/wedoback.com\/es\/wp-json\/wp\/v2\/product_tag?post=16953"}],"curies":[{"name":"wp","href":"https:\/\/api.w.org\/{rel}","templated":true}]}}