{"id":16943,"date":"2024-06-24T16:31:27","date_gmt":"2024-06-24T14:31:27","guid":{"rendered":"https:\/\/www.wedoback.net\/produit\/almacenamiento-inmutable\/"},"modified":"2024-06-24T16:31:27","modified_gmt":"2024-06-24T14:31:27","slug":"almacenamiento-inmutable","status":"publish","type":"product","link":"https:\/\/wedoback.com\/es\/produit\/almacenamiento-inmutable\/","title":{"rendered":"Almacenamiento inmutable"},"content":{"rendered":"","protected":false},"excerpt":{"rendered":"<p>Elige WeDoBack Inmutable y aseg\u00farate de que tus datos m\u00e1s cr\u00edticos permanecen intactos y seguros.<br \/>\nEsta avanzada soluci\u00f3n de almacenamiento inmutable est\u00e1 dise\u00f1ada para satisfacer las necesidades de las empresas preocupadas por la seguridad y el cumplimiento normativo.  WeDoBack Inmutable garantiza la integridad de tus datos protegi\u00e9ndolos contra la manipulaci\u00f3n, el borrado malintencionado y los ataques de ransomware.<br \/>\nGracias a la tecnolog\u00eda WORM (Write Once, Read Many), tu informaci\u00f3n permanece a prueba de manipulaciones, conforme a las normas m\u00e1s estrictas y segura frente a accesos no autorizados.  Esta soluci\u00f3n tambi\u00e9n mejora la seguridad de tus datos protegi\u00e9ndolos contra amenazas internas y externas, garantizando que s\u00f3lo tengan acceso a ellos las personas autorizadas.<br \/>\nPuedes definir periodos de conservaci\u00f3n espec\u00edficos para tus copias de seguridad, adaptados a tus necesidades concretas, garantizando una gesti\u00f3n flexible y eficaz de tu informaci\u00f3n cr\u00edtica.<br \/>\nElige WeDoBack Inmutable para disfrutar de total tranquilidad, sabiendo que tus datos sensibles est\u00e1n rigurosa y permanentemente protegidos contra cualquier intento de manipulaci\u00f3n o eliminaci\u00f3n no autorizada.  <\/p>\n","protected":false},"featured_media":19695,"template":"","meta":{"om_disable_all_campaigns":false,"_monsterinsights_skip_tracking":false,"_monsterinsights_sitenote_active":false,"_monsterinsights_sitenote_note":"","_monsterinsights_sitenote_category":0},"product_brand":[],"product_cat":[860,770],"product_tag":[],"class_list":{"0":"post-16943","1":"product","2":"type-product","3":"status-publish","4":"has-post-thumbnail","6":"product_cat-almacenamiento","7":"product_cat-immutable-es","9":"first","10":"instock","11":"taxable","12":"shipping-taxable","13":"purchasable","14":"product-type-variable-subscription"},"aioseo_notices":[],"subscription_discounts_type":"fixed","fixed_subscription_discounts":[],"subscription_discounts_product_settings":{"layout":"default","default_variation":null},"subscription_discounts_roles_data":[],"percentage_subscription_discounts":[],"_links":{"self":[{"href":"https:\/\/wedoback.com\/es\/wp-json\/wp\/v2\/product\/16943","targetHints":{"allow":["GET"]}}],"collection":[{"href":"https:\/\/wedoback.com\/es\/wp-json\/wp\/v2\/product"}],"about":[{"href":"https:\/\/wedoback.com\/es\/wp-json\/wp\/v2\/types\/product"}],"wp:featuredmedia":[{"embeddable":true,"href":"https:\/\/wedoback.com\/es\/wp-json\/wp\/v2\/media\/19695"}],"wp:attachment":[{"href":"https:\/\/wedoback.com\/es\/wp-json\/wp\/v2\/media?parent=16943"}],"wp:term":[{"taxonomy":"product_brand","embeddable":true,"href":"https:\/\/wedoback.com\/es\/wp-json\/wp\/v2\/product_brand?post=16943"},{"taxonomy":"product_cat","embeddable":true,"href":"https:\/\/wedoback.com\/es\/wp-json\/wp\/v2\/product_cat?post=16943"},{"taxonomy":"product_tag","embeddable":true,"href":"https:\/\/wedoback.com\/es\/wp-json\/wp\/v2\/product_tag?post=16943"}],"curies":[{"name":"wp","href":"https:\/\/api.w.org\/{rel}","templated":true}]}}