{"id":16942,"date":"2024-06-24T16:23:23","date_gmt":"2024-06-24T14:23:23","guid":{"rendered":"https:\/\/www.wedoback.net\/produit\/oferta-smart\/"},"modified":"2025-05-04T12:01:57","modified_gmt":"2025-05-04T10:01:57","slug":"oferta-smart","status":"publish","type":"product","link":"https:\/\/wedoback.com\/es\/produit\/oferta-smart\/","title":{"rendered":"Oferta SMART"},"content":{"rendered":"<p>WeDoBack SMART es mucho m\u00e1s que una soluci\u00f3n de copia de seguridad: es una garant\u00eda de protecci\u00f3n de tus datos, adaptada a tus necesidades y conforme a las exigencias del RGPD. Dise\u00f1ada para ser fiable, de alto rendimiento y rentable, esta soluci\u00f3n te ofrece una copia de seguridad eficaz respetando la confidencialidad de tu informaci\u00f3n. <\/p>\n<p><strong>Copias de seguridad espec\u00edficas y de alto rendimiento<\/strong><br \/>\nCon WeDoBack SMART, tus archivos, carpetas, servidores, estaciones de trabajo o NAS estar\u00e1n protegidos para garantizar una protecci\u00f3n \u00f3ptima de tus datos m\u00e1s importantes. Te beneficias de una soluci\u00f3n flexible, f\u00e1cil de configurar y adaptada a tus necesidades espec\u00edficas. <\/p>\n<p><strong>Confidencialidad y seguridad de los datos<\/strong><br \/>\nLa confidencialidad de tus datos est\u00e1 en el coraz\u00f3n de WeDoBack SMART. Gracias a la encriptaci\u00f3n realizada directamente en origen, tus datos est\u00e1n protegidos incluso antes de ser transferidos a nuestros servidores seguros. La clave de encriptaci\u00f3n, que s\u00f3lo t\u00fa posees, garantiza una protecci\u00f3n absoluta contra el acceso no autorizado.  <\/p>\n<p><strong>Gesti\u00f3n fluida y aut\u00f3noma<\/strong><br \/>\nCon el agente WeDoBack SMART desplegado en tus servidores, conservas el control total sobre tus copias de seguridad. Ya se trate de seleccionar archivos, programar tareas o restaurar datos, todas las funciones son accesibles a trav\u00e9s de una interfaz intuitiva, lo que hace que la gesti\u00f3n sea sencilla y eficaz. <\/p>\n<p><strong>Flexibilidad en la retenci\u00f3n de datos<\/strong><br \/>\nWeDoBack SMART te permite ajustar el tiempo de retenci\u00f3n de tus datos en funci\u00f3n de tus necesidades. Esto te ayuda a optimizar el uso de tu espacio de almacenamiento, al tiempo que garantiza una protecci\u00f3n continua. <\/p>\n<p><strong>Una infraestructura europea robusta<\/strong><br \/>\nTus datos se almacenan en servidores f\u00edsicos dedicados a la copia de seguridad, situados exclusivamente en Europa, en centros de alojamiento separados de tus instalaciones de producci\u00f3n. Nuestros servidores se renuevan peri\u00f3dicamente para garantizar una seguridad y un rendimiento duraderos. <\/p>\n<p><strong>Completa tu protecci\u00f3n con WeDoBack INTEGRAL<\/strong><br \/>\nPara una seguridad a\u00fan mayor, WeDoBack INTEGRAL incluye asistencia t\u00e9cnica dedicada para mayor tranquilidad.<\/p>\n<p><strong>Conf\u00eda en We<\/strong>DoBack <strong>SMART<\/strong><br \/>\nNo dejes tus datos vulnerables: elige una soluci\u00f3n de copia de seguridad fiable y segura, adaptada a tus necesidades, con WeDoBack SMART.<\/p>\n","protected":false},"excerpt":{"rendered":"<p>WeDoBack SMART es mucho m\u00e1s que una soluci\u00f3n de copia de seguridad: es una garant\u00eda de protecci\u00f3n de tus datos, adaptada a tus necesidades y conforme a las exigencias del RGPD. Dise\u00f1ada para ser fiable, de alto rendimiento y rentable, esta soluci\u00f3n te ofrece una copia de seguridad eficaz respetando la confidencialidad de tu informaci\u00f3n. <\/p>\n<p>Se vende en incrementos de 1 TB.<\/p>\n","protected":false},"featured_media":18431,"template":"","meta":{"om_disable_all_campaigns":false,"_monsterinsights_skip_tracking":false,"_monsterinsights_sitenote_active":false,"_monsterinsights_sitenote_note":"","_monsterinsights_sitenote_category":0},"product_brand":[],"product_cat":[860,773],"product_tag":[],"class_list":{"0":"post-16942","1":"product","2":"type-product","3":"status-publish","4":"has-post-thumbnail","6":"product_cat-almacenamiento","7":"product_cat-respaldo","9":"first","10":"instock","11":"virtual","12":"taxable","13":"purchasable","14":"product-type-subscription"},"aioseo_notices":[],"subscription_discounts_type":"fixed","fixed_subscription_discounts":[],"subscription_discounts_product_settings":{"layout":"default","default_variation":null},"subscription_discounts_roles_data":[],"percentage_subscription_discounts":[],"_links":{"self":[{"href":"https:\/\/wedoback.com\/es\/wp-json\/wp\/v2\/product\/16942","targetHints":{"allow":["GET"]}}],"collection":[{"href":"https:\/\/wedoback.com\/es\/wp-json\/wp\/v2\/product"}],"about":[{"href":"https:\/\/wedoback.com\/es\/wp-json\/wp\/v2\/types\/product"}],"wp:featuredmedia":[{"embeddable":true,"href":"https:\/\/wedoback.com\/es\/wp-json\/wp\/v2\/media\/18431"}],"wp:attachment":[{"href":"https:\/\/wedoback.com\/es\/wp-json\/wp\/v2\/media?parent=16942"}],"wp:term":[{"taxonomy":"product_brand","embeddable":true,"href":"https:\/\/wedoback.com\/es\/wp-json\/wp\/v2\/product_brand?post=16942"},{"taxonomy":"product_cat","embeddable":true,"href":"https:\/\/wedoback.com\/es\/wp-json\/wp\/v2\/product_cat?post=16942"},{"taxonomy":"product_tag","embeddable":true,"href":"https:\/\/wedoback.com\/es\/wp-json\/wp\/v2\/product_tag?post=16942"}],"curies":[{"name":"wp","href":"https:\/\/api.w.org\/{rel}","templated":true}]}}