{"id":16891,"date":"2024-06-28T06:56:16","date_gmt":"2024-06-28T04:56:16","guid":{"rendered":"https:\/\/www.wedoback.net\/produit\/almacenamiento-pra\/"},"modified":"2024-10-15T15:40:04","modified_gmt":"2024-10-15T13:40:04","slug":"almacenamiento-pra","status":"publish","type":"product","link":"https:\/\/wedoback.com\/es\/produit\/almacenamiento-pra\/","title":{"rendered":"Almacenamiento PRA"},"content":{"rendered":"","protected":false},"excerpt":{"rendered":"<p>Almacenamiento facturado <strong>por TB (terabyte)<\/strong>.<strong>Tarifas<\/strong><strong>decrecientes en funci\u00f3n del volumen<\/strong>. Ten en cuenta que el volumen no s\u00f3lo incluye el tama\u00f1o actual de tus servidores, sino<strong>tambi\u00e9n el historial de<\/strong> actualizaciones que vayas planificando. Tendr\u00e1s libertad para eliminar puntos de copia de seguridad, pero deber\u00e1s asegurarte de conservar lo que necesites. Cuando actives tu PRD, tendr\u00e1s libertad para elegir qu\u00e9 versi\u00f3n del archivo se utilizar\u00e1 para iniciar tu PRD.<\/p>\n","protected":false},"featured_media":19690,"template":"","meta":{"om_disable_all_campaigns":false,"_monsterinsights_skip_tracking":false,"_monsterinsights_sitenote_active":false,"_monsterinsights_sitenote_note":"","_monsterinsights_sitenote_category":0},"product_brand":[],"product_cat":[860,784],"product_tag":[],"class_list":{"0":"post-16891","1":"product","2":"type-product","3":"status-publish","4":"has-post-thumbnail","6":"product_cat-almacenamiento","7":"product_cat-pra-es","9":"first","10":"instock","11":"taxable","12":"shipping-taxable","13":"purchasable","14":"product-type-variable-subscription"},"aioseo_notices":[],"subscription_discounts_type":"fixed","fixed_subscription_discounts":[],"subscription_discounts_product_settings":{"layout":"default","default_variation":null},"subscription_discounts_roles_data":[],"percentage_subscription_discounts":[],"_links":{"self":[{"href":"https:\/\/wedoback.com\/es\/wp-json\/wp\/v2\/product\/16891","targetHints":{"allow":["GET"]}}],"collection":[{"href":"https:\/\/wedoback.com\/es\/wp-json\/wp\/v2\/product"}],"about":[{"href":"https:\/\/wedoback.com\/es\/wp-json\/wp\/v2\/types\/product"}],"wp:featuredmedia":[{"embeddable":true,"href":"https:\/\/wedoback.com\/es\/wp-json\/wp\/v2\/media\/19690"}],"wp:attachment":[{"href":"https:\/\/wedoback.com\/es\/wp-json\/wp\/v2\/media?parent=16891"}],"wp:term":[{"taxonomy":"product_brand","embeddable":true,"href":"https:\/\/wedoback.com\/es\/wp-json\/wp\/v2\/product_brand?post=16891"},{"taxonomy":"product_cat","embeddable":true,"href":"https:\/\/wedoback.com\/es\/wp-json\/wp\/v2\/product_cat?post=16891"},{"taxonomy":"product_tag","embeddable":true,"href":"https:\/\/wedoback.com\/es\/wp-json\/wp\/v2\/product_tag?post=16891"}],"curies":[{"name":"wp","href":"https:\/\/api.w.org\/{rel}","templated":true}]}}