{"id":16882,"date":"2024-06-28T07:44:24","date_gmt":"2024-06-28T05:44:24","guid":{"rendered":"https:\/\/www.wedoback.net\/produit\/tipos-de-instancias-de-la-iap\/"},"modified":"2024-06-28T07:44:24","modified_gmt":"2024-06-28T05:44:24","slug":"tipos-de-instancias-de-la-iap","status":"publish","type":"product","link":"https:\/\/wedoback.com\/es\/produit\/tipos-de-instancias-de-la-iap\/","title":{"rendered":"Tipos de instancias de la IAP"},"content":{"rendered":"","protected":false},"excerpt":{"rendered":"<p>Pide aqu\u00ed <strong>los distintos tipos de instancia (y su n\u00famero)<\/strong> que necesitas para ejecutar tus servicios en el PRD.<br \/>\nCada mes se realizar\u00e1n pruebas autom\u00e1ticas de funcionamiento para confirmar que tus instancias est\u00e1n siempre listas para activarse y pasar al modo de copia de seguridad.<br \/>\nSi quieres establecer pruebas de activaci\u00f3n reales para tu PRD, solicita un presupuesto personalizado.<br \/>\nLas pruebas reales pueden planificarse para un m\u00e1ximo de 10 horas. <u>Como recordatorio, la activaci\u00f3n de tus instancias en modo de copia de seguridad (lanzamiento del PRD fuera de las pruebas de conformidad) se te facturar\u00e1 seg\u00fan la lista de precios indicada aqu\u00ed<\/u>.   <\/p>\n","protected":false},"featured_media":19655,"template":"","meta":{"om_disable_all_campaigns":false,"_monsterinsights_skip_tracking":false,"_monsterinsights_sitenote_active":false,"_monsterinsights_sitenote_note":"","_monsterinsights_sitenote_category":0},"product_brand":[],"product_cat":[867,784],"product_tag":[],"class_list":{"0":"post-16882","1":"product","2":"type-product","3":"status-publish","4":"has-post-thumbnail","6":"product_cat-instancias","7":"product_cat-pra-es","9":"first","10":"instock","11":"taxable","12":"shipping-taxable","13":"purchasable","14":"product-type-variable-subscription"},"aioseo_notices":[],"subscription_discounts_type":"fixed","fixed_subscription_discounts":[],"subscription_discounts_product_settings":{"layout":"default","default_variation":null},"subscription_discounts_roles_data":[],"percentage_subscription_discounts":[],"_links":{"self":[{"href":"https:\/\/wedoback.com\/es\/wp-json\/wp\/v2\/product\/16882","targetHints":{"allow":["GET"]}}],"collection":[{"href":"https:\/\/wedoback.com\/es\/wp-json\/wp\/v2\/product"}],"about":[{"href":"https:\/\/wedoback.com\/es\/wp-json\/wp\/v2\/types\/product"}],"wp:featuredmedia":[{"embeddable":true,"href":"https:\/\/wedoback.com\/es\/wp-json\/wp\/v2\/media\/19655"}],"wp:attachment":[{"href":"https:\/\/wedoback.com\/es\/wp-json\/wp\/v2\/media?parent=16882"}],"wp:term":[{"taxonomy":"product_brand","embeddable":true,"href":"https:\/\/wedoback.com\/es\/wp-json\/wp\/v2\/product_brand?post=16882"},{"taxonomy":"product_cat","embeddable":true,"href":"https:\/\/wedoback.com\/es\/wp-json\/wp\/v2\/product_cat?post=16882"},{"taxonomy":"product_tag","embeddable":true,"href":"https:\/\/wedoback.com\/es\/wp-json\/wp\/v2\/product_tag?post=16882"}],"curies":[{"name":"wp","href":"https:\/\/api.w.org\/{rel}","templated":true}]}}