{"id":16881,"date":"2024-06-28T08:25:01","date_gmt":"2024-06-28T06:25:01","guid":{"rendered":"https:\/\/www.wedoback.net\/produit\/direcciones-ip-publicas\/"},"modified":"2024-10-15T15:39:29","modified_gmt":"2024-10-15T13:39:29","slug":"direcciones-ip-publicas","status":"publish","type":"product","link":"https:\/\/wedoback.com\/es\/produit\/direcciones-ip-publicas\/","title":{"rendered":"Direcciones IP p\u00fablicas"},"content":{"rendered":"","protected":false},"excerpt":{"rendered":"<p>Para mantener tus servicios online (tienda, sitio web, etc.) necesitas reservar direcciones IP p\u00fablicas para que tus clientes puedan seguir accediendo a ellos.<br \/>\nTe recomendamos que reserves en tu PRD tantas direcciones IP p\u00fablicas para tus servicios online como utilices en tu funcionamiento normal.<br \/>\nEstas direcciones IP se te comunicar\u00e1n en cuanto te entreguemos el PRD para facilitar la configuraci\u00f3n del proceso de conmutaci\u00f3n por error en caso de desastre.  <\/p>\n","protected":false},"featured_media":19640,"template":"","meta":{"om_disable_all_campaigns":false,"_monsterinsights_skip_tracking":false,"_monsterinsights_sitenote_active":false,"_monsterinsights_sitenote_note":"","_monsterinsights_sitenote_category":0},"product_brand":[],"product_cat":[864,768,784],"product_tag":[],"class_list":{"0":"post-16881","1":"product","2":"type-product","3":"status-publish","4":"has-post-thumbnail","6":"product_cat-direccion-ip","7":"product_cat-pca-es","8":"product_cat-pra-es","10":"first","11":"instock","12":"virtual","13":"taxable","14":"purchasable","15":"product-type-subscription"},"aioseo_notices":[],"subscription_discounts_type":"fixed","fixed_subscription_discounts":[],"subscription_discounts_product_settings":{"layout":"default","default_variation":null},"subscription_discounts_roles_data":[],"percentage_subscription_discounts":[],"_links":{"self":[{"href":"https:\/\/wedoback.com\/es\/wp-json\/wp\/v2\/product\/16881","targetHints":{"allow":["GET"]}}],"collection":[{"href":"https:\/\/wedoback.com\/es\/wp-json\/wp\/v2\/product"}],"about":[{"href":"https:\/\/wedoback.com\/es\/wp-json\/wp\/v2\/types\/product"}],"wp:featuredmedia":[{"embeddable":true,"href":"https:\/\/wedoback.com\/es\/wp-json\/wp\/v2\/media\/19640"}],"wp:attachment":[{"href":"https:\/\/wedoback.com\/es\/wp-json\/wp\/v2\/media?parent=16881"}],"wp:term":[{"taxonomy":"product_brand","embeddable":true,"href":"https:\/\/wedoback.com\/es\/wp-json\/wp\/v2\/product_brand?post=16881"},{"taxonomy":"product_cat","embeddable":true,"href":"https:\/\/wedoback.com\/es\/wp-json\/wp\/v2\/product_cat?post=16881"},{"taxonomy":"product_tag","embeddable":true,"href":"https:\/\/wedoback.com\/es\/wp-json\/wp\/v2\/product_tag?post=16881"}],"curies":[{"name":"wp","href":"https:\/\/api.w.org\/{rel}","templated":true}]}}