{"id":16880,"date":"2024-07-06T16:02:07","date_gmt":"2024-07-06T14:02:07","guid":{"rendered":"https:\/\/www.wedoback.net\/produit\/control-de-seguridad\/"},"modified":"2024-10-15T15:38:20","modified_gmt":"2024-10-15T13:38:20","slug":"control-de-seguridad","status":"publish","type":"product","link":"https:\/\/wedoback.com\/es\/produit\/control-de-seguridad\/","title":{"rendered":"Control de seguridad"},"content":{"rendered":"<p>Gracias a la <strong>colaboraci\u00f3n desarrollada entre WeDoBack y los servicios de ciberseguridad de<a href=\"https:\/\/www.it-cyberwall.com\">IT CyberWall<\/a><\/strong>, estamos encantados de poder ofrecer a los clientes suscritos a nuestra oferta INTEGRAL, PCA o PRA herramientas de seguridad que les permitan proteger sus datos. Te beneficiar\u00e1s de<\/p>\n<ul>\n<li><strong><u>Control de terminales<\/u><\/strong> Esta funci\u00f3n proporciona un control preciso sobre los datos y las operaciones en cada ordenador protegido.<br \/>\nDetecta e impide cualquier <strong>consulta o transmisi\u00f3n no autorizada de<\/strong> datos a trav\u00e9s de diversos canales, como soportes extra\u00edbles, impresoras y perif\u00e9ricos virtuales. <\/li>\n<li><strong><u>Evaluaci\u00f3n de vulnerabilidades<\/u><\/strong> Esta funci\u00f3n identifica, cuantifica y prioriza <strong>las posibles vulnerabilidades y fallos<\/strong> detectados en una m\u00e1quina.<\/li>\n<\/ul>\n<p>Sin embargo, este servicio gratuito se limita al an\u00e1lisis: el tratamiento automatizado de estas actualizaciones es una opci\u00f3n de pago proporcionada por <strong><a href=\"https:\/\/www.it-cyberwall.com\">IT CyberWall<\/a><\/strong>.<\/p>\n<ul>\n<li><strong><u>Protecci\u00f3n contra virus y malware<\/u><\/strong> Esta funci\u00f3n <strong>supervisa cualquier cambio<\/strong> realizado en los archivos de datos del sistema. El objetivo es identificar los ataques de ransomware y sus variantes a\u00fan desconocidas. Es \u00fatil en sistemas no equipados con una soluci\u00f3n antivirus cualificada, como la soluci\u00f3n S\u00e9curiPro de IT CyberWall.  <\/li>\n<\/ul>\n","protected":false},"excerpt":{"rendered":"<p>Gracias a la <strong>colaboraci\u00f3n desarrollada entre WeDoBack y los servicios de ciberseguridad de<\/strong><a href=\"https:\/\/www.it-cyberwall.com\"><strong>IT CyberWall<\/strong><\/a>estamos encantados de poder ofrecer a los clientes suscritos a nuestros paquetes INTEGRAL o PRA las herramientas de seguridad que necesitan para proteger sus datos. Te beneficiar\u00e1s de :<\/p>\n<ul>\n<li><strong><u>Control de terminales<\/u><\/strong> Esta funci\u00f3n proporciona un control preciso sobre los datos y las operaciones en cada ordenador protegido.<br \/>\nDetecta e impide cualquier consulta o transmisi\u00f3n no autorizada de datos a trav\u00e9s de diversos canales, como soportes extra\u00edbles, impresoras y perif\u00e9ricos virtuales. <\/li>\n<\/ul>\n<p>&nbsp;<\/p>\n<ul>\n<li><strong><u>Evaluaci\u00f3n de vulnerabilidades:<\/u><\/strong> Esta funci\u00f3n identifica, cuantifica y prioriza las posibles vulnerabilidades y fallos detectados en una m\u00e1quina. Sin embargo, este servicio gratuito se limita al an\u00e1lisis: el tratamiento automatizado de estas actualizaciones es una opci\u00f3n de pago que ofrece IT CyberWall.<\/li>\n<\/ul>\n<p>&nbsp;<\/p>\n<ul>\n<li><strong><u>Protecci\u00f3n contra virus y malware:<\/u><\/strong> Esta funci\u00f3n supervisa cualquier cambio realizado en los archivos de datos del sistema. El objetivo es identificar los ataques de ransomware y sus variantes a\u00fan desconocidas. Es \u00fatil en sistemas no equipados con una soluci\u00f3n antivirus cualificada, como la soluci\u00f3n S\u00e9curiPro de IT CyberWall.  <\/li>\n<\/ul>\n<p>&nbsp;<\/p>\n","protected":false},"featured_media":19650,"template":"","meta":{"om_disable_all_campaigns":false,"_monsterinsights_skip_tracking":false,"_monsterinsights_sitenote_active":false,"_monsterinsights_sitenote_note":"","_monsterinsights_sitenote_category":0},"product_brand":[],"product_cat":[772],"product_tag":[],"class_list":{"0":"post-16880","1":"product","2":"type-product","3":"status-publish","4":"has-post-thumbnail","6":"product_cat-opciones","8":"first","9":"instock","10":"virtual","11":"taxable","12":"purchasable","13":"product-type-subscription"},"aioseo_notices":[],"subscription_discounts_type":"fixed","fixed_subscription_discounts":[],"subscription_discounts_product_settings":{"layout":"default","default_variation":null},"subscription_discounts_roles_data":[],"percentage_subscription_discounts":[],"_links":{"self":[{"href":"https:\/\/wedoback.com\/es\/wp-json\/wp\/v2\/product\/16880","targetHints":{"allow":["GET"]}}],"collection":[{"href":"https:\/\/wedoback.com\/es\/wp-json\/wp\/v2\/product"}],"about":[{"href":"https:\/\/wedoback.com\/es\/wp-json\/wp\/v2\/types\/product"}],"wp:featuredmedia":[{"embeddable":true,"href":"https:\/\/wedoback.com\/es\/wp-json\/wp\/v2\/media\/19650"}],"wp:attachment":[{"href":"https:\/\/wedoback.com\/es\/wp-json\/wp\/v2\/media?parent=16880"}],"wp:term":[{"taxonomy":"product_brand","embeddable":true,"href":"https:\/\/wedoback.com\/es\/wp-json\/wp\/v2\/product_brand?post=16880"},{"taxonomy":"product_cat","embeddable":true,"href":"https:\/\/wedoback.com\/es\/wp-json\/wp\/v2\/product_cat?post=16880"},{"taxonomy":"product_tag","embeddable":true,"href":"https:\/\/wedoback.com\/es\/wp-json\/wp\/v2\/product_tag?post=16880"}],"curies":[{"name":"wp","href":"https:\/\/api.w.org\/{rel}","templated":true}]}}