{"id":16877,"date":"2024-07-06T15:46:12","date_gmt":"2024-07-06T13:46:12","guid":{"rendered":"https:\/\/www.wedoback.net\/produit\/restauracion-rapida-en-caso-de-catastrofe\/"},"modified":"2024-07-06T15:46:12","modified_gmt":"2024-07-06T13:46:12","slug":"restauracion-rapida-en-caso-de-catastrofe","status":"publish","type":"product","link":"https:\/\/wedoback.com\/es\/produit\/restauracion-rapida-en-caso-de-catastrofe\/","title":{"rendered":"Restauraci\u00f3n r\u00e1pida en caso de cat\u00e1strofe"},"content":{"rendered":"<p>Benef\u00edciate de una copia de seguridad archivada de tus sistemas para poder restaurarlos r\u00e1pidamente en caso de desastre.<br \/>\nLa imagen puede crearse mensual o semestralmente, seg\u00fan tus necesidades.<br \/>\nEl servicio se factura por servidor y por 1 TB de almacenamiento.  <\/p>\n","protected":false},"excerpt":{"rendered":"<p>Benef\u00edciate de una copia de seguridad archivada de tus sistemas para poder restaurarlos r\u00e1pidamente en caso de desastre.<br \/>\nEste servicio se factura mensualmente por servidor y por 1 TB de almacenamiento.<br \/>\nAjusta la cantidad en funci\u00f3n del n\u00famero de servidores a proteger y del volumen necesario (por lote de 1 TB). <strong>Nota:<\/strong> utilizada adem\u00e1s de la oferta SMART, esta opci\u00f3n requiere la suscripci\u00f3n a un agente dedicado en cada servidor (u ordenador) afectado.  <\/p>\n","protected":false},"featured_media":19680,"template":"","meta":{"om_disable_all_campaigns":false,"_monsterinsights_skip_tracking":false,"_monsterinsights_sitenote_active":false,"_monsterinsights_sitenote_note":"","_monsterinsights_sitenote_category":0},"product_brand":[],"product_cat":[772],"product_tag":[],"class_list":{"0":"post-16877","1":"product","2":"type-product","3":"status-publish","4":"has-post-thumbnail","6":"product_cat-opciones","8":"first","9":"instock","10":"taxable","11":"shipping-taxable","12":"purchasable","13":"product-type-variable-subscription"},"aioseo_notices":[],"subscription_discounts_type":"fixed","fixed_subscription_discounts":[],"subscription_discounts_product_settings":{"layout":"default","default_variation":null},"subscription_discounts_roles_data":[],"percentage_subscription_discounts":[],"_links":{"self":[{"href":"https:\/\/wedoback.com\/es\/wp-json\/wp\/v2\/product\/16877","targetHints":{"allow":["GET"]}}],"collection":[{"href":"https:\/\/wedoback.com\/es\/wp-json\/wp\/v2\/product"}],"about":[{"href":"https:\/\/wedoback.com\/es\/wp-json\/wp\/v2\/types\/product"}],"wp:featuredmedia":[{"embeddable":true,"href":"https:\/\/wedoback.com\/es\/wp-json\/wp\/v2\/media\/19680"}],"wp:attachment":[{"href":"https:\/\/wedoback.com\/es\/wp-json\/wp\/v2\/media?parent=16877"}],"wp:term":[{"taxonomy":"product_brand","embeddable":true,"href":"https:\/\/wedoback.com\/es\/wp-json\/wp\/v2\/product_brand?post=16877"},{"taxonomy":"product_cat","embeddable":true,"href":"https:\/\/wedoback.com\/es\/wp-json\/wp\/v2\/product_cat?post=16877"},{"taxonomy":"product_tag","embeddable":true,"href":"https:\/\/wedoback.com\/es\/wp-json\/wp\/v2\/product_tag?post=16877"}],"curies":[{"name":"wp","href":"https:\/\/api.w.org\/{rel}","templated":true}]}}