{"id":16806,"date":"2024-08-06T12:15:39","date_gmt":"2024-08-06T10:15:39","guid":{"rendered":"https:\/\/www.wedoback.net\/produit\/almacenamiento-pca\/"},"modified":"2024-08-06T12:15:39","modified_gmt":"2024-08-06T10:15:39","slug":"almacenamiento-pca","status":"publish","type":"product","link":"https:\/\/wedoback.com\/es\/produit\/almacenamiento-pca\/","title":{"rendered":"Almacenamiento PCA"},"content":{"rendered":"","protected":false},"excerpt":{"rendered":"<p>Elige el <strong>volumen necesario para almacenar los datos<\/strong> utilizados por tu BCP.<br \/>\nTen en cuenta que el volumen no s\u00f3lo incluye el tama\u00f1o actual de tus servidores, sino <strong>tambi\u00e9n el historial de<\/strong> actualizaciones que vayas planificando.<br \/>\nEres libre de eliminar puntos de copia de seguridad, pero debes asegurarte de que conservas lo que necesitas.    &nbsp;<\/p>\n","protected":false},"featured_media":19685,"template":"","meta":{"om_disable_all_campaigns":false,"_monsterinsights_skip_tracking":false,"_monsterinsights_sitenote_active":false,"_monsterinsights_sitenote_note":"","_monsterinsights_sitenote_category":0},"product_brand":[],"product_cat":[860,768],"product_tag":[],"class_list":{"0":"post-16806","1":"product","2":"type-product","3":"status-publish","4":"has-post-thumbnail","6":"product_cat-almacenamiento","7":"product_cat-pca-es","9":"first","10":"instock","11":"taxable","12":"shipping-taxable","13":"purchasable","14":"product-type-variable-subscription"},"aioseo_notices":[],"subscription_discounts_type":"fixed","fixed_subscription_discounts":[],"subscription_discounts_product_settings":{"layout":"default","default_variation":null},"subscription_discounts_roles_data":[],"percentage_subscription_discounts":[],"_links":{"self":[{"href":"https:\/\/wedoback.com\/es\/wp-json\/wp\/v2\/product\/16806","targetHints":{"allow":["GET"]}}],"collection":[{"href":"https:\/\/wedoback.com\/es\/wp-json\/wp\/v2\/product"}],"about":[{"href":"https:\/\/wedoback.com\/es\/wp-json\/wp\/v2\/types\/product"}],"wp:featuredmedia":[{"embeddable":true,"href":"https:\/\/wedoback.com\/es\/wp-json\/wp\/v2\/media\/19685"}],"wp:attachment":[{"href":"https:\/\/wedoback.com\/es\/wp-json\/wp\/v2\/media?parent=16806"}],"wp:term":[{"taxonomy":"product_brand","embeddable":true,"href":"https:\/\/wedoback.com\/es\/wp-json\/wp\/v2\/product_brand?post=16806"},{"taxonomy":"product_cat","embeddable":true,"href":"https:\/\/wedoback.com\/es\/wp-json\/wp\/v2\/product_cat?post=16806"},{"taxonomy":"product_tag","embeddable":true,"href":"https:\/\/wedoback.com\/es\/wp-json\/wp\/v2\/product_tag?post=16806"}],"curies":[{"name":"wp","href":"https:\/\/api.w.org\/{rel}","templated":true}]}}