{"id":16190,"date":"2024-07-26T17:51:42","date_gmt":"2024-07-26T15:51:42","guid":{"rendered":"https:\/\/www.wedoback.net\/tratamiento-de-datos-personales\/"},"modified":"2025-05-04T12:00:14","modified_gmt":"2025-05-04T10:00:14","slug":"tratamiento-de-datos-personales","status":"publish","type":"page","link":"https:\/\/wedoback.com\/es\/tratamiento-de-datos-personales\/","title":{"rendered":"Tratamiento de datos personales"},"content":{"rendered":"\t\t<div data-elementor-type=\"wp-page\" data-elementor-id=\"16190\" class=\"elementor elementor-16190\" data-elementor-settings=\"{&quot;ha_cmc_init_switcher&quot;:&quot;no&quot;}\" data-elementor-post-type=\"page\">\n\t\t\t\t<div class=\"elementor-element elementor-element-1c2763b e-flex e-con-boxed e-con e-parent\" data-id=\"1c2763b\" data-element_type=\"container\" data-e-type=\"container\" data-settings=\"{&quot;_ha_eqh_enable&quot;:false}\">\n\t\t\t\t\t<div class=\"e-con-inner\">\n\t\t\t\t<div class=\"elementor-element elementor-element-0e99a7d elementor-widget elementor-widget-text-editor\" data-id=\"0e99a7d\" data-element_type=\"widget\" data-e-type=\"widget\" data-widget_type=\"text-editor.default\">\n\t\t\t\t<div class=\"elementor-widget-container\">\n\t\t\t\t\t\t\t\t\t<p>En el marco de la gesti\u00f3n de clientes de la marca WeDoBack, la empresa D\u00e9dicace Software, encargada de la venta y promoci\u00f3n de los servicios WeDoBack en Europa, recoge tus datos personales (por ejemplo, apellidos, nombre, direcci\u00f3n, n\u00famero de tel\u00e9fono, etc.).<\/p>\n<p><span style=\"text-align: var(--text-align); background-color: var(--ts-main-bg); color: var(--ts-text-color); font-family: var(--ts-pr-font-family); font-size: var(--ts-body-font-size); font-style: var(--ts-pr-font-style); font-weight: var(--ts-pr-font-weight); letter-spacing: var(--ts-pr-letter-spacing);\">La tramita el Sr. DESEE Simon, 4 route de la c\u00f4te \u00e0 Bournet 16440 MOUTHIERS SUR BOEME. Correo electr\u00f3nico: direction@dedisoft.com <\/span><\/p>\n<p><span style=\"text-align: var(--text-align); background-color: var(--ts-main-bg); color: var(--ts-text-color); font-family: var(--ts-pr-font-family); font-size: var(--ts-body-font-size); font-style: var(--ts-pr-font-style); font-weight: var(--ts-pr-font-weight); letter-spacing: var(--ts-pr-letter-spacing);\">La persona responsable de la protecci\u00f3n de datos es: Mme DESEE Catherine, 4 route de la c\u00f4te \u00e0 Bournet 16440 MOUTHIERS SUR BOEME. Tel\u00e9fono: 09.72.50.88.28. Correo electr\u00f3nico: dpo@wedoback.com.  <\/span><\/p>\n<p><span style=\"text-decoration: underline;\"><strong><span style=\"text-align: var(--text-align); background-color: var(--ts-main-bg); color: var(--ts-text-color); font-family: var(--ts-pr-font-family); font-size: var(--ts-body-font-size); font-style: var(--ts-pr-font-style); letter-spacing: var(--ts-pr-letter-spacing); text-decoration: underline;\">Art\u00edculo 1:<\/span><\/strong><\/span><\/p>\n<p>Los datos personales s\u00f3lo se tratar\u00e1n o utilizar\u00e1n en la medida en que sea necesario para :<\/p>\n<p>1) La ejecuci\u00f3n de tu contrato comercial, y el correcto funcionamiento del propio servicio, incluyendo por ejemplo (lista no exhaustiva):<\/p>\n<ul>\n<li>Pedidos, facturas, contabilidad y, en particular, gesti\u00f3n de cuentas por cobrar,<\/li>\n<li>Supervisar las relaciones con los clientes, gestionar las reclamaciones y el servicio de asistencia<\/li>\n<li>Uso de tus datos bancarios para domiciliaciones,<\/li>\n<li>Uso de tu direcci\u00f3n postal para enviarte correo,<\/li>\n<li>Uso del n\u00famero de tel\u00e9fono y la direcci\u00f3n de correo electr\u00f3nico de tu empresa<\/li>\n<li>Datos de conexi\u00f3n y localizaci\u00f3n para el buen funcionamiento y la seguridad de nuestro portal de clientes<\/li>\n<\/ul>\n<p>2) Para cumplir una obligaci\u00f3n legal y\/o reglamentaria<\/p>\n<p><span style=\"text-decoration: underline;\"><strong>Art\u00edculo 2:<\/strong><\/span><\/p>\n<p>Tus datos personales se conservar\u00e1n durante el tiempo que sea necesario para la ejecuci\u00f3n de tu contrato, para el cumplimiento de las obligaciones legales y reglamentarias de la empresa y para el ejercicio de las prerrogativas que le confieren la ley y la jurisprudencia.<\/p>\n<p>Los datos se conservar\u00e1n mientras dure la relaci\u00f3n comercial, y despu\u00e9s durante un m\u00e1ximo de 6 meses desde la finalizaci\u00f3n de la relaci\u00f3n contractual. A menos que el cliente lo autorice o lo exija espec\u00edficamente la ley o la normativa. (Por ejemplo: 10 a\u00f1os para los datos bancarios).  <\/p>\n<p>Para el uso de nuestro servicio de comunicaci\u00f3n online: Tus datos se conservar\u00e1n hasta que el usuario elimine su cuenta o durante un m\u00e1ximo de 6 meses desde el final de la relaci\u00f3n comercial. No se recopilar\u00e1 ning\u00fan dato a trav\u00e9s de cookies, excepto el consentimiento del cliente para utilizar el sitio (elecci\u00f3n de idioma, etc.). <\/p>\n<p>Mientras conservemos tus datos personales, tomaremos todas las medidas necesarias para garantizar su confidencialidad y seguridad, con el fin de evitar que terceros no autorizados puedan da\u00f1arlos, borrarlos o acceder a ellos.<\/p>\n<p><span style=\"text-decoration: underline;\"><strong>Art\u00edculo 3:<\/strong><\/span><\/p>\n<p>El acceso a los datos personales est\u00e1 estrictamente limitado a los empleados de la empresa autorizados a tratarlos en virtud de sus funciones.<\/p>\n<p>La informaci\u00f3n recopilada puede comunicarse a terceros, como autoridades p\u00fablicas, nuestros socios y nuestros proveedores de servicios externos. Cabe se\u00f1alar que, en el marco de la prestaci\u00f3n de sus servicios, los terceros s\u00f3lo tienen un acceso limitado a los datos y est\u00e1n obligados a utilizarlos de conformidad con las disposiciones de la legislaci\u00f3n aplicable en materia de protecci\u00f3n de datos personales. En lo que respecta a nuestros agentes de ventas, estos proveedores de servicios no almacenan ning\u00fan dato fuera de nuestros servidores protegidos.  <\/p>\n<p>En el marco de sus operaciones de tratamiento, el responsable del tratamiento se compromete a no transferir tus datos personales fuera de la Uni\u00f3n Europea. Excepto en los siguientes casos, en los que los datos pueden transferirse a Estados Unidos: &nbsp;<\/p>\n<ul>\n<li>Para clientes que utilizan Office 365 proporcionado por D\u00e9dicace Software;<\/li>\n<li>A petici\u00f3n de algunos editores que suministran licencias a los clientes por su nombre;<\/li>\n<li>Para determinados certificados SSL, definir la persona de contacto del cliente para la autoridad de certificaci\u00f3n.<\/li>\n<\/ul>\n<p><span style=\"text-decoration: underline;\"><strong>Art\u00edculo 4:<\/strong><\/span><\/p>\n<p>De conformidad con las disposiciones legales y reglamentarias aplicables, tienes derecho a acceder, rectificar, portar y suprimir tus datos o a limitar su tratamiento. Tambi\u00e9n puedes, por motivos leg\u00edtimos, oponerte al tratamiento de los datos que te conciernen. <\/p>\n<p>Sujeto a la presentaci\u00f3n de una prueba v\u00e1lida de identidad, puedes ejercer tus derechos dentro de los l\u00edmites legales poni\u00e9ndote en contacto con nuestra Responsable de Protecci\u00f3n de Datos: la Sra. DESEE Catherine, cuyos datos de contacto figuran m\u00e1s arriba.<\/p>\n<p>Si tienes alg\u00fan problema con la gesti\u00f3n de tus datos personales, puedes dirigirte a la Comisi\u00f3n Nacional de Inform\u00e1tica y Libertades (m\u00e1s informaci\u00f3n en www.cnil.fr).<\/p>\t\t\t\t\t\t\t\t<\/div>\n\t\t\t\t<\/div>\n\t\t\t\t\t<\/div>\n\t\t\t\t<\/div>\n\t\t\t\t<\/div>\n\t\t","protected":false},"excerpt":{"rendered":"<p>En el marco de la gesti\u00f3n de clientes de la marca WeDoBack, la empresa D\u00e9dicace Software, encargada de la venta y promoci\u00f3n de los servicios WeDoBack en Europa, recoge tus datos personales (por ejemplo, apellidos, nombre, direcci\u00f3n, n\u00famero de tel\u00e9fono, etc.). La tramita el Sr. DESEE Simon, 4 route de la c\u00f4te \u00e0 Bournet 16440 [&hellip;]<\/p>\n","protected":false},"author":9,"featured_media":0,"parent":0,"menu_order":0,"comment_status":"closed","ping_status":"closed","template":"","meta":{"om_disable_all_campaigns":false,"_monsterinsights_skip_tracking":false,"_monsterinsights_sitenote_active":false,"_monsterinsights_sitenote_note":"","_monsterinsights_sitenote_category":0,"footnotes":""},"class_list":["post-16190","page","type-page","status-publish","hentry"],"aioseo_notices":[],"_links":{"self":[{"href":"https:\/\/wedoback.com\/es\/wp-json\/wp\/v2\/pages\/16190","targetHints":{"allow":["GET"]}}],"collection":[{"href":"https:\/\/wedoback.com\/es\/wp-json\/wp\/v2\/pages"}],"about":[{"href":"https:\/\/wedoback.com\/es\/wp-json\/wp\/v2\/types\/page"}],"author":[{"embeddable":true,"href":"https:\/\/wedoback.com\/es\/wp-json\/wp\/v2\/users\/9"}],"replies":[{"embeddable":true,"href":"https:\/\/wedoback.com\/es\/wp-json\/wp\/v2\/comments?post=16190"}],"version-history":[{"count":0,"href":"https:\/\/wedoback.com\/es\/wp-json\/wp\/v2\/pages\/16190\/revisions"}],"wp:attachment":[{"href":"https:\/\/wedoback.com\/es\/wp-json\/wp\/v2\/media?parent=16190"}],"curies":[{"name":"wp","href":"https:\/\/api.w.org\/{rel}","templated":true}]}}