{"id":16139,"date":"2024-03-22T19:10:54","date_gmt":"2024-03-22T18:10:54","guid":{"rendered":"https:\/\/www.wedoback.net\/rgpd\/"},"modified":"2025-03-20T13:10:18","modified_gmt":"2025-03-20T12:10:18","slug":"rgpd","status":"publish","type":"page","link":"https:\/\/wedoback.com\/es\/rgpd\/","title":{"rendered":"RGPD"},"content":{"rendered":"\t\t<div data-elementor-type=\"wp-page\" data-elementor-id=\"16139\" class=\"elementor elementor-16139\" data-elementor-settings=\"{&quot;ha_cmc_init_switcher&quot;:&quot;no&quot;}\" data-elementor-post-type=\"page\">\n\t\t\t\t\t\t<section class=\"elementor-section elementor-top-section elementor-element elementor-element-21bcdcd1 elementor-section-boxed elementor-section-height-default elementor-section-height-default\" data-id=\"21bcdcd1\" data-element_type=\"section\" data-e-type=\"section\" data-settings=\"{&quot;background_background&quot;:&quot;classic&quot;,&quot;_ha_eqh_enable&quot;:false}\">\n\t\t\t\t\t\t\t<div class=\"elementor-background-overlay\"><\/div>\n\t\t\t\t\t\t\t<div class=\"elementor-container elementor-column-gap-no\">\n\t\t\t\t\t<div class=\"elementor-column elementor-col-100 elementor-top-column elementor-element elementor-element-6aef72eb\" data-id=\"6aef72eb\" data-element_type=\"column\" data-e-type=\"column\">\n\t\t\t<div class=\"elementor-widget-wrap elementor-element-populated\">\n\t\t\t\t\t\t<div class=\"elementor-element elementor-element-3166e086 elementor-invisible elementor-widget elementor-widget-heading\" data-id=\"3166e086\" data-element_type=\"widget\" data-e-type=\"widget\" data-settings=\"{&quot;_animation&quot;:&quot;fadeInUp&quot;}\" data-widget_type=\"heading.default\">\n\t\t\t\t<div class=\"elementor-widget-container\">\n\t\t\t\t\t<h6 class=\"elementor-heading-title elementor-size-default\">Reglamento General de Protecci\u00f3n de Datos<\/h6>\t\t\t\t<\/div>\n\t\t\t\t<\/div>\n\t\t\t\t<div class=\"elementor-element elementor-element-6272e958 elementor-invisible elementor-widget elementor-widget-heading\" data-id=\"6272e958\" data-element_type=\"widget\" data-e-type=\"widget\" data-settings=\"{&quot;_animation&quot;:&quot;fadeInUp&quot;,&quot;_animation_delay&quot;:200}\" data-widget_type=\"heading.default\">\n\t\t\t\t<div class=\"elementor-widget-container\">\n\t\t\t\t\t<h1 class=\"elementor-heading-title elementor-size-default\">RGPD<\/h1>\t\t\t\t<\/div>\n\t\t\t\t<\/div>\n\t\t\t\t<div class=\"elementor-element elementor-element-7a96eec0 elementor-widget elementor-widget-text-editor\" data-id=\"7a96eec0\" data-element_type=\"widget\" data-e-type=\"widget\" data-widget_type=\"text-editor.default\">\n\t\t\t\t<div class=\"elementor-widget-container\">\n\t\t\t\t\t\t\t\t\t<p>Nos comprometemos a proteger los datos personales de nuestros clientes y socios de acuerdo con el Reglamento Europeo n\u00ba 2016\/679.<\/p>\n\t\t\t\t\t\t\t\t<\/div>\n\t\t\t\t<\/div>\n\t\t\t\t\t<\/div>\n\t\t<\/div>\n\t\t\t\t\t<\/div>\n\t\t<\/section>\n\t\t\t\t<section class=\"elementor-section elementor-top-section elementor-element elementor-element-465c34a8 elementor-section-boxed elementor-section-height-default elementor-section-height-default\" data-id=\"465c34a8\" data-element_type=\"section\" data-e-type=\"section\" data-settings=\"{&quot;_ha_eqh_enable&quot;:false}\">\n\t\t\t\t\t\t<div class=\"elementor-container elementor-column-gap-default\">\n\t\t\t\t\t<div class=\"elementor-column elementor-col-50 elementor-top-column elementor-element elementor-element-32ef9d43 elementor-invisible\" data-id=\"32ef9d43\" data-element_type=\"column\" data-e-type=\"column\" data-settings=\"{&quot;background_background&quot;:&quot;gradient&quot;,&quot;animation&quot;:&quot;fadeInUp&quot;,&quot;animation_delay&quot;:200}\">\n\t\t\t<div class=\"elementor-widget-wrap elementor-element-populated\">\n\t\t\t\t\t\t<div class=\"elementor-element elementor-element-89c67f0 elementor-view-default elementor-widget elementor-widget-icon\" data-id=\"89c67f0\" data-element_type=\"widget\" data-e-type=\"widget\" data-widget_type=\"icon.default\">\n\t\t\t\t<div class=\"elementor-widget-container\">\n\t\t\t\t\t\t\t<div class=\"elementor-icon-wrapper\">\n\t\t\t<div class=\"elementor-icon\">\n\t\t\t<i aria-hidden=\"true\" class=\"fas fa-database\"><\/i>\t\t\t<\/div>\n\t\t<\/div>\n\t\t\t\t\t\t<\/div>\n\t\t\t\t<\/div>\n\t\t\t\t<div class=\"elementor-element elementor-element-4320ee7f elementor-widget elementor-widget-text-editor\" data-id=\"4320ee7f\" data-element_type=\"widget\" data-e-type=\"widget\" data-widget_type=\"text-editor.default\">\n\t\t\t\t<div class=\"elementor-widget-container\">\n\t\t\t\t\t\t\t\t\t<p>Establecemos un alto nivel de protecci\u00f3n interna de los datos que se nos conf\u00edan, adem\u00e1s de supervisar todas las acciones que se llevan a cabo con ellos.<\/p>\n\t\t\t\t\t\t\t\t<\/div>\n\t\t\t\t<\/div>\n\t\t\t\t\t<\/div>\n\t\t<\/div>\n\t\t\t\t<div class=\"elementor-column elementor-col-50 elementor-top-column elementor-element elementor-element-7b46b34 elementor-invisible\" data-id=\"7b46b34\" data-element_type=\"column\" data-e-type=\"column\" data-settings=\"{&quot;background_background&quot;:&quot;gradient&quot;,&quot;animation&quot;:&quot;fadeInUp&quot;,&quot;animation_delay&quot;:200}\">\n\t\t\t<div class=\"elementor-widget-wrap elementor-element-populated\">\n\t\t\t\t\t\t<div class=\"elementor-element elementor-element-7440566 elementor-view-default elementor-widget elementor-widget-icon\" data-id=\"7440566\" data-element_type=\"widget\" data-e-type=\"widget\" data-widget_type=\"icon.default\">\n\t\t\t\t<div class=\"elementor-widget-container\">\n\t\t\t\t\t\t\t<div class=\"elementor-icon-wrapper\">\n\t\t\t<div class=\"elementor-icon\">\n\t\t\t<i aria-hidden=\"true\" class=\"fas fa-lock\"><\/i>\t\t\t<\/div>\n\t\t<\/div>\n\t\t\t\t\t\t<\/div>\n\t\t\t\t<\/div>\n\t\t\t\t<div class=\"elementor-element elementor-element-a563775 elementor-widget elementor-widget-text-editor\" data-id=\"a563775\" data-element_type=\"widget\" data-e-type=\"widget\" data-widget_type=\"text-editor.default\">\n\t\t\t\t<div class=\"elementor-widget-container\">\n\t\t\t\t\t\t\t\t\t<p>Ayudamos a tu empresa a cumplir el RGPD proporcion\u00e1ndote todos los recursos que necesitas para proteger y asegurar tu sistema de informaci\u00f3n.<\/p>\n\t\t\t\t\t\t\t\t<\/div>\n\t\t\t\t<\/div>\n\t\t\t\t\t<\/div>\n\t\t<\/div>\n\t\t\t\t\t<\/div>\n\t\t<\/section>\n\t\t\t\t<section class=\"elementor-section elementor-top-section elementor-element elementor-element-2e32cd3 elementor-section-boxed elementor-section-height-default elementor-section-height-default\" data-id=\"2e32cd3\" data-element_type=\"section\" data-e-type=\"section\" data-settings=\"{&quot;_ha_eqh_enable&quot;:false}\">\n\t\t\t\t\t\t<div class=\"elementor-container elementor-column-gap-default\">\n\t\t\t\t\t<div class=\"elementor-column elementor-col-50 elementor-top-column elementor-element elementor-element-06414c3 elementor-invisible\" data-id=\"06414c3\" data-element_type=\"column\" data-e-type=\"column\" data-settings=\"{&quot;background_background&quot;:&quot;gradient&quot;,&quot;animation&quot;:&quot;fadeInUp&quot;,&quot;animation_delay&quot;:200}\">\n\t\t\t<div class=\"elementor-widget-wrap elementor-element-populated\">\n\t\t\t\t\t\t<div class=\"elementor-element elementor-element-5c9a020 elementor-view-default elementor-widget elementor-widget-icon\" data-id=\"5c9a020\" data-element_type=\"widget\" data-e-type=\"widget\" data-widget_type=\"icon.default\">\n\t\t\t\t<div class=\"elementor-widget-container\">\n\t\t\t\t\t\t\t<div class=\"elementor-icon-wrapper\">\n\t\t\t<div class=\"elementor-icon\">\n\t\t\t<i aria-hidden=\"true\" class=\"far fa-star\"><\/i>\t\t\t<\/div>\n\t\t<\/div>\n\t\t\t\t\t\t<\/div>\n\t\t\t\t<\/div>\n\t\t\t\t<div class=\"elementor-element elementor-element-a3d9c7f elementor-widget elementor-widget-text-editor\" data-id=\"a3d9c7f\" data-element_type=\"widget\" data-e-type=\"widget\" data-widget_type=\"text-editor.default\">\n\t\t\t\t<div class=\"elementor-widget-container\">\n\t\t\t\t\t\t\t\t\t<div class=\"service-item mt--30 col-lg-6 col-md-6 col-sm-6 col-12 elementor-repeater-item-8255a03\">\n<div class=\"single-service\">\n<div class=\"service service__style--2 text-center\">\n<div class=\"content\"> <\/div>\n<\/div>\n<\/div>\n<\/div>\n<div class=\"service-item mt--30 col-lg-6 col-md-6 col-sm-6 col-12 elementor-repeater-item-a1b216e\">\n<div class=\"single-service\">\n<div class=\"service service__style--2 text-center\">\n<div class=\"content\">\n<p>Ayudamos a promover tu imagen de empresa seria y responsable.<\/p>\n<\/div>\n<\/div>\n<\/div>\n<\/div>\n\t\t\t\t\t\t\t\t<\/div>\n\t\t\t\t<\/div>\n\t\t\t\t\t<\/div>\n\t\t<\/div>\n\t\t\t\t<div class=\"elementor-column elementor-col-50 elementor-top-column elementor-element elementor-element-2d2d221 elementor-invisible\" data-id=\"2d2d221\" data-element_type=\"column\" data-e-type=\"column\" data-settings=\"{&quot;background_background&quot;:&quot;gradient&quot;,&quot;animation&quot;:&quot;fadeInUp&quot;,&quot;animation_delay&quot;:200}\">\n\t\t\t<div class=\"elementor-widget-wrap elementor-element-populated\">\n\t\t\t\t\t\t<div class=\"elementor-element elementor-element-08f8f00 elementor-view-default elementor-widget elementor-widget-icon\" data-id=\"08f8f00\" data-element_type=\"widget\" data-e-type=\"widget\" data-widget_type=\"icon.default\">\n\t\t\t\t<div class=\"elementor-widget-container\">\n\t\t\t\t\t\t\t<div class=\"elementor-icon-wrapper\">\n\t\t\t<div class=\"elementor-icon\">\n\t\t\t<i aria-hidden=\"true\" class=\"fas fa-key\"><\/i>\t\t\t<\/div>\n\t\t<\/div>\n\t\t\t\t\t\t<\/div>\n\t\t\t\t<\/div>\n\t\t\t\t<div class=\"elementor-element elementor-element-c9d99bd elementor-widget elementor-widget-text-editor\" data-id=\"c9d99bd\" data-element_type=\"widget\" data-e-type=\"widget\" data-widget_type=\"text-editor.default\">\n\t\t\t\t<div class=\"elementor-widget-container\">\n\t\t\t\t\t\t\t\t\t<p>Una gesti\u00f3n rigurosa de tus datos te har\u00e1 m\u00e1s eficaz y productivo.<\/p>\n\t\t\t\t\t\t\t\t<\/div>\n\t\t\t\t<\/div>\n\t\t\t\t\t<\/div>\n\t\t<\/div>\n\t\t\t\t\t<\/div>\n\t\t<\/section>\n\t\t\t\t<section class=\"elementor-section elementor-top-section elementor-element elementor-element-21456ed2 elementor-section-boxed elementor-section-height-default elementor-section-height-default\" data-id=\"21456ed2\" data-element_type=\"section\" data-e-type=\"section\" data-settings=\"{&quot;background_background&quot;:&quot;classic&quot;,&quot;_ha_eqh_enable&quot;:false}\">\n\t\t\t\t\t\t<div class=\"elementor-container elementor-column-gap-no\">\n\t\t\t\t\t<div class=\"elementor-column elementor-col-100 elementor-top-column elementor-element elementor-element-3dde4c32\" data-id=\"3dde4c32\" data-element_type=\"column\" data-e-type=\"column\">\n\t\t\t<div class=\"elementor-widget-wrap elementor-element-populated\">\n\t\t\t\t\t\t<div class=\"elementor-element elementor-element-187170c8 elementor-view-default elementor-widget elementor-widget-icon\" data-id=\"187170c8\" data-element_type=\"widget\" data-e-type=\"widget\" data-settings=\"{&quot;motion_fx_motion_fx_mouse&quot;:&quot;yes&quot;,&quot;motion_fx_mouseTrack_effect&quot;:&quot;yes&quot;,&quot;motion_fx_mouseTrack_speed&quot;:{&quot;unit&quot;:&quot;px&quot;,&quot;size&quot;:1,&quot;sizes&quot;:[]}}\" data-widget_type=\"icon.default\">\n\t\t\t\t<div class=\"elementor-widget-container\">\n\t\t\t\t\t\t\t<div class=\"elementor-icon-wrapper\">\n\t\t\t<div class=\"elementor-icon\">\n\t\t\t<i aria-hidden=\"true\" class=\"far fa-circle\"><\/i>\t\t\t<\/div>\n\t\t<\/div>\n\t\t\t\t\t\t<\/div>\n\t\t\t\t<\/div>\n\t\t\t\t<div class=\"elementor-element elementor-element-35201454 ha-has-bg-overlay elementor-widget elementor-widget-text-editor\" data-id=\"35201454\" data-element_type=\"widget\" data-e-type=\"widget\" data-widget_type=\"text-editor.default\">\n\t\t\t\t<div class=\"elementor-widget-container\">\n\t\t\t\t\t\t\t\t\t<p>&#8220;WEDOBACK&#8221; se compromete con sus clientes y socios a favor de la protecci\u00f3n de los datos personales, de conformidad con el Reglamento Europeo n\u00ba 2016\/679, conocido como Reglamento General de Protecci\u00f3n de Datos (RGPD).<\/p>\n<p>No se transmite ning\u00fan dato a terceras empresas sin el acuerdo previo del cliente y de la(s) persona(s) responsable(s) de los datos. Esto puede incluir apellidos, nombre, direcci\u00f3n de correo electr\u00f3nico, nombre de la empresa, direcci\u00f3n postal (lista no exhaustiva). Estas transmisiones son necesarias, por ejemplo, para permitir que se cree un acceso en nombre del cliente final.  <\/p>\n<p>Para cualquier proyecto que requiera el acceso o la gesti\u00f3n de datos personales, por ejemplo al manejar bases de datos, se contrata una orden de encargo entre &#8220;WEDOBACK&#8221; y el cliente. En ella se detallan las acciones a realizar, los datos afectados y los responsables del tratamiento, as\u00ed como la duraci\u00f3n de la intervenci\u00f3n. <\/p>\n<p>&#8220;WEDOBACK&#8221; ha implantado un alto nivel de protecci\u00f3n interna de los datos que se le conf\u00edan, as\u00ed como el control de cualquier acci\u00f3n que se lleve a cabo sobre estos datos. Cada cliente puede acceder a toda la informaci\u00f3n (acciones y datos) que le concierne previa solicitud. <\/p>\n<p>Para cualquier intervenci\u00f3n relativa a datos o derechos de acceso solicitados a determinados datos, &#8220;WEDOBACK&#8221; solicita el acuerdo del responsable de los datos en cuesti\u00f3n mediante el uso de un formulario espec\u00edfico. Ninguna solicitud que no haya sido validada por el responsable de los datos ser\u00e1 procesada o aceptada por &#8220;WEDOBACK&#8221;. <\/p>\n<p>De conformidad con la Ley de Protecci\u00f3n de Datos de 6 de enero de 1978 de FRANCIA, y la entrada en vigor del Reglamento General de Protecci\u00f3n de Datos (RGPD) a partir del 25 de mayo de 2018:<\/p>\n<p>&#8211; Los datos personales que proporciones s\u00f3lo se utilizar\u00e1n en el contexto de la relaci\u00f3n contractual entre t\u00fa y&nbsp;<span style=\"letter-spacing: -0.255px;\">&#8220;WEDOBACK&#8221;.<\/span> Los datos no se utilizar\u00e1n para fines ajenos al servicio solicitado. <\/p>\n<p>&#8211; Los datos que no se han utilizado durante tres a\u00f1os se eliminan regularmente de nuestras bases de datos (al menos una vez al a\u00f1o) o de acuerdo con los procedimientos descritos expl\u00edcitamente para el servicio en cuesti\u00f3n.<\/p>\n<p>&#8211; Todos nuestros clientes tienen derecho a acceder a sus datos personales. Tambi\u00e9n pueden solicitar la rectificaci\u00f3n, supresi\u00f3n, limitaci\u00f3n del tratamiento, oposici\u00f3n o portabilidad poni\u00e9ndose en contacto con nuestro Responsable de Protecci\u00f3n de Datos: dpo@wedoback.com. Los clientes tambi\u00e9n pueden presentar una reclamaci\u00f3n ante la CNIL.  <\/p>\t\t\t\t\t\t\t\t<\/div>\n\t\t\t\t<\/div>\n\t\t\t\t<div class=\"elementor-element elementor-element-65f3f452 elementor-view-default elementor-widget elementor-widget-icon\" data-id=\"65f3f452\" data-element_type=\"widget\" data-e-type=\"widget\" data-settings=\"{&quot;motion_fx_motion_fx_mouse&quot;:&quot;yes&quot;,&quot;motion_fx_mouseTrack_effect&quot;:&quot;yes&quot;,&quot;motion_fx_mouseTrack_speed&quot;:{&quot;unit&quot;:&quot;px&quot;,&quot;size&quot;:1,&quot;sizes&quot;:[]}}\" data-widget_type=\"icon.default\">\n\t\t\t\t<div class=\"elementor-widget-container\">\n\t\t\t\t\t\t\t<div class=\"elementor-icon-wrapper\">\n\t\t\t<div class=\"elementor-icon\">\n\t\t\t<i aria-hidden=\"true\" class=\"far fa-circle\"><\/i>\t\t\t<\/div>\n\t\t<\/div>\n\t\t\t\t\t\t<\/div>\n\t\t\t\t<\/div>\n\t\t\t\t\t<\/div>\n\t\t<\/div>\n\t\t\t\t\t<\/div>\n\t\t<\/section>\n\t\t\t\t<\/div>\n\t\t","protected":false},"excerpt":{"rendered":"<p>Reglamento General de Protecci\u00f3n de Datos RGPD Nos comprometemos a proteger los datos personales de nuestros clientes y socios de acuerdo con el Reglamento Europeo n\u00ba 2016\/679. Establecemos un alto nivel de protecci\u00f3n interna de los datos que se nos conf\u00edan, adem\u00e1s de supervisar todas las acciones que se llevan a cabo con ellos. Ayudamos [&hellip;]<\/p>\n","protected":false},"author":1,"featured_media":0,"parent":0,"menu_order":0,"comment_status":"closed","ping_status":"closed","template":"elementor_header_footer","meta":{"om_disable_all_campaigns":false,"_monsterinsights_skip_tracking":false,"_monsterinsights_sitenote_active":false,"_monsterinsights_sitenote_note":"","_monsterinsights_sitenote_category":0,"footnotes":""},"class_list":["post-16139","page","type-page","status-publish","hentry"],"aioseo_notices":[],"_links":{"self":[{"href":"https:\/\/wedoback.com\/es\/wp-json\/wp\/v2\/pages\/16139","targetHints":{"allow":["GET"]}}],"collection":[{"href":"https:\/\/wedoback.com\/es\/wp-json\/wp\/v2\/pages"}],"about":[{"href":"https:\/\/wedoback.com\/es\/wp-json\/wp\/v2\/types\/page"}],"author":[{"embeddable":true,"href":"https:\/\/wedoback.com\/es\/wp-json\/wp\/v2\/users\/1"}],"replies":[{"embeddable":true,"href":"https:\/\/wedoback.com\/es\/wp-json\/wp\/v2\/comments?post=16139"}],"version-history":[{"count":0,"href":"https:\/\/wedoback.com\/es\/wp-json\/wp\/v2\/pages\/16139\/revisions"}],"wp:attachment":[{"href":"https:\/\/wedoback.com\/es\/wp-json\/wp\/v2\/media?parent=16139"}],"curies":[{"name":"wp","href":"https:\/\/api.w.org\/{rel}","templated":true}]}}