{"id":16115,"date":"2021-04-01T13:59:59","date_gmt":"2021-04-01T11:59:59","guid":{"rendered":"https:\/\/www.wedoback.net\/politica-de-empresa\/"},"modified":"2025-05-04T13:07:03","modified_gmt":"2025-05-04T11:07:03","slug":"politica-de-empresa","status":"publish","type":"page","link":"https:\/\/wedoback.com\/es\/politica-de-empresa\/","title":{"rendered":"C\u00f3digo \u00e9tico"},"content":{"rendered":"\t\t<div data-elementor-type=\"wp-page\" data-elementor-id=\"16115\" class=\"elementor elementor-16115\" data-elementor-settings=\"{&quot;ha_cmc_init_switcher&quot;:&quot;no&quot;}\" data-elementor-post-type=\"page\">\n\t\t\t\t<div class=\"elementor-element elementor-element-642346a9 e-flex e-con-boxed e-con e-parent\" data-id=\"642346a9\" data-element_type=\"container\" data-e-type=\"container\" data-settings=\"{&quot;_ha_eqh_enable&quot;:false}\">\n\t\t\t\t\t<div class=\"e-con-inner\">\n\t\t\t\t<div class=\"elementor-element elementor-element-36d7647d elementor-widget elementor-widget-text-editor\" data-id=\"36d7647d\" data-element_type=\"widget\" data-e-type=\"widget\" data-widget_type=\"text-editor.default\">\n\t\t\t\t<div class=\"elementor-widget-container\">\n\t\t\t\t\t\t\t\t\t<p>&#8220;WEDOBACK&#8221; ha optado por una pol\u00edtica \u00e9tica que respeta los valores morales y la dignidad humana. Por ello, &#8220;WEDOBACK&#8221; s\u00f3lo aceptar\u00e1 el alojamiento de datos que respeten las siguientes limitaciones: <\/p><p><br>Se proh\u00edbe cualquier contenido considerado ofensivo (discriminatorio, racista o xen\u00f3fobo, revisionista o negacionista, difamatorio, violento o que incite a la violencia, susceptible de herir la sensibilidad de los j\u00f3venes, ofensivo o com\u00fanmente considerado vulgar, ofensivo, contrario a la decencia p\u00fablica o al orden p\u00fablico, ofensivo con respecto a pr\u00e1cticas o creencias religiosas, obsceno, pornogr\u00e1fico o ped\u00f3filo).<\/p><ul><li>De forma m\u00e1s general, cualquier contenido que viole los derechos de propiedad intelectual y los derechos de autor (textos, im\u00e1genes, v\u00eddeos, secretos comerciales, informaci\u00f3n interna o confidencial, etc.), o las leyes y normativas vigentes, tambi\u00e9n est\u00e1 prohibido en nuestros servidores.<\/li><li>Cada cliente, cuyo sitio web (o cualquier otra aplicaci\u00f3n) sea gestionado por &#8220;WEDOBACK&#8221;, debe asegurarse de que ning\u00fan visitante pueda incluir comentarios, blogs u opiniones que sean contrarios a los siguientes l\u00edmites:<\/li><\/ul><ul><li>ausencia de comentarios racistas ;<\/li><li>ausencia de lenguaje abusivo o com\u00fanmente considerado vulgar;<\/li><li>ning\u00fan lenguaje ofensivo para las pr\u00e1cticas o creencias religiosas ;<\/li><li>ausencia de contenido revisionista ;<\/li><li>ning\u00fan contenido pornogr\u00e1fico o ped\u00f3filo;<\/li><\/ul><div> <\/div><p>Adem\u00e1s, por razones de estricta neutralidad, ning\u00fan contenido de car\u00e1cter pol\u00edtico, filos\u00f3fico o religioso ser\u00e1 gestionado por &#8220;WEDOBACK&#8221;. El incumplimiento de este c\u00f3digo de conducta dar\u00e1 lugar a : <\/p><ul><li>  Cese inmediato de los servicios prestados al cliente afectado en el servidor en cuesti\u00f3n, mientras el contenido no se ajuste a nuestra carta;<\/li><li>En todos los dem\u00e1s casos, no ser\u00e1 posible ninguna intervenci\u00f3n por parte de &#8220;WEDOBACK&#8221; mientras el contenido no se ajuste a nuestra carta.<\/li><\/ul><p><strong>Detalles sobre la aplicaci\u00f3n del C\u00f3digo \u00c9tico :<\/strong><\/p><p>De acuerdo con los valores descritos en el art\u00edculo 3 anterior, la aplicaci\u00f3n de la carta \u00e9tica implica el rechazo sistem\u00e1tico y categ\u00f3rico de cualquier v\u00ednculo con los siguientes contenidos:<\/p><ul><li>Discurso de odio, acoso, insultos, amenazas, contenido difamatorio contra individuos, grupos o estados.<\/li><li>Contenido sugerente, provocativo o expl\u00edcito reservado a adultos.<\/li><li>Informaci\u00f3n infundada o no verificable, enga\u00f1osa o ambigua.<\/li><li>Actividades o contenidos deshonestos o abusivos.<\/li><li>Contenido religioso, adivinaci\u00f3n, astrolog\u00eda, ocultismo, etc.<\/li><li>Juegos de azar y apuestas, as\u00ed como cualquier juego que provoque adicci\u00f3n o dependencia.<\/li><li>Armas en general, guerra, revuelta, manifestaci\u00f3n.<\/li><li>Drogas, tabaco y todos los productos que supongan una amenaza para la salud.<\/li><li>Sitios de citas, libertarianismo, intercambio de parejas u otros.<\/li><\/ul>\t\t\t\t\t\t\t\t<\/div>\n\t\t\t\t<\/div>\n\t\t\t\t\t<\/div>\n\t\t\t\t<\/div>\n\t\t\t\t<\/div>\n\t\t","protected":false},"excerpt":{"rendered":"<p>&#8220;WEDOBACK&#8221; ha optado por una pol\u00edtica \u00e9tica que respeta los valores morales y la dignidad humana. Por ello, &#8220;WEDOBACK&#8221; s\u00f3lo aceptar\u00e1 el alojamiento de datos que respeten las siguientes limitaciones: Se proh\u00edbe cualquier contenido considerado ofensivo (discriminatorio, racista o xen\u00f3fobo, revisionista o negacionista, difamatorio, violento o que incite a la violencia, susceptible de herir la [&hellip;]<\/p>\n","protected":false},"author":1,"featured_media":0,"parent":0,"menu_order":0,"comment_status":"closed","ping_status":"closed","template":"","meta":{"om_disable_all_campaigns":false,"_monsterinsights_skip_tracking":false,"_monsterinsights_sitenote_active":false,"_monsterinsights_sitenote_note":"","_monsterinsights_sitenote_category":0,"footnotes":""},"class_list":["post-16115","page","type-page","status-publish","hentry"],"aioseo_notices":[],"_links":{"self":[{"href":"https:\/\/wedoback.com\/es\/wp-json\/wp\/v2\/pages\/16115","targetHints":{"allow":["GET"]}}],"collection":[{"href":"https:\/\/wedoback.com\/es\/wp-json\/wp\/v2\/pages"}],"about":[{"href":"https:\/\/wedoback.com\/es\/wp-json\/wp\/v2\/types\/page"}],"author":[{"embeddable":true,"href":"https:\/\/wedoback.com\/es\/wp-json\/wp\/v2\/users\/1"}],"replies":[{"embeddable":true,"href":"https:\/\/wedoback.com\/es\/wp-json\/wp\/v2\/comments?post=16115"}],"version-history":[{"count":0,"href":"https:\/\/wedoback.com\/es\/wp-json\/wp\/v2\/pages\/16115\/revisions"}],"wp:attachment":[{"href":"https:\/\/wedoback.com\/es\/wp-json\/wp\/v2\/media?parent=16115"}],"curies":[{"name":"wp","href":"https:\/\/api.w.org\/{rel}","templated":true}]}}