{"id":16002,"date":"2024-07-05T14:22:51","date_gmt":"2024-07-05T12:22:51","guid":{"rendered":"https:\/\/www.wedoback.net\/oferta-smart\/"},"modified":"2025-03-20T10:08:42","modified_gmt":"2025-03-20T09:08:42","slug":"oferta-smart","status":"publish","type":"page","link":"https:\/\/wedoback.com\/es\/oferta-smart\/","title":{"rendered":"Oferta SMART"},"content":{"rendered":"\t\t<div data-elementor-type=\"wp-page\" data-elementor-id=\"16002\" class=\"elementor elementor-16002\" data-elementor-settings=\"{&quot;ha_cmc_init_switcher&quot;:&quot;no&quot;}\" data-elementor-post-type=\"page\">\n\t\t\t\t<div class=\"elementor-element elementor-element-456e370f e-flex e-con-boxed e-con e-parent\" data-id=\"456e370f\" data-element_type=\"container\" data-e-type=\"container\" data-settings=\"{&quot;_ha_eqh_enable&quot;:false}\">\n\t\t\t\t\t<div class=\"e-con-inner\">\n\t\t\t\t<div class=\"elementor-element elementor-element-1fe69b07 elementor-widget elementor-widget-heading\" data-id=\"1fe69b07\" data-element_type=\"widget\" data-e-type=\"widget\" data-widget_type=\"heading.default\">\n\t\t\t\t<div class=\"elementor-widget-container\">\n\t\t\t\t\t<h2 class=\"elementor-heading-title elementor-size-default\">Oferta SMART<\/h2>\t\t\t\t<\/div>\n\t\t\t\t<\/div>\n\t\t\t\t<div class=\"elementor-element elementor-element-5423f12a elementor-widget elementor-widget-text-editor\" data-id=\"5423f12a\" data-element_type=\"widget\" data-e-type=\"widget\" data-widget_type=\"text-editor.default\">\n\t\t\t\t<div class=\"elementor-widget-container\">\n\t\t\t\t\t\t\t\t\t<p>Elige la libertad con nuestra soluci\u00f3n de copia de seguridad <strong>SMART<\/strong>. Ideal para usuarios independientes, este paquete te permite proteger todos tus archivos, servidores, correo electr\u00f3nico y otros datos importantes, pagando s\u00f3lo por la asistencia t\u00e9cnica cuando la necesites. <\/p>\n<p>Con <strong>SMART<\/strong>, te beneficias de una soluci\u00f3n flexible y rentable que se adapta perfectamente a las necesidades esenciales de copia de seguridad.<\/p>\n<p>Para suscribirte a este servicio, debes :<\/p>\n<ol>\n<li class=\"popStockWDB\" style=\"cursor: pointer;\">\n              <b><br \/>\n                <u>al almacenamiento SMART<\/u><br \/>\n              <\/b>\n            <\/li>\n<li class=\"popAgent\" style=\"cursor: pointer;\"><b><u>1 agente de copia de seguridad<\/u><\/b> para cada servidor u ordenador afectado.<\/li>\n<\/ol>\n<p>Me suscribo aqu\u00ed:<\/p>\n\t\t\t\t\t\t\t\t<\/div>\n\t\t\t\t<\/div>\n\t\t\t\t\t<\/div>\n\t\t\t\t<\/div>\n\t\t<div class=\"elementor-element elementor-element-339fa22b e-flex e-con-boxed e-con e-parent\" data-id=\"339fa22b\" data-element_type=\"container\" data-e-type=\"container\" data-settings=\"{&quot;_ha_eqh_enable&quot;:false}\">\n\t\t\t\t\t<div class=\"e-con-inner\">\n\t\t\t\t<div class=\"elementor-element elementor-element-31ae2bb elementor-widget elementor-widget-ts-products\" data-id=\"31ae2bb\" data-element_type=\"widget\" data-e-type=\"widget\" data-widget_type=\"ts-products.default\">\n\t\t\t\t<div class=\"elementor-widget-container\">\n\t\t\t\t\t\t\t<div class=\"ts-product-wrapper ts-shortcode ts-product woocommerce columns-3 recent grid border-default\" style=\"--ts-columns: 3\" >\n\t\t\n\t\t\t\t\t\t\t\n\t\t\t<div class=\"content-wrapper \">\n\t\t\t\n\t\t\t\t<div class=\"products\">\r\n\r\n<section class=\"product type-product post-16953 status-publish first instock product_cat-agente-es product_cat-immutable-es product_cat-pca-es product_cat-pra-es product_cat-respaldo has-post-thumbnail taxable shipping-taxable purchasable product-type-variable-subscription\" data-product_id=\"16953\">\r\n\t<div class=\"product-wrapper\">\r\n\t\t\t\r\n\t\t<div class=\"thumbnail-wrapper\">\r\n\t\t\t<a href=\"https:\/\/wedoback.com\/es\/produit\/agente-wedoback\/\">\r\n\t\t\t\t<figure class=\"no-back-image\"><img decoding=\"async\" src=\"https:\/\/www.wedoback.com\/wp-content\/themes\/ecomall\/images\/prod_loading.gif\" data-src=\"https:\/\/wedoback.com\/wp-content\/uploads\/2024\/08\/agent-sauv-300x300.png\" class=\"attachment-shop_catalog wp-post-image ts-lazy-load\" alt=\"\" width=\"300\" height=\"300\" \/><\/figure>\t\t\t<\/a>\r\n\t\t\t\t\t<div class=\"product-label on-thumbnail\">\n\t\t<\/div>\n\t<div class=\"product-group-button\">\t\t<div class=\"button-in wishlist\">\n\t\t\t<a href=\"#\" class=\"ts-add-to-wishlist remove-after-added\" data-id=\"16953\">\n\t\t\t\t<span class=\"ts-tooltip button-tooltip\" data-title=\"Add to wishlist\">Wishlist<\/span>\n\t\t\t<\/a>\n\t\t<\/div>\n\t\t<div class=\"button-in quickshop\"><a class=\"quickshop\" href=\"#\" data-product_id=\"16953\"><span class=\"ts-tooltip button-tooltip\">Quick View<\/span><\/a><\/div>\t\t<div class=\"button-in compare\">\n\t\t\t<a href=\"#\" class=\"ts-add-to-compare\" data-id=\"16953\">\n\t\t\t\t<span class=\"ts-tooltip button-tooltip\" data-title=\"Add to compare\">Compare<\/span>\n\t\t\t<\/a>\n\t\t<\/div>\n\t\t<\/div>\t\t<\/div>\r\n\t\t<div class=\"meta-wrapper\">\r\n\t\t\t<div class=\"product-categories\"><span>Categories: <\/span><a href=\"https:\/\/wedoback.com\/es\/product-category\/agente-es\/\" rel=\"tag\">Agente<\/a>, <a href=\"https:\/\/wedoback.com\/es\/product-category\/immutable-es\/\" rel=\"tag\">Immutable<\/a>, <a href=\"https:\/\/wedoback.com\/es\/product-category\/pca-es\/\" rel=\"tag\">PCA<\/a>, <a href=\"https:\/\/wedoback.com\/es\/product-category\/pra-es\/\" rel=\"tag\">PRA<\/a>, <a href=\"https:\/\/wedoback.com\/es\/product-category\/respaldo\/\" rel=\"tag\">Respaldo<\/a><\/div><h3 class=\"heading-title product-name\"><a href=\"https:\/\/wedoback.com\/es\/produit\/agente-wedoback\/\">Agente WeDoBack<\/a><\/h3>\n\t<span class=\"price\"><span class=\"from\">Desde: <\/span><span class=\"woocommerce-Price-amount amount\"><bdi>6,00&nbsp;<span class=\"woocommerce-Price-currencySymbol\">&euro;<\/span><\/bdi><\/span> <span class=\"subscription-details\"> \/ mes<\/span><\/span>\n<div class=\"product-group-button-meta\"><div class=\"loop-add-to-cart\"><a href=\"https:\/\/wedoback.com\/es\/produit\/agente-wedoback\/\" data-quantity=\"1\" class=\"button product_type_variable-subscription add_to_cart_button\" data-product_id=\"16953\" data-product_sku=\"\" aria-label=\"Elige las opciones para &ldquo;Agente WeDoBack&rdquo;\" rel=\"nofollow\"><span class=\"ts-tooltip button-tooltip\">Seleccionar opciones<\/span><\/a><\/div>\t<div class=\"short-description grid\">\n\t\tEl agente es un elemento clave de WeDoBack.\nGarantiza la comunicaci\u00f3n entre nuestros servidores y tus\t<\/div>\n\t<\/div>\t\t<\/div>\r\n\t<\/div>\r\n<\/section>\r\n<section class=\"product type-product post-16942 status-publish instock product_cat-almacenamiento product_cat-respaldo has-post-thumbnail virtual taxable purchasable product-type-subscription\" data-product_id=\"16942\">\r\n\t<div class=\"product-wrapper\">\r\n\t\t\t\r\n\t\t<div class=\"thumbnail-wrapper\">\r\n\t\t\t<a href=\"https:\/\/wedoback.com\/es\/produit\/oferta-smart\/\">\r\n\t\t\t\t<figure class=\"no-back-image\"><img decoding=\"async\" src=\"https:\/\/www.wedoback.com\/wp-content\/themes\/ecomall\/images\/prod_loading.gif\" data-src=\"https:\/\/wedoback.com\/wp-content\/uploads\/2024\/06\/Fichier-4-300x300.png\" class=\"attachment-shop_catalog wp-post-image ts-lazy-load\" alt=\"Offre SMART\" width=\"300\" height=\"300\" \/><\/figure>\t\t\t<\/a>\r\n\t\t\t\t\t<div class=\"product-label on-thumbnail\">\n\t\t<\/div>\n\t<div class=\"product-group-button\">\t\t<div class=\"button-in wishlist\">\n\t\t\t<a href=\"#\" class=\"ts-add-to-wishlist remove-after-added\" data-id=\"16942\">\n\t\t\t\t<span class=\"ts-tooltip button-tooltip\" data-title=\"Add to wishlist\">Wishlist<\/span>\n\t\t\t<\/a>\n\t\t<\/div>\n\t\t<div class=\"button-in quickshop\"><a class=\"quickshop\" href=\"#\" data-product_id=\"16942\"><span class=\"ts-tooltip button-tooltip\">Quick View<\/span><\/a><\/div>\t\t<div class=\"button-in compare\">\n\t\t\t<a href=\"#\" class=\"ts-add-to-compare\" data-id=\"16942\">\n\t\t\t\t<span class=\"ts-tooltip button-tooltip\" data-title=\"Add to compare\">Compare<\/span>\n\t\t\t<\/a>\n\t\t<\/div>\n\t\t<\/div>\t\t<\/div>\r\n\t\t<div class=\"meta-wrapper\">\r\n\t\t\t<div class=\"product-categories\"><span>Categories: <\/span><a href=\"https:\/\/wedoback.com\/es\/product-category\/almacenamiento\/\" rel=\"tag\">Almacenamiento<\/a>, <a href=\"https:\/\/wedoback.com\/es\/product-category\/respaldo\/\" rel=\"tag\">Respaldo<\/a><\/div><h3 class=\"heading-title product-name\"><a href=\"https:\/\/wedoback.com\/es\/produit\/oferta-smart\/\">Oferta SMART<\/a><\/h3>\n\t<span class=\"price\"><span class=\"woocommerce-Price-amount amount\"><bdi>49,99&nbsp;<span class=\"woocommerce-Price-currencySymbol\">&euro;<\/span><\/bdi><\/span> <span class=\"subscription-details\"> \/ mes<\/span><\/span>\n<div class=\"product-group-button-meta\"><div class=\"loop-add-to-cart\"><a href=\"\/es\/wp-json\/wp\/v2\/pages\/16002?add-to-cart=16942\" data-quantity=\"1\" class=\"button product_type_subscription add_to_cart_button ajax_add_to_cart\" data-product_id=\"16942\" data-product_sku=\"\" aria-label=\"Ajouter au panier: &ldquo;Oferta SMART&rdquo;\" rel=\"nofollow\" data-success_message=\"\u00abOferta SMART\u00bb se ha a\u00f1adido a tu carrito\" role=\"button\"><span class=\"ts-tooltip button-tooltip\">Ajouter au panier<\/span><\/a><\/div>\t<div class=\"short-description grid\">\n\t\tWeDoBack SMART es mucho m\u00e1s que una soluci\u00f3n de copia de seguridad: es una garant\u00eda\t<\/div>\n\t<\/div>\t\t<\/div>\r\n\t<\/div>\r\n<\/section>\r\n<section class=\"product type-product post-16877 status-publish last instock product_cat-opciones has-post-thumbnail taxable shipping-taxable purchasable product-type-variable-subscription\" data-product_id=\"16877\">\r\n\t<div class=\"product-wrapper\">\r\n\t\t\t\r\n\t\t<div class=\"thumbnail-wrapper\">\r\n\t\t\t<a href=\"https:\/\/wedoback.com\/es\/produit\/restauracion-rapida-en-caso-de-catastrofe\/\">\r\n\t\t\t\t<figure class=\"no-back-image\"><img decoding=\"async\" src=\"https:\/\/www.wedoback.com\/wp-content\/themes\/ecomall\/images\/prod_loading.gif\" data-src=\"https:\/\/wedoback.com\/wp-content\/uploads\/2024\/08\/Restauration-300x300.png\" class=\"attachment-shop_catalog wp-post-image ts-lazy-load\" alt=\"\" width=\"300\" height=\"300\" \/><\/figure>\t\t\t<\/a>\r\n\t\t\t\t\t<div class=\"product-label on-thumbnail\">\n\t\t<\/div>\n\t<div class=\"product-group-button\">\t\t<div class=\"button-in wishlist\">\n\t\t\t<a href=\"#\" class=\"ts-add-to-wishlist remove-after-added\" data-id=\"16877\">\n\t\t\t\t<span class=\"ts-tooltip button-tooltip\" data-title=\"Add to wishlist\">Wishlist<\/span>\n\t\t\t<\/a>\n\t\t<\/div>\n\t\t<div class=\"button-in quickshop\"><a class=\"quickshop\" href=\"#\" data-product_id=\"16877\"><span class=\"ts-tooltip button-tooltip\">Quick View<\/span><\/a><\/div>\t\t<div class=\"button-in compare\">\n\t\t\t<a href=\"#\" class=\"ts-add-to-compare\" data-id=\"16877\">\n\t\t\t\t<span class=\"ts-tooltip button-tooltip\" data-title=\"Add to compare\">Compare<\/span>\n\t\t\t<\/a>\n\t\t<\/div>\n\t\t<\/div>\t\t<\/div>\r\n\t\t<div class=\"meta-wrapper\">\r\n\t\t\t<div class=\"product-categories\"><span>Categories: <\/span><a href=\"https:\/\/wedoback.com\/es\/product-category\/opciones\/\" rel=\"tag\">Opciones<\/a><\/div><h3 class=\"heading-title product-name\"><a href=\"https:\/\/wedoback.com\/es\/produit\/restauracion-rapida-en-caso-de-catastrofe\/\">Restauraci\u00f3n r\u00e1pida en caso de cat\u00e1strofe<\/a><\/h3>\n\t<span class=\"price\"><span class=\"from\">Desde: <\/span><span class=\"woocommerce-Price-amount amount\"><bdi>15,00&nbsp;<span class=\"woocommerce-Price-currencySymbol\">&euro;<\/span><\/bdi><\/span> <span class=\"subscription-details\"> \/ mes<\/span><\/span>\n<div class=\"product-group-button-meta\"><div class=\"loop-add-to-cart\"><a href=\"https:\/\/wedoback.com\/es\/produit\/restauracion-rapida-en-caso-de-catastrofe\/\" data-quantity=\"1\" class=\"button product_type_variable-subscription add_to_cart_button\" data-product_id=\"16877\" data-product_sku=\"\" aria-label=\"Elige las opciones para &ldquo;Restauraci\u00f3n r\u00e1pida en caso de cat\u00e1strofe&rdquo;\" rel=\"nofollow\"><span class=\"ts-tooltip button-tooltip\">Seleccionar opciones<\/span><\/a><\/div>\t<div class=\"short-description grid\">\n\t\tBenef\u00edciate de una copia de seguridad archivada de tus sistemas para poder restaurarlos r\u00e1pidamente en\t<\/div>\n\t<\/div>\t\t<\/div>\r\n\t<\/div>\r\n<\/section><\/div>\t\t\t\t\n\t\t\t<\/div>\n\t\t\t\n\t\t\t\t\t\t\n\t\t<\/div>\n\t\t\t\t\t\t<\/div>\n\t\t\t\t<\/div>\n\t\t\t\t\t<\/div>\n\t\t\t\t<\/div>\n\t\t\t\t<\/div>\n\t\t","protected":false},"excerpt":{"rendered":"<p>Oferta SMART Elige la libertad con nuestra soluci\u00f3n de copia de seguridad SMART. Ideal para usuarios independientes, este paquete te permite proteger todos tus archivos, servidores, correo electr\u00f3nico y otros datos importantes, pagando s\u00f3lo por la asistencia t\u00e9cnica cuando la necesites. Con SMART, te beneficias de una soluci\u00f3n flexible y rentable que se adapta perfectamente [&hellip;]<\/p>\n","protected":false},"author":16,"featured_media":0,"parent":0,"menu_order":0,"comment_status":"closed","ping_status":"closed","template":"elementor_header_footer","meta":{"om_disable_all_campaigns":false,"_monsterinsights_skip_tracking":false,"_monsterinsights_sitenote_active":false,"_monsterinsights_sitenote_note":"","_monsterinsights_sitenote_category":0,"footnotes":""},"class_list":["post-16002","page","type-page","status-publish","hentry"],"aioseo_notices":[],"_links":{"self":[{"href":"https:\/\/wedoback.com\/es\/wp-json\/wp\/v2\/pages\/16002","targetHints":{"allow":["GET"]}}],"collection":[{"href":"https:\/\/wedoback.com\/es\/wp-json\/wp\/v2\/pages"}],"about":[{"href":"https:\/\/wedoback.com\/es\/wp-json\/wp\/v2\/types\/page"}],"author":[{"embeddable":true,"href":"https:\/\/wedoback.com\/es\/wp-json\/wp\/v2\/users\/16"}],"replies":[{"embeddable":true,"href":"https:\/\/wedoback.com\/es\/wp-json\/wp\/v2\/comments?post=16002"}],"version-history":[{"count":0,"href":"https:\/\/wedoback.com\/es\/wp-json\/wp\/v2\/pages\/16002\/revisions"}],"wp:attachment":[{"href":"https:\/\/wedoback.com\/es\/wp-json\/wp\/v2\/media?parent=16002"}],"curies":[{"name":"wp","href":"https:\/\/api.w.org\/{rel}","templated":true}]}}