{"id":16000,"date":"2024-06-28T09:03:03","date_gmt":"2024-06-28T07:03:03","guid":{"rendered":"https:\/\/www.wedoback.net\/oferta-de-plan-de-recuperacion-ante-catastrofes-prd\/"},"modified":"2025-03-20T10:05:10","modified_gmt":"2025-03-20T09:05:10","slug":"oferta-de-plan-de-recuperacion-ante-catastrofes-prd","status":"publish","type":"page","link":"https:\/\/wedoback.com\/es\/oferta-de-plan-de-recuperacion-ante-catastrofes-prd\/","title":{"rendered":"Oferta de Plan de Recuperaci\u00f3n ante Cat\u00e1strofes (PRD)"},"content":{"rendered":"\t\t<div data-elementor-type=\"wp-page\" data-elementor-id=\"16000\" class=\"elementor elementor-16000\" data-elementor-settings=\"{&quot;ha_cmc_init_switcher&quot;:&quot;no&quot;}\" data-elementor-post-type=\"page\">\n\t\t\t\t<div class=\"elementor-element elementor-element-8336f96 e-flex e-con-boxed e-con e-parent\" data-id=\"8336f96\" data-element_type=\"container\" data-e-type=\"container\" data-settings=\"{&quot;_ha_eqh_enable&quot;:false}\">\n\t\t\t\t\t<div class=\"e-con-inner\">\n\t\t\t\t<div class=\"elementor-element elementor-element-ac5ece0 elementor-widget elementor-widget-heading\" data-id=\"ac5ece0\" data-element_type=\"widget\" data-e-type=\"widget\" data-widget_type=\"heading.default\">\n\t\t\t\t<div class=\"elementor-widget-container\">\n\t\t\t\t\t<h2 class=\"elementor-heading-title elementor-size-default\">Oferta de Plan de Recuperaci\u00f3n ante Cat\u00e1strofes (PRD)<\/h2>\t\t\t\t<\/div>\n\t\t\t\t<\/div>\n\t\t\t\t<div class=\"elementor-element elementor-element-37c1927 elementor-widget elementor-widget-text-editor\" data-id=\"37c1927\" data-element_type=\"widget\" data-e-type=\"widget\" data-widget_type=\"text-editor.default\">\n\t\t\t\t<div class=\"elementor-widget-container\">\n\t\t\t\t\t\t\t\t\t<p>En caso de interrupci\u00f3n de un servicio (sitio web, servidor de correo electr\u00f3nico, plataforma colaborativa, telefon\u00eda, etc.), el Plan de Recuperaci\u00f3n de Desastres te permite pasar a un entorno de copia de seguridad adaptado a tus necesidades imperativas.<\/p>\n<p>Nuestros Planes de Recuperaci\u00f3n ante Cat\u00e1strofes <strong>se adaptan a tu empresa<\/strong> para darte total tranquilidad.<\/p>\n<p>Es una parte esencial de la gesti\u00f3n de riesgos. Trabajando con expertos en copias de seguridad, podemos ayudarte a desarrollar e implantar un PRD adaptado a tus necesidades espec\u00edficas. <\/p>\n\n<p>Para suscribirte a este servicio, debes :<\/p><ol>\n \t<li class=\"popStockPRA\" style=\"cursor: pointer;\"><b><u>Almacenamiento PRA<\/u><\/b><\/li>\n \t<li class=\"popAgent\" style=\"cursor: pointer;\"><b><u>1 agente de copia de seguridad<\/u><\/b> para cada servidor u ordenador afectado.<\/li>\n \t<li class=\"popIP\" style=\"cursor: pointer;\"><b><u>la reserva de direcciones IP p\u00fablicas<\/u><\/b> para servicios de acceso p\u00fablico<\/li>\n \t<li class=\"popInstance\" style=\"cursor: pointer;\"><b><u>tipos de instancia<\/u><\/b> correspondientes a los servidores que hay que proteger.<\/li>\n<\/ol>\nMe suscribo aqu\u00ed:\t\t\t\t\t\t\t\t<\/div>\n\t\t\t\t<\/div>\n\t\t\t\t\t<\/div>\n\t\t\t\t<\/div>\n\t\t<div class=\"elementor-element elementor-element-29d3a47 e-con-full e-flex e-con e-parent\" data-id=\"29d3a47\" data-element_type=\"container\" data-e-type=\"container\" data-settings=\"{&quot;_ha_eqh_enable&quot;:false}\">\n\t\t<div class=\"elementor-element elementor-element-4fa1dc7 e-con-full e-flex e-con e-child\" data-id=\"4fa1dc7\" data-element_type=\"container\" data-e-type=\"container\" data-settings=\"{&quot;_ha_eqh_enable&quot;:false}\">\n\t\t\t\t<div class=\"elementor-element elementor-element-863df34 elementor-widget elementor-widget-image\" data-id=\"863df34\" data-element_type=\"widget\" data-e-type=\"widget\" data-widget_type=\"image.default\">\n\t\t\t\t<div class=\"elementor-widget-container\">\n\t\t\t\t\t\t\t\t\t\t\t\t\t\t\t<img decoding=\"async\" src=\"https:\/\/www.wedoback.com\/wp-content\/uploads\/2024\/07\/PCA-3.0.png\" title=\"\" alt=\"\" loading=\"lazy\" \/>\t\t\t\t\t\t\t\t\t\t\t\t\t\t\t<\/div>\n\t\t\t\t<\/div>\n\t\t\t\t<div class=\"elementor-element elementor-element-82406ec elementor-widget elementor-widget-text-editor\" data-id=\"82406ec\" data-element_type=\"widget\" data-e-type=\"widget\" data-widget_type=\"text-editor.default\">\n\t\t\t\t<div class=\"elementor-widget-container\">\n\t\t\t\t\t\t\t\t\t<p>La activaci\u00f3n del PRD se factura por d\u00edas, seg\u00fan el tipo de instancia seleccionada.<\/p>\n<p>Inf\u00f3rmate aqu\u00ed sobre nuestros precios.<\/p>\n\t\t\t\t\t\t\t\t<\/div>\n\t\t\t\t<\/div>\n\t\t\t\t<div class=\"elementor-element elementor-element-f17fcb1 elementor-align-center ha-has-bg-overlay elementor-widget elementor-widget-button\" data-id=\"f17fcb1\" data-element_type=\"widget\" data-e-type=\"widget\" data-widget_type=\"button.default\">\n\t\t\t\t<div class=\"elementor-widget-container\">\n\t\t\t\t\t\t\t\t\t<div class=\"elementor-button-wrapper\">\n\t\t\t\t\t<a class=\"elementor-button elementor-button-link elementor-size-sm\" href=\"#\" id=\"tarifspra\">\n\t\t\t\t\t\t<span class=\"elementor-button-content-wrapper\">\n\t\t\t\t\t\t\t\t\t<span class=\"elementor-button-text\">Pulsa aqu\u00ed<\/span>\n\t\t\t\t\t<\/span>\n\t\t\t\t\t<\/a>\n\t\t\t\t<\/div>\n\t\t\t\t\t\t\t\t<\/div>\n\t\t\t\t<\/div>\n\t\t\t\t<\/div>\n\t\t\t\t<div class=\"elementor-element elementor-element-8ae3fa6 elementor-widget elementor-widget-ts-products\" data-id=\"8ae3fa6\" data-element_type=\"widget\" data-e-type=\"widget\" data-widget_type=\"ts-products.default\">\n\t\t\t\t<div class=\"elementor-widget-container\">\n\t\t\t\t\t\t\t<div class=\"ts-product-wrapper ts-shortcode ts-product woocommerce columns-4 recent grid border-default\" style=\"--ts-columns: 4\" >\n\t\t\n\t\t\t\t\t\t\t\n\t\t\t<div class=\"content-wrapper \">\n\t\t\t\n\t\t\t\t<div class=\"products\">\r\n\r\n<section class=\"product type-product post-16881 status-publish first instock product_cat-direccion-ip product_cat-pca-es product_cat-pra-es has-post-thumbnail virtual taxable purchasable product-type-subscription\" data-product_id=\"16881\">\r\n\t<div class=\"product-wrapper\">\r\n\t\t\t\r\n\t\t<div class=\"thumbnail-wrapper\">\r\n\t\t\t<a href=\"https:\/\/wedoback.com\/es\/produit\/direcciones-ip-publicas\/\">\r\n\t\t\t\t<figure class=\"no-back-image\"><img decoding=\"async\" src=\"https:\/\/www.wedoback.com\/wp-content\/themes\/ecomall\/images\/prod_loading.gif\" data-src=\"https:\/\/wedoback.com\/wp-content\/uploads\/2024\/08\/adresse-ip-300x300.png\" class=\"attachment-shop_catalog wp-post-image ts-lazy-load\" alt=\"\" width=\"300\" height=\"300\" \/><\/figure>\t\t\t<\/a>\r\n\t\t\t\t\t<div class=\"product-label on-thumbnail\">\n\t\t<\/div>\n\t<div class=\"product-group-button\">\t\t<div class=\"button-in wishlist\">\n\t\t\t<a href=\"#\" class=\"ts-add-to-wishlist remove-after-added\" data-id=\"16881\">\n\t\t\t\t<span class=\"ts-tooltip button-tooltip\" data-title=\"Add to wishlist\">Wishlist<\/span>\n\t\t\t<\/a>\n\t\t<\/div>\n\t\t<div class=\"button-in quickshop\"><a class=\"quickshop\" href=\"#\" data-product_id=\"16881\"><span class=\"ts-tooltip button-tooltip\">Quick View<\/span><\/a><\/div>\t\t<div class=\"button-in compare\">\n\t\t\t<a href=\"#\" class=\"ts-add-to-compare\" data-id=\"16881\">\n\t\t\t\t<span class=\"ts-tooltip button-tooltip\" data-title=\"Add to compare\">Compare<\/span>\n\t\t\t<\/a>\n\t\t<\/div>\n\t\t<\/div>\t\t<\/div>\r\n\t\t<div class=\"meta-wrapper\">\r\n\t\t\t<div class=\"product-categories\"><span>Categories: <\/span><a href=\"https:\/\/wedoback.com\/es\/product-category\/direccion-ip\/\" rel=\"tag\">Direcci\u00f3n IP<\/a>, <a href=\"https:\/\/wedoback.com\/es\/product-category\/pca-es\/\" rel=\"tag\">PCA<\/a>, <a href=\"https:\/\/wedoback.com\/es\/product-category\/pra-es\/\" rel=\"tag\">PRA<\/a><\/div><h3 class=\"heading-title product-name\"><a href=\"https:\/\/wedoback.com\/es\/produit\/direcciones-ip-publicas\/\">Direcciones IP p\u00fablicas<\/a><\/h3>\n\t<span class=\"price\"><span class=\"woocommerce-Price-amount amount\"><bdi>0,54&nbsp;<span class=\"woocommerce-Price-currencySymbol\">&euro;<\/span><\/bdi><\/span> <span class=\"subscription-details\"> \/ mes<\/span><\/span>\n<div class=\"product-group-button-meta\"><div class=\"loop-add-to-cart\"><a href=\"\/es\/wp-json\/wp\/v2\/pages\/16000?add-to-cart=16881\" data-quantity=\"1\" class=\"button product_type_subscription add_to_cart_button ajax_add_to_cart\" data-product_id=\"16881\" data-product_sku=\"\" aria-label=\"Ajouter au panier: &ldquo;Direcciones IP p\u00fablicas&rdquo;\" rel=\"nofollow\" data-success_message=\"\u00abDirecciones IP p\u00fablicas\u00bb se ha a\u00f1adido a tu carrito\" role=\"button\"><span class=\"ts-tooltip button-tooltip\">Ajouter au panier<\/span><\/a><\/div>\t<div class=\"short-description grid\">\n\t\tPara mantener tus servicios online (tienda, sitio web, etc.) necesitas reservar direcciones IP p\u00fablicas para\t<\/div>\n\t<\/div>\t\t<\/div>\r\n\t<\/div>\r\n<\/section>\r\n<section class=\"product type-product post-16882 status-publish instock product_cat-instancias product_cat-pra-es has-post-thumbnail taxable shipping-taxable purchasable product-type-variable-subscription\" data-product_id=\"16882\">\r\n\t<div class=\"product-wrapper\">\r\n\t\t\t\r\n\t\t<div class=\"thumbnail-wrapper\">\r\n\t\t\t<a href=\"https:\/\/wedoback.com\/es\/produit\/tipos-de-instancias-de-la-iap\/\">\r\n\t\t\t\t<figure class=\"no-back-image\"><img decoding=\"async\" src=\"https:\/\/www.wedoback.com\/wp-content\/themes\/ecomall\/images\/prod_loading.gif\" data-src=\"https:\/\/wedoback.com\/wp-content\/uploads\/2024\/08\/controle-securite-300x300.png\" class=\"attachment-shop_catalog wp-post-image ts-lazy-load\" alt=\"\" width=\"300\" height=\"300\" \/><\/figure>\t\t\t<\/a>\r\n\t\t\t\t\t<div class=\"product-label on-thumbnail\">\n\t\t<\/div>\n\t<div class=\"product-group-button\">\t\t<div class=\"button-in wishlist\">\n\t\t\t<a href=\"#\" class=\"ts-add-to-wishlist remove-after-added\" data-id=\"16882\">\n\t\t\t\t<span class=\"ts-tooltip button-tooltip\" data-title=\"Add to wishlist\">Wishlist<\/span>\n\t\t\t<\/a>\n\t\t<\/div>\n\t\t<div class=\"button-in quickshop\"><a class=\"quickshop\" href=\"#\" data-product_id=\"16882\"><span class=\"ts-tooltip button-tooltip\">Quick View<\/span><\/a><\/div>\t\t<div class=\"button-in compare\">\n\t\t\t<a href=\"#\" class=\"ts-add-to-compare\" data-id=\"16882\">\n\t\t\t\t<span class=\"ts-tooltip button-tooltip\" data-title=\"Add to compare\">Compare<\/span>\n\t\t\t<\/a>\n\t\t<\/div>\n\t\t<\/div>\t\t<\/div>\r\n\t\t<div class=\"meta-wrapper\">\r\n\t\t\t<div class=\"product-categories\"><span>Categories: <\/span><a href=\"https:\/\/wedoback.com\/es\/product-category\/instancias\/\" rel=\"tag\">Instancias<\/a>, <a href=\"https:\/\/wedoback.com\/es\/product-category\/pra-es\/\" rel=\"tag\">PRA<\/a><\/div><h3 class=\"heading-title product-name\"><a href=\"https:\/\/wedoback.com\/es\/produit\/tipos-de-instancias-de-la-iap\/\">Tipos de instancias de la IAP<\/a><\/h3>\n\t<span class=\"price\"><span class=\"from\">Desde: <\/span><span class=\"woocommerce-Price-amount amount\"><bdi>0,07&nbsp;<span class=\"woocommerce-Price-currencySymbol\">&euro;<\/span><\/bdi><\/span> <span class=\"subscription-details\"> \/ mes<\/span><\/span>\n<div class=\"product-group-button-meta\"><div class=\"loop-add-to-cart\"><a href=\"https:\/\/wedoback.com\/es\/produit\/tipos-de-instancias-de-la-iap\/\" data-quantity=\"1\" class=\"button product_type_variable-subscription add_to_cart_button\" data-product_id=\"16882\" data-product_sku=\"\" aria-label=\"Elige las opciones para &ldquo;Tipos de instancias de la IAP&rdquo;\" rel=\"nofollow\"><span class=\"ts-tooltip button-tooltip\">Seleccionar opciones<\/span><\/a><\/div>\t<div class=\"short-description grid\">\n\t\tPide aqu\u00ed <strong>los distintos tipos de instancia (y su n\u00famero)<\/strong> que necesitas para ejecutar tus\t<\/div>\n\t<\/div>\t\t<\/div>\r\n\t<\/div>\r\n<\/section>\r\n<section class=\"product type-product post-16891 status-publish instock product_cat-almacenamiento product_cat-pra-es has-post-thumbnail taxable shipping-taxable purchasable product-type-variable-subscription\" data-product_id=\"16891\">\r\n\t<div class=\"product-wrapper\">\r\n\t\t\t\r\n\t\t<div class=\"thumbnail-wrapper\">\r\n\t\t\t<a href=\"https:\/\/wedoback.com\/es\/produit\/almacenamiento-pra\/\">\r\n\t\t\t\t<figure class=\"no-back-image\"><img decoding=\"async\" src=\"https:\/\/www.wedoback.com\/wp-content\/themes\/ecomall\/images\/prod_loading.gif\" data-src=\"https:\/\/wedoback.com\/wp-content\/uploads\/2024\/08\/stock-pra-300x300.png\" class=\"attachment-shop_catalog wp-post-image ts-lazy-load\" alt=\"\" width=\"300\" height=\"300\" \/><\/figure>\t\t\t<\/a>\r\n\t\t\t\t\t<div class=\"product-label on-thumbnail\">\n\t\t<\/div>\n\t<div class=\"product-group-button\">\t\t<div class=\"button-in wishlist\">\n\t\t\t<a href=\"#\" class=\"ts-add-to-wishlist remove-after-added\" data-id=\"16891\">\n\t\t\t\t<span class=\"ts-tooltip button-tooltip\" data-title=\"Add to wishlist\">Wishlist<\/span>\n\t\t\t<\/a>\n\t\t<\/div>\n\t\t<div class=\"button-in quickshop\"><a class=\"quickshop\" href=\"#\" data-product_id=\"16891\"><span class=\"ts-tooltip button-tooltip\">Quick View<\/span><\/a><\/div>\t\t<div class=\"button-in compare\">\n\t\t\t<a href=\"#\" class=\"ts-add-to-compare\" data-id=\"16891\">\n\t\t\t\t<span class=\"ts-tooltip button-tooltip\" data-title=\"Add to compare\">Compare<\/span>\n\t\t\t<\/a>\n\t\t<\/div>\n\t\t<\/div>\t\t<\/div>\r\n\t\t<div class=\"meta-wrapper\">\r\n\t\t\t<div class=\"product-categories\"><span>Categories: <\/span><a href=\"https:\/\/wedoback.com\/es\/product-category\/almacenamiento\/\" rel=\"tag\">Almacenamiento<\/a>, <a href=\"https:\/\/wedoback.com\/es\/product-category\/pra-es\/\" rel=\"tag\">PRA<\/a><\/div><h3 class=\"heading-title product-name\"><a href=\"https:\/\/wedoback.com\/es\/produit\/almacenamiento-pra\/\">Almacenamiento PRA<\/a><\/h3>\n\t<span class=\"price\"><span class=\"from\">Desde: <\/span><span class=\"woocommerce-Price-amount amount\"><bdi>175,00&nbsp;<span class=\"woocommerce-Price-currencySymbol\">&euro;<\/span><\/bdi><\/span> <span class=\"subscription-details\"> \/ mes<\/span><\/span>\n<div class=\"product-group-button-meta\"><div class=\"loop-add-to-cart\"><a href=\"https:\/\/wedoback.com\/es\/produit\/almacenamiento-pra\/\" data-quantity=\"1\" class=\"button product_type_variable-subscription add_to_cart_button\" data-product_id=\"16891\" data-product_sku=\"\" aria-label=\"Elige las opciones para &ldquo;Almacenamiento PRA&rdquo;\" rel=\"nofollow\"><span class=\"ts-tooltip button-tooltip\">Seleccionar opciones<\/span><\/a><\/div>\t<div class=\"short-description grid\">\n\t\t\n\n\n\n\n\n\n\nAlmacenamiento facturado <strong>por TB (terabyte)<\/strong>.<strong>Tarifas<\/strong><strong>decrecientes en funci\u00f3n del volumen<\/strong>. Ten en cuenta que el volumen\t<\/div>\n\t<\/div>\t\t<\/div>\r\n\t<\/div>\r\n<\/section>\r\n<section class=\"product type-product post-16953 status-publish last instock product_cat-agente-es product_cat-immutable-es product_cat-pca-es product_cat-pra-es product_cat-respaldo has-post-thumbnail taxable shipping-taxable purchasable product-type-variable-subscription\" data-product_id=\"16953\">\r\n\t<div class=\"product-wrapper\">\r\n\t\t\t\r\n\t\t<div class=\"thumbnail-wrapper\">\r\n\t\t\t<a href=\"https:\/\/wedoback.com\/es\/produit\/agente-wedoback\/\">\r\n\t\t\t\t<figure class=\"no-back-image\"><img decoding=\"async\" src=\"https:\/\/www.wedoback.com\/wp-content\/themes\/ecomall\/images\/prod_loading.gif\" data-src=\"https:\/\/wedoback.com\/wp-content\/uploads\/2024\/08\/agent-sauv-300x300.png\" class=\"attachment-shop_catalog wp-post-image ts-lazy-load\" alt=\"\" width=\"300\" height=\"300\" \/><\/figure>\t\t\t<\/a>\r\n\t\t\t\t\t<div class=\"product-label on-thumbnail\">\n\t\t<\/div>\n\t<div class=\"product-group-button\">\t\t<div class=\"button-in wishlist\">\n\t\t\t<a href=\"#\" class=\"ts-add-to-wishlist remove-after-added\" data-id=\"16953\">\n\t\t\t\t<span class=\"ts-tooltip button-tooltip\" data-title=\"Add to wishlist\">Wishlist<\/span>\n\t\t\t<\/a>\n\t\t<\/div>\n\t\t<div class=\"button-in quickshop\"><a class=\"quickshop\" href=\"#\" data-product_id=\"16953\"><span class=\"ts-tooltip button-tooltip\">Quick View<\/span><\/a><\/div>\t\t<div class=\"button-in compare\">\n\t\t\t<a href=\"#\" class=\"ts-add-to-compare\" data-id=\"16953\">\n\t\t\t\t<span class=\"ts-tooltip button-tooltip\" data-title=\"Add to compare\">Compare<\/span>\n\t\t\t<\/a>\n\t\t<\/div>\n\t\t<\/div>\t\t<\/div>\r\n\t\t<div class=\"meta-wrapper\">\r\n\t\t\t<div class=\"product-categories\"><span>Categories: <\/span><a href=\"https:\/\/wedoback.com\/es\/product-category\/agente-es\/\" rel=\"tag\">Agente<\/a>, <a href=\"https:\/\/wedoback.com\/es\/product-category\/immutable-es\/\" rel=\"tag\">Immutable<\/a>, <a href=\"https:\/\/wedoback.com\/es\/product-category\/pca-es\/\" rel=\"tag\">PCA<\/a>, <a href=\"https:\/\/wedoback.com\/es\/product-category\/pra-es\/\" rel=\"tag\">PRA<\/a>, <a href=\"https:\/\/wedoback.com\/es\/product-category\/respaldo\/\" rel=\"tag\">Respaldo<\/a><\/div><h3 class=\"heading-title product-name\"><a href=\"https:\/\/wedoback.com\/es\/produit\/agente-wedoback\/\">Agente WeDoBack<\/a><\/h3>\n\t<span class=\"price\"><span class=\"from\">Desde: <\/span><span class=\"woocommerce-Price-amount amount\"><bdi>6,00&nbsp;<span class=\"woocommerce-Price-currencySymbol\">&euro;<\/span><\/bdi><\/span> <span class=\"subscription-details\"> \/ mes<\/span><\/span>\n<div class=\"product-group-button-meta\"><div class=\"loop-add-to-cart\"><a href=\"https:\/\/wedoback.com\/es\/produit\/agente-wedoback\/\" data-quantity=\"1\" class=\"button product_type_variable-subscription add_to_cart_button\" data-product_id=\"16953\" data-product_sku=\"\" aria-label=\"Elige las opciones para &ldquo;Agente WeDoBack&rdquo;\" rel=\"nofollow\"><span class=\"ts-tooltip button-tooltip\">Seleccionar opciones<\/span><\/a><\/div>\t<div class=\"short-description grid\">\n\t\tEl agente es un elemento clave de WeDoBack.\nGarantiza la comunicaci\u00f3n entre nuestros servidores y tus\t<\/div>\n\t<\/div>\t\t<\/div>\r\n\t<\/div>\r\n<\/section><\/div>\t\t\t\t\n\t\t\t<\/div>\n\t\t\t\n\t\t\t\t\t\t\n\t\t<\/div>\n\t\t\t\t\t\t<\/div>\n\t\t\t\t<\/div>\n\t\t\t\t<\/div>\n\t\t\t\t<\/div>\n\t\t","protected":false},"excerpt":{"rendered":"<p>Oferta de Plan de Recuperaci\u00f3n ante Cat\u00e1strofes (PRD) En caso de interrupci\u00f3n de un servicio (sitio web, servidor de correo electr\u00f3nico, plataforma colaborativa, telefon\u00eda, etc.), el Plan de Recuperaci\u00f3n de Desastres te permite pasar a un entorno de copia de seguridad adaptado a tus necesidades imperativas. Nuestros Planes de Recuperaci\u00f3n ante Cat\u00e1strofes se adaptan a [&hellip;]<\/p>\n","protected":false},"author":16,"featured_media":0,"parent":0,"menu_order":0,"comment_status":"closed","ping_status":"closed","template":"elementor_header_footer","meta":{"om_disable_all_campaigns":false,"_monsterinsights_skip_tracking":false,"_monsterinsights_sitenote_active":false,"_monsterinsights_sitenote_note":"","_monsterinsights_sitenote_category":0,"footnotes":""},"class_list":["post-16000","page","type-page","status-publish","hentry"],"aioseo_notices":[],"_links":{"self":[{"href":"https:\/\/wedoback.com\/es\/wp-json\/wp\/v2\/pages\/16000","targetHints":{"allow":["GET"]}}],"collection":[{"href":"https:\/\/wedoback.com\/es\/wp-json\/wp\/v2\/pages"}],"about":[{"href":"https:\/\/wedoback.com\/es\/wp-json\/wp\/v2\/types\/page"}],"author":[{"embeddable":true,"href":"https:\/\/wedoback.com\/es\/wp-json\/wp\/v2\/users\/16"}],"replies":[{"embeddable":true,"href":"https:\/\/wedoback.com\/es\/wp-json\/wp\/v2\/comments?post=16000"}],"version-history":[{"count":0,"href":"https:\/\/wedoback.com\/es\/wp-json\/wp\/v2\/pages\/16000\/revisions"}],"wp:attachment":[{"href":"https:\/\/wedoback.com\/es\/wp-json\/wp\/v2\/media?parent=16000"}],"curies":[{"name":"wp","href":"https:\/\/api.w.org\/{rel}","templated":true}]}}